{"id":4968,"date":"2022-03-12T22:27:42","date_gmt":"2022-03-12T22:27:42","guid":{"rendered":"https:\/\/padas.al\/?post_type=product&#038;p=4968"},"modified":"2026-01-28T13:38:42","modified_gmt":"2026-01-28T13:38:42","slug":"kepuce-per-meshkuj-8","status":"publish","type":"product","link":"https:\/\/padas.al\/english\/product\/kepuce-per-meshkuj-8\/","title":{"rendered":"K\u00ebpuc\u00eb Boxer pa lidh\u00ebse p\u00ebr meshkuj."},"content":{"rendered":"<p>K\u00ebpuc\u00eb l\u00ebkure pa lidh\u00ebse , me llastik n\u00eb t\u00eb dy an\u00ebt p\u00ebr tu veshur m\u00eb leht\u00eb. Shtresa e brendshme ku mb\u00ebshtetet shputa e k\u00ebmb\u00ebs \u00ebsht\u00eb me shtres\u00eb anatomike t\u00eb but\u00eb duke u falur k\u00ebshtu rehati maksimale k\u00ebmb\u00ebve tuaja. Po ashtu dhe goma e tyre e leht\u00eb dhe e ngritur jep komoditetin q\u00eb u duhet thembrave tuaja.<\/p>","protected":false},"excerpt":{"rendered":"<p>K\u00ebpuc\u00eb t\u00eb punuara nga l\u00ebkura natyrale , prodhim i firm\u00ebs Boxer , kompani e cila prodhon dhe treg\u00ebton k\u00ebpuc\u00eb l\u00ebkure l\u00ebkure me eksperienc\u00eb mbi 100 vje\u00e7are. K\u00ebpuc\u00ebt jan\u00eb n\u00eb stilin loafers pa lidh\u00ebse dhe me shtres\u00eb anatomike p\u00ebr komoditet t\u00eb garantuar.<\/p>","protected":false},"featured_media":4969,"comment_status":"open","ping_status":"closed","template":"","meta":[],"product_cat":[228,229,188,189,191,192,198,274],"product_tag":[],"yoast_head":"<!-- This site is optimized with the Yoast SEO plugin v18.3 - https:\/\/yoast.com\/wordpress\/plugins\/seo\/ -->\n<title>K\u00ebpuc\u00eb Boxer pa lidh\u00ebse p\u00ebr meshkuj. - PADAS<\/title>\n<meta name=\"description\" content=\"K\u00ebpuc\u00eb l\u00ebkure me gom\u00eb t\u00eb plot\u00eb, rezistente dhe tep\u00ebr t\u00eb lehta. N\u00eb pjes\u00ebn e brendshme kan\u00eb shtres\u00eb anatomike kjo i b\u00ebn ato t\u00eb jen\u00eb komode n\u00eb ecje.\" \/>\n<meta name=\"robots\" content=\"index, follow, max-snippet:-1, max-image-preview:large, max-video-preview:-1\" \/>\n<link rel=\"canonical\" href=\"https:\/\/padas.al\/english\/product\/kepuce-per-meshkuj-8\/\" \/>\n<meta property=\"og:locale\" content=\"en_GB\" \/>\n<meta property=\"og:type\" content=\"article\" \/>\n<meta property=\"og:title\" content=\"K\u00ebpuc\u00eb Boxer pa lidh\u00ebse p\u00ebr meshkuj. - PADAS\" \/>\n<meta property=\"og:description\" content=\"K\u00ebpuc\u00eb l\u00ebkure me gom\u00eb t\u00eb plot\u00eb, rezistente dhe tep\u00ebr t\u00eb lehta. N\u00eb pjes\u00ebn e brendshme kan\u00eb shtres\u00eb anatomike kjo i b\u00ebn ato t\u00eb jen\u00eb komode n\u00eb ecje.\" \/>\n<meta property=\"og:url\" content=\"https:\/\/padas.al\/english\/product\/kepuce-per-meshkuj-8\/\" \/>\n<meta property=\"og:site_name\" content=\"PADAS\" \/>\n<meta property=\"article:modified_time\" content=\"2026-01-28T13:38:42+00:00\" \/>\n<meta property=\"og:image\" content=\"https:\/\/padas.al\/wp-content\/uploads\/2022\/03\/boxer-shoes-21165.jpg\" \/>\n\t<meta property=\"og:image:width\" content=\"1000\" \/>\n\t<meta property=\"og:image:height\" content=\"1000\" \/>\n\t<meta property=\"og:image:type\" content=\"image\/jpeg\" \/>\n<meta name=\"twitter:card\" content=\"summary_large_image\" \/>\n<meta name=\"twitter:label1\" content=\"Estimated reading time\" \/>\n\t<meta name=\"twitter:data1\" content=\"1 minute\" \/>\n<script type=\"application\/ld+json\" class=\"yoast-schema-graph\">{\"@context\":\"https:\/\/schema.org\",\"@graph\":[{\"@type\":\"Organization\",\"@id\":\"https:\/\/padas.al\/#organization\",\"name\":\"Padas.al\",\"url\":\"https:\/\/padas.al\/\",\"sameAs\":[],\"logo\":{\"@type\":\"ImageObject\",\"@id\":\"https:\/\/padas.al\/#logo\",\"inLanguage\":\"en-GB\",\"url\":\"https:\/\/padas.al\/wp-content\/uploads\/2021\/12\/padas-logo-01.svg\",\"contentUrl\":\"https:\/\/padas.al\/wp-content\/uploads\/2021\/12\/padas-logo-01.svg\",\"width\":196.4218,\"height\":195.7925,\"caption\":\"Padas.al\"},\"image\":{\"@id\":\"https:\/\/padas.al\/#logo\"}},{\"@type\":\"WebSite\",\"@id\":\"https:\/\/padas.al\/#website\",\"url\":\"https:\/\/padas.al\/\",\"name\":\"PADAS\",\"description\":\"Shoe Shop\",\"publisher\":{\"@id\":\"https:\/\/padas.al\/#organization\"},\"potentialAction\":[{\"@type\":\"SearchAction\",\"target\":{\"@type\":\"EntryPoint\",\"urlTemplate\":\"https:\/\/padas.al\/?s={search_term_string}\"},\"query-input\":\"required name=search_term_string\"}],\"inLanguage\":\"en-GB\"},{\"@type\":\"ImageObject\",\"@id\":\"https:\/\/padas.al\/product\/kepuce-per-meshkuj-8\/#primaryimage\",\"inLanguage\":\"en-GB\",\"url\":\"https:\/\/padas.al\/wp-content\/uploads\/2022\/03\/boxer-shoes-21165.jpg\",\"contentUrl\":\"https:\/\/padas.al\/wp-content\/uploads\/2022\/03\/boxer-shoes-21165.jpg\",\"width\":1000,\"height\":1000,\"caption\":\"atlete te bardha\"},{\"@type\":\"WebPage\",\"@id\":\"https:\/\/padas.al\/product\/kepuce-per-meshkuj-8\/#webpage\",\"url\":\"https:\/\/padas.al\/product\/kepuce-per-meshkuj-8\/\",\"name\":\"K\u00ebpuc\u00eb Boxer pa lidh\u00ebse p\u00ebr meshkuj. - PADAS\",\"isPartOf\":{\"@id\":\"https:\/\/padas.al\/#website\"},\"primaryImageOfPage\":{\"@id\":\"https:\/\/padas.al\/product\/kepuce-per-meshkuj-8\/#primaryimage\"},\"datePublished\":\"2022-03-12T22:27:42+00:00\",\"dateModified\":\"2026-01-28T13:38:42+00:00\",\"description\":\"K\u00ebpuc\u00eb l\u00ebkure me gom\u00eb t\u00eb plot\u00eb, rezistente dhe tep\u00ebr t\u00eb lehta. N\u00eb pjes\u00ebn e brendshme kan\u00eb shtres\u00eb anatomike kjo i b\u00ebn ato t\u00eb jen\u00eb komode n\u00eb ecje.\",\"breadcrumb\":{\"@id\":\"https:\/\/padas.al\/product\/kepuce-per-meshkuj-8\/#breadcrumb\"},\"inLanguage\":\"en-GB\",\"potentialAction\":[{\"@type\":\"ReadAction\",\"target\":[\"https:\/\/padas.al\/product\/kepuce-per-meshkuj-8\/\"]}]},{\"@type\":\"BreadcrumbList\",\"@id\":\"https:\/\/padas.al\/product\/kepuce-per-meshkuj-8\/#breadcrumb\",\"itemListElement\":[{\"@type\":\"ListItem\",\"position\":1,\"name\":\"Home\",\"item\":\"https:\/\/padas.al\/\"},{\"@type\":\"ListItem\",\"position\":2,\"name\":\"Shop\",\"item\":\"https:\/\/padas.al\/shop\/\"},{\"@type\":\"ListItem\",\"position\":3,\"name\":\"K\u00ebpuc\u00eb Boxer pa lidh\u00ebse p\u00ebr meshkuj.\"}]}]}<\/script>\n<!-- \/ Yoast SEO plugin. -->","yoast_head_json":{"title":"K\u00ebpuc\u00eb Boxer pa lidh\u00ebse p\u00ebr meshkuj. - PADAS","description":"K\u00ebpuc\u00eb l\u00ebkure me gom\u00eb t\u00eb plot\u00eb, rezistente dhe tep\u00ebr t\u00eb lehta. N\u00eb pjes\u00ebn e brendshme kan\u00eb shtres\u00eb anatomike kjo i b\u00ebn ato t\u00eb jen\u00eb komode n\u00eb ecje.","robots":{"index":"index","follow":"follow","max-snippet":"max-snippet:-1","max-image-preview":"max-image-preview:large","max-video-preview":"max-video-preview:-1"},"canonical":"https:\/\/padas.al\/english\/product\/kepuce-per-meshkuj-8\/","og_locale":"en_GB","og_type":"article","og_title":"K\u00ebpuc\u00eb Boxer pa lidh\u00ebse p\u00ebr meshkuj. - PADAS","og_description":"K\u00ebpuc\u00eb l\u00ebkure me gom\u00eb t\u00eb plot\u00eb, rezistente dhe tep\u00ebr t\u00eb lehta. N\u00eb pjes\u00ebn e brendshme kan\u00eb shtres\u00eb anatomike kjo i b\u00ebn ato t\u00eb jen\u00eb komode n\u00eb ecje.","og_url":"https:\/\/padas.al\/english\/product\/kepuce-per-meshkuj-8\/","og_site_name":"PADAS","article_modified_time":"2026-01-28T13:38:42+00:00","og_image":[{"width":1000,"height":1000,"url":"https:\/\/padas.al\/wp-content\/uploads\/2022\/03\/boxer-shoes-21165.jpg","type":"image\/jpeg"}],"twitter_card":"summary_large_image","twitter_misc":{"Estimated reading time":"1 minute"},"schema":{"@context":"https:\/\/schema.org","@graph":[{"@type":"Organization","@id":"https:\/\/padas.al\/#organization","name":"Padas.al","url":"https:\/\/padas.al\/","sameAs":[],"logo":{"@type":"ImageObject","@id":"https:\/\/padas.al\/#logo","inLanguage":"en-GB","url":"https:\/\/padas.al\/wp-content\/uploads\/2021\/12\/padas-logo-01.svg","contentUrl":"https:\/\/padas.al\/wp-content\/uploads\/2021\/12\/padas-logo-01.svg","width":196.4218,"height":195.7925,"caption":"Padas.al"},"image":{"@id":"https:\/\/padas.al\/#logo"}},{"@type":"WebSite","@id":"https:\/\/padas.al\/#website","url":"https:\/\/padas.al\/","name":"PADAS","description":"Shoe Shop","publisher":{"@id":"https:\/\/padas.al\/#organization"},"potentialAction":[{"@type":"SearchAction","target":{"@type":"EntryPoint","urlTemplate":"https:\/\/padas.al\/?s={search_term_string}"},"query-input":"required name=search_term_string"}],"inLanguage":"en-GB"},{"@type":"ImageObject","@id":"https:\/\/padas.al\/product\/kepuce-per-meshkuj-8\/#primaryimage","inLanguage":"en-GB","url":"https:\/\/padas.al\/wp-content\/uploads\/2022\/03\/boxer-shoes-21165.jpg","contentUrl":"https:\/\/padas.al\/wp-content\/uploads\/2022\/03\/boxer-shoes-21165.jpg","width":1000,"height":1000,"caption":"atlete te bardha"},{"@type":"WebPage","@id":"https:\/\/padas.al\/product\/kepuce-per-meshkuj-8\/#webpage","url":"https:\/\/padas.al\/product\/kepuce-per-meshkuj-8\/","name":"K\u00ebpuc\u00eb Boxer pa lidh\u00ebse p\u00ebr meshkuj. - PADAS","isPartOf":{"@id":"https:\/\/padas.al\/#website"},"primaryImageOfPage":{"@id":"https:\/\/padas.al\/product\/kepuce-per-meshkuj-8\/#primaryimage"},"datePublished":"2022-03-12T22:27:42+00:00","dateModified":"2026-01-28T13:38:42+00:00","description":"K\u00ebpuc\u00eb l\u00ebkure me gom\u00eb t\u00eb plot\u00eb, rezistente dhe tep\u00ebr t\u00eb lehta. N\u00eb pjes\u00ebn e brendshme kan\u00eb shtres\u00eb anatomike kjo i b\u00ebn ato t\u00eb jen\u00eb komode n\u00eb ecje.","breadcrumb":{"@id":"https:\/\/padas.al\/product\/kepuce-per-meshkuj-8\/#breadcrumb"},"inLanguage":"en-GB","potentialAction":[{"@type":"ReadAction","target":["https:\/\/padas.al\/product\/kepuce-per-meshkuj-8\/"]}]},{"@type":"BreadcrumbList","@id":"https:\/\/padas.al\/product\/kepuce-per-meshkuj-8\/#breadcrumb","itemListElement":[{"@type":"ListItem","position":1,"name":"Home","item":"https:\/\/padas.al\/"},{"@type":"ListItem","position":2,"name":"Shop","item":"https:\/\/padas.al\/shop\/"},{"@type":"ListItem","position":3,"name":"K\u00ebpuc\u00eb Boxer pa lidh\u00ebse p\u00ebr meshkuj."}]}]}},"_links":{"self":[{"href":"https:\/\/padas.al\/english\/wp-json\/wp\/v2\/product\/4968"}],"collection":[{"href":"https:\/\/padas.al\/english\/wp-json\/wp\/v2\/product"}],"about":[{"href":"https:\/\/padas.al\/english\/wp-json\/wp\/v2\/types\/product"}],"replies":[{"embeddable":true,"href":"https:\/\/padas.al\/english\/wp-json\/wp\/v2\/comments?post=4968"}],"wp:featuredmedia":[{"embeddable":true,"href":"https:\/\/padas.al\/english\/wp-json\/wp\/v2\/media\/4969"}],"wp:attachment":[{"href":"https:\/\/padas.al\/english\/wp-json\/wp\/v2\/media?parent=4968"}],"wp:term":[{"taxonomy":"product_cat","embeddable":true,"href":"https:\/\/padas.al\/english\/wp-json\/wp\/v2\/product_cat?post=4968"},{"taxonomy":"product_tag","embeddable":true,"href":"https:\/\/padas.al\/english\/wp-json\/wp\/v2\/product_tag?post=4968"}],"curies":[{"name":"wp","href":"https:\/\/api.w.org\/{rel}","templated":true}]}}