{"id":5098,"date":"2022-03-14T19:33:12","date_gmt":"2022-03-14T19:33:12","guid":{"rendered":"https:\/\/padas.al\/?post_type=product&#038;p=5098"},"modified":"2026-01-27T12:18:39","modified_gmt":"2026-01-27T12:18:39","slug":"kepuce-per-femra-ragazza-4","status":"publish","type":"product","link":"https:\/\/padas.al\/english\/product\/kepuce-per-femra-ragazza-4\/","title":{"rendered":"K\u00ebpuc\u00eb l\u00ebkure me platform\u00eb p\u00ebr femra Ragazza."},"content":{"rendered":"<p>K\u00ebpuc\u00ebt kan\u00eb gom\u00eb rezistente q\u00eb nuk rr\u00ebshkasin ,jan\u00eb t\u00eb ngrohta dhe nuk e dep\u00ebrtojn\u00eb ujin. Tog\u00ebza e tyre \u00ebsht\u00eb m\u00ebnyra sesi i mb\u00ebrthen k\u00ebpuc\u00ebt, por n\u00eb an\u00ebsore tog\u00ebza ka llastik ,e cila e b\u00ebn t\u00eb mundur veshjen dhe heqjen e k\u00ebpuc\u00ebve pa qen\u00eb nevoja t\u00eb zb\u00ebrthehet. Modeli i tyre \u00ebsht\u00eb i kombinuesh\u00ebm dhe ka stil praktik e t\u00eb rehatshme p\u00ebr p\u00ebrditshm\u00ebrin\u00eb tuaj.<\/p>","protected":false},"excerpt":{"rendered":"<p>K\u00ebpuc\u00eb l\u00ebkure t\u00eb stilit &#8220;monk strap&#8221; me gom\u00eb t\u00eb trash\u00eb dhe t\u00eb lehta. Mb\u00ebrthehet me nj\u00eb tog\u00ebz q\u00eb i jep bukuri k\u00ebpuc\u00ebve. Jan\u00eb t\u00eb lehta dhe rezistente dhe gom\u00eb q\u00eb nuk rr\u00ebshket. K\u00ebpuc\u00ebt i p\u00ebrkasin firm\u00ebs Ragazza, e cila \u00ebsht\u00eb kompani greke q\u00eb prodhon k\u00ebpuc\u00eb l\u00ebkure p\u00ebr femra.<\/p>","protected":false},"featured_media":5099,"comment_status":"open","ping_status":"closed","template":"","meta":[],"product_cat":[139,140,141,274],"product_tag":[],"yoast_head":"<!-- This site is optimized with the Yoast SEO plugin v18.3 - https:\/\/yoast.com\/wordpress\/plugins\/seo\/ -->\n<title>K\u00ebpuc\u00eb l\u00ebkure me platform\u00eb p\u00ebr femra Ragazza. - PADAS<\/title>\n<meta name=\"description\" content=\"K\u00ebpuc\u00eb me gom\u00eb t\u00eb trash\u00eb l\u00ebkur\u00eb dhe me shtres\u00eb t\u00eb but\u00eb brenda, m\u00ebnyr\u00eb interesante sesi mb\u00ebrthehet.\" \/>\n<meta name=\"robots\" content=\"index, follow, max-snippet:-1, max-image-preview:large, max-video-preview:-1\" \/>\n<link rel=\"canonical\" href=\"https:\/\/padas.al\/english\/product\/kepuce-per-femra-ragazza-4\/\" \/>\n<meta property=\"og:locale\" content=\"en_GB\" \/>\n<meta property=\"og:type\" content=\"article\" \/>\n<meta property=\"og:title\" content=\"K\u00ebpuc\u00eb l\u00ebkure me platform\u00eb p\u00ebr femra Ragazza. - PADAS\" \/>\n<meta property=\"og:description\" content=\"K\u00ebpuc\u00eb me gom\u00eb t\u00eb trash\u00eb l\u00ebkur\u00eb dhe me shtres\u00eb t\u00eb but\u00eb brenda, m\u00ebnyr\u00eb interesante sesi mb\u00ebrthehet.\" \/>\n<meta property=\"og:url\" content=\"https:\/\/padas.al\/english\/product\/kepuce-per-femra-ragazza-4\/\" \/>\n<meta property=\"og:site_name\" content=\"PADAS\" \/>\n<meta property=\"article:modified_time\" content=\"2026-01-27T12:18:39+00:00\" \/>\n<meta property=\"og:image\" content=\"https:\/\/padas.al\/wp-content\/uploads\/2022\/03\/togez-zeze.jpeg\" \/>\n\t<meta property=\"og:image:width\" content=\"1440\" \/>\n\t<meta property=\"og:image:height\" content=\"1080\" \/>\n\t<meta property=\"og:image:type\" content=\"image\/jpeg\" \/>\n<meta name=\"twitter:card\" content=\"summary_large_image\" \/>\n<meta name=\"twitter:label1\" content=\"Estimated reading time\" \/>\n\t<meta name=\"twitter:data1\" content=\"1 minute\" \/>\n<script type=\"application\/ld+json\" class=\"yoast-schema-graph\">{\"@context\":\"https:\/\/schema.org\",\"@graph\":[{\"@type\":\"Organization\",\"@id\":\"https:\/\/padas.al\/#organization\",\"name\":\"Padas.al\",\"url\":\"https:\/\/padas.al\/\",\"sameAs\":[],\"logo\":{\"@type\":\"ImageObject\",\"@id\":\"https:\/\/padas.al\/#logo\",\"inLanguage\":\"en-GB\",\"url\":\"https:\/\/padas.al\/wp-content\/uploads\/2021\/12\/padas-logo-01.svg\",\"contentUrl\":\"https:\/\/padas.al\/wp-content\/uploads\/2021\/12\/padas-logo-01.svg\",\"width\":196.4218,\"height\":195.7925,\"caption\":\"Padas.al\"},\"image\":{\"@id\":\"https:\/\/padas.al\/#logo\"}},{\"@type\":\"WebSite\",\"@id\":\"https:\/\/padas.al\/#website\",\"url\":\"https:\/\/padas.al\/\",\"name\":\"PADAS\",\"description\":\"Shoe Shop\",\"publisher\":{\"@id\":\"https:\/\/padas.al\/#organization\"},\"potentialAction\":[{\"@type\":\"SearchAction\",\"target\":{\"@type\":\"EntryPoint\",\"urlTemplate\":\"https:\/\/padas.al\/?s={search_term_string}\"},\"query-input\":\"required name=search_term_string\"}],\"inLanguage\":\"en-GB\"},{\"@type\":\"ImageObject\",\"@id\":\"https:\/\/padas.al\/product\/kepuce-per-femra-ragazza-4\/#primaryimage\",\"inLanguage\":\"en-GB\",\"url\":\"https:\/\/padas.al\/wp-content\/uploads\/2022\/03\/togez-zeze.jpeg\",\"contentUrl\":\"https:\/\/padas.al\/wp-content\/uploads\/2022\/03\/togez-zeze.jpeg\",\"width\":1440,\"height\":1080},{\"@type\":\"WebPage\",\"@id\":\"https:\/\/padas.al\/product\/kepuce-per-femra-ragazza-4\/#webpage\",\"url\":\"https:\/\/padas.al\/product\/kepuce-per-femra-ragazza-4\/\",\"name\":\"K\u00ebpuc\u00eb l\u00ebkure me platform\u00eb p\u00ebr femra Ragazza. - PADAS\",\"isPartOf\":{\"@id\":\"https:\/\/padas.al\/#website\"},\"primaryImageOfPage\":{\"@id\":\"https:\/\/padas.al\/product\/kepuce-per-femra-ragazza-4\/#primaryimage\"},\"datePublished\":\"2022-03-14T19:33:12+00:00\",\"dateModified\":\"2026-01-27T12:18:39+00:00\",\"description\":\"K\u00ebpuc\u00eb me gom\u00eb t\u00eb trash\u00eb l\u00ebkur\u00eb dhe me shtres\u00eb t\u00eb but\u00eb brenda, m\u00ebnyr\u00eb interesante sesi mb\u00ebrthehet.\",\"breadcrumb\":{\"@id\":\"https:\/\/padas.al\/product\/kepuce-per-femra-ragazza-4\/#breadcrumb\"},\"inLanguage\":\"en-GB\",\"potentialAction\":[{\"@type\":\"ReadAction\",\"target\":[\"https:\/\/padas.al\/product\/kepuce-per-femra-ragazza-4\/\"]}]},{\"@type\":\"BreadcrumbList\",\"@id\":\"https:\/\/padas.al\/product\/kepuce-per-femra-ragazza-4\/#breadcrumb\",\"itemListElement\":[{\"@type\":\"ListItem\",\"position\":1,\"name\":\"Home\",\"item\":\"https:\/\/padas.al\/\"},{\"@type\":\"ListItem\",\"position\":2,\"name\":\"Shop\",\"item\":\"https:\/\/padas.al\/shop\/\"},{\"@type\":\"ListItem\",\"position\":3,\"name\":\"K\u00ebpuc\u00eb l\u00ebkure me platform\u00eb p\u00ebr femra Ragazza.\"}]}]}<\/script>\n<!-- \/ Yoast SEO plugin. -->","yoast_head_json":{"title":"K\u00ebpuc\u00eb l\u00ebkure me platform\u00eb p\u00ebr femra Ragazza. - PADAS","description":"K\u00ebpuc\u00eb me gom\u00eb t\u00eb trash\u00eb l\u00ebkur\u00eb dhe me shtres\u00eb t\u00eb but\u00eb brenda, m\u00ebnyr\u00eb interesante sesi mb\u00ebrthehet.","robots":{"index":"index","follow":"follow","max-snippet":"max-snippet:-1","max-image-preview":"max-image-preview:large","max-video-preview":"max-video-preview:-1"},"canonical":"https:\/\/padas.al\/english\/product\/kepuce-per-femra-ragazza-4\/","og_locale":"en_GB","og_type":"article","og_title":"K\u00ebpuc\u00eb l\u00ebkure me platform\u00eb p\u00ebr femra Ragazza. - PADAS","og_description":"K\u00ebpuc\u00eb me gom\u00eb t\u00eb trash\u00eb l\u00ebkur\u00eb dhe me shtres\u00eb t\u00eb but\u00eb brenda, m\u00ebnyr\u00eb interesante sesi mb\u00ebrthehet.","og_url":"https:\/\/padas.al\/english\/product\/kepuce-per-femra-ragazza-4\/","og_site_name":"PADAS","article_modified_time":"2026-01-27T12:18:39+00:00","og_image":[{"width":1440,"height":1080,"url":"https:\/\/padas.al\/wp-content\/uploads\/2022\/03\/togez-zeze.jpeg","type":"image\/jpeg"}],"twitter_card":"summary_large_image","twitter_misc":{"Estimated reading time":"1 minute"},"schema":{"@context":"https:\/\/schema.org","@graph":[{"@type":"Organization","@id":"https:\/\/padas.al\/#organization","name":"Padas.al","url":"https:\/\/padas.al\/","sameAs":[],"logo":{"@type":"ImageObject","@id":"https:\/\/padas.al\/#logo","inLanguage":"en-GB","url":"https:\/\/padas.al\/wp-content\/uploads\/2021\/12\/padas-logo-01.svg","contentUrl":"https:\/\/padas.al\/wp-content\/uploads\/2021\/12\/padas-logo-01.svg","width":196.4218,"height":195.7925,"caption":"Padas.al"},"image":{"@id":"https:\/\/padas.al\/#logo"}},{"@type":"WebSite","@id":"https:\/\/padas.al\/#website","url":"https:\/\/padas.al\/","name":"PADAS","description":"Shoe Shop","publisher":{"@id":"https:\/\/padas.al\/#organization"},"potentialAction":[{"@type":"SearchAction","target":{"@type":"EntryPoint","urlTemplate":"https:\/\/padas.al\/?s={search_term_string}"},"query-input":"required name=search_term_string"}],"inLanguage":"en-GB"},{"@type":"ImageObject","@id":"https:\/\/padas.al\/product\/kepuce-per-femra-ragazza-4\/#primaryimage","inLanguage":"en-GB","url":"https:\/\/padas.al\/wp-content\/uploads\/2022\/03\/togez-zeze.jpeg","contentUrl":"https:\/\/padas.al\/wp-content\/uploads\/2022\/03\/togez-zeze.jpeg","width":1440,"height":1080},{"@type":"WebPage","@id":"https:\/\/padas.al\/product\/kepuce-per-femra-ragazza-4\/#webpage","url":"https:\/\/padas.al\/product\/kepuce-per-femra-ragazza-4\/","name":"K\u00ebpuc\u00eb l\u00ebkure me platform\u00eb p\u00ebr femra Ragazza. - PADAS","isPartOf":{"@id":"https:\/\/padas.al\/#website"},"primaryImageOfPage":{"@id":"https:\/\/padas.al\/product\/kepuce-per-femra-ragazza-4\/#primaryimage"},"datePublished":"2022-03-14T19:33:12+00:00","dateModified":"2026-01-27T12:18:39+00:00","description":"K\u00ebpuc\u00eb me gom\u00eb t\u00eb trash\u00eb l\u00ebkur\u00eb dhe me shtres\u00eb t\u00eb but\u00eb brenda, m\u00ebnyr\u00eb interesante sesi mb\u00ebrthehet.","breadcrumb":{"@id":"https:\/\/padas.al\/product\/kepuce-per-femra-ragazza-4\/#breadcrumb"},"inLanguage":"en-GB","potentialAction":[{"@type":"ReadAction","target":["https:\/\/padas.al\/product\/kepuce-per-femra-ragazza-4\/"]}]},{"@type":"BreadcrumbList","@id":"https:\/\/padas.al\/product\/kepuce-per-femra-ragazza-4\/#breadcrumb","itemListElement":[{"@type":"ListItem","position":1,"name":"Home","item":"https:\/\/padas.al\/"},{"@type":"ListItem","position":2,"name":"Shop","item":"https:\/\/padas.al\/shop\/"},{"@type":"ListItem","position":3,"name":"K\u00ebpuc\u00eb l\u00ebkure me platform\u00eb p\u00ebr femra Ragazza."}]}]}},"_links":{"self":[{"href":"https:\/\/padas.al\/english\/wp-json\/wp\/v2\/product\/5098"}],"collection":[{"href":"https:\/\/padas.al\/english\/wp-json\/wp\/v2\/product"}],"about":[{"href":"https:\/\/padas.al\/english\/wp-json\/wp\/v2\/types\/product"}],"replies":[{"embeddable":true,"href":"https:\/\/padas.al\/english\/wp-json\/wp\/v2\/comments?post=5098"}],"wp:featuredmedia":[{"embeddable":true,"href":"https:\/\/padas.al\/english\/wp-json\/wp\/v2\/media\/5099"}],"wp:attachment":[{"href":"https:\/\/padas.al\/english\/wp-json\/wp\/v2\/media?parent=5098"}],"wp:term":[{"taxonomy":"product_cat","embeddable":true,"href":"https:\/\/padas.al\/english\/wp-json\/wp\/v2\/product_cat?post=5098"},{"taxonomy":"product_tag","embeddable":true,"href":"https:\/\/padas.al\/english\/wp-json\/wp\/v2\/product_tag?post=5098"}],"curies":[{"name":"wp","href":"https:\/\/api.w.org\/{rel}","templated":true}]}}