{"id":5357,"date":"2022-03-20T21:19:49","date_gmt":"2022-03-20T21:19:49","guid":{"rendered":"https:\/\/padas.al\/?post_type=product&#038;p=5357"},"modified":"2026-01-27T12:28:10","modified_gmt":"2026-01-27T12:28:10","slug":"cizme-per-meshkuj-2","status":"publish","type":"product","link":"https:\/\/padas.al\/english\/product\/cizme-per-meshkuj-2\/","title":{"rendered":"\u00c7izme me llastik anash p\u00ebr meshkuj, Boxer."},"content":{"rendered":"<p>\u00c7izme t\u00eb shkurtra p\u00ebr meshkuj , material l\u00ebkur\u00eb brenda dhe jasht\u00eb me llastik n\u00eb t\u00eb dy an\u00ebt p\u00ebr tu veshur dhe hequr leht\u00ebsisht. Goma e tyre \u00ebsht\u00eb tredi dhe i b\u00ebjn\u00eb \u00e7izmet t\u00eb ken\u00eb nj\u00eb pamje m\u00eb sportive. T\u00eb kombinueshme dhe praktike n\u00eb p\u00ebrditshm\u00ebrin\u00eb tuaj.<\/p>","protected":false},"excerpt":{"rendered":"<p>\u00c7izme l\u00ebkur\u00eb jasht\u00eb dhe brenda t\u00eb stilit &#8220;chelsea&#8221;, kan\u00eb gom\u00eb rezistente q\u00eb nuk rr\u00ebshkasin dhe jan\u00eb t\u00eb lehta. Vishen leht\u00ebsisht pasi n\u00eb t\u00eb dy an\u00ebt kan\u00eb llastik. Modeli i tyre \u00ebsht\u00eb sa trendi po dhe aq praktik q\u00eb mund ta kombinoni n\u00eb \u00e7do or\u00eb t\u00eb dit\u00ebs.<\/p>","protected":false},"featured_media":5358,"comment_status":"open","ping_status":"closed","template":"","meta":[],"product_cat":[188,240,241,189,190,251],"product_tag":[],"yoast_head":"<!-- This site is optimized with the Yoast SEO plugin v18.3 - https:\/\/yoast.com\/wordpress\/plugins\/seo\/ -->\n<title>\u00c7izme me llastik anash p\u00ebr meshkuj, Boxer. - PADAS<\/title>\n<meta name=\"description\" content=\"\u00c7izme l\u00ebkure p\u00ebr meshkuj me gom\u00eb t\u00eb ve\u00e7ant\u00eb, rezistente dhe q\u00eb vishen leht\u00ebsisht fal\u00eb llastikut q\u00eb kan\u00eb n\u00eb t\u00eb dy an\u00ebt.\" \/>\n<meta name=\"robots\" content=\"index, follow, max-snippet:-1, max-image-preview:large, max-video-preview:-1\" \/>\n<link rel=\"canonical\" href=\"https:\/\/padas.al\/english\/product\/cizme-per-meshkuj-2\/\" \/>\n<meta property=\"og:locale\" content=\"en_GB\" \/>\n<meta property=\"og:type\" content=\"article\" \/>\n<meta property=\"og:title\" content=\"\u00c7izme me llastik anash p\u00ebr meshkuj, Boxer. - PADAS\" \/>\n<meta property=\"og:description\" content=\"\u00c7izme l\u00ebkure p\u00ebr meshkuj me gom\u00eb t\u00eb ve\u00e7ant\u00eb, rezistente dhe q\u00eb vishen leht\u00ebsisht fal\u00eb llastikut q\u00eb kan\u00eb n\u00eb t\u00eb dy an\u00ebt.\" \/>\n<meta property=\"og:url\" content=\"https:\/\/padas.al\/english\/product\/cizme-per-meshkuj-2\/\" \/>\n<meta property=\"og:site_name\" content=\"PADAS\" \/>\n<meta property=\"article:modified_time\" content=\"2026-01-27T12:28:10+00:00\" \/>\n<meta property=\"og:image\" content=\"https:\/\/padas.al\/wp-content\/uploads\/2022\/03\/boxer-shoes-19006.jpg\" \/>\n\t<meta property=\"og:image:width\" content=\"1000\" \/>\n\t<meta property=\"og:image:height\" content=\"1000\" \/>\n\t<meta property=\"og:image:type\" content=\"image\/jpeg\" \/>\n<meta name=\"twitter:card\" content=\"summary_large_image\" \/>\n<meta name=\"twitter:label1\" content=\"Estimated reading time\" \/>\n\t<meta name=\"twitter:data1\" content=\"1 minute\" \/>\n<script type=\"application\/ld+json\" class=\"yoast-schema-graph\">{\"@context\":\"https:\/\/schema.org\",\"@graph\":[{\"@type\":\"Organization\",\"@id\":\"https:\/\/padas.al\/#organization\",\"name\":\"Padas.al\",\"url\":\"https:\/\/padas.al\/\",\"sameAs\":[],\"logo\":{\"@type\":\"ImageObject\",\"@id\":\"https:\/\/padas.al\/#logo\",\"inLanguage\":\"en-GB\",\"url\":\"https:\/\/padas.al\/wp-content\/uploads\/2021\/12\/padas-logo-01.svg\",\"contentUrl\":\"https:\/\/padas.al\/wp-content\/uploads\/2021\/12\/padas-logo-01.svg\",\"width\":196.4218,\"height\":195.7925,\"caption\":\"Padas.al\"},\"image\":{\"@id\":\"https:\/\/padas.al\/#logo\"}},{\"@type\":\"WebSite\",\"@id\":\"https:\/\/padas.al\/#website\",\"url\":\"https:\/\/padas.al\/\",\"name\":\"PADAS\",\"description\":\"Shoe Shop\",\"publisher\":{\"@id\":\"https:\/\/padas.al\/#organization\"},\"potentialAction\":[{\"@type\":\"SearchAction\",\"target\":{\"@type\":\"EntryPoint\",\"urlTemplate\":\"https:\/\/padas.al\/?s={search_term_string}\"},\"query-input\":\"required name=search_term_string\"}],\"inLanguage\":\"en-GB\"},{\"@type\":\"ImageObject\",\"@id\":\"https:\/\/padas.al\/product\/cizme-per-meshkuj-2\/#primaryimage\",\"inLanguage\":\"en-GB\",\"url\":\"https:\/\/padas.al\/wp-content\/uploads\/2022\/03\/boxer-shoes-19006.jpg\",\"contentUrl\":\"https:\/\/padas.al\/wp-content\/uploads\/2022\/03\/boxer-shoes-19006.jpg\",\"width\":1000,\"height\":1000},{\"@type\":\"WebPage\",\"@id\":\"https:\/\/padas.al\/product\/cizme-per-meshkuj-2\/#webpage\",\"url\":\"https:\/\/padas.al\/product\/cizme-per-meshkuj-2\/\",\"name\":\"\u00c7izme me llastik anash p\u00ebr meshkuj, Boxer. - PADAS\",\"isPartOf\":{\"@id\":\"https:\/\/padas.al\/#website\"},\"primaryImageOfPage\":{\"@id\":\"https:\/\/padas.al\/product\/cizme-per-meshkuj-2\/#primaryimage\"},\"datePublished\":\"2022-03-20T21:19:49+00:00\",\"dateModified\":\"2026-01-27T12:28:10+00:00\",\"description\":\"\u00c7izme l\u00ebkure p\u00ebr meshkuj me gom\u00eb t\u00eb ve\u00e7ant\u00eb, rezistente dhe q\u00eb vishen leht\u00ebsisht fal\u00eb llastikut q\u00eb kan\u00eb n\u00eb t\u00eb dy an\u00ebt.\",\"breadcrumb\":{\"@id\":\"https:\/\/padas.al\/product\/cizme-per-meshkuj-2\/#breadcrumb\"},\"inLanguage\":\"en-GB\",\"potentialAction\":[{\"@type\":\"ReadAction\",\"target\":[\"https:\/\/padas.al\/product\/cizme-per-meshkuj-2\/\"]}]},{\"@type\":\"BreadcrumbList\",\"@id\":\"https:\/\/padas.al\/product\/cizme-per-meshkuj-2\/#breadcrumb\",\"itemListElement\":[{\"@type\":\"ListItem\",\"position\":1,\"name\":\"Home\",\"item\":\"https:\/\/padas.al\/\"},{\"@type\":\"ListItem\",\"position\":2,\"name\":\"Shop\",\"item\":\"https:\/\/padas.al\/shop\/\"},{\"@type\":\"ListItem\",\"position\":3,\"name\":\"\u00c7izme me llastik anash p\u00ebr meshkuj, Boxer.\"}]}]}<\/script>\n<!-- \/ Yoast SEO plugin. -->","yoast_head_json":{"title":"\u00c7izme me llastik anash p\u00ebr meshkuj, Boxer. - PADAS","description":"\u00c7izme l\u00ebkure p\u00ebr meshkuj me gom\u00eb t\u00eb ve\u00e7ant\u00eb, rezistente dhe q\u00eb vishen leht\u00ebsisht fal\u00eb llastikut q\u00eb kan\u00eb n\u00eb t\u00eb dy an\u00ebt.","robots":{"index":"index","follow":"follow","max-snippet":"max-snippet:-1","max-image-preview":"max-image-preview:large","max-video-preview":"max-video-preview:-1"},"canonical":"https:\/\/padas.al\/english\/product\/cizme-per-meshkuj-2\/","og_locale":"en_GB","og_type":"article","og_title":"\u00c7izme me llastik anash p\u00ebr meshkuj, Boxer. - PADAS","og_description":"\u00c7izme l\u00ebkure p\u00ebr meshkuj me gom\u00eb t\u00eb ve\u00e7ant\u00eb, rezistente dhe q\u00eb vishen leht\u00ebsisht fal\u00eb llastikut q\u00eb kan\u00eb n\u00eb t\u00eb dy an\u00ebt.","og_url":"https:\/\/padas.al\/english\/product\/cizme-per-meshkuj-2\/","og_site_name":"PADAS","article_modified_time":"2026-01-27T12:28:10+00:00","og_image":[{"width":1000,"height":1000,"url":"https:\/\/padas.al\/wp-content\/uploads\/2022\/03\/boxer-shoes-19006.jpg","type":"image\/jpeg"}],"twitter_card":"summary_large_image","twitter_misc":{"Estimated reading time":"1 minute"},"schema":{"@context":"https:\/\/schema.org","@graph":[{"@type":"Organization","@id":"https:\/\/padas.al\/#organization","name":"Padas.al","url":"https:\/\/padas.al\/","sameAs":[],"logo":{"@type":"ImageObject","@id":"https:\/\/padas.al\/#logo","inLanguage":"en-GB","url":"https:\/\/padas.al\/wp-content\/uploads\/2021\/12\/padas-logo-01.svg","contentUrl":"https:\/\/padas.al\/wp-content\/uploads\/2021\/12\/padas-logo-01.svg","width":196.4218,"height":195.7925,"caption":"Padas.al"},"image":{"@id":"https:\/\/padas.al\/#logo"}},{"@type":"WebSite","@id":"https:\/\/padas.al\/#website","url":"https:\/\/padas.al\/","name":"PADAS","description":"Shoe Shop","publisher":{"@id":"https:\/\/padas.al\/#organization"},"potentialAction":[{"@type":"SearchAction","target":{"@type":"EntryPoint","urlTemplate":"https:\/\/padas.al\/?s={search_term_string}"},"query-input":"required name=search_term_string"}],"inLanguage":"en-GB"},{"@type":"ImageObject","@id":"https:\/\/padas.al\/product\/cizme-per-meshkuj-2\/#primaryimage","inLanguage":"en-GB","url":"https:\/\/padas.al\/wp-content\/uploads\/2022\/03\/boxer-shoes-19006.jpg","contentUrl":"https:\/\/padas.al\/wp-content\/uploads\/2022\/03\/boxer-shoes-19006.jpg","width":1000,"height":1000},{"@type":"WebPage","@id":"https:\/\/padas.al\/product\/cizme-per-meshkuj-2\/#webpage","url":"https:\/\/padas.al\/product\/cizme-per-meshkuj-2\/","name":"\u00c7izme me llastik anash p\u00ebr meshkuj, Boxer. - PADAS","isPartOf":{"@id":"https:\/\/padas.al\/#website"},"primaryImageOfPage":{"@id":"https:\/\/padas.al\/product\/cizme-per-meshkuj-2\/#primaryimage"},"datePublished":"2022-03-20T21:19:49+00:00","dateModified":"2026-01-27T12:28:10+00:00","description":"\u00c7izme l\u00ebkure p\u00ebr meshkuj me gom\u00eb t\u00eb ve\u00e7ant\u00eb, rezistente dhe q\u00eb vishen leht\u00ebsisht fal\u00eb llastikut q\u00eb kan\u00eb n\u00eb t\u00eb dy an\u00ebt.","breadcrumb":{"@id":"https:\/\/padas.al\/product\/cizme-per-meshkuj-2\/#breadcrumb"},"inLanguage":"en-GB","potentialAction":[{"@type":"ReadAction","target":["https:\/\/padas.al\/product\/cizme-per-meshkuj-2\/"]}]},{"@type":"BreadcrumbList","@id":"https:\/\/padas.al\/product\/cizme-per-meshkuj-2\/#breadcrumb","itemListElement":[{"@type":"ListItem","position":1,"name":"Home","item":"https:\/\/padas.al\/"},{"@type":"ListItem","position":2,"name":"Shop","item":"https:\/\/padas.al\/shop\/"},{"@type":"ListItem","position":3,"name":"\u00c7izme me llastik anash p\u00ebr meshkuj, Boxer."}]}]}},"_links":{"self":[{"href":"https:\/\/padas.al\/english\/wp-json\/wp\/v2\/product\/5357"}],"collection":[{"href":"https:\/\/padas.al\/english\/wp-json\/wp\/v2\/product"}],"about":[{"href":"https:\/\/padas.al\/english\/wp-json\/wp\/v2\/types\/product"}],"replies":[{"embeddable":true,"href":"https:\/\/padas.al\/english\/wp-json\/wp\/v2\/comments?post=5357"}],"wp:featuredmedia":[{"embeddable":true,"href":"https:\/\/padas.al\/english\/wp-json\/wp\/v2\/media\/5358"}],"wp:attachment":[{"href":"https:\/\/padas.al\/english\/wp-json\/wp\/v2\/media?parent=5357"}],"wp:term":[{"taxonomy":"product_cat","embeddable":true,"href":"https:\/\/padas.al\/english\/wp-json\/wp\/v2\/product_cat?post=5357"},{"taxonomy":"product_tag","embeddable":true,"href":"https:\/\/padas.al\/english\/wp-json\/wp\/v2\/product_tag?post=5357"}],"curies":[{"name":"wp","href":"https:\/\/api.w.org\/{rel}","templated":true}]}}