{"id":5402,"date":"2022-03-20T23:14:52","date_gmt":"2022-03-20T23:14:52","guid":{"rendered":"https:\/\/padas.al\/?post_type=product&#038;p=5402"},"modified":"2026-01-27T11:33:55","modified_gmt":"2026-01-27T11:33:55","slug":"kepuce-per-meshkuj-2","status":"publish","type":"product","link":"https:\/\/padas.al\/english\/product\/kepuce-per-meshkuj-2\/","title":{"rendered":"K\u00ebpuc\u00eb me qaf\u00eb Damiani p\u00ebr meshkuj n\u00eb l\u00ebkur\u00ebn nubuck."},"content":{"rendered":"<p>K\u00ebpuc\u00eb me qaf\u00eb me veshje t\u00eb ngroht\u00eb brenda dhe kamosh jasht\u00eb i cili nuk e dep\u00ebrton ujin ideale p\u00ebr sezonit e dimrit p\u00ebr k\u00ebmb\u00eb t\u00eb ngrohta dhe pa lag\u00ebshtir\u00eb. Model casual q\u00eb arrin t\u00eb kombinohet leht\u00ebsisht me veshjet tuaja n\u00eb p\u00ebrditshm\u00ebri.<\/p>","protected":false},"excerpt":{"rendered":"<p>K\u00ebpuc\u00eb p\u00ebr dim\u00ebr t\u00eb punuara nga material kamoshi me qaf\u00eb dhe gom\u00eb q\u00eb nuk rr\u00ebshket. Jan\u00eb tep\u00ebr t\u00eb ngrohta dhe praktike n\u00eb p\u00ebrditshm\u00ebri.<\/p>","protected":false},"featured_media":5403,"comment_status":"open","ping_status":"closed","template":"","meta":[],"product_cat":[228,231,189,191,192,190,274],"product_tag":[],"yoast_head":"<!-- This site is optimized with the Yoast SEO plugin v18.3 - https:\/\/yoast.com\/wordpress\/plugins\/seo\/ -->\n<title>K\u00ebpuc\u00eb me qaf\u00eb Damiani p\u00ebr meshkuj n\u00eb l\u00ebkur\u00ebn nubuck. - PADAS<\/title>\n<meta name=\"description\" content=\"K\u00ebpuc\u00eb kamoshi p\u00ebr meshkuj me qaf\u00eb dhe gom\u00eb t\u00eb leht\u00eb e t\u00eb but\u00eb.\" \/>\n<meta name=\"robots\" content=\"index, follow, max-snippet:-1, max-image-preview:large, max-video-preview:-1\" \/>\n<link rel=\"canonical\" href=\"https:\/\/padas.al\/english\/product\/kepuce-per-meshkuj-2\/\" \/>\n<meta property=\"og:locale\" content=\"en_GB\" \/>\n<meta property=\"og:type\" content=\"article\" \/>\n<meta property=\"og:title\" content=\"K\u00ebpuc\u00eb me qaf\u00eb Damiani p\u00ebr meshkuj n\u00eb l\u00ebkur\u00ebn nubuck. - PADAS\" \/>\n<meta property=\"og:description\" content=\"K\u00ebpuc\u00eb kamoshi p\u00ebr meshkuj me qaf\u00eb dhe gom\u00eb t\u00eb leht\u00eb e t\u00eb but\u00eb.\" \/>\n<meta property=\"og:url\" content=\"https:\/\/padas.al\/english\/product\/kepuce-per-meshkuj-2\/\" \/>\n<meta property=\"og:site_name\" content=\"PADAS\" \/>\n<meta property=\"article:modified_time\" content=\"2026-01-27T11:33:55+00:00\" \/>\n<meta property=\"og:image\" content=\"https:\/\/padas.al\/wp-content\/uploads\/2022\/03\/20210922140607_71e70129.jpeg\" \/>\n\t<meta property=\"og:image:width\" content=\"959\" \/>\n\t<meta property=\"og:image:height\" content=\"1200\" \/>\n\t<meta property=\"og:image:type\" content=\"image\/jpeg\" \/>\n<meta name=\"twitter:card\" content=\"summary_large_image\" \/>\n<meta name=\"twitter:label1\" content=\"Estimated reading time\" \/>\n\t<meta name=\"twitter:data1\" content=\"1 minute\" \/>\n<script type=\"application\/ld+json\" class=\"yoast-schema-graph\">{\"@context\":\"https:\/\/schema.org\",\"@graph\":[{\"@type\":\"Organization\",\"@id\":\"https:\/\/padas.al\/#organization\",\"name\":\"Padas.al\",\"url\":\"https:\/\/padas.al\/\",\"sameAs\":[],\"logo\":{\"@type\":\"ImageObject\",\"@id\":\"https:\/\/padas.al\/#logo\",\"inLanguage\":\"en-GB\",\"url\":\"https:\/\/padas.al\/wp-content\/uploads\/2021\/12\/padas-logo-01.svg\",\"contentUrl\":\"https:\/\/padas.al\/wp-content\/uploads\/2021\/12\/padas-logo-01.svg\",\"width\":196.4218,\"height\":195.7925,\"caption\":\"Padas.al\"},\"image\":{\"@id\":\"https:\/\/padas.al\/#logo\"}},{\"@type\":\"WebSite\",\"@id\":\"https:\/\/padas.al\/#website\",\"url\":\"https:\/\/padas.al\/\",\"name\":\"PADAS\",\"description\":\"Shoe Shop\",\"publisher\":{\"@id\":\"https:\/\/padas.al\/#organization\"},\"potentialAction\":[{\"@type\":\"SearchAction\",\"target\":{\"@type\":\"EntryPoint\",\"urlTemplate\":\"https:\/\/padas.al\/?s={search_term_string}\"},\"query-input\":\"required name=search_term_string\"}],\"inLanguage\":\"en-GB\"},{\"@type\":\"ImageObject\",\"@id\":\"https:\/\/padas.al\/product\/kepuce-per-meshkuj-2\/#primaryimage\",\"inLanguage\":\"en-GB\",\"url\":\"https:\/\/padas.al\/wp-content\/uploads\/2022\/03\/20210922140607_71e70129.jpeg\",\"contentUrl\":\"https:\/\/padas.al\/wp-content\/uploads\/2022\/03\/20210922140607_71e70129.jpeg\",\"width\":959,\"height\":1200},{\"@type\":\"WebPage\",\"@id\":\"https:\/\/padas.al\/product\/kepuce-per-meshkuj-2\/#webpage\",\"url\":\"https:\/\/padas.al\/product\/kepuce-per-meshkuj-2\/\",\"name\":\"K\u00ebpuc\u00eb me qaf\u00eb Damiani p\u00ebr meshkuj n\u00eb l\u00ebkur\u00ebn nubuck. - PADAS\",\"isPartOf\":{\"@id\":\"https:\/\/padas.al\/#website\"},\"primaryImageOfPage\":{\"@id\":\"https:\/\/padas.al\/product\/kepuce-per-meshkuj-2\/#primaryimage\"},\"datePublished\":\"2022-03-20T23:14:52+00:00\",\"dateModified\":\"2026-01-27T11:33:55+00:00\",\"description\":\"K\u00ebpuc\u00eb kamoshi p\u00ebr meshkuj me qaf\u00eb dhe gom\u00eb t\u00eb leht\u00eb e t\u00eb but\u00eb.\",\"breadcrumb\":{\"@id\":\"https:\/\/padas.al\/product\/kepuce-per-meshkuj-2\/#breadcrumb\"},\"inLanguage\":\"en-GB\",\"potentialAction\":[{\"@type\":\"ReadAction\",\"target\":[\"https:\/\/padas.al\/product\/kepuce-per-meshkuj-2\/\"]}]},{\"@type\":\"BreadcrumbList\",\"@id\":\"https:\/\/padas.al\/product\/kepuce-per-meshkuj-2\/#breadcrumb\",\"itemListElement\":[{\"@type\":\"ListItem\",\"position\":1,\"name\":\"Home\",\"item\":\"https:\/\/padas.al\/\"},{\"@type\":\"ListItem\",\"position\":2,\"name\":\"Shop\",\"item\":\"https:\/\/padas.al\/shop\/\"},{\"@type\":\"ListItem\",\"position\":3,\"name\":\"K\u00ebpuc\u00eb me qaf\u00eb Damiani p\u00ebr meshkuj n\u00eb l\u00ebkur\u00ebn nubuck.\"}]}]}<\/script>\n<!-- \/ Yoast SEO plugin. -->","yoast_head_json":{"title":"K\u00ebpuc\u00eb me qaf\u00eb Damiani p\u00ebr meshkuj n\u00eb l\u00ebkur\u00ebn nubuck. - PADAS","description":"K\u00ebpuc\u00eb kamoshi p\u00ebr meshkuj me qaf\u00eb dhe gom\u00eb t\u00eb leht\u00eb e t\u00eb but\u00eb.","robots":{"index":"index","follow":"follow","max-snippet":"max-snippet:-1","max-image-preview":"max-image-preview:large","max-video-preview":"max-video-preview:-1"},"canonical":"https:\/\/padas.al\/english\/product\/kepuce-per-meshkuj-2\/","og_locale":"en_GB","og_type":"article","og_title":"K\u00ebpuc\u00eb me qaf\u00eb Damiani p\u00ebr meshkuj n\u00eb l\u00ebkur\u00ebn nubuck. - PADAS","og_description":"K\u00ebpuc\u00eb kamoshi p\u00ebr meshkuj me qaf\u00eb dhe gom\u00eb t\u00eb leht\u00eb e t\u00eb but\u00eb.","og_url":"https:\/\/padas.al\/english\/product\/kepuce-per-meshkuj-2\/","og_site_name":"PADAS","article_modified_time":"2026-01-27T11:33:55+00:00","og_image":[{"width":959,"height":1200,"url":"https:\/\/padas.al\/wp-content\/uploads\/2022\/03\/20210922140607_71e70129.jpeg","type":"image\/jpeg"}],"twitter_card":"summary_large_image","twitter_misc":{"Estimated reading time":"1 minute"},"schema":{"@context":"https:\/\/schema.org","@graph":[{"@type":"Organization","@id":"https:\/\/padas.al\/#organization","name":"Padas.al","url":"https:\/\/padas.al\/","sameAs":[],"logo":{"@type":"ImageObject","@id":"https:\/\/padas.al\/#logo","inLanguage":"en-GB","url":"https:\/\/padas.al\/wp-content\/uploads\/2021\/12\/padas-logo-01.svg","contentUrl":"https:\/\/padas.al\/wp-content\/uploads\/2021\/12\/padas-logo-01.svg","width":196.4218,"height":195.7925,"caption":"Padas.al"},"image":{"@id":"https:\/\/padas.al\/#logo"}},{"@type":"WebSite","@id":"https:\/\/padas.al\/#website","url":"https:\/\/padas.al\/","name":"PADAS","description":"Shoe Shop","publisher":{"@id":"https:\/\/padas.al\/#organization"},"potentialAction":[{"@type":"SearchAction","target":{"@type":"EntryPoint","urlTemplate":"https:\/\/padas.al\/?s={search_term_string}"},"query-input":"required name=search_term_string"}],"inLanguage":"en-GB"},{"@type":"ImageObject","@id":"https:\/\/padas.al\/product\/kepuce-per-meshkuj-2\/#primaryimage","inLanguage":"en-GB","url":"https:\/\/padas.al\/wp-content\/uploads\/2022\/03\/20210922140607_71e70129.jpeg","contentUrl":"https:\/\/padas.al\/wp-content\/uploads\/2022\/03\/20210922140607_71e70129.jpeg","width":959,"height":1200},{"@type":"WebPage","@id":"https:\/\/padas.al\/product\/kepuce-per-meshkuj-2\/#webpage","url":"https:\/\/padas.al\/product\/kepuce-per-meshkuj-2\/","name":"K\u00ebpuc\u00eb me qaf\u00eb Damiani p\u00ebr meshkuj n\u00eb l\u00ebkur\u00ebn nubuck. - PADAS","isPartOf":{"@id":"https:\/\/padas.al\/#website"},"primaryImageOfPage":{"@id":"https:\/\/padas.al\/product\/kepuce-per-meshkuj-2\/#primaryimage"},"datePublished":"2022-03-20T23:14:52+00:00","dateModified":"2026-01-27T11:33:55+00:00","description":"K\u00ebpuc\u00eb kamoshi p\u00ebr meshkuj me qaf\u00eb dhe gom\u00eb t\u00eb leht\u00eb e t\u00eb but\u00eb.","breadcrumb":{"@id":"https:\/\/padas.al\/product\/kepuce-per-meshkuj-2\/#breadcrumb"},"inLanguage":"en-GB","potentialAction":[{"@type":"ReadAction","target":["https:\/\/padas.al\/product\/kepuce-per-meshkuj-2\/"]}]},{"@type":"BreadcrumbList","@id":"https:\/\/padas.al\/product\/kepuce-per-meshkuj-2\/#breadcrumb","itemListElement":[{"@type":"ListItem","position":1,"name":"Home","item":"https:\/\/padas.al\/"},{"@type":"ListItem","position":2,"name":"Shop","item":"https:\/\/padas.al\/shop\/"},{"@type":"ListItem","position":3,"name":"K\u00ebpuc\u00eb me qaf\u00eb Damiani p\u00ebr meshkuj n\u00eb l\u00ebkur\u00ebn nubuck."}]}]}},"_links":{"self":[{"href":"https:\/\/padas.al\/english\/wp-json\/wp\/v2\/product\/5402"}],"collection":[{"href":"https:\/\/padas.al\/english\/wp-json\/wp\/v2\/product"}],"about":[{"href":"https:\/\/padas.al\/english\/wp-json\/wp\/v2\/types\/product"}],"replies":[{"embeddable":true,"href":"https:\/\/padas.al\/english\/wp-json\/wp\/v2\/comments?post=5402"}],"wp:featuredmedia":[{"embeddable":true,"href":"https:\/\/padas.al\/english\/wp-json\/wp\/v2\/media\/5403"}],"wp:attachment":[{"href":"https:\/\/padas.al\/english\/wp-json\/wp\/v2\/media?parent=5402"}],"wp:term":[{"taxonomy":"product_cat","embeddable":true,"href":"https:\/\/padas.al\/english\/wp-json\/wp\/v2\/product_cat?post=5402"},{"taxonomy":"product_tag","embeddable":true,"href":"https:\/\/padas.al\/english\/wp-json\/wp\/v2\/product_tag?post=5402"}],"curies":[{"name":"wp","href":"https:\/\/api.w.org\/{rel}","templated":true}]}}