{"id":5804,"date":"2022-03-26T19:13:14","date_gmt":"2022-03-26T19:13:14","guid":{"rendered":"https:\/\/padas.al\/?post_type=product&#038;p=5804"},"modified":"2023-09-08T20:08:20","modified_gmt":"2023-09-08T20:08:20","slug":"cante-per-meshkuj-5","status":"publish","type":"product","link":"https:\/\/padas.al\/english\/product\/cante-per-meshkuj-5\/","title":{"rendered":"\u00c7ant\u00eb p\u00ebr meshkuj"},"content":{"rendered":"<p>\u00c7ant\u00eb e punuar nga l\u00ebkura natyrale e cil\u00ebsis\u00eb s\u00eb lart\u00eb e firm\u00ebs Trip Camel. Ka rrip t\u00eb gjat\u00eb q\u00eb mund t\u00eb shkurtohet apo zgjatet n\u00eb var\u00ebsi t\u00eb d\u00ebshir\u00ebs suaj. \u00c7anta ka organizim t\u00eb mir\u00eb t\u00eb hap\u00ebsirave dhe xhepave q\u00eb disponon duke b\u00ebr\u00eb k\u00ebshtu t\u00eb mundur sistemimin e sendeve tuaja personale.<!--\/data\/user\/0\/com.samsung.android.app.notes\/files\/clipdata\/clipdata_bodytext_220326_200926_860.sdocx--><\/p>","protected":false},"excerpt":{"rendered":"<p>\u00c7ant\u00eb e punuar nga l\u00ebkura natyrale e cil\u00ebsis\u00eb s\u00eb lart\u00eb e firm\u00ebs Trip Camel. Ka rrip t\u00eb gjat\u00eb q\u00eb mund t\u00eb shkurtohet apo zgjatet n\u00eb var\u00ebsi t\u00eb d\u00ebshir\u00ebs suaj. \u00c7anta ka organizim t\u00eb mir\u00eb t\u00eb hap\u00ebsirave dhe xhepave q\u00eb disponon duke b\u00ebr\u00eb k\u00ebshtu t\u00eb mundur sistemimin e sendeve tuaja personale.<\/p>","protected":false},"featured_media":5805,"comment_status":"open","ping_status":"closed","template":"","meta":[],"product_cat":[232,233,188,210,211,205,208],"product_tag":[],"yoast_head":"<!-- This site is optimized with the Yoast SEO plugin v18.3 - https:\/\/yoast.com\/wordpress\/plugins\/seo\/ -->\n<title>\u00c7ant\u00eb p\u00ebr meshkuj - PADAS<\/title>\n<meta name=\"robots\" content=\"index, follow, max-snippet:-1, max-image-preview:large, max-video-preview:-1\" \/>\n<link rel=\"canonical\" href=\"https:\/\/padas.al\/english\/product\/cante-per-meshkuj-5\/\" \/>\n<meta property=\"og:locale\" content=\"en_GB\" \/>\n<meta property=\"og:type\" content=\"article\" \/>\n<meta property=\"og:title\" content=\"\u00c7ant\u00eb p\u00ebr meshkuj - PADAS\" \/>\n<meta property=\"og:description\" content=\"\u00c7ant\u00eb e punuar nga l\u00ebkura natyrale e cil\u00ebsis\u00eb s\u00eb lart\u00eb e firm\u00ebs Trip Camel. Ka rrip t\u00eb gjat\u00eb q\u00eb mund t\u00eb shkurtohet apo zgjatet n\u00eb var\u00ebsi t\u00eb d\u00ebshir\u00ebs suaj. \u00c7anta ka organizim t\u00eb mir\u00eb t\u00eb hap\u00ebsirave dhe xhepave q\u00eb disponon duke b\u00ebr\u00eb k\u00ebshtu t\u00eb mundur sistemimin e sendeve tuaja personale.\" \/>\n<meta property=\"og:url\" content=\"https:\/\/padas.al\/english\/product\/cante-per-meshkuj-5\/\" \/>\n<meta property=\"og:site_name\" content=\"PADAS\" \/>\n<meta property=\"article:modified_time\" content=\"2023-09-08T20:08:20+00:00\" \/>\n<meta property=\"og:image\" content=\"https:\/\/padas.al\/wp-content\/uploads\/2022\/03\/806-olive-brown-A.jpg\" \/>\n\t<meta property=\"og:image:width\" content=\"800\" \/>\n\t<meta property=\"og:image:height\" content=\"800\" \/>\n\t<meta property=\"og:image:type\" content=\"image\/jpeg\" \/>\n<meta name=\"twitter:card\" content=\"summary_large_image\" \/>\n<meta name=\"twitter:label1\" content=\"Estimated reading time\" \/>\n\t<meta name=\"twitter:data1\" content=\"1 minute\" \/>\n<script type=\"application\/ld+json\" class=\"yoast-schema-graph\">{\"@context\":\"https:\/\/schema.org\",\"@graph\":[{\"@type\":\"Organization\",\"@id\":\"https:\/\/padas.al\/#organization\",\"name\":\"Padas.al\",\"url\":\"https:\/\/padas.al\/\",\"sameAs\":[],\"logo\":{\"@type\":\"ImageObject\",\"@id\":\"https:\/\/padas.al\/#logo\",\"inLanguage\":\"en-GB\",\"url\":\"https:\/\/padas.al\/wp-content\/uploads\/2021\/12\/padas-logo-01.svg\",\"contentUrl\":\"https:\/\/padas.al\/wp-content\/uploads\/2021\/12\/padas-logo-01.svg\",\"width\":196.4218,\"height\":195.7925,\"caption\":\"Padas.al\"},\"image\":{\"@id\":\"https:\/\/padas.al\/#logo\"}},{\"@type\":\"WebSite\",\"@id\":\"https:\/\/padas.al\/#website\",\"url\":\"https:\/\/padas.al\/\",\"name\":\"PADAS\",\"description\":\"Shoe Shop\",\"publisher\":{\"@id\":\"https:\/\/padas.al\/#organization\"},\"potentialAction\":[{\"@type\":\"SearchAction\",\"target\":{\"@type\":\"EntryPoint\",\"urlTemplate\":\"https:\/\/padas.al\/?s={search_term_string}\"},\"query-input\":\"required name=search_term_string\"}],\"inLanguage\":\"en-GB\"},{\"@type\":\"ImageObject\",\"@id\":\"https:\/\/padas.al\/product\/cante-per-meshkuj-5\/#primaryimage\",\"inLanguage\":\"en-GB\",\"url\":\"https:\/\/padas.al\/wp-content\/uploads\/2022\/03\/806-olive-brown-A.jpg\",\"contentUrl\":\"https:\/\/padas.al\/wp-content\/uploads\/2022\/03\/806-olive-brown-A.jpg\",\"width\":800,\"height\":800},{\"@type\":\"WebPage\",\"@id\":\"https:\/\/padas.al\/product\/cante-per-meshkuj-5\/#webpage\",\"url\":\"https:\/\/padas.al\/product\/cante-per-meshkuj-5\/\",\"name\":\"\u00c7ant\u00eb p\u00ebr meshkuj - PADAS\",\"isPartOf\":{\"@id\":\"https:\/\/padas.al\/#website\"},\"primaryImageOfPage\":{\"@id\":\"https:\/\/padas.al\/product\/cante-per-meshkuj-5\/#primaryimage\"},\"datePublished\":\"2022-03-26T19:13:14+00:00\",\"dateModified\":\"2023-09-08T20:08:20+00:00\",\"breadcrumb\":{\"@id\":\"https:\/\/padas.al\/product\/cante-per-meshkuj-5\/#breadcrumb\"},\"inLanguage\":\"en-GB\",\"potentialAction\":[{\"@type\":\"ReadAction\",\"target\":[\"https:\/\/padas.al\/product\/cante-per-meshkuj-5\/\"]}]},{\"@type\":\"BreadcrumbList\",\"@id\":\"https:\/\/padas.al\/product\/cante-per-meshkuj-5\/#breadcrumb\",\"itemListElement\":[{\"@type\":\"ListItem\",\"position\":1,\"name\":\"Home\",\"item\":\"https:\/\/padas.al\/\"},{\"@type\":\"ListItem\",\"position\":2,\"name\":\"Shop\",\"item\":\"https:\/\/padas.al\/shop\/\"},{\"@type\":\"ListItem\",\"position\":3,\"name\":\"\u00c7ant\u00eb p\u00ebr meshkuj\"}]}]}<\/script>\n<!-- \/ Yoast SEO plugin. -->","yoast_head_json":{"title":"\u00c7ant\u00eb p\u00ebr meshkuj - PADAS","robots":{"index":"index","follow":"follow","max-snippet":"max-snippet:-1","max-image-preview":"max-image-preview:large","max-video-preview":"max-video-preview:-1"},"canonical":"https:\/\/padas.al\/english\/product\/cante-per-meshkuj-5\/","og_locale":"en_GB","og_type":"article","og_title":"\u00c7ant\u00eb p\u00ebr meshkuj - PADAS","og_description":"\u00c7ant\u00eb e punuar nga l\u00ebkura natyrale e cil\u00ebsis\u00eb s\u00eb lart\u00eb e firm\u00ebs Trip Camel. Ka rrip t\u00eb gjat\u00eb q\u00eb mund t\u00eb shkurtohet apo zgjatet n\u00eb var\u00ebsi t\u00eb d\u00ebshir\u00ebs suaj. \u00c7anta ka organizim t\u00eb mir\u00eb t\u00eb hap\u00ebsirave dhe xhepave q\u00eb disponon duke b\u00ebr\u00eb k\u00ebshtu t\u00eb mundur sistemimin e sendeve tuaja personale.","og_url":"https:\/\/padas.al\/english\/product\/cante-per-meshkuj-5\/","og_site_name":"PADAS","article_modified_time":"2023-09-08T20:08:20+00:00","og_image":[{"width":800,"height":800,"url":"https:\/\/padas.al\/wp-content\/uploads\/2022\/03\/806-olive-brown-A.jpg","type":"image\/jpeg"}],"twitter_card":"summary_large_image","twitter_misc":{"Estimated reading time":"1 minute"},"schema":{"@context":"https:\/\/schema.org","@graph":[{"@type":"Organization","@id":"https:\/\/padas.al\/#organization","name":"Padas.al","url":"https:\/\/padas.al\/","sameAs":[],"logo":{"@type":"ImageObject","@id":"https:\/\/padas.al\/#logo","inLanguage":"en-GB","url":"https:\/\/padas.al\/wp-content\/uploads\/2021\/12\/padas-logo-01.svg","contentUrl":"https:\/\/padas.al\/wp-content\/uploads\/2021\/12\/padas-logo-01.svg","width":196.4218,"height":195.7925,"caption":"Padas.al"},"image":{"@id":"https:\/\/padas.al\/#logo"}},{"@type":"WebSite","@id":"https:\/\/padas.al\/#website","url":"https:\/\/padas.al\/","name":"PADAS","description":"Shoe Shop","publisher":{"@id":"https:\/\/padas.al\/#organization"},"potentialAction":[{"@type":"SearchAction","target":{"@type":"EntryPoint","urlTemplate":"https:\/\/padas.al\/?s={search_term_string}"},"query-input":"required name=search_term_string"}],"inLanguage":"en-GB"},{"@type":"ImageObject","@id":"https:\/\/padas.al\/product\/cante-per-meshkuj-5\/#primaryimage","inLanguage":"en-GB","url":"https:\/\/padas.al\/wp-content\/uploads\/2022\/03\/806-olive-brown-A.jpg","contentUrl":"https:\/\/padas.al\/wp-content\/uploads\/2022\/03\/806-olive-brown-A.jpg","width":800,"height":800},{"@type":"WebPage","@id":"https:\/\/padas.al\/product\/cante-per-meshkuj-5\/#webpage","url":"https:\/\/padas.al\/product\/cante-per-meshkuj-5\/","name":"\u00c7ant\u00eb p\u00ebr meshkuj - PADAS","isPartOf":{"@id":"https:\/\/padas.al\/#website"},"primaryImageOfPage":{"@id":"https:\/\/padas.al\/product\/cante-per-meshkuj-5\/#primaryimage"},"datePublished":"2022-03-26T19:13:14+00:00","dateModified":"2023-09-08T20:08:20+00:00","breadcrumb":{"@id":"https:\/\/padas.al\/product\/cante-per-meshkuj-5\/#breadcrumb"},"inLanguage":"en-GB","potentialAction":[{"@type":"ReadAction","target":["https:\/\/padas.al\/product\/cante-per-meshkuj-5\/"]}]},{"@type":"BreadcrumbList","@id":"https:\/\/padas.al\/product\/cante-per-meshkuj-5\/#breadcrumb","itemListElement":[{"@type":"ListItem","position":1,"name":"Home","item":"https:\/\/padas.al\/"},{"@type":"ListItem","position":2,"name":"Shop","item":"https:\/\/padas.al\/shop\/"},{"@type":"ListItem","position":3,"name":"\u00c7ant\u00eb p\u00ebr meshkuj"}]}]}},"_links":{"self":[{"href":"https:\/\/padas.al\/english\/wp-json\/wp\/v2\/product\/5804"}],"collection":[{"href":"https:\/\/padas.al\/english\/wp-json\/wp\/v2\/product"}],"about":[{"href":"https:\/\/padas.al\/english\/wp-json\/wp\/v2\/types\/product"}],"replies":[{"embeddable":true,"href":"https:\/\/padas.al\/english\/wp-json\/wp\/v2\/comments?post=5804"}],"wp:featuredmedia":[{"embeddable":true,"href":"https:\/\/padas.al\/english\/wp-json\/wp\/v2\/media\/5805"}],"wp:attachment":[{"href":"https:\/\/padas.al\/english\/wp-json\/wp\/v2\/media?parent=5804"}],"wp:term":[{"taxonomy":"product_cat","embeddable":true,"href":"https:\/\/padas.al\/english\/wp-json\/wp\/v2\/product_cat?post=5804"},{"taxonomy":"product_tag","embeddable":true,"href":"https:\/\/padas.al\/english\/wp-json\/wp\/v2\/product_tag?post=5804"}],"curies":[{"name":"wp","href":"https:\/\/api.w.org\/{rel}","templated":true}]}}