{"id":6313,"date":"2022-04-08T18:43:10","date_gmt":"2022-04-08T18:43:10","guid":{"rendered":"https:\/\/padas.al\/?post_type=product&#038;p=6313"},"modified":"2026-01-27T12:26:32","modified_gmt":"2026-01-27T12:26:32","slug":"kepuce-per-meshkuj-12","status":"publish","type":"product","link":"https:\/\/padas.al\/english\/product\/kepuce-per-meshkuj-12\/","title":{"rendered":"Atlete kastor blu p\u00ebr meshkuj."},"content":{"rendered":"<p>Atletet jan\u00eb t\u00eb punuara nga l\u00ebkura natyrale brenda dhe jasht\u00eb nga l\u00ebkura kastor n\u00eb ngjyr\u00ebn blu. Atletet kan\u00eb detaje l\u00ebkure n\u00eb ngjyr\u00ebn kafe n\u00eb pjes\u00ebn e thembr\u00ebs. Kan\u00eb gom\u00eb t\u00eb leht\u00eb dhe jan\u00eb t\u00eb buta.<\/p>","protected":false},"excerpt":{"rendered":"<p>Atletet jan\u00eb t\u00eb firm\u00ebs Boxer, jan\u00eb t\u00eb punuara me &#8220;comfort system technology&#8221; kjo i b\u00ebn ato t\u00eb jen\u00eb akoma m\u00eb praktike dhe komode n\u00eb ecje. Kan\u00eb lidh\u00ebsa p\u00ebr t&#8217;i veshur dhe hequr ato m\u00eb leht\u00eb.<\/p>","protected":false},"featured_media":6314,"comment_status":"open","ping_status":"closed","template":"","meta":[],"product_cat":[228,229,188,189,200,193,192,251],"product_tag":[],"yoast_head":"<!-- This site is optimized with the Yoast SEO plugin v18.3 - https:\/\/yoast.com\/wordpress\/plugins\/seo\/ -->\n<title>Atlete kastor blu p\u00ebr meshkuj. - PADAS<\/title>\n<meta name=\"description\" content=\"Atlete q\u00eb vijn\u00eb n\u00eb stil casual dhe jan\u00eb t\u00eb p\u00ebrshtatshme p\u00ebr p\u00ebrditshm\u00ebri pasi jan\u00eb tep\u00ebr t\u00eb lehta dhe t\u00eb kombinueshme.\" \/>\n<meta name=\"robots\" content=\"index, follow, max-snippet:-1, max-image-preview:large, max-video-preview:-1\" \/>\n<link rel=\"canonical\" href=\"https:\/\/padas.al\/english\/product\/kepuce-per-meshkuj-12\/\" \/>\n<meta property=\"og:locale\" content=\"en_GB\" \/>\n<meta property=\"og:type\" content=\"article\" \/>\n<meta property=\"og:title\" content=\"Atlete kastor blu p\u00ebr meshkuj. - PADAS\" \/>\n<meta property=\"og:description\" content=\"Atlete q\u00eb vijn\u00eb n\u00eb stil casual dhe jan\u00eb t\u00eb p\u00ebrshtatshme p\u00ebr p\u00ebrditshm\u00ebri pasi jan\u00eb tep\u00ebr t\u00eb lehta dhe t\u00eb kombinueshme.\" \/>\n<meta property=\"og:url\" content=\"https:\/\/padas.al\/english\/product\/kepuce-per-meshkuj-12\/\" \/>\n<meta property=\"og:site_name\" content=\"PADAS\" \/>\n<meta property=\"article:modified_time\" content=\"2026-01-27T12:26:32+00:00\" \/>\n<meta property=\"og:image\" content=\"https:\/\/padas.al\/wp-content\/uploads\/2022\/04\/boxer_21161_65_016_navy_blue-e1649443315142.jpeg\" \/>\n\t<meta property=\"og:image:width\" content=\"1000\" \/>\n\t<meta property=\"og:image:height\" content=\"511\" \/>\n\t<meta property=\"og:image:type\" content=\"image\/jpeg\" \/>\n<meta name=\"twitter:card\" content=\"summary_large_image\" \/>\n<meta name=\"twitter:label1\" content=\"Estimated reading time\" \/>\n\t<meta name=\"twitter:data1\" content=\"1 minute\" \/>\n<script type=\"application\/ld+json\" class=\"yoast-schema-graph\">{\"@context\":\"https:\/\/schema.org\",\"@graph\":[{\"@type\":\"Organization\",\"@id\":\"https:\/\/padas.al\/#organization\",\"name\":\"Padas.al\",\"url\":\"https:\/\/padas.al\/\",\"sameAs\":[],\"logo\":{\"@type\":\"ImageObject\",\"@id\":\"https:\/\/padas.al\/#logo\",\"inLanguage\":\"en-GB\",\"url\":\"https:\/\/padas.al\/wp-content\/uploads\/2021\/12\/padas-logo-01.svg\",\"contentUrl\":\"https:\/\/padas.al\/wp-content\/uploads\/2021\/12\/padas-logo-01.svg\",\"width\":196.4218,\"height\":195.7925,\"caption\":\"Padas.al\"},\"image\":{\"@id\":\"https:\/\/padas.al\/#logo\"}},{\"@type\":\"WebSite\",\"@id\":\"https:\/\/padas.al\/#website\",\"url\":\"https:\/\/padas.al\/\",\"name\":\"PADAS\",\"description\":\"Shoe Shop\",\"publisher\":{\"@id\":\"https:\/\/padas.al\/#organization\"},\"potentialAction\":[{\"@type\":\"SearchAction\",\"target\":{\"@type\":\"EntryPoint\",\"urlTemplate\":\"https:\/\/padas.al\/?s={search_term_string}\"},\"query-input\":\"required name=search_term_string\"}],\"inLanguage\":\"en-GB\"},{\"@type\":\"ImageObject\",\"@id\":\"https:\/\/padas.al\/product\/kepuce-per-meshkuj-12\/#primaryimage\",\"inLanguage\":\"en-GB\",\"url\":\"https:\/\/padas.al\/wp-content\/uploads\/2022\/04\/boxer_21161_65_016_navy_blue-e1649443315142.jpeg\",\"contentUrl\":\"https:\/\/padas.al\/wp-content\/uploads\/2022\/04\/boxer_21161_65_016_navy_blue-e1649443315142.jpeg\",\"width\":1000,\"height\":511},{\"@type\":\"WebPage\",\"@id\":\"https:\/\/padas.al\/product\/kepuce-per-meshkuj-12\/#webpage\",\"url\":\"https:\/\/padas.al\/product\/kepuce-per-meshkuj-12\/\",\"name\":\"Atlete kastor blu p\u00ebr meshkuj. - PADAS\",\"isPartOf\":{\"@id\":\"https:\/\/padas.al\/#website\"},\"primaryImageOfPage\":{\"@id\":\"https:\/\/padas.al\/product\/kepuce-per-meshkuj-12\/#primaryimage\"},\"datePublished\":\"2022-04-08T18:43:10+00:00\",\"dateModified\":\"2026-01-27T12:26:32+00:00\",\"description\":\"Atlete q\u00eb vijn\u00eb n\u00eb stil casual dhe jan\u00eb t\u00eb p\u00ebrshtatshme p\u00ebr p\u00ebrditshm\u00ebri pasi jan\u00eb tep\u00ebr t\u00eb lehta dhe t\u00eb kombinueshme.\",\"breadcrumb\":{\"@id\":\"https:\/\/padas.al\/product\/kepuce-per-meshkuj-12\/#breadcrumb\"},\"inLanguage\":\"en-GB\",\"potentialAction\":[{\"@type\":\"ReadAction\",\"target\":[\"https:\/\/padas.al\/product\/kepuce-per-meshkuj-12\/\"]}]},{\"@type\":\"BreadcrumbList\",\"@id\":\"https:\/\/padas.al\/product\/kepuce-per-meshkuj-12\/#breadcrumb\",\"itemListElement\":[{\"@type\":\"ListItem\",\"position\":1,\"name\":\"Home\",\"item\":\"https:\/\/padas.al\/\"},{\"@type\":\"ListItem\",\"position\":2,\"name\":\"Shop\",\"item\":\"https:\/\/padas.al\/shop\/\"},{\"@type\":\"ListItem\",\"position\":3,\"name\":\"Atlete kastor blu p\u00ebr meshkuj.\"}]}]}<\/script>\n<!-- \/ Yoast SEO plugin. -->","yoast_head_json":{"title":"Atlete kastor blu p\u00ebr meshkuj. - PADAS","description":"Atlete q\u00eb vijn\u00eb n\u00eb stil casual dhe jan\u00eb t\u00eb p\u00ebrshtatshme p\u00ebr p\u00ebrditshm\u00ebri pasi jan\u00eb tep\u00ebr t\u00eb lehta dhe t\u00eb kombinueshme.","robots":{"index":"index","follow":"follow","max-snippet":"max-snippet:-1","max-image-preview":"max-image-preview:large","max-video-preview":"max-video-preview:-1"},"canonical":"https:\/\/padas.al\/english\/product\/kepuce-per-meshkuj-12\/","og_locale":"en_GB","og_type":"article","og_title":"Atlete kastor blu p\u00ebr meshkuj. - PADAS","og_description":"Atlete q\u00eb vijn\u00eb n\u00eb stil casual dhe jan\u00eb t\u00eb p\u00ebrshtatshme p\u00ebr p\u00ebrditshm\u00ebri pasi jan\u00eb tep\u00ebr t\u00eb lehta dhe t\u00eb kombinueshme.","og_url":"https:\/\/padas.al\/english\/product\/kepuce-per-meshkuj-12\/","og_site_name":"PADAS","article_modified_time":"2026-01-27T12:26:32+00:00","og_image":[{"width":1000,"height":511,"url":"https:\/\/padas.al\/wp-content\/uploads\/2022\/04\/boxer_21161_65_016_navy_blue-e1649443315142.jpeg","type":"image\/jpeg"}],"twitter_card":"summary_large_image","twitter_misc":{"Estimated reading time":"1 minute"},"schema":{"@context":"https:\/\/schema.org","@graph":[{"@type":"Organization","@id":"https:\/\/padas.al\/#organization","name":"Padas.al","url":"https:\/\/padas.al\/","sameAs":[],"logo":{"@type":"ImageObject","@id":"https:\/\/padas.al\/#logo","inLanguage":"en-GB","url":"https:\/\/padas.al\/wp-content\/uploads\/2021\/12\/padas-logo-01.svg","contentUrl":"https:\/\/padas.al\/wp-content\/uploads\/2021\/12\/padas-logo-01.svg","width":196.4218,"height":195.7925,"caption":"Padas.al"},"image":{"@id":"https:\/\/padas.al\/#logo"}},{"@type":"WebSite","@id":"https:\/\/padas.al\/#website","url":"https:\/\/padas.al\/","name":"PADAS","description":"Shoe Shop","publisher":{"@id":"https:\/\/padas.al\/#organization"},"potentialAction":[{"@type":"SearchAction","target":{"@type":"EntryPoint","urlTemplate":"https:\/\/padas.al\/?s={search_term_string}"},"query-input":"required name=search_term_string"}],"inLanguage":"en-GB"},{"@type":"ImageObject","@id":"https:\/\/padas.al\/product\/kepuce-per-meshkuj-12\/#primaryimage","inLanguage":"en-GB","url":"https:\/\/padas.al\/wp-content\/uploads\/2022\/04\/boxer_21161_65_016_navy_blue-e1649443315142.jpeg","contentUrl":"https:\/\/padas.al\/wp-content\/uploads\/2022\/04\/boxer_21161_65_016_navy_blue-e1649443315142.jpeg","width":1000,"height":511},{"@type":"WebPage","@id":"https:\/\/padas.al\/product\/kepuce-per-meshkuj-12\/#webpage","url":"https:\/\/padas.al\/product\/kepuce-per-meshkuj-12\/","name":"Atlete kastor blu p\u00ebr meshkuj. - PADAS","isPartOf":{"@id":"https:\/\/padas.al\/#website"},"primaryImageOfPage":{"@id":"https:\/\/padas.al\/product\/kepuce-per-meshkuj-12\/#primaryimage"},"datePublished":"2022-04-08T18:43:10+00:00","dateModified":"2026-01-27T12:26:32+00:00","description":"Atlete q\u00eb vijn\u00eb n\u00eb stil casual dhe jan\u00eb t\u00eb p\u00ebrshtatshme p\u00ebr p\u00ebrditshm\u00ebri pasi jan\u00eb tep\u00ebr t\u00eb lehta dhe t\u00eb kombinueshme.","breadcrumb":{"@id":"https:\/\/padas.al\/product\/kepuce-per-meshkuj-12\/#breadcrumb"},"inLanguage":"en-GB","potentialAction":[{"@type":"ReadAction","target":["https:\/\/padas.al\/product\/kepuce-per-meshkuj-12\/"]}]},{"@type":"BreadcrumbList","@id":"https:\/\/padas.al\/product\/kepuce-per-meshkuj-12\/#breadcrumb","itemListElement":[{"@type":"ListItem","position":1,"name":"Home","item":"https:\/\/padas.al\/"},{"@type":"ListItem","position":2,"name":"Shop","item":"https:\/\/padas.al\/shop\/"},{"@type":"ListItem","position":3,"name":"Atlete kastor blu p\u00ebr meshkuj."}]}]}},"_links":{"self":[{"href":"https:\/\/padas.al\/english\/wp-json\/wp\/v2\/product\/6313"}],"collection":[{"href":"https:\/\/padas.al\/english\/wp-json\/wp\/v2\/product"}],"about":[{"href":"https:\/\/padas.al\/english\/wp-json\/wp\/v2\/types\/product"}],"replies":[{"embeddable":true,"href":"https:\/\/padas.al\/english\/wp-json\/wp\/v2\/comments?post=6313"}],"wp:featuredmedia":[{"embeddable":true,"href":"https:\/\/padas.al\/english\/wp-json\/wp\/v2\/media\/6314"}],"wp:attachment":[{"href":"https:\/\/padas.al\/english\/wp-json\/wp\/v2\/media?parent=6313"}],"wp:term":[{"taxonomy":"product_cat","embeddable":true,"href":"https:\/\/padas.al\/english\/wp-json\/wp\/v2\/product_cat?post=6313"},{"taxonomy":"product_tag","embeddable":true,"href":"https:\/\/padas.al\/english\/wp-json\/wp\/v2\/product_tag?post=6313"}],"curies":[{"name":"wp","href":"https:\/\/api.w.org\/{rel}","templated":true}]}}