{"id":6338,"date":"2022-04-08T19:33:06","date_gmt":"2022-04-08T19:33:06","guid":{"rendered":"https:\/\/padas.al\/?post_type=product&#038;p=6338"},"modified":"2025-12-04T13:06:20","modified_gmt":"2025-12-04T13:06:20","slug":"kepuce-per-meshkuj-17","status":"publish","type":"product","link":"https:\/\/padas.al\/english\/product\/kepuce-per-meshkuj-17\/","title":{"rendered":"K\u00ebpuc\u00eb verore Damiani p\u00ebr meshkuj"},"content":{"rendered":"<p>K\u00ebpuc\u00eb t\u00eb punuara nga l\u00ebkura nabuk (nubuck) ,ato jan\u00eb shum\u00eb t\u00eb lehta. Vijn\u00eb me detajin me punim p\u00ebrgjat\u00eb gjith\u00eb hap\u00ebsir\u00ebs s\u00eb tyre. Ka nj\u00eb dekorim t\u00eb ve\u00e7ant\u00eb n\u00eb gom\u00ebn e tyre e cila nuk rr\u00ebshket ngjyra e saj \u00ebsht\u00eb bezh\u00eb e bashk\u00eblidhur me tonalitetin e kafes kombinimi i saj p\u00ebrshtatet shum\u00eb me kodin e etik t\u00eb nj\u00eb veshje klasike si dhe p\u00ebrditshm\u00ebrin\u00eb tuaj.<\/p>","protected":false},"excerpt":{"rendered":"<p>K\u00ebpuc\u00ebt e firm\u00ebs Damiani jan\u00eb t\u00eb lehta, mbyllja e tyre b\u00ebhet me lidh\u00ebsa n\u00eb ngjur\u00ebn kafe t\u00eb hapur, detaj i cili lidhet me ngjyr\u00ebn q\u00eb ka goma e tyre. P\u00ebrzgjedhja e tyre \u00ebsh\u00eb e p\u00ebrshtatshme si n\u00eb pun\u00eb e p\u00ebrditshm\u00ebri pasi jan\u00eb t\u00eb lehta e pratike.<\/p>","protected":false},"featured_media":6340,"comment_status":"open","ping_status":"closed","template":"","meta":[],"product_cat":[228,231,188,189,191,192,194,195,201],"product_tag":[],"yoast_head":"<!-- This site is optimized with the Yoast SEO plugin v18.3 - https:\/\/yoast.com\/wordpress\/plugins\/seo\/ -->\n<title>K\u00ebpuc\u00eb verore Damiani p\u00ebr meshkuj - PADAS<\/title>\n<meta name=\"description\" content=\"K\u00ebpuc\u00eb verore t\u00eb p\u00ebrshtatshme p\u00ebr t\u00eb gjith\u00eb ju q\u00eb keni veshje serioze n\u00eb pun\u00eb, po ashtu jan\u00eb ideale dhe p\u00ebr eventet tuaja.\" \/>\n<meta name=\"robots\" content=\"index, follow, max-snippet:-1, max-image-preview:large, max-video-preview:-1\" \/>\n<link rel=\"canonical\" href=\"https:\/\/padas.al\/english\/product\/kepuce-per-meshkuj-17\/\" \/>\n<meta property=\"og:locale\" content=\"en_GB\" \/>\n<meta property=\"og:type\" content=\"article\" \/>\n<meta property=\"og:title\" content=\"K\u00ebpuc\u00eb verore Damiani p\u00ebr meshkuj - PADAS\" \/>\n<meta property=\"og:description\" content=\"K\u00ebpuc\u00eb verore t\u00eb p\u00ebrshtatshme p\u00ebr t\u00eb gjith\u00eb ju q\u00eb keni veshje serioze n\u00eb pun\u00eb, po ashtu jan\u00eb ideale dhe p\u00ebr eventet tuaja.\" \/>\n<meta property=\"og:url\" content=\"https:\/\/padas.al\/english\/product\/kepuce-per-meshkuj-17\/\" \/>\n<meta property=\"og:site_name\" content=\"PADAS\" \/>\n<meta property=\"article:modified_time\" content=\"2025-12-04T13:06:20+00:00\" \/>\n<meta property=\"og:image\" content=\"https:\/\/padas.al\/wp-content\/uploads\/2022\/04\/damiani_1300_taupe.jpeg\" \/>\n\t<meta property=\"og:image:width\" content=\"536\" \/>\n\t<meta property=\"og:image:height\" content=\"244\" \/>\n\t<meta property=\"og:image:type\" content=\"image\/jpeg\" \/>\n<meta name=\"twitter:card\" content=\"summary_large_image\" \/>\n<meta name=\"twitter:label1\" content=\"Estimated reading time\" \/>\n\t<meta name=\"twitter:data1\" content=\"1 minute\" \/>\n<script type=\"application\/ld+json\" class=\"yoast-schema-graph\">{\"@context\":\"https:\/\/schema.org\",\"@graph\":[{\"@type\":\"Organization\",\"@id\":\"https:\/\/padas.al\/#organization\",\"name\":\"Padas.al\",\"url\":\"https:\/\/padas.al\/\",\"sameAs\":[],\"logo\":{\"@type\":\"ImageObject\",\"@id\":\"https:\/\/padas.al\/#logo\",\"inLanguage\":\"en-GB\",\"url\":\"https:\/\/padas.al\/wp-content\/uploads\/2021\/12\/padas-logo-01.svg\",\"contentUrl\":\"https:\/\/padas.al\/wp-content\/uploads\/2021\/12\/padas-logo-01.svg\",\"width\":196.4218,\"height\":195.7925,\"caption\":\"Padas.al\"},\"image\":{\"@id\":\"https:\/\/padas.al\/#logo\"}},{\"@type\":\"WebSite\",\"@id\":\"https:\/\/padas.al\/#website\",\"url\":\"https:\/\/padas.al\/\",\"name\":\"PADAS\",\"description\":\"Shoe Shop\",\"publisher\":{\"@id\":\"https:\/\/padas.al\/#organization\"},\"potentialAction\":[{\"@type\":\"SearchAction\",\"target\":{\"@type\":\"EntryPoint\",\"urlTemplate\":\"https:\/\/padas.al\/?s={search_term_string}\"},\"query-input\":\"required name=search_term_string\"}],\"inLanguage\":\"en-GB\"},{\"@type\":\"ImageObject\",\"@id\":\"https:\/\/padas.al\/product\/kepuce-per-meshkuj-17\/#primaryimage\",\"inLanguage\":\"en-GB\",\"url\":\"https:\/\/padas.al\/wp-content\/uploads\/2022\/04\/damiani_1300_taupe.jpeg\",\"contentUrl\":\"https:\/\/padas.al\/wp-content\/uploads\/2022\/04\/damiani_1300_taupe.jpeg\",\"width\":536,\"height\":244},{\"@type\":\"WebPage\",\"@id\":\"https:\/\/padas.al\/product\/kepuce-per-meshkuj-17\/#webpage\",\"url\":\"https:\/\/padas.al\/product\/kepuce-per-meshkuj-17\/\",\"name\":\"K\u00ebpuc\u00eb verore Damiani p\u00ebr meshkuj - PADAS\",\"isPartOf\":{\"@id\":\"https:\/\/padas.al\/#website\"},\"primaryImageOfPage\":{\"@id\":\"https:\/\/padas.al\/product\/kepuce-per-meshkuj-17\/#primaryimage\"},\"datePublished\":\"2022-04-08T19:33:06+00:00\",\"dateModified\":\"2025-12-04T13:06:20+00:00\",\"description\":\"K\u00ebpuc\u00eb verore t\u00eb p\u00ebrshtatshme p\u00ebr t\u00eb gjith\u00eb ju q\u00eb keni veshje serioze n\u00eb pun\u00eb, po ashtu jan\u00eb ideale dhe p\u00ebr eventet tuaja.\",\"breadcrumb\":{\"@id\":\"https:\/\/padas.al\/product\/kepuce-per-meshkuj-17\/#breadcrumb\"},\"inLanguage\":\"en-GB\",\"potentialAction\":[{\"@type\":\"ReadAction\",\"target\":[\"https:\/\/padas.al\/product\/kepuce-per-meshkuj-17\/\"]}]},{\"@type\":\"BreadcrumbList\",\"@id\":\"https:\/\/padas.al\/product\/kepuce-per-meshkuj-17\/#breadcrumb\",\"itemListElement\":[{\"@type\":\"ListItem\",\"position\":1,\"name\":\"Home\",\"item\":\"https:\/\/padas.al\/\"},{\"@type\":\"ListItem\",\"position\":2,\"name\":\"Shop\",\"item\":\"https:\/\/padas.al\/shop\/\"},{\"@type\":\"ListItem\",\"position\":3,\"name\":\"K\u00ebpuc\u00eb verore Damiani p\u00ebr meshkuj\"}]}]}<\/script>\n<!-- \/ Yoast SEO plugin. -->","yoast_head_json":{"title":"K\u00ebpuc\u00eb verore Damiani p\u00ebr meshkuj - PADAS","description":"K\u00ebpuc\u00eb verore t\u00eb p\u00ebrshtatshme p\u00ebr t\u00eb gjith\u00eb ju q\u00eb keni veshje serioze n\u00eb pun\u00eb, po ashtu jan\u00eb ideale dhe p\u00ebr eventet tuaja.","robots":{"index":"index","follow":"follow","max-snippet":"max-snippet:-1","max-image-preview":"max-image-preview:large","max-video-preview":"max-video-preview:-1"},"canonical":"https:\/\/padas.al\/english\/product\/kepuce-per-meshkuj-17\/","og_locale":"en_GB","og_type":"article","og_title":"K\u00ebpuc\u00eb verore Damiani p\u00ebr meshkuj - PADAS","og_description":"K\u00ebpuc\u00eb verore t\u00eb p\u00ebrshtatshme p\u00ebr t\u00eb gjith\u00eb ju q\u00eb keni veshje serioze n\u00eb pun\u00eb, po ashtu jan\u00eb ideale dhe p\u00ebr eventet tuaja.","og_url":"https:\/\/padas.al\/english\/product\/kepuce-per-meshkuj-17\/","og_site_name":"PADAS","article_modified_time":"2025-12-04T13:06:20+00:00","og_image":[{"width":536,"height":244,"url":"https:\/\/padas.al\/wp-content\/uploads\/2022\/04\/damiani_1300_taupe.jpeg","type":"image\/jpeg"}],"twitter_card":"summary_large_image","twitter_misc":{"Estimated reading time":"1 minute"},"schema":{"@context":"https:\/\/schema.org","@graph":[{"@type":"Organization","@id":"https:\/\/padas.al\/#organization","name":"Padas.al","url":"https:\/\/padas.al\/","sameAs":[],"logo":{"@type":"ImageObject","@id":"https:\/\/padas.al\/#logo","inLanguage":"en-GB","url":"https:\/\/padas.al\/wp-content\/uploads\/2021\/12\/padas-logo-01.svg","contentUrl":"https:\/\/padas.al\/wp-content\/uploads\/2021\/12\/padas-logo-01.svg","width":196.4218,"height":195.7925,"caption":"Padas.al"},"image":{"@id":"https:\/\/padas.al\/#logo"}},{"@type":"WebSite","@id":"https:\/\/padas.al\/#website","url":"https:\/\/padas.al\/","name":"PADAS","description":"Shoe Shop","publisher":{"@id":"https:\/\/padas.al\/#organization"},"potentialAction":[{"@type":"SearchAction","target":{"@type":"EntryPoint","urlTemplate":"https:\/\/padas.al\/?s={search_term_string}"},"query-input":"required name=search_term_string"}],"inLanguage":"en-GB"},{"@type":"ImageObject","@id":"https:\/\/padas.al\/product\/kepuce-per-meshkuj-17\/#primaryimage","inLanguage":"en-GB","url":"https:\/\/padas.al\/wp-content\/uploads\/2022\/04\/damiani_1300_taupe.jpeg","contentUrl":"https:\/\/padas.al\/wp-content\/uploads\/2022\/04\/damiani_1300_taupe.jpeg","width":536,"height":244},{"@type":"WebPage","@id":"https:\/\/padas.al\/product\/kepuce-per-meshkuj-17\/#webpage","url":"https:\/\/padas.al\/product\/kepuce-per-meshkuj-17\/","name":"K\u00ebpuc\u00eb verore Damiani p\u00ebr meshkuj - PADAS","isPartOf":{"@id":"https:\/\/padas.al\/#website"},"primaryImageOfPage":{"@id":"https:\/\/padas.al\/product\/kepuce-per-meshkuj-17\/#primaryimage"},"datePublished":"2022-04-08T19:33:06+00:00","dateModified":"2025-12-04T13:06:20+00:00","description":"K\u00ebpuc\u00eb verore t\u00eb p\u00ebrshtatshme p\u00ebr t\u00eb gjith\u00eb ju q\u00eb keni veshje serioze n\u00eb pun\u00eb, po ashtu jan\u00eb ideale dhe p\u00ebr eventet tuaja.","breadcrumb":{"@id":"https:\/\/padas.al\/product\/kepuce-per-meshkuj-17\/#breadcrumb"},"inLanguage":"en-GB","potentialAction":[{"@type":"ReadAction","target":["https:\/\/padas.al\/product\/kepuce-per-meshkuj-17\/"]}]},{"@type":"BreadcrumbList","@id":"https:\/\/padas.al\/product\/kepuce-per-meshkuj-17\/#breadcrumb","itemListElement":[{"@type":"ListItem","position":1,"name":"Home","item":"https:\/\/padas.al\/"},{"@type":"ListItem","position":2,"name":"Shop","item":"https:\/\/padas.al\/shop\/"},{"@type":"ListItem","position":3,"name":"K\u00ebpuc\u00eb verore Damiani p\u00ebr meshkuj"}]}]}},"_links":{"self":[{"href":"https:\/\/padas.al\/english\/wp-json\/wp\/v2\/product\/6338"}],"collection":[{"href":"https:\/\/padas.al\/english\/wp-json\/wp\/v2\/product"}],"about":[{"href":"https:\/\/padas.al\/english\/wp-json\/wp\/v2\/types\/product"}],"replies":[{"embeddable":true,"href":"https:\/\/padas.al\/english\/wp-json\/wp\/v2\/comments?post=6338"}],"wp:featuredmedia":[{"embeddable":true,"href":"https:\/\/padas.al\/english\/wp-json\/wp\/v2\/media\/6340"}],"wp:attachment":[{"href":"https:\/\/padas.al\/english\/wp-json\/wp\/v2\/media?parent=6338"}],"wp:term":[{"taxonomy":"product_cat","embeddable":true,"href":"https:\/\/padas.al\/english\/wp-json\/wp\/v2\/product_cat?post=6338"},{"taxonomy":"product_tag","embeddable":true,"href":"https:\/\/padas.al\/english\/wp-json\/wp\/v2\/product_tag?post=6338"}],"curies":[{"name":"wp","href":"https:\/\/api.w.org\/{rel}","templated":true}]}}