{"id":6354,"date":"2022-04-08T19:59:26","date_gmt":"2022-04-08T19:59:26","guid":{"rendered":"https:\/\/padas.al\/?post_type=product&#038;p=6354"},"modified":"2026-01-27T12:21:09","modified_gmt":"2026-01-27T12:21:09","slug":"kepuce-per-meshkuj-20","status":"publish","type":"product","link":"https:\/\/padas.al\/english\/product\/kepuce-per-meshkuj-20\/","title":{"rendered":"Atlete me qaf\u00eb p\u00ebr meshkuj Damiani."},"content":{"rendered":"<p>Atletet jan\u00eb t\u00eb punuara nga l\u00ebkura natyrale n\u00eb ngjyr\u00ebn e zez\u00eb dhe kafe p\u00ebrkat\u00ebsisht.\u00a0 Mbyllja e tyre b\u00ebhet me lidh\u00ebse dhe zinxhir. Ka detaje n\u00eb pjes\u00ebn an\u00ebsore t\u00eb jashtme me nj\u00eb zinxhir dekorativ dhe nj\u00eb per\u00e7in\u00eb t\u00eb vog\u00ebl. K\u00ebpuc\u00ebt jan\u00eb l\u00ebkur\u00eb dhe brenda tyre. Goma \u00ebsht\u00eb rezistente dhe nuk rr\u00ebshket. Ideale p\u00ebr dit\u00ebt e ftohta dhe t\u00eb lag\u00ebshta.<\/p>","protected":false},"excerpt":{"rendered":"<p>Atlete me qaf\u00eb me gom\u00eb t\u00eb zez\u00eb dhe t\u00eb lehta p\u00ebr t&#8217;u veshur dhe hequr pasi kan\u00eb lidh\u00ebsa p\u00ebr t&#8217;i liruar dhe shtr\u00ebnguar sipas d\u00ebshir\u00ebs tuaj, p\u00ebr leht\u00ebsin\u00eb tuaj k\u00ebpuc\u00ebt kan\u00eb dhe zinxhirin n\u00eb pjes\u00ebn an\u00ebsore kjo i b\u00ebn ato akoma dhe m\u00eb t\u00eb thjeshta n\u00eb veshjen e tyre.<\/p>","protected":false},"featured_media":6358,"comment_status":"open","ping_status":"closed","template":"","meta":[],"product_cat":[228,231,188,189,200,193,274],"product_tag":[],"yoast_head":"<!-- This site is optimized with the Yoast SEO plugin v18.3 - https:\/\/yoast.com\/wordpress\/plugins\/seo\/ -->\n<title>Atlete me qaf\u00eb p\u00ebr meshkuj Damiani. - PADAS<\/title>\n<meta name=\"description\" content=\"Atlete me qaf\u00eb l\u00ebkur\u00eb me detaje t\u00eb ve\u00e7anta , t\u00eb ngrohta dhe praktike p\u00ebr \u00e7do or\u00eb t\u00eb dit\u00ebs tuaj, t\u00eb kombinueshme dhe me stil trendi.\" \/>\n<meta name=\"robots\" content=\"index, follow, max-snippet:-1, max-image-preview:large, max-video-preview:-1\" \/>\n<link rel=\"canonical\" href=\"https:\/\/padas.al\/english\/product\/kepuce-per-meshkuj-20\/\" \/>\n<meta property=\"og:locale\" content=\"en_GB\" \/>\n<meta property=\"og:type\" content=\"article\" \/>\n<meta property=\"og:title\" content=\"Atlete me qaf\u00eb p\u00ebr meshkuj Damiani. - PADAS\" \/>\n<meta property=\"og:description\" content=\"Atlete me qaf\u00eb l\u00ebkur\u00eb me detaje t\u00eb ve\u00e7anta , t\u00eb ngrohta dhe praktike p\u00ebr \u00e7do or\u00eb t\u00eb dit\u00ebs tuaj, t\u00eb kombinueshme dhe me stil trendi.\" \/>\n<meta property=\"og:url\" content=\"https:\/\/padas.al\/english\/product\/kepuce-per-meshkuj-20\/\" \/>\n<meta property=\"og:site_name\" content=\"PADAS\" \/>\n<meta property=\"article:modified_time\" content=\"2026-01-27T12:21:09+00:00\" \/>\n<meta property=\"og:image\" content=\"https:\/\/padas.al\/wp-content\/uploads\/2022\/04\/20220103164812_damiani_andrika_sneakers_mpotakia_anatomika_memory_foam_mayro_derma_leio.jpeg\" \/>\n\t<meta property=\"og:image:width\" content=\"1135\" \/>\n\t<meta property=\"og:image:height\" content=\"618\" \/>\n\t<meta property=\"og:image:type\" content=\"image\/jpeg\" \/>\n<meta name=\"twitter:card\" content=\"summary_large_image\" \/>\n<meta name=\"twitter:label1\" content=\"Estimated reading time\" \/>\n\t<meta name=\"twitter:data1\" content=\"1 minute\" \/>\n<script type=\"application\/ld+json\" class=\"yoast-schema-graph\">{\"@context\":\"https:\/\/schema.org\",\"@graph\":[{\"@type\":\"Organization\",\"@id\":\"https:\/\/padas.al\/#organization\",\"name\":\"Padas.al\",\"url\":\"https:\/\/padas.al\/\",\"sameAs\":[],\"logo\":{\"@type\":\"ImageObject\",\"@id\":\"https:\/\/padas.al\/#logo\",\"inLanguage\":\"en-GB\",\"url\":\"https:\/\/padas.al\/wp-content\/uploads\/2021\/12\/padas-logo-01.svg\",\"contentUrl\":\"https:\/\/padas.al\/wp-content\/uploads\/2021\/12\/padas-logo-01.svg\",\"width\":196.4218,\"height\":195.7925,\"caption\":\"Padas.al\"},\"image\":{\"@id\":\"https:\/\/padas.al\/#logo\"}},{\"@type\":\"WebSite\",\"@id\":\"https:\/\/padas.al\/#website\",\"url\":\"https:\/\/padas.al\/\",\"name\":\"PADAS\",\"description\":\"Shoe Shop\",\"publisher\":{\"@id\":\"https:\/\/padas.al\/#organization\"},\"potentialAction\":[{\"@type\":\"SearchAction\",\"target\":{\"@type\":\"EntryPoint\",\"urlTemplate\":\"https:\/\/padas.al\/?s={search_term_string}\"},\"query-input\":\"required name=search_term_string\"}],\"inLanguage\":\"en-GB\"},{\"@type\":\"ImageObject\",\"@id\":\"https:\/\/padas.al\/product\/kepuce-per-meshkuj-20\/#primaryimage\",\"inLanguage\":\"en-GB\",\"url\":\"https:\/\/padas.al\/wp-content\/uploads\/2022\/04\/20220103164812_damiani_andrika_sneakers_mpotakia_anatomika_memory_foam_mayro_derma_leio.jpeg\",\"contentUrl\":\"https:\/\/padas.al\/wp-content\/uploads\/2022\/04\/20220103164812_damiani_andrika_sneakers_mpotakia_anatomika_memory_foam_mayro_derma_leio.jpeg\",\"width\":1135,\"height\":618},{\"@type\":\"WebPage\",\"@id\":\"https:\/\/padas.al\/product\/kepuce-per-meshkuj-20\/#webpage\",\"url\":\"https:\/\/padas.al\/product\/kepuce-per-meshkuj-20\/\",\"name\":\"Atlete me qaf\u00eb p\u00ebr meshkuj Damiani. - PADAS\",\"isPartOf\":{\"@id\":\"https:\/\/padas.al\/#website\"},\"primaryImageOfPage\":{\"@id\":\"https:\/\/padas.al\/product\/kepuce-per-meshkuj-20\/#primaryimage\"},\"datePublished\":\"2022-04-08T19:59:26+00:00\",\"dateModified\":\"2026-01-27T12:21:09+00:00\",\"description\":\"Atlete me qaf\u00eb l\u00ebkur\u00eb me detaje t\u00eb ve\u00e7anta , t\u00eb ngrohta dhe praktike p\u00ebr \u00e7do or\u00eb t\u00eb dit\u00ebs tuaj, t\u00eb kombinueshme dhe me stil trendi.\",\"breadcrumb\":{\"@id\":\"https:\/\/padas.al\/product\/kepuce-per-meshkuj-20\/#breadcrumb\"},\"inLanguage\":\"en-GB\",\"potentialAction\":[{\"@type\":\"ReadAction\",\"target\":[\"https:\/\/padas.al\/product\/kepuce-per-meshkuj-20\/\"]}]},{\"@type\":\"BreadcrumbList\",\"@id\":\"https:\/\/padas.al\/product\/kepuce-per-meshkuj-20\/#breadcrumb\",\"itemListElement\":[{\"@type\":\"ListItem\",\"position\":1,\"name\":\"Home\",\"item\":\"https:\/\/padas.al\/\"},{\"@type\":\"ListItem\",\"position\":2,\"name\":\"Shop\",\"item\":\"https:\/\/padas.al\/shop\/\"},{\"@type\":\"ListItem\",\"position\":3,\"name\":\"Atlete me qaf\u00eb p\u00ebr meshkuj Damiani.\"}]}]}<\/script>\n<!-- \/ Yoast SEO plugin. -->","yoast_head_json":{"title":"Atlete me qaf\u00eb p\u00ebr meshkuj Damiani. - PADAS","description":"Atlete me qaf\u00eb l\u00ebkur\u00eb me detaje t\u00eb ve\u00e7anta , t\u00eb ngrohta dhe praktike p\u00ebr \u00e7do or\u00eb t\u00eb dit\u00ebs tuaj, t\u00eb kombinueshme dhe me stil trendi.","robots":{"index":"index","follow":"follow","max-snippet":"max-snippet:-1","max-image-preview":"max-image-preview:large","max-video-preview":"max-video-preview:-1"},"canonical":"https:\/\/padas.al\/english\/product\/kepuce-per-meshkuj-20\/","og_locale":"en_GB","og_type":"article","og_title":"Atlete me qaf\u00eb p\u00ebr meshkuj Damiani. - PADAS","og_description":"Atlete me qaf\u00eb l\u00ebkur\u00eb me detaje t\u00eb ve\u00e7anta , t\u00eb ngrohta dhe praktike p\u00ebr \u00e7do or\u00eb t\u00eb dit\u00ebs tuaj, t\u00eb kombinueshme dhe me stil trendi.","og_url":"https:\/\/padas.al\/english\/product\/kepuce-per-meshkuj-20\/","og_site_name":"PADAS","article_modified_time":"2026-01-27T12:21:09+00:00","og_image":[{"width":1135,"height":618,"url":"https:\/\/padas.al\/wp-content\/uploads\/2022\/04\/20220103164812_damiani_andrika_sneakers_mpotakia_anatomika_memory_foam_mayro_derma_leio.jpeg","type":"image\/jpeg"}],"twitter_card":"summary_large_image","twitter_misc":{"Estimated reading time":"1 minute"},"schema":{"@context":"https:\/\/schema.org","@graph":[{"@type":"Organization","@id":"https:\/\/padas.al\/#organization","name":"Padas.al","url":"https:\/\/padas.al\/","sameAs":[],"logo":{"@type":"ImageObject","@id":"https:\/\/padas.al\/#logo","inLanguage":"en-GB","url":"https:\/\/padas.al\/wp-content\/uploads\/2021\/12\/padas-logo-01.svg","contentUrl":"https:\/\/padas.al\/wp-content\/uploads\/2021\/12\/padas-logo-01.svg","width":196.4218,"height":195.7925,"caption":"Padas.al"},"image":{"@id":"https:\/\/padas.al\/#logo"}},{"@type":"WebSite","@id":"https:\/\/padas.al\/#website","url":"https:\/\/padas.al\/","name":"PADAS","description":"Shoe Shop","publisher":{"@id":"https:\/\/padas.al\/#organization"},"potentialAction":[{"@type":"SearchAction","target":{"@type":"EntryPoint","urlTemplate":"https:\/\/padas.al\/?s={search_term_string}"},"query-input":"required name=search_term_string"}],"inLanguage":"en-GB"},{"@type":"ImageObject","@id":"https:\/\/padas.al\/product\/kepuce-per-meshkuj-20\/#primaryimage","inLanguage":"en-GB","url":"https:\/\/padas.al\/wp-content\/uploads\/2022\/04\/20220103164812_damiani_andrika_sneakers_mpotakia_anatomika_memory_foam_mayro_derma_leio.jpeg","contentUrl":"https:\/\/padas.al\/wp-content\/uploads\/2022\/04\/20220103164812_damiani_andrika_sneakers_mpotakia_anatomika_memory_foam_mayro_derma_leio.jpeg","width":1135,"height":618},{"@type":"WebPage","@id":"https:\/\/padas.al\/product\/kepuce-per-meshkuj-20\/#webpage","url":"https:\/\/padas.al\/product\/kepuce-per-meshkuj-20\/","name":"Atlete me qaf\u00eb p\u00ebr meshkuj Damiani. - PADAS","isPartOf":{"@id":"https:\/\/padas.al\/#website"},"primaryImageOfPage":{"@id":"https:\/\/padas.al\/product\/kepuce-per-meshkuj-20\/#primaryimage"},"datePublished":"2022-04-08T19:59:26+00:00","dateModified":"2026-01-27T12:21:09+00:00","description":"Atlete me qaf\u00eb l\u00ebkur\u00eb me detaje t\u00eb ve\u00e7anta , t\u00eb ngrohta dhe praktike p\u00ebr \u00e7do or\u00eb t\u00eb dit\u00ebs tuaj, t\u00eb kombinueshme dhe me stil trendi.","breadcrumb":{"@id":"https:\/\/padas.al\/product\/kepuce-per-meshkuj-20\/#breadcrumb"},"inLanguage":"en-GB","potentialAction":[{"@type":"ReadAction","target":["https:\/\/padas.al\/product\/kepuce-per-meshkuj-20\/"]}]},{"@type":"BreadcrumbList","@id":"https:\/\/padas.al\/product\/kepuce-per-meshkuj-20\/#breadcrumb","itemListElement":[{"@type":"ListItem","position":1,"name":"Home","item":"https:\/\/padas.al\/"},{"@type":"ListItem","position":2,"name":"Shop","item":"https:\/\/padas.al\/shop\/"},{"@type":"ListItem","position":3,"name":"Atlete me qaf\u00eb p\u00ebr meshkuj Damiani."}]}]}},"_links":{"self":[{"href":"https:\/\/padas.al\/english\/wp-json\/wp\/v2\/product\/6354"}],"collection":[{"href":"https:\/\/padas.al\/english\/wp-json\/wp\/v2\/product"}],"about":[{"href":"https:\/\/padas.al\/english\/wp-json\/wp\/v2\/types\/product"}],"replies":[{"embeddable":true,"href":"https:\/\/padas.al\/english\/wp-json\/wp\/v2\/comments?post=6354"}],"wp:featuredmedia":[{"embeddable":true,"href":"https:\/\/padas.al\/english\/wp-json\/wp\/v2\/media\/6358"}],"wp:attachment":[{"href":"https:\/\/padas.al\/english\/wp-json\/wp\/v2\/media?parent=6354"}],"wp:term":[{"taxonomy":"product_cat","embeddable":true,"href":"https:\/\/padas.al\/english\/wp-json\/wp\/v2\/product_cat?post=6354"},{"taxonomy":"product_tag","embeddable":true,"href":"https:\/\/padas.al\/english\/wp-json\/wp\/v2\/product_tag?post=6354"}],"curies":[{"name":"wp","href":"https:\/\/api.w.org\/{rel}","templated":true}]}}