{"id":6364,"date":"2022-04-08T20:05:24","date_gmt":"2022-04-08T20:05:24","guid":{"rendered":"https:\/\/padas.al\/?post_type=product&#038;p=6364"},"modified":"2025-12-04T12:58:34","modified_gmt":"2025-12-04T12:58:34","slug":"kepuce-per-meshkuj-21","status":"publish","type":"product","link":"https:\/\/padas.al\/english\/product\/kepuce-per-meshkuj-21\/","title":{"rendered":"K\u00ebpuc\u00eb serioze me tog\u00ebz p\u00ebr meshkuj Damiani."},"content":{"rendered":"<p>K\u00ebpuc\u00ebt jan\u00eb t\u00eb punuara nga l\u00ebkura natyrale n\u00eb ngjyr\u00ebn e zez\u00eb dhe kafe p\u00ebrkat\u00ebsisht , kan\u00eb detaje punimi n\u00eb pjes\u00ebn e p\u00ebrparme t\u00eb tyre, si dhe nj\u00eb tog\u00ebz metalike q\u00eb mb\u00ebrthehen ,e cila \u00ebsht\u00eb n\u00eb ngjyr\u00ebn silver n\u00eb t\u00eb zez\u00eb. Sholla e tyre \u00ebsht\u00eb rezistente dhe e leht\u00eb.<\/p>","protected":false},"excerpt":{"rendered":"<p>K\u00ebpuc\u00eb t\u00eb firm\u00ebs Damiani jan\u00eb n\u00eb stilin e &#8220;monk strap&#8221;, kan\u00eb sholl\u00eb t\u00eb leht\u00eb dhe tog\u00ebza e tyre mund t\u00eb lirohet apo t\u00eb shtr\u00ebngohet sipas d\u00ebshir\u00ebs. Anash tog\u00ebza ka dhe llastik e cila jep mund\u00ebsi dhe t\u00eb hiqen dhe vishen k\u00ebpuc\u00ebt pa e hapur tog\u00ebz\u00ebn.<\/p>","protected":false},"featured_media":6366,"comment_status":"open","ping_status":"closed","template":"","meta":[],"product_cat":[228,231,188,189,191,194,197,274],"product_tag":[],"yoast_head":"<!-- This site is optimized with the Yoast SEO plugin v18.3 - https:\/\/yoast.com\/wordpress\/plugins\/seo\/ -->\n<title>K\u00ebpuc\u00eb serioze me tog\u00ebz p\u00ebr meshkuj Damiani. - PADAS<\/title>\n<meta name=\"description\" content=\"K\u00ebpuc\u00eb serioze n\u00eb stil modern p\u00ebr eventet tuaja apo p\u00ebr veshje formale n\u00eb pun\u00ebn tuaj. Kan\u00eb detaje dhe jan\u00eb tep\u00ebr elegante.\" \/>\n<meta name=\"robots\" content=\"index, follow, max-snippet:-1, max-image-preview:large, max-video-preview:-1\" \/>\n<link rel=\"canonical\" href=\"https:\/\/padas.al\/english\/product\/kepuce-per-meshkuj-21\/\" \/>\n<meta property=\"og:locale\" content=\"en_GB\" \/>\n<meta property=\"og:type\" content=\"article\" \/>\n<meta property=\"og:title\" content=\"K\u00ebpuc\u00eb serioze me tog\u00ebz p\u00ebr meshkuj Damiani. - PADAS\" \/>\n<meta property=\"og:description\" content=\"K\u00ebpuc\u00eb serioze n\u00eb stil modern p\u00ebr eventet tuaja apo p\u00ebr veshje formale n\u00eb pun\u00ebn tuaj. Kan\u00eb detaje dhe jan\u00eb tep\u00ebr elegante.\" \/>\n<meta property=\"og:url\" content=\"https:\/\/padas.al\/english\/product\/kepuce-per-meshkuj-21\/\" \/>\n<meta property=\"og:site_name\" content=\"PADAS\" \/>\n<meta property=\"article:modified_time\" content=\"2025-12-04T12:58:34+00:00\" \/>\n<meta property=\"og:image\" content=\"https:\/\/padas.al\/wp-content\/uploads\/2022\/04\/20200326105226_8d69819d.jpeg\" \/>\n\t<meta property=\"og:image:width\" content=\"965\" \/>\n\t<meta property=\"og:image:height\" content=\"591\" \/>\n\t<meta property=\"og:image:type\" content=\"image\/jpeg\" \/>\n<meta name=\"twitter:card\" content=\"summary_large_image\" \/>\n<meta name=\"twitter:label1\" content=\"Estimated reading time\" \/>\n\t<meta name=\"twitter:data1\" content=\"1 minute\" \/>\n<script type=\"application\/ld+json\" class=\"yoast-schema-graph\">{\"@context\":\"https:\/\/schema.org\",\"@graph\":[{\"@type\":\"Organization\",\"@id\":\"https:\/\/padas.al\/#organization\",\"name\":\"Padas.al\",\"url\":\"https:\/\/padas.al\/\",\"sameAs\":[],\"logo\":{\"@type\":\"ImageObject\",\"@id\":\"https:\/\/padas.al\/#logo\",\"inLanguage\":\"en-GB\",\"url\":\"https:\/\/padas.al\/wp-content\/uploads\/2021\/12\/padas-logo-01.svg\",\"contentUrl\":\"https:\/\/padas.al\/wp-content\/uploads\/2021\/12\/padas-logo-01.svg\",\"width\":196.4218,\"height\":195.7925,\"caption\":\"Padas.al\"},\"image\":{\"@id\":\"https:\/\/padas.al\/#logo\"}},{\"@type\":\"WebSite\",\"@id\":\"https:\/\/padas.al\/#website\",\"url\":\"https:\/\/padas.al\/\",\"name\":\"PADAS\",\"description\":\"Shoe Shop\",\"publisher\":{\"@id\":\"https:\/\/padas.al\/#organization\"},\"potentialAction\":[{\"@type\":\"SearchAction\",\"target\":{\"@type\":\"EntryPoint\",\"urlTemplate\":\"https:\/\/padas.al\/?s={search_term_string}\"},\"query-input\":\"required name=search_term_string\"}],\"inLanguage\":\"en-GB\"},{\"@type\":\"ImageObject\",\"@id\":\"https:\/\/padas.al\/product\/kepuce-per-meshkuj-21\/#primaryimage\",\"inLanguage\":\"en-GB\",\"url\":\"https:\/\/padas.al\/wp-content\/uploads\/2022\/04\/20200326105226_8d69819d.jpeg\",\"contentUrl\":\"https:\/\/padas.al\/wp-content\/uploads\/2022\/04\/20200326105226_8d69819d.jpeg\",\"width\":965,\"height\":591},{\"@type\":\"WebPage\",\"@id\":\"https:\/\/padas.al\/product\/kepuce-per-meshkuj-21\/#webpage\",\"url\":\"https:\/\/padas.al\/product\/kepuce-per-meshkuj-21\/\",\"name\":\"K\u00ebpuc\u00eb serioze me tog\u00ebz p\u00ebr meshkuj Damiani. - PADAS\",\"isPartOf\":{\"@id\":\"https:\/\/padas.al\/#website\"},\"primaryImageOfPage\":{\"@id\":\"https:\/\/padas.al\/product\/kepuce-per-meshkuj-21\/#primaryimage\"},\"datePublished\":\"2022-04-08T20:05:24+00:00\",\"dateModified\":\"2025-12-04T12:58:34+00:00\",\"description\":\"K\u00ebpuc\u00eb serioze n\u00eb stil modern p\u00ebr eventet tuaja apo p\u00ebr veshje formale n\u00eb pun\u00ebn tuaj. Kan\u00eb detaje dhe jan\u00eb tep\u00ebr elegante.\",\"breadcrumb\":{\"@id\":\"https:\/\/padas.al\/product\/kepuce-per-meshkuj-21\/#breadcrumb\"},\"inLanguage\":\"en-GB\",\"potentialAction\":[{\"@type\":\"ReadAction\",\"target\":[\"https:\/\/padas.al\/product\/kepuce-per-meshkuj-21\/\"]}]},{\"@type\":\"BreadcrumbList\",\"@id\":\"https:\/\/padas.al\/product\/kepuce-per-meshkuj-21\/#breadcrumb\",\"itemListElement\":[{\"@type\":\"ListItem\",\"position\":1,\"name\":\"Home\",\"item\":\"https:\/\/padas.al\/\"},{\"@type\":\"ListItem\",\"position\":2,\"name\":\"Shop\",\"item\":\"https:\/\/padas.al\/shop\/\"},{\"@type\":\"ListItem\",\"position\":3,\"name\":\"K\u00ebpuc\u00eb serioze me tog\u00ebz p\u00ebr meshkuj Damiani.\"}]}]}<\/script>\n<!-- \/ Yoast SEO plugin. -->","yoast_head_json":{"title":"K\u00ebpuc\u00eb serioze me tog\u00ebz p\u00ebr meshkuj Damiani. - PADAS","description":"K\u00ebpuc\u00eb serioze n\u00eb stil modern p\u00ebr eventet tuaja apo p\u00ebr veshje formale n\u00eb pun\u00ebn tuaj. Kan\u00eb detaje dhe jan\u00eb tep\u00ebr elegante.","robots":{"index":"index","follow":"follow","max-snippet":"max-snippet:-1","max-image-preview":"max-image-preview:large","max-video-preview":"max-video-preview:-1"},"canonical":"https:\/\/padas.al\/english\/product\/kepuce-per-meshkuj-21\/","og_locale":"en_GB","og_type":"article","og_title":"K\u00ebpuc\u00eb serioze me tog\u00ebz p\u00ebr meshkuj Damiani. - PADAS","og_description":"K\u00ebpuc\u00eb serioze n\u00eb stil modern p\u00ebr eventet tuaja apo p\u00ebr veshje formale n\u00eb pun\u00ebn tuaj. Kan\u00eb detaje dhe jan\u00eb tep\u00ebr elegante.","og_url":"https:\/\/padas.al\/english\/product\/kepuce-per-meshkuj-21\/","og_site_name":"PADAS","article_modified_time":"2025-12-04T12:58:34+00:00","og_image":[{"width":965,"height":591,"url":"https:\/\/padas.al\/wp-content\/uploads\/2022\/04\/20200326105226_8d69819d.jpeg","type":"image\/jpeg"}],"twitter_card":"summary_large_image","twitter_misc":{"Estimated reading time":"1 minute"},"schema":{"@context":"https:\/\/schema.org","@graph":[{"@type":"Organization","@id":"https:\/\/padas.al\/#organization","name":"Padas.al","url":"https:\/\/padas.al\/","sameAs":[],"logo":{"@type":"ImageObject","@id":"https:\/\/padas.al\/#logo","inLanguage":"en-GB","url":"https:\/\/padas.al\/wp-content\/uploads\/2021\/12\/padas-logo-01.svg","contentUrl":"https:\/\/padas.al\/wp-content\/uploads\/2021\/12\/padas-logo-01.svg","width":196.4218,"height":195.7925,"caption":"Padas.al"},"image":{"@id":"https:\/\/padas.al\/#logo"}},{"@type":"WebSite","@id":"https:\/\/padas.al\/#website","url":"https:\/\/padas.al\/","name":"PADAS","description":"Shoe Shop","publisher":{"@id":"https:\/\/padas.al\/#organization"},"potentialAction":[{"@type":"SearchAction","target":{"@type":"EntryPoint","urlTemplate":"https:\/\/padas.al\/?s={search_term_string}"},"query-input":"required name=search_term_string"}],"inLanguage":"en-GB"},{"@type":"ImageObject","@id":"https:\/\/padas.al\/product\/kepuce-per-meshkuj-21\/#primaryimage","inLanguage":"en-GB","url":"https:\/\/padas.al\/wp-content\/uploads\/2022\/04\/20200326105226_8d69819d.jpeg","contentUrl":"https:\/\/padas.al\/wp-content\/uploads\/2022\/04\/20200326105226_8d69819d.jpeg","width":965,"height":591},{"@type":"WebPage","@id":"https:\/\/padas.al\/product\/kepuce-per-meshkuj-21\/#webpage","url":"https:\/\/padas.al\/product\/kepuce-per-meshkuj-21\/","name":"K\u00ebpuc\u00eb serioze me tog\u00ebz p\u00ebr meshkuj Damiani. - PADAS","isPartOf":{"@id":"https:\/\/padas.al\/#website"},"primaryImageOfPage":{"@id":"https:\/\/padas.al\/product\/kepuce-per-meshkuj-21\/#primaryimage"},"datePublished":"2022-04-08T20:05:24+00:00","dateModified":"2025-12-04T12:58:34+00:00","description":"K\u00ebpuc\u00eb serioze n\u00eb stil modern p\u00ebr eventet tuaja apo p\u00ebr veshje formale n\u00eb pun\u00ebn tuaj. Kan\u00eb detaje dhe jan\u00eb tep\u00ebr elegante.","breadcrumb":{"@id":"https:\/\/padas.al\/product\/kepuce-per-meshkuj-21\/#breadcrumb"},"inLanguage":"en-GB","potentialAction":[{"@type":"ReadAction","target":["https:\/\/padas.al\/product\/kepuce-per-meshkuj-21\/"]}]},{"@type":"BreadcrumbList","@id":"https:\/\/padas.al\/product\/kepuce-per-meshkuj-21\/#breadcrumb","itemListElement":[{"@type":"ListItem","position":1,"name":"Home","item":"https:\/\/padas.al\/"},{"@type":"ListItem","position":2,"name":"Shop","item":"https:\/\/padas.al\/shop\/"},{"@type":"ListItem","position":3,"name":"K\u00ebpuc\u00eb serioze me tog\u00ebz p\u00ebr meshkuj Damiani."}]}]}},"_links":{"self":[{"href":"https:\/\/padas.al\/english\/wp-json\/wp\/v2\/product\/6364"}],"collection":[{"href":"https:\/\/padas.al\/english\/wp-json\/wp\/v2\/product"}],"about":[{"href":"https:\/\/padas.al\/english\/wp-json\/wp\/v2\/types\/product"}],"replies":[{"embeddable":true,"href":"https:\/\/padas.al\/english\/wp-json\/wp\/v2\/comments?post=6364"}],"wp:featuredmedia":[{"embeddable":true,"href":"https:\/\/padas.al\/english\/wp-json\/wp\/v2\/media\/6366"}],"wp:attachment":[{"href":"https:\/\/padas.al\/english\/wp-json\/wp\/v2\/media?parent=6364"}],"wp:term":[{"taxonomy":"product_cat","embeddable":true,"href":"https:\/\/padas.al\/english\/wp-json\/wp\/v2\/product_cat?post=6364"},{"taxonomy":"product_tag","embeddable":true,"href":"https:\/\/padas.al\/english\/wp-json\/wp\/v2\/product_tag?post=6364"}],"curies":[{"name":"wp","href":"https:\/\/api.w.org\/{rel}","templated":true}]}}