{"id":6424,"date":"2022-04-10T07:39:54","date_gmt":"2022-04-10T07:39:54","guid":{"rendered":"https:\/\/padas.al\/?post_type=product&#038;p=6424"},"modified":"2025-12-04T12:56:41","modified_gmt":"2025-12-04T12:56:41","slug":"kepuce-per-meshkuj-23","status":"publish","type":"product","link":"https:\/\/padas.al\/english\/product\/kepuce-per-meshkuj-23\/","title":{"rendered":"K\u00ebpuc\u00eb p\u00ebr meshkuj serioze me punim unik n\u00eb l\u00ebkur\u00eb, Damiani."},"content":{"rendered":"<p>K\u00ebpuc\u00eb t\u00eb punuara nga l\u00ebkura natyrale n\u00eb ngjyr\u00ebn kafe e cila ka punim si luspa kjo \u00ebsht\u00eb dhe detaji q\u00eb i b\u00ebn ato unike. Kan\u00eb sholl\u00eb t\u00eb leht\u00eb , t\u00eb holl\u00eb dhe n\u00eb pjes\u00ebn e gisht\u00ebrinj\u00ebve jan\u00eb me gom\u00eb p\u00ebr akoma m\u00eb shum\u00eb komoditet.<\/p>","protected":false},"excerpt":{"rendered":"<p>K\u00ebpuc\u00eb t\u00eb firm\u00ebs Damiani vijn\u00eb n\u00eb stilin &#8220;Derby&#8221; dhe jan\u00eb t\u00eb p\u00ebrshtatshme p\u00ebr evente si dhe p\u00ebr t\u00eb gjith\u00eb ju q\u00eb kodi i veshjes suaj t\u00eb pun\u00ebs \u00ebsht\u00eb formale. K\u00ebpuc\u00ebt jan\u00eb t\u00eb lehta dhe fal\u00eb lidh\u00ebseve ato puthiten mir\u00eb pas k\u00ebmb\u00ebs.<\/p>","protected":false},"featured_media":6425,"comment_status":"open","ping_status":"closed","template":"","meta":[],"product_cat":[228,231,188,189,191,194,274],"product_tag":[],"yoast_head":"<!-- This site is optimized with the Yoast SEO plugin v18.3 - https:\/\/yoast.com\/wordpress\/plugins\/seo\/ -->\n<title>K\u00ebpuc\u00eb p\u00ebr meshkuj serioze me punim unik n\u00eb l\u00ebkur\u00eb, Damiani. - PADAS<\/title>\n<meta name=\"description\" content=\"K\u00ebpuc\u00eb l\u00ebkur\u00eb serioze me lidh\u00ebse ideale p\u00ebr evente si dhe p\u00ebr veshje formale.\" \/>\n<meta name=\"robots\" content=\"index, follow, max-snippet:-1, max-image-preview:large, max-video-preview:-1\" \/>\n<link rel=\"canonical\" href=\"https:\/\/padas.al\/english\/product\/kepuce-per-meshkuj-23\/\" \/>\n<meta property=\"og:locale\" content=\"en_GB\" \/>\n<meta property=\"og:type\" content=\"article\" \/>\n<meta property=\"og:title\" content=\"K\u00ebpuc\u00eb p\u00ebr meshkuj serioze me punim unik n\u00eb l\u00ebkur\u00eb, Damiani. - PADAS\" \/>\n<meta property=\"og:description\" content=\"K\u00ebpuc\u00eb l\u00ebkur\u00eb serioze me lidh\u00ebse ideale p\u00ebr evente si dhe p\u00ebr veshje formale.\" \/>\n<meta property=\"og:url\" content=\"https:\/\/padas.al\/english\/product\/kepuce-per-meshkuj-23\/\" \/>\n<meta property=\"og:site_name\" content=\"PADAS\" \/>\n<meta property=\"article:modified_time\" content=\"2025-12-04T12:56:41+00:00\" \/>\n<meta property=\"og:image\" content=\"https:\/\/padas.al\/wp-content\/uploads\/2022\/04\/20200304132653_f4f73402.jpeg\" \/>\n\t<meta property=\"og:image:width\" content=\"1383\" \/>\n\t<meta property=\"og:image:height\" content=\"739\" \/>\n\t<meta property=\"og:image:type\" content=\"image\/jpeg\" \/>\n<meta name=\"twitter:card\" content=\"summary_large_image\" \/>\n<meta name=\"twitter:label1\" content=\"Estimated reading time\" \/>\n\t<meta name=\"twitter:data1\" content=\"1 minute\" \/>\n<script type=\"application\/ld+json\" class=\"yoast-schema-graph\">{\"@context\":\"https:\/\/schema.org\",\"@graph\":[{\"@type\":\"Organization\",\"@id\":\"https:\/\/padas.al\/#organization\",\"name\":\"Padas.al\",\"url\":\"https:\/\/padas.al\/\",\"sameAs\":[],\"logo\":{\"@type\":\"ImageObject\",\"@id\":\"https:\/\/padas.al\/#logo\",\"inLanguage\":\"en-GB\",\"url\":\"https:\/\/padas.al\/wp-content\/uploads\/2021\/12\/padas-logo-01.svg\",\"contentUrl\":\"https:\/\/padas.al\/wp-content\/uploads\/2021\/12\/padas-logo-01.svg\",\"width\":196.4218,\"height\":195.7925,\"caption\":\"Padas.al\"},\"image\":{\"@id\":\"https:\/\/padas.al\/#logo\"}},{\"@type\":\"WebSite\",\"@id\":\"https:\/\/padas.al\/#website\",\"url\":\"https:\/\/padas.al\/\",\"name\":\"PADAS\",\"description\":\"Shoe Shop\",\"publisher\":{\"@id\":\"https:\/\/padas.al\/#organization\"},\"potentialAction\":[{\"@type\":\"SearchAction\",\"target\":{\"@type\":\"EntryPoint\",\"urlTemplate\":\"https:\/\/padas.al\/?s={search_term_string}\"},\"query-input\":\"required name=search_term_string\"}],\"inLanguage\":\"en-GB\"},{\"@type\":\"ImageObject\",\"@id\":\"https:\/\/padas.al\/product\/kepuce-per-meshkuj-23\/#primaryimage\",\"inLanguage\":\"en-GB\",\"url\":\"https:\/\/padas.al\/wp-content\/uploads\/2022\/04\/20200304132653_f4f73402.jpeg\",\"contentUrl\":\"https:\/\/padas.al\/wp-content\/uploads\/2022\/04\/20200304132653_f4f73402.jpeg\",\"width\":1383,\"height\":739},{\"@type\":\"WebPage\",\"@id\":\"https:\/\/padas.al\/product\/kepuce-per-meshkuj-23\/#webpage\",\"url\":\"https:\/\/padas.al\/product\/kepuce-per-meshkuj-23\/\",\"name\":\"K\u00ebpuc\u00eb p\u00ebr meshkuj serioze me punim unik n\u00eb l\u00ebkur\u00eb, Damiani. - PADAS\",\"isPartOf\":{\"@id\":\"https:\/\/padas.al\/#website\"},\"primaryImageOfPage\":{\"@id\":\"https:\/\/padas.al\/product\/kepuce-per-meshkuj-23\/#primaryimage\"},\"datePublished\":\"2022-04-10T07:39:54+00:00\",\"dateModified\":\"2025-12-04T12:56:41+00:00\",\"description\":\"K\u00ebpuc\u00eb l\u00ebkur\u00eb serioze me lidh\u00ebse ideale p\u00ebr evente si dhe p\u00ebr veshje formale.\",\"breadcrumb\":{\"@id\":\"https:\/\/padas.al\/product\/kepuce-per-meshkuj-23\/#breadcrumb\"},\"inLanguage\":\"en-GB\",\"potentialAction\":[{\"@type\":\"ReadAction\",\"target\":[\"https:\/\/padas.al\/product\/kepuce-per-meshkuj-23\/\"]}]},{\"@type\":\"BreadcrumbList\",\"@id\":\"https:\/\/padas.al\/product\/kepuce-per-meshkuj-23\/#breadcrumb\",\"itemListElement\":[{\"@type\":\"ListItem\",\"position\":1,\"name\":\"Home\",\"item\":\"https:\/\/padas.al\/\"},{\"@type\":\"ListItem\",\"position\":2,\"name\":\"Shop\",\"item\":\"https:\/\/padas.al\/shop\/\"},{\"@type\":\"ListItem\",\"position\":3,\"name\":\"K\u00ebpuc\u00eb p\u00ebr meshkuj serioze me punim unik n\u00eb l\u00ebkur\u00eb, Damiani.\"}]}]}<\/script>\n<!-- \/ Yoast SEO plugin. -->","yoast_head_json":{"title":"K\u00ebpuc\u00eb p\u00ebr meshkuj serioze me punim unik n\u00eb l\u00ebkur\u00eb, Damiani. - PADAS","description":"K\u00ebpuc\u00eb l\u00ebkur\u00eb serioze me lidh\u00ebse ideale p\u00ebr evente si dhe p\u00ebr veshje formale.","robots":{"index":"index","follow":"follow","max-snippet":"max-snippet:-1","max-image-preview":"max-image-preview:large","max-video-preview":"max-video-preview:-1"},"canonical":"https:\/\/padas.al\/english\/product\/kepuce-per-meshkuj-23\/","og_locale":"en_GB","og_type":"article","og_title":"K\u00ebpuc\u00eb p\u00ebr meshkuj serioze me punim unik n\u00eb l\u00ebkur\u00eb, Damiani. - PADAS","og_description":"K\u00ebpuc\u00eb l\u00ebkur\u00eb serioze me lidh\u00ebse ideale p\u00ebr evente si dhe p\u00ebr veshje formale.","og_url":"https:\/\/padas.al\/english\/product\/kepuce-per-meshkuj-23\/","og_site_name":"PADAS","article_modified_time":"2025-12-04T12:56:41+00:00","og_image":[{"width":1383,"height":739,"url":"https:\/\/padas.al\/wp-content\/uploads\/2022\/04\/20200304132653_f4f73402.jpeg","type":"image\/jpeg"}],"twitter_card":"summary_large_image","twitter_misc":{"Estimated reading time":"1 minute"},"schema":{"@context":"https:\/\/schema.org","@graph":[{"@type":"Organization","@id":"https:\/\/padas.al\/#organization","name":"Padas.al","url":"https:\/\/padas.al\/","sameAs":[],"logo":{"@type":"ImageObject","@id":"https:\/\/padas.al\/#logo","inLanguage":"en-GB","url":"https:\/\/padas.al\/wp-content\/uploads\/2021\/12\/padas-logo-01.svg","contentUrl":"https:\/\/padas.al\/wp-content\/uploads\/2021\/12\/padas-logo-01.svg","width":196.4218,"height":195.7925,"caption":"Padas.al"},"image":{"@id":"https:\/\/padas.al\/#logo"}},{"@type":"WebSite","@id":"https:\/\/padas.al\/#website","url":"https:\/\/padas.al\/","name":"PADAS","description":"Shoe Shop","publisher":{"@id":"https:\/\/padas.al\/#organization"},"potentialAction":[{"@type":"SearchAction","target":{"@type":"EntryPoint","urlTemplate":"https:\/\/padas.al\/?s={search_term_string}"},"query-input":"required name=search_term_string"}],"inLanguage":"en-GB"},{"@type":"ImageObject","@id":"https:\/\/padas.al\/product\/kepuce-per-meshkuj-23\/#primaryimage","inLanguage":"en-GB","url":"https:\/\/padas.al\/wp-content\/uploads\/2022\/04\/20200304132653_f4f73402.jpeg","contentUrl":"https:\/\/padas.al\/wp-content\/uploads\/2022\/04\/20200304132653_f4f73402.jpeg","width":1383,"height":739},{"@type":"WebPage","@id":"https:\/\/padas.al\/product\/kepuce-per-meshkuj-23\/#webpage","url":"https:\/\/padas.al\/product\/kepuce-per-meshkuj-23\/","name":"K\u00ebpuc\u00eb p\u00ebr meshkuj serioze me punim unik n\u00eb l\u00ebkur\u00eb, Damiani. - PADAS","isPartOf":{"@id":"https:\/\/padas.al\/#website"},"primaryImageOfPage":{"@id":"https:\/\/padas.al\/product\/kepuce-per-meshkuj-23\/#primaryimage"},"datePublished":"2022-04-10T07:39:54+00:00","dateModified":"2025-12-04T12:56:41+00:00","description":"K\u00ebpuc\u00eb l\u00ebkur\u00eb serioze me lidh\u00ebse ideale p\u00ebr evente si dhe p\u00ebr veshje formale.","breadcrumb":{"@id":"https:\/\/padas.al\/product\/kepuce-per-meshkuj-23\/#breadcrumb"},"inLanguage":"en-GB","potentialAction":[{"@type":"ReadAction","target":["https:\/\/padas.al\/product\/kepuce-per-meshkuj-23\/"]}]},{"@type":"BreadcrumbList","@id":"https:\/\/padas.al\/product\/kepuce-per-meshkuj-23\/#breadcrumb","itemListElement":[{"@type":"ListItem","position":1,"name":"Home","item":"https:\/\/padas.al\/"},{"@type":"ListItem","position":2,"name":"Shop","item":"https:\/\/padas.al\/shop\/"},{"@type":"ListItem","position":3,"name":"K\u00ebpuc\u00eb p\u00ebr meshkuj serioze me punim unik n\u00eb l\u00ebkur\u00eb, Damiani."}]}]}},"_links":{"self":[{"href":"https:\/\/padas.al\/english\/wp-json\/wp\/v2\/product\/6424"}],"collection":[{"href":"https:\/\/padas.al\/english\/wp-json\/wp\/v2\/product"}],"about":[{"href":"https:\/\/padas.al\/english\/wp-json\/wp\/v2\/types\/product"}],"replies":[{"embeddable":true,"href":"https:\/\/padas.al\/english\/wp-json\/wp\/v2\/comments?post=6424"}],"wp:featuredmedia":[{"embeddable":true,"href":"https:\/\/padas.al\/english\/wp-json\/wp\/v2\/media\/6425"}],"wp:attachment":[{"href":"https:\/\/padas.al\/english\/wp-json\/wp\/v2\/media?parent=6424"}],"wp:term":[{"taxonomy":"product_cat","embeddable":true,"href":"https:\/\/padas.al\/english\/wp-json\/wp\/v2\/product_cat?post=6424"},{"taxonomy":"product_tag","embeddable":true,"href":"https:\/\/padas.al\/english\/wp-json\/wp\/v2\/product_tag?post=6424"}],"curies":[{"name":"wp","href":"https:\/\/api.w.org\/{rel}","templated":true}]}}