{"id":6428,"date":"2022-04-10T07:43:50","date_gmt":"2022-04-10T07:43:50","guid":{"rendered":"https:\/\/padas.al\/?post_type=product&#038;p=6428"},"modified":"2025-12-04T12:55:07","modified_gmt":"2025-12-04T12:55:07","slug":"kepuce-per-meshkuj-24","status":"publish","type":"product","link":"https:\/\/padas.al\/english\/product\/kepuce-per-meshkuj-24\/","title":{"rendered":"K\u00ebpuc\u00eb kafe serioze p\u00ebr meshkuj Damiani."},"content":{"rendered":"<p>K\u00ebpuc\u00ebt jan\u00eb t\u00eb punuara nga l\u00ebkura natyrale n\u00eb ngjyr\u00ebn kafe. Jan\u00eb me sholl\u00eb t\u00eb holl\u00eb e t\u00eb leht\u00eb n\u00eb pjes\u00ebn e poshtme te gisht\u00ebrinjt\u00eb sholla \u00ebsht\u00eb gom\u00eb e but\u00eb e cila \u00ebsht\u00eb e p\u00ebrkulshme. K\u00ebpuc\u00ebt kan\u00eb lidh\u00ebse t\u00eb cilat b\u00ebjn\u00eb m\u00eb t\u00eb leht\u00eb veshjen dhe heqjen e tyre.<\/p>","protected":false},"excerpt":{"rendered":"<p style=\"text-align: left\">K\u00ebpuc\u00ebt e firm\u00ebs Damiani jan\u00eb l\u00ebkur\u00eb e but\u00eb, kjo i b\u00ebn ato q\u00eb t\u00eb p\u00ebrshtaten akoma m\u00eb mir\u00eb n\u00eb k\u00ebmb\u00ebt tuaja.\u00a0 Jan\u00eb t\u00eb lehta dhe ngjyra e tyre \u00ebsht\u00eb nj\u00eb tonalitet i kafes q\u00eb \u00ebsht\u00eb unike.<\/p>","protected":false},"featured_media":6431,"comment_status":"open","ping_status":"closed","template":"","meta":[],"product_cat":[228,231,188,189,191,194,274],"product_tag":[],"yoast_head":"<!-- This site is optimized with the Yoast SEO plugin v18.3 - https:\/\/yoast.com\/wordpress\/plugins\/seo\/ -->\n<title>K\u00ebpuc\u00eb kafe serioze p\u00ebr meshkuj Damiani. - PADAS<\/title>\n<meta name=\"description\" content=\"K\u00ebpuc\u00eb l\u00ebkure serioze me stil &quot;Derby&quot; t\u00eb lehta dhe ideale p\u00ebr eventet tuaja si dhe p\u00ebr pun\u00eb kur kodi i veshjes \u00ebsht\u00eb formal.\" \/>\n<meta name=\"robots\" content=\"index, follow, max-snippet:-1, max-image-preview:large, max-video-preview:-1\" \/>\n<link rel=\"canonical\" href=\"https:\/\/padas.al\/english\/product\/kepuce-per-meshkuj-24\/\" \/>\n<meta property=\"og:locale\" content=\"en_GB\" \/>\n<meta property=\"og:type\" content=\"article\" \/>\n<meta property=\"og:title\" content=\"K\u00ebpuc\u00eb kafe serioze p\u00ebr meshkuj Damiani. - PADAS\" \/>\n<meta property=\"og:description\" content=\"K\u00ebpuc\u00eb l\u00ebkure serioze me stil &quot;Derby&quot; t\u00eb lehta dhe ideale p\u00ebr eventet tuaja si dhe p\u00ebr pun\u00eb kur kodi i veshjes \u00ebsht\u00eb formal.\" \/>\n<meta property=\"og:url\" content=\"https:\/\/padas.al\/english\/product\/kepuce-per-meshkuj-24\/\" \/>\n<meta property=\"og:site_name\" content=\"PADAS\" \/>\n<meta property=\"article:modified_time\" content=\"2025-12-04T12:55:07+00:00\" \/>\n<meta property=\"og:image\" content=\"https:\/\/padas.al\/wp-content\/uploads\/2022\/04\/20210804095355_76b58ed7-e1649576552881.jpeg\" \/>\n\t<meta property=\"og:image:width\" content=\"1091\" \/>\n\t<meta property=\"og:image:height\" content=\"461\" \/>\n\t<meta property=\"og:image:type\" content=\"image\/jpeg\" \/>\n<meta name=\"twitter:card\" content=\"summary_large_image\" \/>\n<meta name=\"twitter:label1\" content=\"Estimated reading time\" \/>\n\t<meta name=\"twitter:data1\" content=\"1 minute\" \/>\n<script type=\"application\/ld+json\" class=\"yoast-schema-graph\">{\"@context\":\"https:\/\/schema.org\",\"@graph\":[{\"@type\":\"Organization\",\"@id\":\"https:\/\/padas.al\/#organization\",\"name\":\"Padas.al\",\"url\":\"https:\/\/padas.al\/\",\"sameAs\":[],\"logo\":{\"@type\":\"ImageObject\",\"@id\":\"https:\/\/padas.al\/#logo\",\"inLanguage\":\"en-GB\",\"url\":\"https:\/\/padas.al\/wp-content\/uploads\/2021\/12\/padas-logo-01.svg\",\"contentUrl\":\"https:\/\/padas.al\/wp-content\/uploads\/2021\/12\/padas-logo-01.svg\",\"width\":196.4218,\"height\":195.7925,\"caption\":\"Padas.al\"},\"image\":{\"@id\":\"https:\/\/padas.al\/#logo\"}},{\"@type\":\"WebSite\",\"@id\":\"https:\/\/padas.al\/#website\",\"url\":\"https:\/\/padas.al\/\",\"name\":\"PADAS\",\"description\":\"Shoe Shop\",\"publisher\":{\"@id\":\"https:\/\/padas.al\/#organization\"},\"potentialAction\":[{\"@type\":\"SearchAction\",\"target\":{\"@type\":\"EntryPoint\",\"urlTemplate\":\"https:\/\/padas.al\/?s={search_term_string}\"},\"query-input\":\"required name=search_term_string\"}],\"inLanguage\":\"en-GB\"},{\"@type\":\"ImageObject\",\"@id\":\"https:\/\/padas.al\/product\/kepuce-per-meshkuj-24\/#primaryimage\",\"inLanguage\":\"en-GB\",\"url\":\"https:\/\/padas.al\/wp-content\/uploads\/2022\/04\/20210804095355_76b58ed7-e1649576552881.jpeg\",\"contentUrl\":\"https:\/\/padas.al\/wp-content\/uploads\/2022\/04\/20210804095355_76b58ed7-e1649576552881.jpeg\",\"width\":1091,\"height\":461},{\"@type\":\"WebPage\",\"@id\":\"https:\/\/padas.al\/product\/kepuce-per-meshkuj-24\/#webpage\",\"url\":\"https:\/\/padas.al\/product\/kepuce-per-meshkuj-24\/\",\"name\":\"K\u00ebpuc\u00eb kafe serioze p\u00ebr meshkuj Damiani. - PADAS\",\"isPartOf\":{\"@id\":\"https:\/\/padas.al\/#website\"},\"primaryImageOfPage\":{\"@id\":\"https:\/\/padas.al\/product\/kepuce-per-meshkuj-24\/#primaryimage\"},\"datePublished\":\"2022-04-10T07:43:50+00:00\",\"dateModified\":\"2025-12-04T12:55:07+00:00\",\"description\":\"K\u00ebpuc\u00eb l\u00ebkure serioze me stil \\\"Derby\\\" t\u00eb lehta dhe ideale p\u00ebr eventet tuaja si dhe p\u00ebr pun\u00eb kur kodi i veshjes \u00ebsht\u00eb formal.\",\"breadcrumb\":{\"@id\":\"https:\/\/padas.al\/product\/kepuce-per-meshkuj-24\/#breadcrumb\"},\"inLanguage\":\"en-GB\",\"potentialAction\":[{\"@type\":\"ReadAction\",\"target\":[\"https:\/\/padas.al\/product\/kepuce-per-meshkuj-24\/\"]}]},{\"@type\":\"BreadcrumbList\",\"@id\":\"https:\/\/padas.al\/product\/kepuce-per-meshkuj-24\/#breadcrumb\",\"itemListElement\":[{\"@type\":\"ListItem\",\"position\":1,\"name\":\"Home\",\"item\":\"https:\/\/padas.al\/\"},{\"@type\":\"ListItem\",\"position\":2,\"name\":\"Shop\",\"item\":\"https:\/\/padas.al\/shop\/\"},{\"@type\":\"ListItem\",\"position\":3,\"name\":\"K\u00ebpuc\u00eb kafe serioze p\u00ebr meshkuj Damiani.\"}]}]}<\/script>\n<!-- \/ Yoast SEO plugin. -->","yoast_head_json":{"title":"K\u00ebpuc\u00eb kafe serioze p\u00ebr meshkuj Damiani. - PADAS","description":"K\u00ebpuc\u00eb l\u00ebkure serioze me stil \"Derby\" t\u00eb lehta dhe ideale p\u00ebr eventet tuaja si dhe p\u00ebr pun\u00eb kur kodi i veshjes \u00ebsht\u00eb formal.","robots":{"index":"index","follow":"follow","max-snippet":"max-snippet:-1","max-image-preview":"max-image-preview:large","max-video-preview":"max-video-preview:-1"},"canonical":"https:\/\/padas.al\/english\/product\/kepuce-per-meshkuj-24\/","og_locale":"en_GB","og_type":"article","og_title":"K\u00ebpuc\u00eb kafe serioze p\u00ebr meshkuj Damiani. - PADAS","og_description":"K\u00ebpuc\u00eb l\u00ebkure serioze me stil \"Derby\" t\u00eb lehta dhe ideale p\u00ebr eventet tuaja si dhe p\u00ebr pun\u00eb kur kodi i veshjes \u00ebsht\u00eb formal.","og_url":"https:\/\/padas.al\/english\/product\/kepuce-per-meshkuj-24\/","og_site_name":"PADAS","article_modified_time":"2025-12-04T12:55:07+00:00","og_image":[{"width":1091,"height":461,"url":"https:\/\/padas.al\/wp-content\/uploads\/2022\/04\/20210804095355_76b58ed7-e1649576552881.jpeg","type":"image\/jpeg"}],"twitter_card":"summary_large_image","twitter_misc":{"Estimated reading time":"1 minute"},"schema":{"@context":"https:\/\/schema.org","@graph":[{"@type":"Organization","@id":"https:\/\/padas.al\/#organization","name":"Padas.al","url":"https:\/\/padas.al\/","sameAs":[],"logo":{"@type":"ImageObject","@id":"https:\/\/padas.al\/#logo","inLanguage":"en-GB","url":"https:\/\/padas.al\/wp-content\/uploads\/2021\/12\/padas-logo-01.svg","contentUrl":"https:\/\/padas.al\/wp-content\/uploads\/2021\/12\/padas-logo-01.svg","width":196.4218,"height":195.7925,"caption":"Padas.al"},"image":{"@id":"https:\/\/padas.al\/#logo"}},{"@type":"WebSite","@id":"https:\/\/padas.al\/#website","url":"https:\/\/padas.al\/","name":"PADAS","description":"Shoe Shop","publisher":{"@id":"https:\/\/padas.al\/#organization"},"potentialAction":[{"@type":"SearchAction","target":{"@type":"EntryPoint","urlTemplate":"https:\/\/padas.al\/?s={search_term_string}"},"query-input":"required name=search_term_string"}],"inLanguage":"en-GB"},{"@type":"ImageObject","@id":"https:\/\/padas.al\/product\/kepuce-per-meshkuj-24\/#primaryimage","inLanguage":"en-GB","url":"https:\/\/padas.al\/wp-content\/uploads\/2022\/04\/20210804095355_76b58ed7-e1649576552881.jpeg","contentUrl":"https:\/\/padas.al\/wp-content\/uploads\/2022\/04\/20210804095355_76b58ed7-e1649576552881.jpeg","width":1091,"height":461},{"@type":"WebPage","@id":"https:\/\/padas.al\/product\/kepuce-per-meshkuj-24\/#webpage","url":"https:\/\/padas.al\/product\/kepuce-per-meshkuj-24\/","name":"K\u00ebpuc\u00eb kafe serioze p\u00ebr meshkuj Damiani. - PADAS","isPartOf":{"@id":"https:\/\/padas.al\/#website"},"primaryImageOfPage":{"@id":"https:\/\/padas.al\/product\/kepuce-per-meshkuj-24\/#primaryimage"},"datePublished":"2022-04-10T07:43:50+00:00","dateModified":"2025-12-04T12:55:07+00:00","description":"K\u00ebpuc\u00eb l\u00ebkure serioze me stil \"Derby\" t\u00eb lehta dhe ideale p\u00ebr eventet tuaja si dhe p\u00ebr pun\u00eb kur kodi i veshjes \u00ebsht\u00eb formal.","breadcrumb":{"@id":"https:\/\/padas.al\/product\/kepuce-per-meshkuj-24\/#breadcrumb"},"inLanguage":"en-GB","potentialAction":[{"@type":"ReadAction","target":["https:\/\/padas.al\/product\/kepuce-per-meshkuj-24\/"]}]},{"@type":"BreadcrumbList","@id":"https:\/\/padas.al\/product\/kepuce-per-meshkuj-24\/#breadcrumb","itemListElement":[{"@type":"ListItem","position":1,"name":"Home","item":"https:\/\/padas.al\/"},{"@type":"ListItem","position":2,"name":"Shop","item":"https:\/\/padas.al\/shop\/"},{"@type":"ListItem","position":3,"name":"K\u00ebpuc\u00eb kafe serioze p\u00ebr meshkuj Damiani."}]}]}},"_links":{"self":[{"href":"https:\/\/padas.al\/english\/wp-json\/wp\/v2\/product\/6428"}],"collection":[{"href":"https:\/\/padas.al\/english\/wp-json\/wp\/v2\/product"}],"about":[{"href":"https:\/\/padas.al\/english\/wp-json\/wp\/v2\/types\/product"}],"replies":[{"embeddable":true,"href":"https:\/\/padas.al\/english\/wp-json\/wp\/v2\/comments?post=6428"}],"wp:featuredmedia":[{"embeddable":true,"href":"https:\/\/padas.al\/english\/wp-json\/wp\/v2\/media\/6431"}],"wp:attachment":[{"href":"https:\/\/padas.al\/english\/wp-json\/wp\/v2\/media?parent=6428"}],"wp:term":[{"taxonomy":"product_cat","embeddable":true,"href":"https:\/\/padas.al\/english\/wp-json\/wp\/v2\/product_cat?post=6428"},{"taxonomy":"product_tag","embeddable":true,"href":"https:\/\/padas.al\/english\/wp-json\/wp\/v2\/product_tag?post=6428"}],"curies":[{"name":"wp","href":"https:\/\/api.w.org\/{rel}","templated":true}]}}