{"id":6449,"date":"2022-04-10T08:04:01","date_gmt":"2022-04-10T08:04:01","guid":{"rendered":"https:\/\/padas.al\/?post_type=product&#038;p=6449"},"modified":"2025-12-04T12:49:42","modified_gmt":"2025-12-04T12:49:42","slug":"kepuce-per-meshkuj-26","status":"publish","type":"product","link":"https:\/\/padas.al\/english\/product\/kepuce-per-meshkuj-26\/","title":{"rendered":"K\u00ebpuc\u00eb me qaf\u00eb me l\u00ebkur\u00eb n\u00eb punim unik p\u00ebr meshkuj, Damiani."},"content":{"rendered":"<p>K\u00ebpuc\u00ebt jan\u00eb t\u00eb punuara nga l\u00ebkura natyrale n\u00eb ngjyr\u00ebn e zez\u00eb e cila ka punim p\u00ebrgjat\u00eb gjith\u00eb sip\u00ebrfaqes s\u00eb saj. Goma e tyre \u00ebsht\u00eb e leht\u00eb rezistente dhe nuk rr\u00ebshkasin. Kan\u00eb lart\u00ebsi t\u00eb qaf\u00ebs deri te kavilja e k\u00ebmb\u00ebs, lidhen me lidh\u00ebsa p\u00ebr q\u00ebndrueshm\u00ebri m\u00eb t\u00eb madhe.<\/p>","protected":false},"excerpt":{"rendered":"<p>K\u00ebpuc\u00eb me qaf\u00eb t\u00eb firm\u00ebs Damiani me detaje t\u00eb l\u00ebkur\u00ebs n\u00eb t\u00eb gjith\u00eb sip\u00ebrfaqen. Jan\u00eb t\u00eb p\u00ebrshtatshme p\u00ebr dit\u00ebt e ftohta e me shi. T\u00eb kombinueshme e praktike me \u00e7do veshje.<\/p>","protected":false},"featured_media":6450,"comment_status":"open","ping_status":"closed","template":"","meta":[],"product_cat":[228,231,188,189,191,192,190,274],"product_tag":[],"yoast_head":"<!-- This site is optimized with the Yoast SEO plugin v18.3 - https:\/\/yoast.com\/wordpress\/plugins\/seo\/ -->\n<title>K\u00ebpuc\u00eb me qaf\u00eb me l\u00ebkur\u00eb n\u00eb punim unik p\u00ebr meshkuj, Damiani. - PADAS<\/title>\n<meta name=\"description\" content=\"K\u00ebpuc\u00eb me qaf\u00eb l\u00ebkure n\u00eb stilin casual , me gom\u00eb e cila ka detaje p\u00ebr t&#039;i b\u00ebr\u00eb ato m\u00eb unike.\" \/>\n<meta name=\"robots\" content=\"index, follow, max-snippet:-1, max-image-preview:large, max-video-preview:-1\" \/>\n<link rel=\"canonical\" href=\"https:\/\/padas.al\/english\/product\/kepuce-per-meshkuj-26\/\" \/>\n<meta property=\"og:locale\" content=\"en_GB\" \/>\n<meta property=\"og:type\" content=\"article\" \/>\n<meta property=\"og:title\" content=\"K\u00ebpuc\u00eb me qaf\u00eb me l\u00ebkur\u00eb n\u00eb punim unik p\u00ebr meshkuj, Damiani. - PADAS\" \/>\n<meta property=\"og:description\" content=\"K\u00ebpuc\u00eb me qaf\u00eb l\u00ebkure n\u00eb stilin casual , me gom\u00eb e cila ka detaje p\u00ebr t&#039;i b\u00ebr\u00eb ato m\u00eb unike.\" \/>\n<meta property=\"og:url\" content=\"https:\/\/padas.al\/english\/product\/kepuce-per-meshkuj-26\/\" \/>\n<meta property=\"og:site_name\" content=\"PADAS\" \/>\n<meta property=\"article:modified_time\" content=\"2025-12-04T12:49:42+00:00\" \/>\n<meta property=\"og:image\" content=\"https:\/\/padas.al\/wp-content\/uploads\/2022\/04\/20211129172708_58545a3a.jpeg\" \/>\n\t<meta property=\"og:image:width\" content=\"874\" \/>\n\t<meta property=\"og:image:height\" content=\"393\" \/>\n\t<meta property=\"og:image:type\" content=\"image\/jpeg\" \/>\n<meta name=\"twitter:card\" content=\"summary_large_image\" \/>\n<meta name=\"twitter:label1\" content=\"Estimated reading time\" \/>\n\t<meta name=\"twitter:data1\" content=\"1 minute\" \/>\n<script type=\"application\/ld+json\" class=\"yoast-schema-graph\">{\"@context\":\"https:\/\/schema.org\",\"@graph\":[{\"@type\":\"Organization\",\"@id\":\"https:\/\/padas.al\/#organization\",\"name\":\"Padas.al\",\"url\":\"https:\/\/padas.al\/\",\"sameAs\":[],\"logo\":{\"@type\":\"ImageObject\",\"@id\":\"https:\/\/padas.al\/#logo\",\"inLanguage\":\"en-GB\",\"url\":\"https:\/\/padas.al\/wp-content\/uploads\/2021\/12\/padas-logo-01.svg\",\"contentUrl\":\"https:\/\/padas.al\/wp-content\/uploads\/2021\/12\/padas-logo-01.svg\",\"width\":196.4218,\"height\":195.7925,\"caption\":\"Padas.al\"},\"image\":{\"@id\":\"https:\/\/padas.al\/#logo\"}},{\"@type\":\"WebSite\",\"@id\":\"https:\/\/padas.al\/#website\",\"url\":\"https:\/\/padas.al\/\",\"name\":\"PADAS\",\"description\":\"Shoe Shop\",\"publisher\":{\"@id\":\"https:\/\/padas.al\/#organization\"},\"potentialAction\":[{\"@type\":\"SearchAction\",\"target\":{\"@type\":\"EntryPoint\",\"urlTemplate\":\"https:\/\/padas.al\/?s={search_term_string}\"},\"query-input\":\"required name=search_term_string\"}],\"inLanguage\":\"en-GB\"},{\"@type\":\"ImageObject\",\"@id\":\"https:\/\/padas.al\/product\/kepuce-per-meshkuj-26\/#primaryimage\",\"inLanguage\":\"en-GB\",\"url\":\"https:\/\/padas.al\/wp-content\/uploads\/2022\/04\/20211129172708_58545a3a.jpeg\",\"contentUrl\":\"https:\/\/padas.al\/wp-content\/uploads\/2022\/04\/20211129172708_58545a3a.jpeg\",\"width\":874,\"height\":393},{\"@type\":\"WebPage\",\"@id\":\"https:\/\/padas.al\/product\/kepuce-per-meshkuj-26\/#webpage\",\"url\":\"https:\/\/padas.al\/product\/kepuce-per-meshkuj-26\/\",\"name\":\"K\u00ebpuc\u00eb me qaf\u00eb me l\u00ebkur\u00eb n\u00eb punim unik p\u00ebr meshkuj, Damiani. - PADAS\",\"isPartOf\":{\"@id\":\"https:\/\/padas.al\/#website\"},\"primaryImageOfPage\":{\"@id\":\"https:\/\/padas.al\/product\/kepuce-per-meshkuj-26\/#primaryimage\"},\"datePublished\":\"2022-04-10T08:04:01+00:00\",\"dateModified\":\"2025-12-04T12:49:42+00:00\",\"description\":\"K\u00ebpuc\u00eb me qaf\u00eb l\u00ebkure n\u00eb stilin casual , me gom\u00eb e cila ka detaje p\u00ebr t'i b\u00ebr\u00eb ato m\u00eb unike.\",\"breadcrumb\":{\"@id\":\"https:\/\/padas.al\/product\/kepuce-per-meshkuj-26\/#breadcrumb\"},\"inLanguage\":\"en-GB\",\"potentialAction\":[{\"@type\":\"ReadAction\",\"target\":[\"https:\/\/padas.al\/product\/kepuce-per-meshkuj-26\/\"]}]},{\"@type\":\"BreadcrumbList\",\"@id\":\"https:\/\/padas.al\/product\/kepuce-per-meshkuj-26\/#breadcrumb\",\"itemListElement\":[{\"@type\":\"ListItem\",\"position\":1,\"name\":\"Home\",\"item\":\"https:\/\/padas.al\/\"},{\"@type\":\"ListItem\",\"position\":2,\"name\":\"Shop\",\"item\":\"https:\/\/padas.al\/shop\/\"},{\"@type\":\"ListItem\",\"position\":3,\"name\":\"K\u00ebpuc\u00eb me qaf\u00eb me l\u00ebkur\u00eb n\u00eb punim unik p\u00ebr meshkuj, Damiani.\"}]}]}<\/script>\n<!-- \/ Yoast SEO plugin. -->","yoast_head_json":{"title":"K\u00ebpuc\u00eb me qaf\u00eb me l\u00ebkur\u00eb n\u00eb punim unik p\u00ebr meshkuj, Damiani. - PADAS","description":"K\u00ebpuc\u00eb me qaf\u00eb l\u00ebkure n\u00eb stilin casual , me gom\u00eb e cila ka detaje p\u00ebr t'i b\u00ebr\u00eb ato m\u00eb unike.","robots":{"index":"index","follow":"follow","max-snippet":"max-snippet:-1","max-image-preview":"max-image-preview:large","max-video-preview":"max-video-preview:-1"},"canonical":"https:\/\/padas.al\/english\/product\/kepuce-per-meshkuj-26\/","og_locale":"en_GB","og_type":"article","og_title":"K\u00ebpuc\u00eb me qaf\u00eb me l\u00ebkur\u00eb n\u00eb punim unik p\u00ebr meshkuj, Damiani. - PADAS","og_description":"K\u00ebpuc\u00eb me qaf\u00eb l\u00ebkure n\u00eb stilin casual , me gom\u00eb e cila ka detaje p\u00ebr t'i b\u00ebr\u00eb ato m\u00eb unike.","og_url":"https:\/\/padas.al\/english\/product\/kepuce-per-meshkuj-26\/","og_site_name":"PADAS","article_modified_time":"2025-12-04T12:49:42+00:00","og_image":[{"width":874,"height":393,"url":"https:\/\/padas.al\/wp-content\/uploads\/2022\/04\/20211129172708_58545a3a.jpeg","type":"image\/jpeg"}],"twitter_card":"summary_large_image","twitter_misc":{"Estimated reading time":"1 minute"},"schema":{"@context":"https:\/\/schema.org","@graph":[{"@type":"Organization","@id":"https:\/\/padas.al\/#organization","name":"Padas.al","url":"https:\/\/padas.al\/","sameAs":[],"logo":{"@type":"ImageObject","@id":"https:\/\/padas.al\/#logo","inLanguage":"en-GB","url":"https:\/\/padas.al\/wp-content\/uploads\/2021\/12\/padas-logo-01.svg","contentUrl":"https:\/\/padas.al\/wp-content\/uploads\/2021\/12\/padas-logo-01.svg","width":196.4218,"height":195.7925,"caption":"Padas.al"},"image":{"@id":"https:\/\/padas.al\/#logo"}},{"@type":"WebSite","@id":"https:\/\/padas.al\/#website","url":"https:\/\/padas.al\/","name":"PADAS","description":"Shoe Shop","publisher":{"@id":"https:\/\/padas.al\/#organization"},"potentialAction":[{"@type":"SearchAction","target":{"@type":"EntryPoint","urlTemplate":"https:\/\/padas.al\/?s={search_term_string}"},"query-input":"required name=search_term_string"}],"inLanguage":"en-GB"},{"@type":"ImageObject","@id":"https:\/\/padas.al\/product\/kepuce-per-meshkuj-26\/#primaryimage","inLanguage":"en-GB","url":"https:\/\/padas.al\/wp-content\/uploads\/2022\/04\/20211129172708_58545a3a.jpeg","contentUrl":"https:\/\/padas.al\/wp-content\/uploads\/2022\/04\/20211129172708_58545a3a.jpeg","width":874,"height":393},{"@type":"WebPage","@id":"https:\/\/padas.al\/product\/kepuce-per-meshkuj-26\/#webpage","url":"https:\/\/padas.al\/product\/kepuce-per-meshkuj-26\/","name":"K\u00ebpuc\u00eb me qaf\u00eb me l\u00ebkur\u00eb n\u00eb punim unik p\u00ebr meshkuj, Damiani. - PADAS","isPartOf":{"@id":"https:\/\/padas.al\/#website"},"primaryImageOfPage":{"@id":"https:\/\/padas.al\/product\/kepuce-per-meshkuj-26\/#primaryimage"},"datePublished":"2022-04-10T08:04:01+00:00","dateModified":"2025-12-04T12:49:42+00:00","description":"K\u00ebpuc\u00eb me qaf\u00eb l\u00ebkure n\u00eb stilin casual , me gom\u00eb e cila ka detaje p\u00ebr t'i b\u00ebr\u00eb ato m\u00eb unike.","breadcrumb":{"@id":"https:\/\/padas.al\/product\/kepuce-per-meshkuj-26\/#breadcrumb"},"inLanguage":"en-GB","potentialAction":[{"@type":"ReadAction","target":["https:\/\/padas.al\/product\/kepuce-per-meshkuj-26\/"]}]},{"@type":"BreadcrumbList","@id":"https:\/\/padas.al\/product\/kepuce-per-meshkuj-26\/#breadcrumb","itemListElement":[{"@type":"ListItem","position":1,"name":"Home","item":"https:\/\/padas.al\/"},{"@type":"ListItem","position":2,"name":"Shop","item":"https:\/\/padas.al\/shop\/"},{"@type":"ListItem","position":3,"name":"K\u00ebpuc\u00eb me qaf\u00eb me l\u00ebkur\u00eb n\u00eb punim unik p\u00ebr meshkuj, Damiani."}]}]}},"_links":{"self":[{"href":"https:\/\/padas.al\/english\/wp-json\/wp\/v2\/product\/6449"}],"collection":[{"href":"https:\/\/padas.al\/english\/wp-json\/wp\/v2\/product"}],"about":[{"href":"https:\/\/padas.al\/english\/wp-json\/wp\/v2\/types\/product"}],"replies":[{"embeddable":true,"href":"https:\/\/padas.al\/english\/wp-json\/wp\/v2\/comments?post=6449"}],"wp:featuredmedia":[{"embeddable":true,"href":"https:\/\/padas.al\/english\/wp-json\/wp\/v2\/media\/6450"}],"wp:attachment":[{"href":"https:\/\/padas.al\/english\/wp-json\/wp\/v2\/media?parent=6449"}],"wp:term":[{"taxonomy":"product_cat","embeddable":true,"href":"https:\/\/padas.al\/english\/wp-json\/wp\/v2\/product_cat?post=6449"},{"taxonomy":"product_tag","embeddable":true,"href":"https:\/\/padas.al\/english\/wp-json\/wp\/v2\/product_tag?post=6449"}],"curies":[{"name":"wp","href":"https:\/\/api.w.org\/{rel}","templated":true}]}}