{"id":6486,"date":"2022-04-10T11:35:59","date_gmt":"2022-04-10T11:35:59","guid":{"rendered":"https:\/\/padas.al\/?post_type=product&#038;p=6486"},"modified":"2025-12-04T12:39:19","modified_gmt":"2025-12-04T12:39:19","slug":"kepuce-per-meshkuj-31","status":"publish","type":"product","link":"https:\/\/padas.al\/english\/product\/kepuce-per-meshkuj-31\/","title":{"rendered":"K\u00ebpuc\u00eb serioze Damiani l\u00ebkure p\u00ebr meshkuj."},"content":{"rendered":"<p>K\u00ebpuc\u00eb t\u00eb punuara nga l\u00ebkura natyrale n\u00eb ngjyr\u00ebn e zez\u00eb me shk\u00eblqim. Kan\u00eb sholl\u00eb t\u00eb holl\u00eb dhe t\u00eb lehta , k\u00ebpuc\u00ebt kan\u00eb pamje elegante<\/p>","protected":false},"excerpt":{"rendered":"<p>K\u00ebpuc\u00eb serioze t\u00eb firm\u00ebs Damiani n\u00eb stilin &#8220;Derby&#8221; me sholl\u00eb rezistente. Kan\u00eb lidh\u00ebse p\u00ebr t\u00eb qen\u00eb m\u00eb e leht\u00eb veshja dhe heqja e tyre. K\u00ebto k\u00ebpuc\u00eb jan\u00eb t\u00eb p\u00ebrshtatshme p\u00ebr eventet tuaja si dhe p\u00ebr t\u00eb gjith\u00eb ju q\u00eb kodi i veshjes suaj \u00ebsht\u00eb m\u00eb formale.<\/p>","protected":false},"featured_media":6488,"comment_status":"open","ping_status":"closed","template":"","meta":[],"product_cat":[228,231,188,189,191,192,194,274],"product_tag":[],"yoast_head":"<!-- This site is optimized with the Yoast SEO plugin v18.3 - https:\/\/yoast.com\/wordpress\/plugins\/seo\/ -->\n<title>K\u00ebpuc\u00eb serioze Damiani l\u00ebkure p\u00ebr meshkuj. - PADAS<\/title>\n<meta name=\"description\" content=\"K\u00ebpuc\u00eb l\u00ebkure serioze p\u00ebr veshje formale si dhe p\u00ebr eventet tuaja. Jan\u00eb t\u00eb lehta dhe me sholle.\" \/>\n<meta name=\"robots\" content=\"index, follow, max-snippet:-1, max-image-preview:large, max-video-preview:-1\" \/>\n<link rel=\"canonical\" href=\"https:\/\/padas.al\/english\/product\/kepuce-per-meshkuj-31\/\" \/>\n<meta property=\"og:locale\" content=\"en_GB\" \/>\n<meta property=\"og:type\" content=\"article\" \/>\n<meta property=\"og:title\" content=\"K\u00ebpuc\u00eb serioze Damiani l\u00ebkure p\u00ebr meshkuj. - PADAS\" \/>\n<meta property=\"og:description\" content=\"K\u00ebpuc\u00eb l\u00ebkure serioze p\u00ebr veshje formale si dhe p\u00ebr eventet tuaja. Jan\u00eb t\u00eb lehta dhe me sholle.\" \/>\n<meta property=\"og:url\" content=\"https:\/\/padas.al\/english\/product\/kepuce-per-meshkuj-31\/\" \/>\n<meta property=\"og:site_name\" content=\"PADAS\" \/>\n<meta property=\"article:modified_time\" content=\"2025-12-04T12:39:19+00:00\" \/>\n<meta property=\"og:image\" content=\"https:\/\/padas.al\/wp-content\/uploads\/2022\/04\/20200213163531_a6cc2994.jpeg\" \/>\n\t<meta property=\"og:image:width\" content=\"420\" \/>\n\t<meta property=\"og:image:height\" content=\"1194\" \/>\n\t<meta property=\"og:image:type\" content=\"image\/jpeg\" \/>\n<meta name=\"twitter:card\" content=\"summary_large_image\" \/>\n<meta name=\"twitter:label1\" content=\"Estimated reading time\" \/>\n\t<meta name=\"twitter:data1\" content=\"1 minute\" \/>\n<script type=\"application\/ld+json\" class=\"yoast-schema-graph\">{\"@context\":\"https:\/\/schema.org\",\"@graph\":[{\"@type\":\"Organization\",\"@id\":\"https:\/\/padas.al\/#organization\",\"name\":\"Padas.al\",\"url\":\"https:\/\/padas.al\/\",\"sameAs\":[],\"logo\":{\"@type\":\"ImageObject\",\"@id\":\"https:\/\/padas.al\/#logo\",\"inLanguage\":\"en-GB\",\"url\":\"https:\/\/padas.al\/wp-content\/uploads\/2021\/12\/padas-logo-01.svg\",\"contentUrl\":\"https:\/\/padas.al\/wp-content\/uploads\/2021\/12\/padas-logo-01.svg\",\"width\":196.4218,\"height\":195.7925,\"caption\":\"Padas.al\"},\"image\":{\"@id\":\"https:\/\/padas.al\/#logo\"}},{\"@type\":\"WebSite\",\"@id\":\"https:\/\/padas.al\/#website\",\"url\":\"https:\/\/padas.al\/\",\"name\":\"PADAS\",\"description\":\"Shoe Shop\",\"publisher\":{\"@id\":\"https:\/\/padas.al\/#organization\"},\"potentialAction\":[{\"@type\":\"SearchAction\",\"target\":{\"@type\":\"EntryPoint\",\"urlTemplate\":\"https:\/\/padas.al\/?s={search_term_string}\"},\"query-input\":\"required name=search_term_string\"}],\"inLanguage\":\"en-GB\"},{\"@type\":\"ImageObject\",\"@id\":\"https:\/\/padas.al\/product\/kepuce-per-meshkuj-31\/#primaryimage\",\"inLanguage\":\"en-GB\",\"url\":\"https:\/\/padas.al\/wp-content\/uploads\/2022\/04\/20200213163531_a6cc2994.jpeg\",\"contentUrl\":\"https:\/\/padas.al\/wp-content\/uploads\/2022\/04\/20200213163531_a6cc2994.jpeg\",\"width\":420,\"height\":1194},{\"@type\":\"WebPage\",\"@id\":\"https:\/\/padas.al\/product\/kepuce-per-meshkuj-31\/#webpage\",\"url\":\"https:\/\/padas.al\/product\/kepuce-per-meshkuj-31\/\",\"name\":\"K\u00ebpuc\u00eb serioze Damiani l\u00ebkure p\u00ebr meshkuj. - PADAS\",\"isPartOf\":{\"@id\":\"https:\/\/padas.al\/#website\"},\"primaryImageOfPage\":{\"@id\":\"https:\/\/padas.al\/product\/kepuce-per-meshkuj-31\/#primaryimage\"},\"datePublished\":\"2022-04-10T11:35:59+00:00\",\"dateModified\":\"2025-12-04T12:39:19+00:00\",\"description\":\"K\u00ebpuc\u00eb l\u00ebkure serioze p\u00ebr veshje formale si dhe p\u00ebr eventet tuaja. Jan\u00eb t\u00eb lehta dhe me sholle.\",\"breadcrumb\":{\"@id\":\"https:\/\/padas.al\/product\/kepuce-per-meshkuj-31\/#breadcrumb\"},\"inLanguage\":\"en-GB\",\"potentialAction\":[{\"@type\":\"ReadAction\",\"target\":[\"https:\/\/padas.al\/product\/kepuce-per-meshkuj-31\/\"]}]},{\"@type\":\"BreadcrumbList\",\"@id\":\"https:\/\/padas.al\/product\/kepuce-per-meshkuj-31\/#breadcrumb\",\"itemListElement\":[{\"@type\":\"ListItem\",\"position\":1,\"name\":\"Home\",\"item\":\"https:\/\/padas.al\/\"},{\"@type\":\"ListItem\",\"position\":2,\"name\":\"Shop\",\"item\":\"https:\/\/padas.al\/shop\/\"},{\"@type\":\"ListItem\",\"position\":3,\"name\":\"K\u00ebpuc\u00eb serioze Damiani l\u00ebkure p\u00ebr meshkuj.\"}]}]}<\/script>\n<!-- \/ Yoast SEO plugin. -->","yoast_head_json":{"title":"K\u00ebpuc\u00eb serioze Damiani l\u00ebkure p\u00ebr meshkuj. - PADAS","description":"K\u00ebpuc\u00eb l\u00ebkure serioze p\u00ebr veshje formale si dhe p\u00ebr eventet tuaja. Jan\u00eb t\u00eb lehta dhe me sholle.","robots":{"index":"index","follow":"follow","max-snippet":"max-snippet:-1","max-image-preview":"max-image-preview:large","max-video-preview":"max-video-preview:-1"},"canonical":"https:\/\/padas.al\/english\/product\/kepuce-per-meshkuj-31\/","og_locale":"en_GB","og_type":"article","og_title":"K\u00ebpuc\u00eb serioze Damiani l\u00ebkure p\u00ebr meshkuj. - PADAS","og_description":"K\u00ebpuc\u00eb l\u00ebkure serioze p\u00ebr veshje formale si dhe p\u00ebr eventet tuaja. Jan\u00eb t\u00eb lehta dhe me sholle.","og_url":"https:\/\/padas.al\/english\/product\/kepuce-per-meshkuj-31\/","og_site_name":"PADAS","article_modified_time":"2025-12-04T12:39:19+00:00","og_image":[{"width":420,"height":1194,"url":"https:\/\/padas.al\/wp-content\/uploads\/2022\/04\/20200213163531_a6cc2994.jpeg","type":"image\/jpeg"}],"twitter_card":"summary_large_image","twitter_misc":{"Estimated reading time":"1 minute"},"schema":{"@context":"https:\/\/schema.org","@graph":[{"@type":"Organization","@id":"https:\/\/padas.al\/#organization","name":"Padas.al","url":"https:\/\/padas.al\/","sameAs":[],"logo":{"@type":"ImageObject","@id":"https:\/\/padas.al\/#logo","inLanguage":"en-GB","url":"https:\/\/padas.al\/wp-content\/uploads\/2021\/12\/padas-logo-01.svg","contentUrl":"https:\/\/padas.al\/wp-content\/uploads\/2021\/12\/padas-logo-01.svg","width":196.4218,"height":195.7925,"caption":"Padas.al"},"image":{"@id":"https:\/\/padas.al\/#logo"}},{"@type":"WebSite","@id":"https:\/\/padas.al\/#website","url":"https:\/\/padas.al\/","name":"PADAS","description":"Shoe Shop","publisher":{"@id":"https:\/\/padas.al\/#organization"},"potentialAction":[{"@type":"SearchAction","target":{"@type":"EntryPoint","urlTemplate":"https:\/\/padas.al\/?s={search_term_string}"},"query-input":"required name=search_term_string"}],"inLanguage":"en-GB"},{"@type":"ImageObject","@id":"https:\/\/padas.al\/product\/kepuce-per-meshkuj-31\/#primaryimage","inLanguage":"en-GB","url":"https:\/\/padas.al\/wp-content\/uploads\/2022\/04\/20200213163531_a6cc2994.jpeg","contentUrl":"https:\/\/padas.al\/wp-content\/uploads\/2022\/04\/20200213163531_a6cc2994.jpeg","width":420,"height":1194},{"@type":"WebPage","@id":"https:\/\/padas.al\/product\/kepuce-per-meshkuj-31\/#webpage","url":"https:\/\/padas.al\/product\/kepuce-per-meshkuj-31\/","name":"K\u00ebpuc\u00eb serioze Damiani l\u00ebkure p\u00ebr meshkuj. - PADAS","isPartOf":{"@id":"https:\/\/padas.al\/#website"},"primaryImageOfPage":{"@id":"https:\/\/padas.al\/product\/kepuce-per-meshkuj-31\/#primaryimage"},"datePublished":"2022-04-10T11:35:59+00:00","dateModified":"2025-12-04T12:39:19+00:00","description":"K\u00ebpuc\u00eb l\u00ebkure serioze p\u00ebr veshje formale si dhe p\u00ebr eventet tuaja. Jan\u00eb t\u00eb lehta dhe me sholle.","breadcrumb":{"@id":"https:\/\/padas.al\/product\/kepuce-per-meshkuj-31\/#breadcrumb"},"inLanguage":"en-GB","potentialAction":[{"@type":"ReadAction","target":["https:\/\/padas.al\/product\/kepuce-per-meshkuj-31\/"]}]},{"@type":"BreadcrumbList","@id":"https:\/\/padas.al\/product\/kepuce-per-meshkuj-31\/#breadcrumb","itemListElement":[{"@type":"ListItem","position":1,"name":"Home","item":"https:\/\/padas.al\/"},{"@type":"ListItem","position":2,"name":"Shop","item":"https:\/\/padas.al\/shop\/"},{"@type":"ListItem","position":3,"name":"K\u00ebpuc\u00eb serioze Damiani l\u00ebkure p\u00ebr meshkuj."}]}]}},"_links":{"self":[{"href":"https:\/\/padas.al\/english\/wp-json\/wp\/v2\/product\/6486"}],"collection":[{"href":"https:\/\/padas.al\/english\/wp-json\/wp\/v2\/product"}],"about":[{"href":"https:\/\/padas.al\/english\/wp-json\/wp\/v2\/types\/product"}],"replies":[{"embeddable":true,"href":"https:\/\/padas.al\/english\/wp-json\/wp\/v2\/comments?post=6486"}],"wp:featuredmedia":[{"embeddable":true,"href":"https:\/\/padas.al\/english\/wp-json\/wp\/v2\/media\/6488"}],"wp:attachment":[{"href":"https:\/\/padas.al\/english\/wp-json\/wp\/v2\/media?parent=6486"}],"wp:term":[{"taxonomy":"product_cat","embeddable":true,"href":"https:\/\/padas.al\/english\/wp-json\/wp\/v2\/product_cat?post=6486"},{"taxonomy":"product_tag","embeddable":true,"href":"https:\/\/padas.al\/english\/wp-json\/wp\/v2\/product_tag?post=6486"}],"curies":[{"name":"wp","href":"https:\/\/api.w.org\/{rel}","templated":true}]}}