{"id":6882,"date":"2022-04-22T19:38:31","date_gmt":"2022-04-22T19:38:31","guid":{"rendered":"https:\/\/padas.al\/?post_type=product&#038;p=6882"},"modified":"2025-12-04T14:19:54","modified_gmt":"2025-12-04T14:19:54","slug":"sandale-me-take-te-holle-e-platforme-2","status":"publish","type":"product","link":"https:\/\/padas.al\/english\/product\/sandale-me-take-te-holle-e-platforme-2\/","title":{"rendered":"Sandale me tak\u00eb t\u00eb holl\u00eb e platform\u00eb."},"content":{"rendered":"<p>Sandalet jan\u00eb t\u00eb punuara nga l\u00ebkura natyrale n\u00eb ngjyr\u00ebn e bardh\u00eb. Kan\u00eb platform\u00eb t\u00eb veshur me l\u00ebkur\u00eb po ashtu. Rripat e sandaleve kan\u00eb gur\u00eb t\u00eb shnd\u00ebrritshme dhe mbyllja e tyre b\u00ebhet me zinxhir i cili \u00ebsht\u00eb n\u00eb pjes\u00ebn e pasme t\u00eb k\u00ebmb\u00ebs , n\u00eb themb\u00ebr.<\/p>\n<p>Lart\u00ebsia e tak\u00ebs, ngritjes nga toka; 12 cm.\u00a0 Lart\u00ebsia q\u00eb merr harku i k\u00ebmb\u00ebs; 9 cm.<!--\/data\/user\/0\/com.samsung.android.app.notes\/files\/clipdata\/clipdata_bodytext_220422_213413_591.sdocx--><\/p>","protected":false},"excerpt":{"rendered":"<p>Sandale t\u00eb firm\u00ebs Fardoulis t\u00eb punuara n\u00eb m\u00ebnyr\u00ebn artizanale jan\u00eb simbol i feminitetit. Kan\u00eb zinxhir nga mbrapa q\u00eb t\u00eb vishen dhe hiqen leht\u00ebsisht. Gurat q\u00eb ato kan\u00eb do ju dhurojn\u00eb ndri\u00e7im vezullues.<br \/>\n<!--\/data\/user\/0\/com.samsung.android.app.notes\/files\/clipdata\/clipdata_bodytext_220422_213625_969.sdocx--><\/p>","protected":false},"featured_media":6865,"comment_status":"open","ping_status":"closed","template":"","meta":[],"product_cat":[139,151,153,223],"product_tag":[],"yoast_head":"<!-- This site is optimized with the Yoast SEO plugin v18.3 - https:\/\/yoast.com\/wordpress\/plugins\/seo\/ -->\n<title>Sandale me tak\u00eb t\u00eb holl\u00eb e platform\u00eb. - PADAS<\/title>\n<meta name=\"description\" content=\"Sandale elegante tep\u00ebr fine q\u00eb shk\u00eblqejn\u00eb nga gur\u00ebt q\u00eb ato kan\u00eb, u dhurojn\u00eb k\u00ebmb\u00ebve tuaj hapa fem\u00ebrore dhe plot delikates\u00eb.\" \/>\n<meta name=\"robots\" content=\"index, follow, max-snippet:-1, max-image-preview:large, max-video-preview:-1\" \/>\n<link rel=\"canonical\" href=\"https:\/\/padas.al\/english\/product\/sandale-me-take-te-holle-e-platforme-2\/\" \/>\n<meta property=\"og:locale\" content=\"en_GB\" \/>\n<meta property=\"og:type\" content=\"article\" \/>\n<meta property=\"og:title\" content=\"Sandale me tak\u00eb t\u00eb holl\u00eb e platform\u00eb. - PADAS\" \/>\n<meta property=\"og:description\" content=\"Sandale elegante tep\u00ebr fine q\u00eb shk\u00eblqejn\u00eb nga gur\u00ebt q\u00eb ato kan\u00eb, u dhurojn\u00eb k\u00ebmb\u00ebve tuaj hapa fem\u00ebrore dhe plot delikates\u00eb.\" \/>\n<meta property=\"og:url\" content=\"https:\/\/padas.al\/english\/product\/sandale-me-take-te-holle-e-platforme-2\/\" \/>\n<meta property=\"og:site_name\" content=\"PADAS\" \/>\n<meta property=\"article:modified_time\" content=\"2025-12-04T14:19:54+00:00\" \/>\n<meta property=\"og:image\" content=\"https:\/\/padas.al\/wp-content\/uploads\/2022\/04\/P328F9163502-0.jpg\" \/>\n\t<meta property=\"og:image:width\" content=\"971\" \/>\n\t<meta property=\"og:image:height\" content=\"971\" \/>\n\t<meta property=\"og:image:type\" content=\"image\/jpeg\" \/>\n<meta name=\"twitter:card\" content=\"summary_large_image\" \/>\n<meta name=\"twitter:label1\" content=\"Estimated reading time\" \/>\n\t<meta name=\"twitter:data1\" content=\"1 minute\" \/>\n<script type=\"application\/ld+json\" class=\"yoast-schema-graph\">{\"@context\":\"https:\/\/schema.org\",\"@graph\":[{\"@type\":\"Organization\",\"@id\":\"https:\/\/padas.al\/#organization\",\"name\":\"Padas.al\",\"url\":\"https:\/\/padas.al\/\",\"sameAs\":[],\"logo\":{\"@type\":\"ImageObject\",\"@id\":\"https:\/\/padas.al\/#logo\",\"inLanguage\":\"en-GB\",\"url\":\"https:\/\/padas.al\/wp-content\/uploads\/2021\/12\/padas-logo-01.svg\",\"contentUrl\":\"https:\/\/padas.al\/wp-content\/uploads\/2021\/12\/padas-logo-01.svg\",\"width\":196.4218,\"height\":195.7925,\"caption\":\"Padas.al\"},\"image\":{\"@id\":\"https:\/\/padas.al\/#logo\"}},{\"@type\":\"WebSite\",\"@id\":\"https:\/\/padas.al\/#website\",\"url\":\"https:\/\/padas.al\/\",\"name\":\"PADAS\",\"description\":\"Shoe Shop\",\"publisher\":{\"@id\":\"https:\/\/padas.al\/#organization\"},\"potentialAction\":[{\"@type\":\"SearchAction\",\"target\":{\"@type\":\"EntryPoint\",\"urlTemplate\":\"https:\/\/padas.al\/?s={search_term_string}\"},\"query-input\":\"required name=search_term_string\"}],\"inLanguage\":\"en-GB\"},{\"@type\":\"ImageObject\",\"@id\":\"https:\/\/padas.al\/product\/sandale-me-take-te-holle-e-platforme-2\/#primaryimage\",\"inLanguage\":\"en-GB\",\"url\":\"https:\/\/padas.al\/wp-content\/uploads\/2022\/04\/P328F9163502-0.jpg\",\"contentUrl\":\"https:\/\/padas.al\/wp-content\/uploads\/2022\/04\/P328F9163502-0.jpg\",\"width\":971,\"height\":971},{\"@type\":\"WebPage\",\"@id\":\"https:\/\/padas.al\/product\/sandale-me-take-te-holle-e-platforme-2\/#webpage\",\"url\":\"https:\/\/padas.al\/product\/sandale-me-take-te-holle-e-platforme-2\/\",\"name\":\"Sandale me tak\u00eb t\u00eb holl\u00eb e platform\u00eb. - PADAS\",\"isPartOf\":{\"@id\":\"https:\/\/padas.al\/#website\"},\"primaryImageOfPage\":{\"@id\":\"https:\/\/padas.al\/product\/sandale-me-take-te-holle-e-platforme-2\/#primaryimage\"},\"datePublished\":\"2022-04-22T19:38:31+00:00\",\"dateModified\":\"2025-12-04T14:19:54+00:00\",\"description\":\"Sandale elegante tep\u00ebr fine q\u00eb shk\u00eblqejn\u00eb nga gur\u00ebt q\u00eb ato kan\u00eb, u dhurojn\u00eb k\u00ebmb\u00ebve tuaj hapa fem\u00ebrore dhe plot delikates\u00eb.\",\"breadcrumb\":{\"@id\":\"https:\/\/padas.al\/product\/sandale-me-take-te-holle-e-platforme-2\/#breadcrumb\"},\"inLanguage\":\"en-GB\",\"potentialAction\":[{\"@type\":\"ReadAction\",\"target\":[\"https:\/\/padas.al\/product\/sandale-me-take-te-holle-e-platforme-2\/\"]}]},{\"@type\":\"BreadcrumbList\",\"@id\":\"https:\/\/padas.al\/product\/sandale-me-take-te-holle-e-platforme-2\/#breadcrumb\",\"itemListElement\":[{\"@type\":\"ListItem\",\"position\":1,\"name\":\"Home\",\"item\":\"https:\/\/padas.al\/\"},{\"@type\":\"ListItem\",\"position\":2,\"name\":\"Shop\",\"item\":\"https:\/\/padas.al\/shop\/\"},{\"@type\":\"ListItem\",\"position\":3,\"name\":\"Sandale me tak\u00eb t\u00eb holl\u00eb e platform\u00eb.\"}]}]}<\/script>\n<!-- \/ Yoast SEO plugin. -->","yoast_head_json":{"title":"Sandale me tak\u00eb t\u00eb holl\u00eb e platform\u00eb. - PADAS","description":"Sandale elegante tep\u00ebr fine q\u00eb shk\u00eblqejn\u00eb nga gur\u00ebt q\u00eb ato kan\u00eb, u dhurojn\u00eb k\u00ebmb\u00ebve tuaj hapa fem\u00ebrore dhe plot delikates\u00eb.","robots":{"index":"index","follow":"follow","max-snippet":"max-snippet:-1","max-image-preview":"max-image-preview:large","max-video-preview":"max-video-preview:-1"},"canonical":"https:\/\/padas.al\/english\/product\/sandale-me-take-te-holle-e-platforme-2\/","og_locale":"en_GB","og_type":"article","og_title":"Sandale me tak\u00eb t\u00eb holl\u00eb e platform\u00eb. - PADAS","og_description":"Sandale elegante tep\u00ebr fine q\u00eb shk\u00eblqejn\u00eb nga gur\u00ebt q\u00eb ato kan\u00eb, u dhurojn\u00eb k\u00ebmb\u00ebve tuaj hapa fem\u00ebrore dhe plot delikates\u00eb.","og_url":"https:\/\/padas.al\/english\/product\/sandale-me-take-te-holle-e-platforme-2\/","og_site_name":"PADAS","article_modified_time":"2025-12-04T14:19:54+00:00","og_image":[{"width":971,"height":971,"url":"https:\/\/padas.al\/wp-content\/uploads\/2022\/04\/P328F9163502-0.jpg","type":"image\/jpeg"}],"twitter_card":"summary_large_image","twitter_misc":{"Estimated reading time":"1 minute"},"schema":{"@context":"https:\/\/schema.org","@graph":[{"@type":"Organization","@id":"https:\/\/padas.al\/#organization","name":"Padas.al","url":"https:\/\/padas.al\/","sameAs":[],"logo":{"@type":"ImageObject","@id":"https:\/\/padas.al\/#logo","inLanguage":"en-GB","url":"https:\/\/padas.al\/wp-content\/uploads\/2021\/12\/padas-logo-01.svg","contentUrl":"https:\/\/padas.al\/wp-content\/uploads\/2021\/12\/padas-logo-01.svg","width":196.4218,"height":195.7925,"caption":"Padas.al"},"image":{"@id":"https:\/\/padas.al\/#logo"}},{"@type":"WebSite","@id":"https:\/\/padas.al\/#website","url":"https:\/\/padas.al\/","name":"PADAS","description":"Shoe Shop","publisher":{"@id":"https:\/\/padas.al\/#organization"},"potentialAction":[{"@type":"SearchAction","target":{"@type":"EntryPoint","urlTemplate":"https:\/\/padas.al\/?s={search_term_string}"},"query-input":"required name=search_term_string"}],"inLanguage":"en-GB"},{"@type":"ImageObject","@id":"https:\/\/padas.al\/product\/sandale-me-take-te-holle-e-platforme-2\/#primaryimage","inLanguage":"en-GB","url":"https:\/\/padas.al\/wp-content\/uploads\/2022\/04\/P328F9163502-0.jpg","contentUrl":"https:\/\/padas.al\/wp-content\/uploads\/2022\/04\/P328F9163502-0.jpg","width":971,"height":971},{"@type":"WebPage","@id":"https:\/\/padas.al\/product\/sandale-me-take-te-holle-e-platforme-2\/#webpage","url":"https:\/\/padas.al\/product\/sandale-me-take-te-holle-e-platforme-2\/","name":"Sandale me tak\u00eb t\u00eb holl\u00eb e platform\u00eb. - PADAS","isPartOf":{"@id":"https:\/\/padas.al\/#website"},"primaryImageOfPage":{"@id":"https:\/\/padas.al\/product\/sandale-me-take-te-holle-e-platforme-2\/#primaryimage"},"datePublished":"2022-04-22T19:38:31+00:00","dateModified":"2025-12-04T14:19:54+00:00","description":"Sandale elegante tep\u00ebr fine q\u00eb shk\u00eblqejn\u00eb nga gur\u00ebt q\u00eb ato kan\u00eb, u dhurojn\u00eb k\u00ebmb\u00ebve tuaj hapa fem\u00ebrore dhe plot delikates\u00eb.","breadcrumb":{"@id":"https:\/\/padas.al\/product\/sandale-me-take-te-holle-e-platforme-2\/#breadcrumb"},"inLanguage":"en-GB","potentialAction":[{"@type":"ReadAction","target":["https:\/\/padas.al\/product\/sandale-me-take-te-holle-e-platforme-2\/"]}]},{"@type":"BreadcrumbList","@id":"https:\/\/padas.al\/product\/sandale-me-take-te-holle-e-platforme-2\/#breadcrumb","itemListElement":[{"@type":"ListItem","position":1,"name":"Home","item":"https:\/\/padas.al\/"},{"@type":"ListItem","position":2,"name":"Shop","item":"https:\/\/padas.al\/shop\/"},{"@type":"ListItem","position":3,"name":"Sandale me tak\u00eb t\u00eb holl\u00eb e platform\u00eb."}]}]}},"_links":{"self":[{"href":"https:\/\/padas.al\/english\/wp-json\/wp\/v2\/product\/6882"}],"collection":[{"href":"https:\/\/padas.al\/english\/wp-json\/wp\/v2\/product"}],"about":[{"href":"https:\/\/padas.al\/english\/wp-json\/wp\/v2\/types\/product"}],"replies":[{"embeddable":true,"href":"https:\/\/padas.al\/english\/wp-json\/wp\/v2\/comments?post=6882"}],"wp:featuredmedia":[{"embeddable":true,"href":"https:\/\/padas.al\/english\/wp-json\/wp\/v2\/media\/6865"}],"wp:attachment":[{"href":"https:\/\/padas.al\/english\/wp-json\/wp\/v2\/media?parent=6882"}],"wp:term":[{"taxonomy":"product_cat","embeddable":true,"href":"https:\/\/padas.al\/english\/wp-json\/wp\/v2\/product_cat?post=6882"},{"taxonomy":"product_tag","embeddable":true,"href":"https:\/\/padas.al\/english\/wp-json\/wp\/v2\/product_tag?post=6882"}],"curies":[{"name":"wp","href":"https:\/\/api.w.org\/{rel}","templated":true}]}}