{"id":7028,"date":"2022-04-26T09:49:40","date_gmt":"2022-04-26T09:49:40","guid":{"rendered":"https:\/\/padas.al\/?post_type=product&#038;p=7028"},"modified":"2025-12-04T14:26:33","modified_gmt":"2025-12-04T14:26:33","slug":"shapka-lekure-te-sheshta","status":"publish","type":"product","link":"https:\/\/padas.al\/english\/product\/shapka-lekure-te-sheshta\/","title":{"rendered":"Shapka l\u00ebkure t\u00eb sheshta, Fardoulis."},"content":{"rendered":"<p>Shapkat jan\u00eb t\u00eb punuara nga l\u00ebkura natyrale n\u00eb ngjyr\u00ebn lejla dhe boj\u00ebqielli qielli p\u00ebrkat\u00ebsisht. N\u00eb pjes\u00ebn ku mb\u00ebshtetet shputa e k\u00ebmb\u00ebs ka shtres\u00eb t\u00eb but\u00eb. P\u00ebrgjat\u00eb gjith\u00eb kufizimit t\u00eb shapk\u00ebs ka detaje n\u00eb ngjyr\u00ebn gold.<\/p>","protected":false},"excerpt":{"rendered":"<p>Shapkat jan\u00eb t\u00eb firm\u00ebs Fardoulis dhe jan\u00eb t\u00eb punuara n\u00eb m\u00ebnyr\u00ebn artizanale. N\u00eb pjes\u00ebn e p\u00ebrparme ato kan\u00eb nj\u00eb p\u00ebrdredhje interesante q\u00eb i b\u00ebn ato unike. Ideale p\u00ebr sezonin e ver\u00ebs n\u00eb \u00e7do or\u00eb t\u00eb dit\u00ebs tuaj.<\/p>","protected":false},"featured_media":7029,"comment_status":"open","ping_status":"closed","template":"","meta":[],"product_cat":[139,151,152,156,223],"product_tag":[],"yoast_head":"<!-- This site is optimized with the Yoast SEO plugin v18.3 - https:\/\/yoast.com\/wordpress\/plugins\/seo\/ -->\n<title>Shapka l\u00ebkure t\u00eb sheshta, Fardoulis. - PADAS<\/title>\n<meta name=\"description\" content=\"Shapka l\u00ebkure n\u00eb ngjyra t\u00ebrheq\u00ebse me model t\u00eb ve\u00e7ant\u00eb , praktike n\u00eb p\u00ebrditshm\u00ebri dhe t\u00eb kombinueshme p\u00ebr veshjet tuaja verore.\" \/>\n<meta name=\"robots\" content=\"index, follow, max-snippet:-1, max-image-preview:large, max-video-preview:-1\" \/>\n<link rel=\"canonical\" href=\"https:\/\/padas.al\/english\/product\/shapka-lekure-te-sheshta\/\" \/>\n<meta property=\"og:locale\" content=\"en_GB\" \/>\n<meta property=\"og:type\" content=\"article\" \/>\n<meta property=\"og:title\" content=\"Shapka l\u00ebkure t\u00eb sheshta, Fardoulis. - PADAS\" \/>\n<meta property=\"og:description\" content=\"Shapka l\u00ebkure n\u00eb ngjyra t\u00ebrheq\u00ebse me model t\u00eb ve\u00e7ant\u00eb , praktike n\u00eb p\u00ebrditshm\u00ebri dhe t\u00eb kombinueshme p\u00ebr veshjet tuaja verore.\" \/>\n<meta property=\"og:url\" content=\"https:\/\/padas.al\/english\/product\/shapka-lekure-te-sheshta\/\" \/>\n<meta property=\"og:site_name\" content=\"PADAS\" \/>\n<meta property=\"article:modified_time\" content=\"2025-12-04T14:26:33+00:00\" \/>\n<meta property=\"og:image\" content=\"https:\/\/padas.al\/wp-content\/uploads\/2022\/04\/20210923160547_makis_fardoulis_117_99_dermatina_gynaikeia_sandalia_se_mov_chroma.jpeg\" \/>\n\t<meta property=\"og:image:width\" content=\"905\" \/>\n\t<meta property=\"og:image:height\" content=\"272\" \/>\n\t<meta property=\"og:image:type\" content=\"image\/jpeg\" \/>\n<meta name=\"twitter:card\" content=\"summary_large_image\" \/>\n<meta name=\"twitter:label1\" content=\"Estimated reading time\" \/>\n\t<meta name=\"twitter:data1\" content=\"1 minute\" \/>\n<script type=\"application\/ld+json\" class=\"yoast-schema-graph\">{\"@context\":\"https:\/\/schema.org\",\"@graph\":[{\"@type\":\"Organization\",\"@id\":\"https:\/\/padas.al\/#organization\",\"name\":\"Padas.al\",\"url\":\"https:\/\/padas.al\/\",\"sameAs\":[],\"logo\":{\"@type\":\"ImageObject\",\"@id\":\"https:\/\/padas.al\/#logo\",\"inLanguage\":\"en-GB\",\"url\":\"https:\/\/padas.al\/wp-content\/uploads\/2021\/12\/padas-logo-01.svg\",\"contentUrl\":\"https:\/\/padas.al\/wp-content\/uploads\/2021\/12\/padas-logo-01.svg\",\"width\":196.4218,\"height\":195.7925,\"caption\":\"Padas.al\"},\"image\":{\"@id\":\"https:\/\/padas.al\/#logo\"}},{\"@type\":\"WebSite\",\"@id\":\"https:\/\/padas.al\/#website\",\"url\":\"https:\/\/padas.al\/\",\"name\":\"PADAS\",\"description\":\"Shoe Shop\",\"publisher\":{\"@id\":\"https:\/\/padas.al\/#organization\"},\"potentialAction\":[{\"@type\":\"SearchAction\",\"target\":{\"@type\":\"EntryPoint\",\"urlTemplate\":\"https:\/\/padas.al\/?s={search_term_string}\"},\"query-input\":\"required name=search_term_string\"}],\"inLanguage\":\"en-GB\"},{\"@type\":\"ImageObject\",\"@id\":\"https:\/\/padas.al\/product\/shapka-lekure-te-sheshta\/#primaryimage\",\"inLanguage\":\"en-GB\",\"url\":\"https:\/\/padas.al\/wp-content\/uploads\/2022\/04\/20210923160547_makis_fardoulis_117_99_dermatina_gynaikeia_sandalia_se_mov_chroma.jpeg\",\"contentUrl\":\"https:\/\/padas.al\/wp-content\/uploads\/2022\/04\/20210923160547_makis_fardoulis_117_99_dermatina_gynaikeia_sandalia_se_mov_chroma.jpeg\",\"width\":905,\"height\":272},{\"@type\":\"WebPage\",\"@id\":\"https:\/\/padas.al\/product\/shapka-lekure-te-sheshta\/#webpage\",\"url\":\"https:\/\/padas.al\/product\/shapka-lekure-te-sheshta\/\",\"name\":\"Shapka l\u00ebkure t\u00eb sheshta, Fardoulis. - PADAS\",\"isPartOf\":{\"@id\":\"https:\/\/padas.al\/#website\"},\"primaryImageOfPage\":{\"@id\":\"https:\/\/padas.al\/product\/shapka-lekure-te-sheshta\/#primaryimage\"},\"datePublished\":\"2022-04-26T09:49:40+00:00\",\"dateModified\":\"2025-12-04T14:26:33+00:00\",\"description\":\"Shapka l\u00ebkure n\u00eb ngjyra t\u00ebrheq\u00ebse me model t\u00eb ve\u00e7ant\u00eb , praktike n\u00eb p\u00ebrditshm\u00ebri dhe t\u00eb kombinueshme p\u00ebr veshjet tuaja verore.\",\"breadcrumb\":{\"@id\":\"https:\/\/padas.al\/product\/shapka-lekure-te-sheshta\/#breadcrumb\"},\"inLanguage\":\"en-GB\",\"potentialAction\":[{\"@type\":\"ReadAction\",\"target\":[\"https:\/\/padas.al\/product\/shapka-lekure-te-sheshta\/\"]}]},{\"@type\":\"BreadcrumbList\",\"@id\":\"https:\/\/padas.al\/product\/shapka-lekure-te-sheshta\/#breadcrumb\",\"itemListElement\":[{\"@type\":\"ListItem\",\"position\":1,\"name\":\"Home\",\"item\":\"https:\/\/padas.al\/\"},{\"@type\":\"ListItem\",\"position\":2,\"name\":\"Shop\",\"item\":\"https:\/\/padas.al\/shop\/\"},{\"@type\":\"ListItem\",\"position\":3,\"name\":\"Shapka l\u00ebkure t\u00eb sheshta, Fardoulis.\"}]}]}<\/script>\n<!-- \/ Yoast SEO plugin. -->","yoast_head_json":{"title":"Shapka l\u00ebkure t\u00eb sheshta, Fardoulis. - PADAS","description":"Shapka l\u00ebkure n\u00eb ngjyra t\u00ebrheq\u00ebse me model t\u00eb ve\u00e7ant\u00eb , praktike n\u00eb p\u00ebrditshm\u00ebri dhe t\u00eb kombinueshme p\u00ebr veshjet tuaja verore.","robots":{"index":"index","follow":"follow","max-snippet":"max-snippet:-1","max-image-preview":"max-image-preview:large","max-video-preview":"max-video-preview:-1"},"canonical":"https:\/\/padas.al\/english\/product\/shapka-lekure-te-sheshta\/","og_locale":"en_GB","og_type":"article","og_title":"Shapka l\u00ebkure t\u00eb sheshta, Fardoulis. - PADAS","og_description":"Shapka l\u00ebkure n\u00eb ngjyra t\u00ebrheq\u00ebse me model t\u00eb ve\u00e7ant\u00eb , praktike n\u00eb p\u00ebrditshm\u00ebri dhe t\u00eb kombinueshme p\u00ebr veshjet tuaja verore.","og_url":"https:\/\/padas.al\/english\/product\/shapka-lekure-te-sheshta\/","og_site_name":"PADAS","article_modified_time":"2025-12-04T14:26:33+00:00","og_image":[{"width":905,"height":272,"url":"https:\/\/padas.al\/wp-content\/uploads\/2022\/04\/20210923160547_makis_fardoulis_117_99_dermatina_gynaikeia_sandalia_se_mov_chroma.jpeg","type":"image\/jpeg"}],"twitter_card":"summary_large_image","twitter_misc":{"Estimated reading time":"1 minute"},"schema":{"@context":"https:\/\/schema.org","@graph":[{"@type":"Organization","@id":"https:\/\/padas.al\/#organization","name":"Padas.al","url":"https:\/\/padas.al\/","sameAs":[],"logo":{"@type":"ImageObject","@id":"https:\/\/padas.al\/#logo","inLanguage":"en-GB","url":"https:\/\/padas.al\/wp-content\/uploads\/2021\/12\/padas-logo-01.svg","contentUrl":"https:\/\/padas.al\/wp-content\/uploads\/2021\/12\/padas-logo-01.svg","width":196.4218,"height":195.7925,"caption":"Padas.al"},"image":{"@id":"https:\/\/padas.al\/#logo"}},{"@type":"WebSite","@id":"https:\/\/padas.al\/#website","url":"https:\/\/padas.al\/","name":"PADAS","description":"Shoe Shop","publisher":{"@id":"https:\/\/padas.al\/#organization"},"potentialAction":[{"@type":"SearchAction","target":{"@type":"EntryPoint","urlTemplate":"https:\/\/padas.al\/?s={search_term_string}"},"query-input":"required name=search_term_string"}],"inLanguage":"en-GB"},{"@type":"ImageObject","@id":"https:\/\/padas.al\/product\/shapka-lekure-te-sheshta\/#primaryimage","inLanguage":"en-GB","url":"https:\/\/padas.al\/wp-content\/uploads\/2022\/04\/20210923160547_makis_fardoulis_117_99_dermatina_gynaikeia_sandalia_se_mov_chroma.jpeg","contentUrl":"https:\/\/padas.al\/wp-content\/uploads\/2022\/04\/20210923160547_makis_fardoulis_117_99_dermatina_gynaikeia_sandalia_se_mov_chroma.jpeg","width":905,"height":272},{"@type":"WebPage","@id":"https:\/\/padas.al\/product\/shapka-lekure-te-sheshta\/#webpage","url":"https:\/\/padas.al\/product\/shapka-lekure-te-sheshta\/","name":"Shapka l\u00ebkure t\u00eb sheshta, Fardoulis. - PADAS","isPartOf":{"@id":"https:\/\/padas.al\/#website"},"primaryImageOfPage":{"@id":"https:\/\/padas.al\/product\/shapka-lekure-te-sheshta\/#primaryimage"},"datePublished":"2022-04-26T09:49:40+00:00","dateModified":"2025-12-04T14:26:33+00:00","description":"Shapka l\u00ebkure n\u00eb ngjyra t\u00ebrheq\u00ebse me model t\u00eb ve\u00e7ant\u00eb , praktike n\u00eb p\u00ebrditshm\u00ebri dhe t\u00eb kombinueshme p\u00ebr veshjet tuaja verore.","breadcrumb":{"@id":"https:\/\/padas.al\/product\/shapka-lekure-te-sheshta\/#breadcrumb"},"inLanguage":"en-GB","potentialAction":[{"@type":"ReadAction","target":["https:\/\/padas.al\/product\/shapka-lekure-te-sheshta\/"]}]},{"@type":"BreadcrumbList","@id":"https:\/\/padas.al\/product\/shapka-lekure-te-sheshta\/#breadcrumb","itemListElement":[{"@type":"ListItem","position":1,"name":"Home","item":"https:\/\/padas.al\/"},{"@type":"ListItem","position":2,"name":"Shop","item":"https:\/\/padas.al\/shop\/"},{"@type":"ListItem","position":3,"name":"Shapka l\u00ebkure t\u00eb sheshta, Fardoulis."}]}]}},"_links":{"self":[{"href":"https:\/\/padas.al\/english\/wp-json\/wp\/v2\/product\/7028"}],"collection":[{"href":"https:\/\/padas.al\/english\/wp-json\/wp\/v2\/product"}],"about":[{"href":"https:\/\/padas.al\/english\/wp-json\/wp\/v2\/types\/product"}],"replies":[{"embeddable":true,"href":"https:\/\/padas.al\/english\/wp-json\/wp\/v2\/comments?post=7028"}],"wp:featuredmedia":[{"embeddable":true,"href":"https:\/\/padas.al\/english\/wp-json\/wp\/v2\/media\/7029"}],"wp:attachment":[{"href":"https:\/\/padas.al\/english\/wp-json\/wp\/v2\/media?parent=7028"}],"wp:term":[{"taxonomy":"product_cat","embeddable":true,"href":"https:\/\/padas.al\/english\/wp-json\/wp\/v2\/product_cat?post=7028"},{"taxonomy":"product_tag","embeddable":true,"href":"https:\/\/padas.al\/english\/wp-json\/wp\/v2\/product_tag?post=7028"}],"curies":[{"name":"wp","href":"https:\/\/api.w.org\/{rel}","templated":true}]}}