{"id":7093,"date":"2022-04-26T20:41:55","date_gmt":"2022-04-26T20:41:55","guid":{"rendered":"https:\/\/padas.al\/?post_type=product&#038;p=7093"},"modified":"2022-07-07T10:02:17","modified_gmt":"2022-07-07T10:02:17","slug":"sandale-te-sheshtae-rripa","status":"publish","type":"product","link":"https:\/\/padas.al\/english\/product\/sandale-te-sheshtae-rripa\/","title":{"rendered":"Sandale t\u00eb sheshta me rripa."},"content":{"rendered":"<p>Sandalet jan\u00eb t\u00eb punuara nga l\u00ebkura natyrale n\u00eb ngjyr\u00ebn kafe si dhe rripa me shk\u00eblqim n\u00eb ngjyr\u00ebn e bakrit. Kan\u00eb tog\u00ebz e cila jep mund\u00ebsi p\u00ebr t&#8217;u veshur dhe hequr lirisht sandalet, po ashtu dhe p\u00ebr ti puthitur pas k\u00ebmbe sipas d\u00ebshir\u00ebs tuaj.<\/p>","protected":false},"excerpt":{"rendered":"<p>Sandalet jan\u00eb t\u00eb firm\u00ebs Fardoulis dhe jan\u00eb t\u00eb punuara n\u00eb m\u00ebnyr\u00ebn artizanale kjo i b\u00ebn ato akoma dhe m\u00eb komode. Jan\u00eb zgjedhja ideale p\u00ebr dit\u00ebt e nxehta t\u00eb ver\u00ebs pasi p\u00ebrshtaten me \u00e7do veshje dhe rripat n\u00eb ngjyr\u00ebn e bakrit u japin atyre shk\u00eblqimin q\u00eb ju doni.<\/p>","protected":false},"featured_media":7094,"comment_status":"open","ping_status":"closed","template":"","meta":[],"product_cat":[139,151,152,154,223],"product_tag":[],"yoast_head":"<!-- This site is optimized with the Yoast SEO plugin v18.3 - https:\/\/yoast.com\/wordpress\/plugins\/seo\/ -->\n<title>Sandale t\u00eb sheshta me rripa. - PADAS<\/title>\n<meta name=\"description\" content=\"Sandale l\u00ebkure t\u00eb sheshta Mr kombinim t\u00eb ngjyr\u00ebs kafe me at\u00eb bronz. Praktike e t\u00eb kombinueshme me \u00e7do veshje p\u00ebr sezonin e ver\u00ebs.\" \/>\n<meta name=\"robots\" content=\"index, follow, max-snippet:-1, max-image-preview:large, max-video-preview:-1\" \/>\n<link rel=\"canonical\" href=\"https:\/\/padas.al\/english\/product\/sandale-te-sheshtae-rripa\/\" \/>\n<meta property=\"og:locale\" content=\"en_GB\" \/>\n<meta property=\"og:type\" content=\"article\" \/>\n<meta property=\"og:title\" content=\"Sandale t\u00eb sheshta me rripa. - PADAS\" \/>\n<meta property=\"og:description\" content=\"Sandale l\u00ebkure t\u00eb sheshta Mr kombinim t\u00eb ngjyr\u00ebs kafe me at\u00eb bronz. Praktike e t\u00eb kombinueshme me \u00e7do veshje p\u00ebr sezonin e ver\u00ebs.\" \/>\n<meta property=\"og:url\" content=\"https:\/\/padas.al\/english\/product\/sandale-te-sheshtae-rripa\/\" \/>\n<meta property=\"og:site_name\" content=\"PADAS\" \/>\n<meta property=\"article:modified_time\" content=\"2022-07-07T10:02:17+00:00\" \/>\n<meta property=\"og:image\" content=\"https:\/\/padas.al\/wp-content\/uploads\/2022\/04\/20210208144549_267b325e.jpeg\" \/>\n\t<meta property=\"og:image:width\" content=\"1135\" \/>\n\t<meta property=\"og:image:height\" content=\"468\" \/>\n\t<meta property=\"og:image:type\" content=\"image\/jpeg\" \/>\n<meta name=\"twitter:card\" content=\"summary_large_image\" \/>\n<meta name=\"twitter:label1\" content=\"Estimated reading time\" \/>\n\t<meta name=\"twitter:data1\" content=\"1 minute\" \/>\n<script type=\"application\/ld+json\" class=\"yoast-schema-graph\">{\"@context\":\"https:\/\/schema.org\",\"@graph\":[{\"@type\":\"Organization\",\"@id\":\"https:\/\/padas.al\/#organization\",\"name\":\"Padas.al\",\"url\":\"https:\/\/padas.al\/\",\"sameAs\":[],\"logo\":{\"@type\":\"ImageObject\",\"@id\":\"https:\/\/padas.al\/#logo\",\"inLanguage\":\"en-GB\",\"url\":\"https:\/\/padas.al\/wp-content\/uploads\/2021\/12\/padas-logo-01.svg\",\"contentUrl\":\"https:\/\/padas.al\/wp-content\/uploads\/2021\/12\/padas-logo-01.svg\",\"width\":196.4218,\"height\":195.7925,\"caption\":\"Padas.al\"},\"image\":{\"@id\":\"https:\/\/padas.al\/#logo\"}},{\"@type\":\"WebSite\",\"@id\":\"https:\/\/padas.al\/#website\",\"url\":\"https:\/\/padas.al\/\",\"name\":\"PADAS\",\"description\":\"Shoe Shop\",\"publisher\":{\"@id\":\"https:\/\/padas.al\/#organization\"},\"potentialAction\":[{\"@type\":\"SearchAction\",\"target\":{\"@type\":\"EntryPoint\",\"urlTemplate\":\"https:\/\/padas.al\/?s={search_term_string}\"},\"query-input\":\"required name=search_term_string\"}],\"inLanguage\":\"en-GB\"},{\"@type\":\"ImageObject\",\"@id\":\"https:\/\/padas.al\/product\/sandale-te-sheshtae-rripa\/#primaryimage\",\"inLanguage\":\"en-GB\",\"url\":\"https:\/\/padas.al\/wp-content\/uploads\/2022\/04\/20210208144549_267b325e.jpeg\",\"contentUrl\":\"https:\/\/padas.al\/wp-content\/uploads\/2022\/04\/20210208144549_267b325e.jpeg\",\"width\":1135,\"height\":468},{\"@type\":\"WebPage\",\"@id\":\"https:\/\/padas.al\/product\/sandale-te-sheshtae-rripa\/#webpage\",\"url\":\"https:\/\/padas.al\/product\/sandale-te-sheshtae-rripa\/\",\"name\":\"Sandale t\u00eb sheshta me rripa. - PADAS\",\"isPartOf\":{\"@id\":\"https:\/\/padas.al\/#website\"},\"primaryImageOfPage\":{\"@id\":\"https:\/\/padas.al\/product\/sandale-te-sheshtae-rripa\/#primaryimage\"},\"datePublished\":\"2022-04-26T20:41:55+00:00\",\"dateModified\":\"2022-07-07T10:02:17+00:00\",\"description\":\"Sandale l\u00ebkure t\u00eb sheshta Mr kombinim t\u00eb ngjyr\u00ebs kafe me at\u00eb bronz. Praktike e t\u00eb kombinueshme me \u00e7do veshje p\u00ebr sezonin e ver\u00ebs.\",\"breadcrumb\":{\"@id\":\"https:\/\/padas.al\/product\/sandale-te-sheshtae-rripa\/#breadcrumb\"},\"inLanguage\":\"en-GB\",\"potentialAction\":[{\"@type\":\"ReadAction\",\"target\":[\"https:\/\/padas.al\/product\/sandale-te-sheshtae-rripa\/\"]}]},{\"@type\":\"BreadcrumbList\",\"@id\":\"https:\/\/padas.al\/product\/sandale-te-sheshtae-rripa\/#breadcrumb\",\"itemListElement\":[{\"@type\":\"ListItem\",\"position\":1,\"name\":\"Home\",\"item\":\"https:\/\/padas.al\/\"},{\"@type\":\"ListItem\",\"position\":2,\"name\":\"Shop\",\"item\":\"https:\/\/padas.al\/shop\/\"},{\"@type\":\"ListItem\",\"position\":3,\"name\":\"Sandale t\u00eb sheshta me rripa.\"}]}]}<\/script>\n<!-- \/ Yoast SEO plugin. -->","yoast_head_json":{"title":"Sandale t\u00eb sheshta me rripa. - PADAS","description":"Sandale l\u00ebkure t\u00eb sheshta Mr kombinim t\u00eb ngjyr\u00ebs kafe me at\u00eb bronz. Praktike e t\u00eb kombinueshme me \u00e7do veshje p\u00ebr sezonin e ver\u00ebs.","robots":{"index":"index","follow":"follow","max-snippet":"max-snippet:-1","max-image-preview":"max-image-preview:large","max-video-preview":"max-video-preview:-1"},"canonical":"https:\/\/padas.al\/english\/product\/sandale-te-sheshtae-rripa\/","og_locale":"en_GB","og_type":"article","og_title":"Sandale t\u00eb sheshta me rripa. - PADAS","og_description":"Sandale l\u00ebkure t\u00eb sheshta Mr kombinim t\u00eb ngjyr\u00ebs kafe me at\u00eb bronz. Praktike e t\u00eb kombinueshme me \u00e7do veshje p\u00ebr sezonin e ver\u00ebs.","og_url":"https:\/\/padas.al\/english\/product\/sandale-te-sheshtae-rripa\/","og_site_name":"PADAS","article_modified_time":"2022-07-07T10:02:17+00:00","og_image":[{"width":1135,"height":468,"url":"https:\/\/padas.al\/wp-content\/uploads\/2022\/04\/20210208144549_267b325e.jpeg","type":"image\/jpeg"}],"twitter_card":"summary_large_image","twitter_misc":{"Estimated reading time":"1 minute"},"schema":{"@context":"https:\/\/schema.org","@graph":[{"@type":"Organization","@id":"https:\/\/padas.al\/#organization","name":"Padas.al","url":"https:\/\/padas.al\/","sameAs":[],"logo":{"@type":"ImageObject","@id":"https:\/\/padas.al\/#logo","inLanguage":"en-GB","url":"https:\/\/padas.al\/wp-content\/uploads\/2021\/12\/padas-logo-01.svg","contentUrl":"https:\/\/padas.al\/wp-content\/uploads\/2021\/12\/padas-logo-01.svg","width":196.4218,"height":195.7925,"caption":"Padas.al"},"image":{"@id":"https:\/\/padas.al\/#logo"}},{"@type":"WebSite","@id":"https:\/\/padas.al\/#website","url":"https:\/\/padas.al\/","name":"PADAS","description":"Shoe Shop","publisher":{"@id":"https:\/\/padas.al\/#organization"},"potentialAction":[{"@type":"SearchAction","target":{"@type":"EntryPoint","urlTemplate":"https:\/\/padas.al\/?s={search_term_string}"},"query-input":"required name=search_term_string"}],"inLanguage":"en-GB"},{"@type":"ImageObject","@id":"https:\/\/padas.al\/product\/sandale-te-sheshtae-rripa\/#primaryimage","inLanguage":"en-GB","url":"https:\/\/padas.al\/wp-content\/uploads\/2022\/04\/20210208144549_267b325e.jpeg","contentUrl":"https:\/\/padas.al\/wp-content\/uploads\/2022\/04\/20210208144549_267b325e.jpeg","width":1135,"height":468},{"@type":"WebPage","@id":"https:\/\/padas.al\/product\/sandale-te-sheshtae-rripa\/#webpage","url":"https:\/\/padas.al\/product\/sandale-te-sheshtae-rripa\/","name":"Sandale t\u00eb sheshta me rripa. - PADAS","isPartOf":{"@id":"https:\/\/padas.al\/#website"},"primaryImageOfPage":{"@id":"https:\/\/padas.al\/product\/sandale-te-sheshtae-rripa\/#primaryimage"},"datePublished":"2022-04-26T20:41:55+00:00","dateModified":"2022-07-07T10:02:17+00:00","description":"Sandale l\u00ebkure t\u00eb sheshta Mr kombinim t\u00eb ngjyr\u00ebs kafe me at\u00eb bronz. Praktike e t\u00eb kombinueshme me \u00e7do veshje p\u00ebr sezonin e ver\u00ebs.","breadcrumb":{"@id":"https:\/\/padas.al\/product\/sandale-te-sheshtae-rripa\/#breadcrumb"},"inLanguage":"en-GB","potentialAction":[{"@type":"ReadAction","target":["https:\/\/padas.al\/product\/sandale-te-sheshtae-rripa\/"]}]},{"@type":"BreadcrumbList","@id":"https:\/\/padas.al\/product\/sandale-te-sheshtae-rripa\/#breadcrumb","itemListElement":[{"@type":"ListItem","position":1,"name":"Home","item":"https:\/\/padas.al\/"},{"@type":"ListItem","position":2,"name":"Shop","item":"https:\/\/padas.al\/shop\/"},{"@type":"ListItem","position":3,"name":"Sandale t\u00eb sheshta me rripa."}]}]}},"_links":{"self":[{"href":"https:\/\/padas.al\/english\/wp-json\/wp\/v2\/product\/7093"}],"collection":[{"href":"https:\/\/padas.al\/english\/wp-json\/wp\/v2\/product"}],"about":[{"href":"https:\/\/padas.al\/english\/wp-json\/wp\/v2\/types\/product"}],"replies":[{"embeddable":true,"href":"https:\/\/padas.al\/english\/wp-json\/wp\/v2\/comments?post=7093"}],"wp:featuredmedia":[{"embeddable":true,"href":"https:\/\/padas.al\/english\/wp-json\/wp\/v2\/media\/7094"}],"wp:attachment":[{"href":"https:\/\/padas.al\/english\/wp-json\/wp\/v2\/media?parent=7093"}],"wp:term":[{"taxonomy":"product_cat","embeddable":true,"href":"https:\/\/padas.al\/english\/wp-json\/wp\/v2\/product_cat?post=7093"},{"taxonomy":"product_tag","embeddable":true,"href":"https:\/\/padas.al\/english\/wp-json\/wp\/v2\/product_tag?post=7093"}],"curies":[{"name":"wp","href":"https:\/\/api.w.org\/{rel}","templated":true}]}}