{"id":7401,"date":"2022-05-04T11:35:32","date_gmt":"2022-05-04T11:35:32","guid":{"rendered":"https:\/\/padas.al\/?post_type=product&#038;p=7401"},"modified":"2026-01-28T13:32:03","modified_gmt":"2026-01-28T13:32:03","slug":"kepuce-pa-lidhese","status":"publish","type":"product","link":"https:\/\/padas.al\/english\/product\/kepuce-pa-lidhese\/","title":{"rendered":"K\u00ebpuc\u00eb loafers pa lidh\u00ebse Boxer p\u00ebr meshkuj ."},"content":{"rendered":"<p>K\u00ebpuc\u00eb Boxer t\u00eb punuara n\u00eb l\u00ebkur\u00eb natyrale si brenda ashtu edhe jasht\u00eb. Jan\u00eb t\u00eb punuara deri n\u00eb detaje. Modeli ndodhet n\u00eb dy ngjyra n\u00eb kafe dhe n\u00eb t\u00eb zez\u00eb. L\u00ebkura tyre \u00ebsht\u00eb e l\u00ebmuar, n\u00eb pjes\u00ebt an\u00ebsore t\u00eb k\u00ebpuc\u00ebs vijon nj\u00eb qepje n\u00eb form\u00eb harqesh. Ka llastiqe nga t\u00eb dyja an\u00ebt t\u00eb cilat mund\u00ebsojn\u00eb zgjerimin e k\u00ebpuc\u00ebs n\u00eb baz\u00eb t\u00eb trash\u00ebsis\u00eb s\u00eb k\u00ebmb\u00ebs. Kan\u00eb logo t\u00eb stampuar nga nj\u00ebra an\u00eb.\u00a0Kan\u00eb nj\u00eb shuall gome tep\u00ebr fleksib\u00ebl. Jan\u00eb tep\u00ebr komode dhe t\u00eb rehatshme.<\/p>","protected":false},"excerpt":{"rendered":"<p>K\u00ebpuc\u00eb l\u00ebkure, n\u00eb stilin &#8220;Loafers&#8221;. E disponueshme n\u00eb dy ngjyra. Tep\u00ebr e kombinueshme me \u00e7do veshje. Praktike dhe komode n\u00eb \u00e7do hap tuajin.<\/p>","protected":false},"featured_media":7403,"comment_status":"open","ping_status":"closed","template":"","meta":[],"product_cat":[228,229,189,191,198,274],"product_tag":[],"yoast_head":"<!-- This site is optimized with the Yoast SEO plugin v18.3 - https:\/\/yoast.com\/wordpress\/plugins\/seo\/ -->\n<title>K\u00ebpuc\u00eb loafers pa lidh\u00ebse Boxer p\u00ebr meshkuj . - PADAS<\/title>\n<meta name=\"description\" content=\"K\u00ebpuc\u00eb pa lidh\u00ebse me stil loafers praktike n\u00eb p\u00ebrditshm\u00ebri pasi jan\u00eb t\u00eb lehta dhe me shuall gome i cili \u00ebsht\u00eb fleksib\u00ebl. T\u00eb kombinueshme n\u00eb ngjyr\u00eb.\" \/>\n<meta name=\"robots\" content=\"index, follow, max-snippet:-1, max-image-preview:large, max-video-preview:-1\" \/>\n<link rel=\"canonical\" href=\"https:\/\/padas.al\/english\/product\/kepuce-pa-lidhese\/\" \/>\n<meta property=\"og:locale\" content=\"en_GB\" \/>\n<meta property=\"og:type\" content=\"article\" \/>\n<meta property=\"og:title\" content=\"K\u00ebpuc\u00eb loafers pa lidh\u00ebse Boxer p\u00ebr meshkuj . - PADAS\" \/>\n<meta property=\"og:description\" content=\"K\u00ebpuc\u00eb pa lidh\u00ebse me stil loafers praktike n\u00eb p\u00ebrditshm\u00ebri pasi jan\u00eb t\u00eb lehta dhe me shuall gome i cili \u00ebsht\u00eb fleksib\u00ebl. T\u00eb kombinueshme n\u00eb ngjyr\u00eb.\" \/>\n<meta property=\"og:url\" content=\"https:\/\/padas.al\/english\/product\/kepuce-pa-lidhese\/\" \/>\n<meta property=\"og:site_name\" content=\"PADAS\" \/>\n<meta property=\"article:modified_time\" content=\"2026-01-28T13:32:03+00:00\" \/>\n<meta property=\"og:image\" content=\"https:\/\/padas.al\/wp-content\/uploads\/2022\/05\/20211210114851_0414c521.jpeg\" \/>\n\t<meta property=\"og:image:width\" content=\"1461\" \/>\n\t<meta property=\"og:image:height\" content=\"798\" \/>\n\t<meta property=\"og:image:type\" content=\"image\/jpeg\" \/>\n<meta name=\"twitter:card\" content=\"summary_large_image\" \/>\n<meta name=\"twitter:label1\" content=\"Estimated reading time\" \/>\n\t<meta name=\"twitter:data1\" content=\"1 minute\" \/>\n<script type=\"application\/ld+json\" class=\"yoast-schema-graph\">{\"@context\":\"https:\/\/schema.org\",\"@graph\":[{\"@type\":\"Organization\",\"@id\":\"https:\/\/padas.al\/#organization\",\"name\":\"Padas.al\",\"url\":\"https:\/\/padas.al\/\",\"sameAs\":[],\"logo\":{\"@type\":\"ImageObject\",\"@id\":\"https:\/\/padas.al\/#logo\",\"inLanguage\":\"en-GB\",\"url\":\"https:\/\/padas.al\/wp-content\/uploads\/2021\/12\/padas-logo-01.svg\",\"contentUrl\":\"https:\/\/padas.al\/wp-content\/uploads\/2021\/12\/padas-logo-01.svg\",\"width\":196.4218,\"height\":195.7925,\"caption\":\"Padas.al\"},\"image\":{\"@id\":\"https:\/\/padas.al\/#logo\"}},{\"@type\":\"WebSite\",\"@id\":\"https:\/\/padas.al\/#website\",\"url\":\"https:\/\/padas.al\/\",\"name\":\"PADAS\",\"description\":\"Shoe Shop\",\"publisher\":{\"@id\":\"https:\/\/padas.al\/#organization\"},\"potentialAction\":[{\"@type\":\"SearchAction\",\"target\":{\"@type\":\"EntryPoint\",\"urlTemplate\":\"https:\/\/padas.al\/?s={search_term_string}\"},\"query-input\":\"required name=search_term_string\"}],\"inLanguage\":\"en-GB\"},{\"@type\":\"ImageObject\",\"@id\":\"https:\/\/padas.al\/product\/kepuce-pa-lidhese\/#primaryimage\",\"inLanguage\":\"en-GB\",\"url\":\"https:\/\/padas.al\/wp-content\/uploads\/2022\/05\/20211210114851_0414c521.jpeg\",\"contentUrl\":\"https:\/\/padas.al\/wp-content\/uploads\/2022\/05\/20211210114851_0414c521.jpeg\",\"width\":1461,\"height\":798},{\"@type\":\"WebPage\",\"@id\":\"https:\/\/padas.al\/product\/kepuce-pa-lidhese\/#webpage\",\"url\":\"https:\/\/padas.al\/product\/kepuce-pa-lidhese\/\",\"name\":\"K\u00ebpuc\u00eb loafers pa lidh\u00ebse Boxer p\u00ebr meshkuj . - PADAS\",\"isPartOf\":{\"@id\":\"https:\/\/padas.al\/#website\"},\"primaryImageOfPage\":{\"@id\":\"https:\/\/padas.al\/product\/kepuce-pa-lidhese\/#primaryimage\"},\"datePublished\":\"2022-05-04T11:35:32+00:00\",\"dateModified\":\"2026-01-28T13:32:03+00:00\",\"description\":\"K\u00ebpuc\u00eb pa lidh\u00ebse me stil loafers praktike n\u00eb p\u00ebrditshm\u00ebri pasi jan\u00eb t\u00eb lehta dhe me shuall gome i cili \u00ebsht\u00eb fleksib\u00ebl. T\u00eb kombinueshme n\u00eb ngjyr\u00eb.\",\"breadcrumb\":{\"@id\":\"https:\/\/padas.al\/product\/kepuce-pa-lidhese\/#breadcrumb\"},\"inLanguage\":\"en-GB\",\"potentialAction\":[{\"@type\":\"ReadAction\",\"target\":[\"https:\/\/padas.al\/product\/kepuce-pa-lidhese\/\"]}]},{\"@type\":\"BreadcrumbList\",\"@id\":\"https:\/\/padas.al\/product\/kepuce-pa-lidhese\/#breadcrumb\",\"itemListElement\":[{\"@type\":\"ListItem\",\"position\":1,\"name\":\"Home\",\"item\":\"https:\/\/padas.al\/\"},{\"@type\":\"ListItem\",\"position\":2,\"name\":\"Shop\",\"item\":\"https:\/\/padas.al\/shop\/\"},{\"@type\":\"ListItem\",\"position\":3,\"name\":\"K\u00ebpuc\u00eb loafers pa lidh\u00ebse Boxer p\u00ebr meshkuj .\"}]}]}<\/script>\n<!-- \/ Yoast SEO plugin. -->","yoast_head_json":{"title":"K\u00ebpuc\u00eb loafers pa lidh\u00ebse Boxer p\u00ebr meshkuj . - PADAS","description":"K\u00ebpuc\u00eb pa lidh\u00ebse me stil loafers praktike n\u00eb p\u00ebrditshm\u00ebri pasi jan\u00eb t\u00eb lehta dhe me shuall gome i cili \u00ebsht\u00eb fleksib\u00ebl. T\u00eb kombinueshme n\u00eb ngjyr\u00eb.","robots":{"index":"index","follow":"follow","max-snippet":"max-snippet:-1","max-image-preview":"max-image-preview:large","max-video-preview":"max-video-preview:-1"},"canonical":"https:\/\/padas.al\/english\/product\/kepuce-pa-lidhese\/","og_locale":"en_GB","og_type":"article","og_title":"K\u00ebpuc\u00eb loafers pa lidh\u00ebse Boxer p\u00ebr meshkuj . - PADAS","og_description":"K\u00ebpuc\u00eb pa lidh\u00ebse me stil loafers praktike n\u00eb p\u00ebrditshm\u00ebri pasi jan\u00eb t\u00eb lehta dhe me shuall gome i cili \u00ebsht\u00eb fleksib\u00ebl. T\u00eb kombinueshme n\u00eb ngjyr\u00eb.","og_url":"https:\/\/padas.al\/english\/product\/kepuce-pa-lidhese\/","og_site_name":"PADAS","article_modified_time":"2026-01-28T13:32:03+00:00","og_image":[{"width":1461,"height":798,"url":"https:\/\/padas.al\/wp-content\/uploads\/2022\/05\/20211210114851_0414c521.jpeg","type":"image\/jpeg"}],"twitter_card":"summary_large_image","twitter_misc":{"Estimated reading time":"1 minute"},"schema":{"@context":"https:\/\/schema.org","@graph":[{"@type":"Organization","@id":"https:\/\/padas.al\/#organization","name":"Padas.al","url":"https:\/\/padas.al\/","sameAs":[],"logo":{"@type":"ImageObject","@id":"https:\/\/padas.al\/#logo","inLanguage":"en-GB","url":"https:\/\/padas.al\/wp-content\/uploads\/2021\/12\/padas-logo-01.svg","contentUrl":"https:\/\/padas.al\/wp-content\/uploads\/2021\/12\/padas-logo-01.svg","width":196.4218,"height":195.7925,"caption":"Padas.al"},"image":{"@id":"https:\/\/padas.al\/#logo"}},{"@type":"WebSite","@id":"https:\/\/padas.al\/#website","url":"https:\/\/padas.al\/","name":"PADAS","description":"Shoe Shop","publisher":{"@id":"https:\/\/padas.al\/#organization"},"potentialAction":[{"@type":"SearchAction","target":{"@type":"EntryPoint","urlTemplate":"https:\/\/padas.al\/?s={search_term_string}"},"query-input":"required name=search_term_string"}],"inLanguage":"en-GB"},{"@type":"ImageObject","@id":"https:\/\/padas.al\/product\/kepuce-pa-lidhese\/#primaryimage","inLanguage":"en-GB","url":"https:\/\/padas.al\/wp-content\/uploads\/2022\/05\/20211210114851_0414c521.jpeg","contentUrl":"https:\/\/padas.al\/wp-content\/uploads\/2022\/05\/20211210114851_0414c521.jpeg","width":1461,"height":798},{"@type":"WebPage","@id":"https:\/\/padas.al\/product\/kepuce-pa-lidhese\/#webpage","url":"https:\/\/padas.al\/product\/kepuce-pa-lidhese\/","name":"K\u00ebpuc\u00eb loafers pa lidh\u00ebse Boxer p\u00ebr meshkuj . - PADAS","isPartOf":{"@id":"https:\/\/padas.al\/#website"},"primaryImageOfPage":{"@id":"https:\/\/padas.al\/product\/kepuce-pa-lidhese\/#primaryimage"},"datePublished":"2022-05-04T11:35:32+00:00","dateModified":"2026-01-28T13:32:03+00:00","description":"K\u00ebpuc\u00eb pa lidh\u00ebse me stil loafers praktike n\u00eb p\u00ebrditshm\u00ebri pasi jan\u00eb t\u00eb lehta dhe me shuall gome i cili \u00ebsht\u00eb fleksib\u00ebl. T\u00eb kombinueshme n\u00eb ngjyr\u00eb.","breadcrumb":{"@id":"https:\/\/padas.al\/product\/kepuce-pa-lidhese\/#breadcrumb"},"inLanguage":"en-GB","potentialAction":[{"@type":"ReadAction","target":["https:\/\/padas.al\/product\/kepuce-pa-lidhese\/"]}]},{"@type":"BreadcrumbList","@id":"https:\/\/padas.al\/product\/kepuce-pa-lidhese\/#breadcrumb","itemListElement":[{"@type":"ListItem","position":1,"name":"Home","item":"https:\/\/padas.al\/"},{"@type":"ListItem","position":2,"name":"Shop","item":"https:\/\/padas.al\/shop\/"},{"@type":"ListItem","position":3,"name":"K\u00ebpuc\u00eb loafers pa lidh\u00ebse Boxer p\u00ebr meshkuj ."}]}]}},"_links":{"self":[{"href":"https:\/\/padas.al\/english\/wp-json\/wp\/v2\/product\/7401"}],"collection":[{"href":"https:\/\/padas.al\/english\/wp-json\/wp\/v2\/product"}],"about":[{"href":"https:\/\/padas.al\/english\/wp-json\/wp\/v2\/types\/product"}],"replies":[{"embeddable":true,"href":"https:\/\/padas.al\/english\/wp-json\/wp\/v2\/comments?post=7401"}],"wp:featuredmedia":[{"embeddable":true,"href":"https:\/\/padas.al\/english\/wp-json\/wp\/v2\/media\/7403"}],"wp:attachment":[{"href":"https:\/\/padas.al\/english\/wp-json\/wp\/v2\/media?parent=7401"}],"wp:term":[{"taxonomy":"product_cat","embeddable":true,"href":"https:\/\/padas.al\/english\/wp-json\/wp\/v2\/product_cat?post=7401"},{"taxonomy":"product_tag","embeddable":true,"href":"https:\/\/padas.al\/english\/wp-json\/wp\/v2\/product_tag?post=7401"}],"curies":[{"name":"wp","href":"https:\/\/api.w.org\/{rel}","templated":true}]}}