{"id":7423,"date":"2022-05-04T19:02:27","date_gmt":"2022-05-04T19:02:27","guid":{"rendered":"https:\/\/padas.al\/?post_type=product&#038;p=7423"},"modified":"2024-10-10T13:13:32","modified_gmt":"2024-10-10T13:13:32","slug":"mokasina-per-meshkuj","status":"publish","type":"product","link":"https:\/\/padas.al\/english\/product\/mokasina-per-meshkuj\/","title":{"rendered":"Mokasina Damiani l\u00ebkure p\u00ebr meshkuj."},"content":{"rendered":"<p>K\u00ebpuc\u00ebt jan\u00eb t\u00eb punuara nga l\u00ebkura natyrale n\u00eb ngjyr\u00ebn kafe dhe t\u00eb zez\u00eb p\u00ebrkat\u00ebsisht.\u00a0 Kan\u00eb shuall me toptha t\u00eb vegj\u00ebl kjo i b\u00ebn ato t\u00eb jen\u00eb komode n\u00eb ecje. Shtresa e tyre e brendshme \u00ebsht\u00eb l\u00ebkur\u00eb dhe e but\u00eb.<\/p>","protected":false},"excerpt":{"rendered":"<p>K\u00ebpuc\u00ebt jan\u00eb t\u00eb firm\u00ebs Damiani dhe zgjedhja e duhur p\u00ebr k\u00ebt\u00eb sezon. P\u00ebr pushimet tuaja jan\u00eb perfekte, z\u00ebn\u00eb pak vend n\u00eb valixhe dhe shkojn\u00eb me \u00e7do veshje, sportive dhe casual.<\/p>","protected":false},"featured_media":7439,"comment_status":"open","ping_status":"closed","template":"","meta":[],"product_cat":[228,231,189,191,201,199],"product_tag":[],"yoast_head":"<!-- This site is optimized with the Yoast SEO plugin v18.3 - https:\/\/yoast.com\/wordpress\/plugins\/seo\/ -->\n<title>Mokasina Damiani l\u00ebkure p\u00ebr meshkuj. - PADAS<\/title>\n<meta name=\"description\" content=\"Mokasinat jan\u00eb k\u00ebpuc\u00ebt verore m\u00eb t\u00eb p\u00eblqyera pasi ato vishen dhe me pantallona t\u00eb gjata dhe me t\u00eb shkurtra. T\u00eb lehta dhe praktike n\u00eb p\u00ebrditshm\u00ebri.\" \/>\n<meta name=\"robots\" content=\"index, follow, max-snippet:-1, max-image-preview:large, max-video-preview:-1\" \/>\n<link rel=\"canonical\" href=\"https:\/\/padas.al\/english\/product\/mokasina-per-meshkuj\/\" \/>\n<meta property=\"og:locale\" content=\"en_GB\" \/>\n<meta property=\"og:type\" content=\"article\" \/>\n<meta property=\"og:title\" content=\"Mokasina Damiani l\u00ebkure p\u00ebr meshkuj. - PADAS\" \/>\n<meta property=\"og:description\" content=\"Mokasinat jan\u00eb k\u00ebpuc\u00ebt verore m\u00eb t\u00eb p\u00eblqyera pasi ato vishen dhe me pantallona t\u00eb gjata dhe me t\u00eb shkurtra. T\u00eb lehta dhe praktike n\u00eb p\u00ebrditshm\u00ebri.\" \/>\n<meta property=\"og:url\" content=\"https:\/\/padas.al\/english\/product\/mokasina-per-meshkuj\/\" \/>\n<meta property=\"og:site_name\" content=\"PADAS\" \/>\n<meta property=\"article:modified_time\" content=\"2024-10-10T13:13:32+00:00\" \/>\n<meta property=\"og:image\" content=\"https:\/\/padas.al\/wp-content\/uploads\/2022\/05\/DSC_0100.jpg\" \/>\n\t<meta property=\"og:image:width\" content=\"1004\" \/>\n\t<meta property=\"og:image:height\" content=\"1004\" \/>\n\t<meta property=\"og:image:type\" content=\"image\/jpeg\" \/>\n<meta name=\"twitter:card\" content=\"summary_large_image\" \/>\n<meta name=\"twitter:label1\" content=\"Estimated reading time\" \/>\n\t<meta name=\"twitter:data1\" content=\"1 minute\" \/>\n<script type=\"application\/ld+json\" class=\"yoast-schema-graph\">{\"@context\":\"https:\/\/schema.org\",\"@graph\":[{\"@type\":\"Organization\",\"@id\":\"https:\/\/padas.al\/#organization\",\"name\":\"Padas.al\",\"url\":\"https:\/\/padas.al\/\",\"sameAs\":[],\"logo\":{\"@type\":\"ImageObject\",\"@id\":\"https:\/\/padas.al\/#logo\",\"inLanguage\":\"en-GB\",\"url\":\"https:\/\/padas.al\/wp-content\/uploads\/2021\/12\/padas-logo-01.svg\",\"contentUrl\":\"https:\/\/padas.al\/wp-content\/uploads\/2021\/12\/padas-logo-01.svg\",\"width\":196.4218,\"height\":195.7925,\"caption\":\"Padas.al\"},\"image\":{\"@id\":\"https:\/\/padas.al\/#logo\"}},{\"@type\":\"WebSite\",\"@id\":\"https:\/\/padas.al\/#website\",\"url\":\"https:\/\/padas.al\/\",\"name\":\"PADAS\",\"description\":\"Shoe Shop\",\"publisher\":{\"@id\":\"https:\/\/padas.al\/#organization\"},\"potentialAction\":[{\"@type\":\"SearchAction\",\"target\":{\"@type\":\"EntryPoint\",\"urlTemplate\":\"https:\/\/padas.al\/?s={search_term_string}\"},\"query-input\":\"required name=search_term_string\"}],\"inLanguage\":\"en-GB\"},{\"@type\":\"ImageObject\",\"@id\":\"https:\/\/padas.al\/product\/mokasina-per-meshkuj\/#primaryimage\",\"inLanguage\":\"en-GB\",\"url\":\"https:\/\/padas.al\/wp-content\/uploads\/2022\/05\/DSC_0100.jpg\",\"contentUrl\":\"https:\/\/padas.al\/wp-content\/uploads\/2022\/05\/DSC_0100.jpg\",\"width\":1004,\"height\":1004},{\"@type\":\"WebPage\",\"@id\":\"https:\/\/padas.al\/product\/mokasina-per-meshkuj\/#webpage\",\"url\":\"https:\/\/padas.al\/product\/mokasina-per-meshkuj\/\",\"name\":\"Mokasina Damiani l\u00ebkure p\u00ebr meshkuj. - PADAS\",\"isPartOf\":{\"@id\":\"https:\/\/padas.al\/#website\"},\"primaryImageOfPage\":{\"@id\":\"https:\/\/padas.al\/product\/mokasina-per-meshkuj\/#primaryimage\"},\"datePublished\":\"2022-05-04T19:02:27+00:00\",\"dateModified\":\"2024-10-10T13:13:32+00:00\",\"description\":\"Mokasinat jan\u00eb k\u00ebpuc\u00ebt verore m\u00eb t\u00eb p\u00eblqyera pasi ato vishen dhe me pantallona t\u00eb gjata dhe me t\u00eb shkurtra. T\u00eb lehta dhe praktike n\u00eb p\u00ebrditshm\u00ebri.\",\"breadcrumb\":{\"@id\":\"https:\/\/padas.al\/product\/mokasina-per-meshkuj\/#breadcrumb\"},\"inLanguage\":\"en-GB\",\"potentialAction\":[{\"@type\":\"ReadAction\",\"target\":[\"https:\/\/padas.al\/product\/mokasina-per-meshkuj\/\"]}]},{\"@type\":\"BreadcrumbList\",\"@id\":\"https:\/\/padas.al\/product\/mokasina-per-meshkuj\/#breadcrumb\",\"itemListElement\":[{\"@type\":\"ListItem\",\"position\":1,\"name\":\"Home\",\"item\":\"https:\/\/padas.al\/\"},{\"@type\":\"ListItem\",\"position\":2,\"name\":\"Shop\",\"item\":\"https:\/\/padas.al\/shop\/\"},{\"@type\":\"ListItem\",\"position\":3,\"name\":\"Mokasina Damiani l\u00ebkure p\u00ebr meshkuj.\"}]}]}<\/script>\n<!-- \/ Yoast SEO plugin. -->","yoast_head_json":{"title":"Mokasina Damiani l\u00ebkure p\u00ebr meshkuj. - PADAS","description":"Mokasinat jan\u00eb k\u00ebpuc\u00ebt verore m\u00eb t\u00eb p\u00eblqyera pasi ato vishen dhe me pantallona t\u00eb gjata dhe me t\u00eb shkurtra. T\u00eb lehta dhe praktike n\u00eb p\u00ebrditshm\u00ebri.","robots":{"index":"index","follow":"follow","max-snippet":"max-snippet:-1","max-image-preview":"max-image-preview:large","max-video-preview":"max-video-preview:-1"},"canonical":"https:\/\/padas.al\/english\/product\/mokasina-per-meshkuj\/","og_locale":"en_GB","og_type":"article","og_title":"Mokasina Damiani l\u00ebkure p\u00ebr meshkuj. - PADAS","og_description":"Mokasinat jan\u00eb k\u00ebpuc\u00ebt verore m\u00eb t\u00eb p\u00eblqyera pasi ato vishen dhe me pantallona t\u00eb gjata dhe me t\u00eb shkurtra. T\u00eb lehta dhe praktike n\u00eb p\u00ebrditshm\u00ebri.","og_url":"https:\/\/padas.al\/english\/product\/mokasina-per-meshkuj\/","og_site_name":"PADAS","article_modified_time":"2024-10-10T13:13:32+00:00","og_image":[{"width":1004,"height":1004,"url":"https:\/\/padas.al\/wp-content\/uploads\/2022\/05\/DSC_0100.jpg","type":"image\/jpeg"}],"twitter_card":"summary_large_image","twitter_misc":{"Estimated reading time":"1 minute"},"schema":{"@context":"https:\/\/schema.org","@graph":[{"@type":"Organization","@id":"https:\/\/padas.al\/#organization","name":"Padas.al","url":"https:\/\/padas.al\/","sameAs":[],"logo":{"@type":"ImageObject","@id":"https:\/\/padas.al\/#logo","inLanguage":"en-GB","url":"https:\/\/padas.al\/wp-content\/uploads\/2021\/12\/padas-logo-01.svg","contentUrl":"https:\/\/padas.al\/wp-content\/uploads\/2021\/12\/padas-logo-01.svg","width":196.4218,"height":195.7925,"caption":"Padas.al"},"image":{"@id":"https:\/\/padas.al\/#logo"}},{"@type":"WebSite","@id":"https:\/\/padas.al\/#website","url":"https:\/\/padas.al\/","name":"PADAS","description":"Shoe Shop","publisher":{"@id":"https:\/\/padas.al\/#organization"},"potentialAction":[{"@type":"SearchAction","target":{"@type":"EntryPoint","urlTemplate":"https:\/\/padas.al\/?s={search_term_string}"},"query-input":"required name=search_term_string"}],"inLanguage":"en-GB"},{"@type":"ImageObject","@id":"https:\/\/padas.al\/product\/mokasina-per-meshkuj\/#primaryimage","inLanguage":"en-GB","url":"https:\/\/padas.al\/wp-content\/uploads\/2022\/05\/DSC_0100.jpg","contentUrl":"https:\/\/padas.al\/wp-content\/uploads\/2022\/05\/DSC_0100.jpg","width":1004,"height":1004},{"@type":"WebPage","@id":"https:\/\/padas.al\/product\/mokasina-per-meshkuj\/#webpage","url":"https:\/\/padas.al\/product\/mokasina-per-meshkuj\/","name":"Mokasina Damiani l\u00ebkure p\u00ebr meshkuj. - PADAS","isPartOf":{"@id":"https:\/\/padas.al\/#website"},"primaryImageOfPage":{"@id":"https:\/\/padas.al\/product\/mokasina-per-meshkuj\/#primaryimage"},"datePublished":"2022-05-04T19:02:27+00:00","dateModified":"2024-10-10T13:13:32+00:00","description":"Mokasinat jan\u00eb k\u00ebpuc\u00ebt verore m\u00eb t\u00eb p\u00eblqyera pasi ato vishen dhe me pantallona t\u00eb gjata dhe me t\u00eb shkurtra. T\u00eb lehta dhe praktike n\u00eb p\u00ebrditshm\u00ebri.","breadcrumb":{"@id":"https:\/\/padas.al\/product\/mokasina-per-meshkuj\/#breadcrumb"},"inLanguage":"en-GB","potentialAction":[{"@type":"ReadAction","target":["https:\/\/padas.al\/product\/mokasina-per-meshkuj\/"]}]},{"@type":"BreadcrumbList","@id":"https:\/\/padas.al\/product\/mokasina-per-meshkuj\/#breadcrumb","itemListElement":[{"@type":"ListItem","position":1,"name":"Home","item":"https:\/\/padas.al\/"},{"@type":"ListItem","position":2,"name":"Shop","item":"https:\/\/padas.al\/shop\/"},{"@type":"ListItem","position":3,"name":"Mokasina Damiani l\u00ebkure p\u00ebr meshkuj."}]}]}},"_links":{"self":[{"href":"https:\/\/padas.al\/english\/wp-json\/wp\/v2\/product\/7423"}],"collection":[{"href":"https:\/\/padas.al\/english\/wp-json\/wp\/v2\/product"}],"about":[{"href":"https:\/\/padas.al\/english\/wp-json\/wp\/v2\/types\/product"}],"replies":[{"embeddable":true,"href":"https:\/\/padas.al\/english\/wp-json\/wp\/v2\/comments?post=7423"}],"wp:featuredmedia":[{"embeddable":true,"href":"https:\/\/padas.al\/english\/wp-json\/wp\/v2\/media\/7439"}],"wp:attachment":[{"href":"https:\/\/padas.al\/english\/wp-json\/wp\/v2\/media?parent=7423"}],"wp:term":[{"taxonomy":"product_cat","embeddable":true,"href":"https:\/\/padas.al\/english\/wp-json\/wp\/v2\/product_cat?post=7423"},{"taxonomy":"product_tag","embeddable":true,"href":"https:\/\/padas.al\/english\/wp-json\/wp\/v2\/product_tag?post=7423"}],"curies":[{"name":"wp","href":"https:\/\/api.w.org\/{rel}","templated":true}]}}