{"id":7453,"date":"2022-05-05T09:05:51","date_gmt":"2022-05-05T09:05:51","guid":{"rendered":"https:\/\/padas.al\/?post_type=product&#038;p=7453"},"modified":"2022-05-05T09:12:20","modified_gmt":"2022-05-05T09:12:20","slug":"kepuce-me-sholle-te-perkulshme","status":"publish","type":"product","link":"https:\/\/padas.al\/english\/product\/kepuce-me-sholle-te-perkulshme\/","title":{"rendered":"K\u00ebpuc\u00eb me sholl\u00eb t\u00eb p\u00ebrkulshme."},"content":{"rendered":"<p>K\u00ebpuc\u00ebt jan\u00eb t\u00eb punuara nga l\u00ebkura natyrale n\u00eb ngjyr\u00ebn e zez\u00eb dhe kafe p\u00ebrkat\u00ebsisht. Kan\u00eb shtres\u00eb t\u00eb but\u00eb anatomike n\u00eb pjes\u00ebn ku mb\u00ebshtetet shputa e k\u00ebmb\u00ebs dhe kan\u00eb shuall gome tep\u00ebr t\u00eb but\u00eb dhe fleksib\u00ebl. Mbyllja e tyre b\u00ebhet me lidh\u00ebse p\u00ebr leht\u00ebsi n\u00eb veshjen dhe heqjen e tyre.<\/p>","protected":false},"excerpt":{"rendered":"<p>K\u00ebpuc\u00ebt jan\u00eb t\u00eb firm\u00ebs Safe Step dhe jan\u00eb linj\u00eb anatomike. P\u00ebr t\u00eb gjith\u00eb ju q\u00eb jeni n\u00eb q\u00ebndrim n\u00eb k\u00ebmb\u00eb me orar t\u00eb zgjatur k\u00ebto k\u00ebpuc\u00eb jan\u00eb zgjedhja ideale. Falin komoditet maximal dhe do keni k\u00ebmb\u00eb t\u00eb shplodhura gjith\u00eb dit\u00ebn.<\/p>","protected":false},"featured_media":7454,"comment_status":"open","ping_status":"closed","template":"","meta":[],"product_cat":[228,230,189,191,192],"product_tag":[],"yoast_head":"<!-- This site is optimized with the Yoast SEO plugin v18.3 - https:\/\/yoast.com\/wordpress\/plugins\/seo\/ -->\n<title>K\u00ebpuc\u00eb me sholl\u00eb t\u00eb p\u00ebrkulshme. - PADAS<\/title>\n<meta name=\"description\" content=\"K\u00ebpuc\u00eb me shtres\u00eb t\u00eb brendshme anatomike dhe gom\u00eb t\u00eb p\u00ebrkulshme. Kan\u00eb stil casual fal\u00eb gom\u00ebs q\u00eb \u00ebsht\u00eb me pak platform\u00eb. Ideale p\u00ebr ti veshur gjat\u00eb.\" \/>\n<meta name=\"robots\" content=\"index, follow, max-snippet:-1, max-image-preview:large, max-video-preview:-1\" \/>\n<link rel=\"canonical\" href=\"https:\/\/padas.al\/english\/product\/kepuce-me-sholle-te-perkulshme\/\" \/>\n<meta property=\"og:locale\" content=\"en_GB\" \/>\n<meta property=\"og:type\" content=\"article\" \/>\n<meta property=\"og:title\" content=\"K\u00ebpuc\u00eb me sholl\u00eb t\u00eb p\u00ebrkulshme. - PADAS\" \/>\n<meta property=\"og:description\" content=\"K\u00ebpuc\u00eb me shtres\u00eb t\u00eb brendshme anatomike dhe gom\u00eb t\u00eb p\u00ebrkulshme. Kan\u00eb stil casual fal\u00eb gom\u00ebs q\u00eb \u00ebsht\u00eb me pak platform\u00eb. Ideale p\u00ebr ti veshur gjat\u00eb.\" \/>\n<meta property=\"og:url\" content=\"https:\/\/padas.al\/english\/product\/kepuce-me-sholle-te-perkulshme\/\" \/>\n<meta property=\"og:site_name\" content=\"PADAS\" \/>\n<meta property=\"article:modified_time\" content=\"2022-05-05T09:12:20+00:00\" \/>\n<meta property=\"og:image\" content=\"https:\/\/padas.al\/wp-content\/uploads\/2022\/05\/safe_step_705_elafrya_papoutsia_4-800x800-1.jpg\" \/>\n\t<meta property=\"og:image:width\" content=\"800\" \/>\n\t<meta property=\"og:image:height\" content=\"800\" \/>\n\t<meta property=\"og:image:type\" content=\"image\/jpeg\" \/>\n<meta name=\"twitter:card\" content=\"summary_large_image\" \/>\n<meta name=\"twitter:label1\" content=\"Estimated reading time\" \/>\n\t<meta name=\"twitter:data1\" content=\"1 minute\" \/>\n<script type=\"application\/ld+json\" class=\"yoast-schema-graph\">{\"@context\":\"https:\/\/schema.org\",\"@graph\":[{\"@type\":\"Organization\",\"@id\":\"https:\/\/padas.al\/#organization\",\"name\":\"Padas.al\",\"url\":\"https:\/\/padas.al\/\",\"sameAs\":[],\"logo\":{\"@type\":\"ImageObject\",\"@id\":\"https:\/\/padas.al\/#logo\",\"inLanguage\":\"en-GB\",\"url\":\"https:\/\/padas.al\/wp-content\/uploads\/2021\/12\/padas-logo-01.svg\",\"contentUrl\":\"https:\/\/padas.al\/wp-content\/uploads\/2021\/12\/padas-logo-01.svg\",\"width\":196.4218,\"height\":195.7925,\"caption\":\"Padas.al\"},\"image\":{\"@id\":\"https:\/\/padas.al\/#logo\"}},{\"@type\":\"WebSite\",\"@id\":\"https:\/\/padas.al\/#website\",\"url\":\"https:\/\/padas.al\/\",\"name\":\"PADAS\",\"description\":\"Shoe Shop\",\"publisher\":{\"@id\":\"https:\/\/padas.al\/#organization\"},\"potentialAction\":[{\"@type\":\"SearchAction\",\"target\":{\"@type\":\"EntryPoint\",\"urlTemplate\":\"https:\/\/padas.al\/?s={search_term_string}\"},\"query-input\":\"required name=search_term_string\"}],\"inLanguage\":\"en-GB\"},{\"@type\":\"ImageObject\",\"@id\":\"https:\/\/padas.al\/product\/kepuce-me-sholle-te-perkulshme\/#primaryimage\",\"inLanguage\":\"en-GB\",\"url\":\"https:\/\/padas.al\/wp-content\/uploads\/2022\/05\/safe_step_705_elafrya_papoutsia_4-800x800-1.jpg\",\"contentUrl\":\"https:\/\/padas.al\/wp-content\/uploads\/2022\/05\/safe_step_705_elafrya_papoutsia_4-800x800-1.jpg\",\"width\":800,\"height\":800},{\"@type\":\"WebPage\",\"@id\":\"https:\/\/padas.al\/product\/kepuce-me-sholle-te-perkulshme\/#webpage\",\"url\":\"https:\/\/padas.al\/product\/kepuce-me-sholle-te-perkulshme\/\",\"name\":\"K\u00ebpuc\u00eb me sholl\u00eb t\u00eb p\u00ebrkulshme. - PADAS\",\"isPartOf\":{\"@id\":\"https:\/\/padas.al\/#website\"},\"primaryImageOfPage\":{\"@id\":\"https:\/\/padas.al\/product\/kepuce-me-sholle-te-perkulshme\/#primaryimage\"},\"datePublished\":\"2022-05-05T09:05:51+00:00\",\"dateModified\":\"2022-05-05T09:12:20+00:00\",\"description\":\"K\u00ebpuc\u00eb me shtres\u00eb t\u00eb brendshme anatomike dhe gom\u00eb t\u00eb p\u00ebrkulshme. Kan\u00eb stil casual fal\u00eb gom\u00ebs q\u00eb \u00ebsht\u00eb me pak platform\u00eb. Ideale p\u00ebr ti veshur gjat\u00eb.\",\"breadcrumb\":{\"@id\":\"https:\/\/padas.al\/product\/kepuce-me-sholle-te-perkulshme\/#breadcrumb\"},\"inLanguage\":\"en-GB\",\"potentialAction\":[{\"@type\":\"ReadAction\",\"target\":[\"https:\/\/padas.al\/product\/kepuce-me-sholle-te-perkulshme\/\"]}]},{\"@type\":\"BreadcrumbList\",\"@id\":\"https:\/\/padas.al\/product\/kepuce-me-sholle-te-perkulshme\/#breadcrumb\",\"itemListElement\":[{\"@type\":\"ListItem\",\"position\":1,\"name\":\"Home\",\"item\":\"https:\/\/padas.al\/\"},{\"@type\":\"ListItem\",\"position\":2,\"name\":\"Shop\",\"item\":\"https:\/\/padas.al\/shop\/\"},{\"@type\":\"ListItem\",\"position\":3,\"name\":\"K\u00ebpuc\u00eb me sholl\u00eb t\u00eb p\u00ebrkulshme.\"}]}]}<\/script>\n<!-- \/ Yoast SEO plugin. -->","yoast_head_json":{"title":"K\u00ebpuc\u00eb me sholl\u00eb t\u00eb p\u00ebrkulshme. - PADAS","description":"K\u00ebpuc\u00eb me shtres\u00eb t\u00eb brendshme anatomike dhe gom\u00eb t\u00eb p\u00ebrkulshme. Kan\u00eb stil casual fal\u00eb gom\u00ebs q\u00eb \u00ebsht\u00eb me pak platform\u00eb. Ideale p\u00ebr ti veshur gjat\u00eb.","robots":{"index":"index","follow":"follow","max-snippet":"max-snippet:-1","max-image-preview":"max-image-preview:large","max-video-preview":"max-video-preview:-1"},"canonical":"https:\/\/padas.al\/english\/product\/kepuce-me-sholle-te-perkulshme\/","og_locale":"en_GB","og_type":"article","og_title":"K\u00ebpuc\u00eb me sholl\u00eb t\u00eb p\u00ebrkulshme. - PADAS","og_description":"K\u00ebpuc\u00eb me shtres\u00eb t\u00eb brendshme anatomike dhe gom\u00eb t\u00eb p\u00ebrkulshme. Kan\u00eb stil casual fal\u00eb gom\u00ebs q\u00eb \u00ebsht\u00eb me pak platform\u00eb. Ideale p\u00ebr ti veshur gjat\u00eb.","og_url":"https:\/\/padas.al\/english\/product\/kepuce-me-sholle-te-perkulshme\/","og_site_name":"PADAS","article_modified_time":"2022-05-05T09:12:20+00:00","og_image":[{"width":800,"height":800,"url":"https:\/\/padas.al\/wp-content\/uploads\/2022\/05\/safe_step_705_elafrya_papoutsia_4-800x800-1.jpg","type":"image\/jpeg"}],"twitter_card":"summary_large_image","twitter_misc":{"Estimated reading time":"1 minute"},"schema":{"@context":"https:\/\/schema.org","@graph":[{"@type":"Organization","@id":"https:\/\/padas.al\/#organization","name":"Padas.al","url":"https:\/\/padas.al\/","sameAs":[],"logo":{"@type":"ImageObject","@id":"https:\/\/padas.al\/#logo","inLanguage":"en-GB","url":"https:\/\/padas.al\/wp-content\/uploads\/2021\/12\/padas-logo-01.svg","contentUrl":"https:\/\/padas.al\/wp-content\/uploads\/2021\/12\/padas-logo-01.svg","width":196.4218,"height":195.7925,"caption":"Padas.al"},"image":{"@id":"https:\/\/padas.al\/#logo"}},{"@type":"WebSite","@id":"https:\/\/padas.al\/#website","url":"https:\/\/padas.al\/","name":"PADAS","description":"Shoe Shop","publisher":{"@id":"https:\/\/padas.al\/#organization"},"potentialAction":[{"@type":"SearchAction","target":{"@type":"EntryPoint","urlTemplate":"https:\/\/padas.al\/?s={search_term_string}"},"query-input":"required name=search_term_string"}],"inLanguage":"en-GB"},{"@type":"ImageObject","@id":"https:\/\/padas.al\/product\/kepuce-me-sholle-te-perkulshme\/#primaryimage","inLanguage":"en-GB","url":"https:\/\/padas.al\/wp-content\/uploads\/2022\/05\/safe_step_705_elafrya_papoutsia_4-800x800-1.jpg","contentUrl":"https:\/\/padas.al\/wp-content\/uploads\/2022\/05\/safe_step_705_elafrya_papoutsia_4-800x800-1.jpg","width":800,"height":800},{"@type":"WebPage","@id":"https:\/\/padas.al\/product\/kepuce-me-sholle-te-perkulshme\/#webpage","url":"https:\/\/padas.al\/product\/kepuce-me-sholle-te-perkulshme\/","name":"K\u00ebpuc\u00eb me sholl\u00eb t\u00eb p\u00ebrkulshme. - PADAS","isPartOf":{"@id":"https:\/\/padas.al\/#website"},"primaryImageOfPage":{"@id":"https:\/\/padas.al\/product\/kepuce-me-sholle-te-perkulshme\/#primaryimage"},"datePublished":"2022-05-05T09:05:51+00:00","dateModified":"2022-05-05T09:12:20+00:00","description":"K\u00ebpuc\u00eb me shtres\u00eb t\u00eb brendshme anatomike dhe gom\u00eb t\u00eb p\u00ebrkulshme. Kan\u00eb stil casual fal\u00eb gom\u00ebs q\u00eb \u00ebsht\u00eb me pak platform\u00eb. Ideale p\u00ebr ti veshur gjat\u00eb.","breadcrumb":{"@id":"https:\/\/padas.al\/product\/kepuce-me-sholle-te-perkulshme\/#breadcrumb"},"inLanguage":"en-GB","potentialAction":[{"@type":"ReadAction","target":["https:\/\/padas.al\/product\/kepuce-me-sholle-te-perkulshme\/"]}]},{"@type":"BreadcrumbList","@id":"https:\/\/padas.al\/product\/kepuce-me-sholle-te-perkulshme\/#breadcrumb","itemListElement":[{"@type":"ListItem","position":1,"name":"Home","item":"https:\/\/padas.al\/"},{"@type":"ListItem","position":2,"name":"Shop","item":"https:\/\/padas.al\/shop\/"},{"@type":"ListItem","position":3,"name":"K\u00ebpuc\u00eb me sholl\u00eb t\u00eb p\u00ebrkulshme."}]}]}},"_links":{"self":[{"href":"https:\/\/padas.al\/english\/wp-json\/wp\/v2\/product\/7453"}],"collection":[{"href":"https:\/\/padas.al\/english\/wp-json\/wp\/v2\/product"}],"about":[{"href":"https:\/\/padas.al\/english\/wp-json\/wp\/v2\/types\/product"}],"replies":[{"embeddable":true,"href":"https:\/\/padas.al\/english\/wp-json\/wp\/v2\/comments?post=7453"}],"wp:featuredmedia":[{"embeddable":true,"href":"https:\/\/padas.al\/english\/wp-json\/wp\/v2\/media\/7454"}],"wp:attachment":[{"href":"https:\/\/padas.al\/english\/wp-json\/wp\/v2\/media?parent=7453"}],"wp:term":[{"taxonomy":"product_cat","embeddable":true,"href":"https:\/\/padas.al\/english\/wp-json\/wp\/v2\/product_cat?post=7453"},{"taxonomy":"product_tag","embeddable":true,"href":"https:\/\/padas.al\/english\/wp-json\/wp\/v2\/product_tag?post=7453"}],"curies":[{"name":"wp","href":"https:\/\/api.w.org\/{rel}","templated":true}]}}