{"id":7941,"date":"2022-05-25T21:22:59","date_gmt":"2022-05-25T21:22:59","guid":{"rendered":"https:\/\/padas.al\/?post_type=product&#038;p=7941"},"modified":"2026-05-05T05:17:20","modified_gmt":"2026-05-05T05:17:20","slug":"shapka-me-take-ortopedike","status":"publish","type":"product","link":"https:\/\/padas.al\/english\/product\/shapka-me-take-ortopedike\/","title":{"rendered":"Shapka espadrilles me tak\u00eb ortopedike, Boxer"},"content":{"rendered":"<p>Espadrilles jan\u00eb k\u00ebpuc\u00ebt e sezonit t\u00eb ver\u00ebs, jan\u00eb t\u00eb punuara nga l\u00ebkura natyrale si brenda dhe jasht\u00eb. Modelin e gjeni n\u00eb dy ngjyra n\u00eb kafe\/kamel me ngjyr\u00ebn floriri me shk\u00eblqim, si dhe n\u00eb ngjyr\u00ebn e zez\u00eb. Taka e tyre \u00ebsht\u00eb e mbuluar me spango natyrale \u00e7ka i b\u00ebn dhe k\u00ebto k\u00ebpuc\u00eb me identitet.\u00a0<!--\/data\/user\/0\/com.samsung.android.app.notes\/files\/clipdata\/clipdata_bodytext_220601_203717_047.sdocx--><\/p>","protected":false},"excerpt":{"rendered":"<p>Shapkat jan\u00eb t\u00eb firm\u00ebs Boxer dhe jan\u00eb me shtres\u00eb t\u00eb but\u00eb e l\u00ebkur\u00eb n\u00eb pjes\u00ebn ku mb\u00ebshtetet shputa e k\u00ebmb\u00ebs, kjo b\u00ebn q\u00eb k\u00ebmba t\u00eb mos rr\u00ebshkasi dhe t\u00eb jet\u00eb e that\u00eb. Modeli i tyre \u00ebsht\u00eb praktik dhe trendi p\u00ebr n\u00eb p\u00ebrditshm\u00ebri.\u00a0 Jan\u00eb t\u00eb lehta me tak\u00eb komode dhe t\u00eb kombinueshme p\u00ebr veshjet tuaja verore.<\/p>\n<p><!--\/data\/user\/0\/com.samsung.android.app.notes\/files\/clipdata\/clipdata_bodytext_220601_204001_086.sdocx--><\/p>","protected":false},"featured_media":7942,"comment_status":"open","ping_status":"closed","template":"","meta":[],"product_cat":[139,151,153,155,226],"product_tag":[],"yoast_head":"<!-- This site is optimized with the Yoast SEO plugin v18.3 - https:\/\/yoast.com\/wordpress\/plugins\/seo\/ -->\n<title>Shapka espadrilles me tak\u00eb ortopedike, Boxer - PADAS<\/title>\n<meta name=\"description\" content=\"Espadrilles me tak\u00eb ortopedike Model veror dhe i p\u00ebrshtatsh\u00ebm me \u00e7do veshje. Karakteristik\u00eb e tyre jan\u00eb spangot, komode dhe unike n\u00eb \u00e7do hap.\" \/>\n<meta name=\"robots\" content=\"index, follow, max-snippet:-1, max-image-preview:large, max-video-preview:-1\" \/>\n<link rel=\"canonical\" href=\"https:\/\/padas.al\/english\/product\/shapka-me-take-ortopedike\/\" \/>\n<meta property=\"og:locale\" content=\"en_GB\" \/>\n<meta property=\"og:type\" content=\"article\" \/>\n<meta property=\"og:title\" content=\"Shapka espadrilles me tak\u00eb ortopedike, Boxer - PADAS\" \/>\n<meta property=\"og:description\" content=\"Espadrilles me tak\u00eb ortopedike Model veror dhe i p\u00ebrshtatsh\u00ebm me \u00e7do veshje. Karakteristik\u00eb e tyre jan\u00eb spangot, komode dhe unike n\u00eb \u00e7do hap.\" \/>\n<meta property=\"og:url\" content=\"https:\/\/padas.al\/english\/product\/shapka-me-take-ortopedike\/\" \/>\n<meta property=\"og:site_name\" content=\"PADAS\" \/>\n<meta property=\"article:modified_time\" content=\"2026-05-05T05:17:20+00:00\" \/>\n<meta property=\"og:image\" content=\"https:\/\/padas.al\/wp-content\/uploads\/2022\/05\/fixedratio_20220509114735_boxer_kalokairines_gynaikeies_platformes_styl_pantofles_psiles_se_chryso_chroma_82682_10_162.jpeg\" \/>\n\t<meta property=\"og:image:width\" content=\"540\" \/>\n\t<meta property=\"og:image:height\" content=\"720\" \/>\n\t<meta property=\"og:image:type\" content=\"image\/jpeg\" \/>\n<meta name=\"twitter:card\" content=\"summary_large_image\" \/>\n<meta name=\"twitter:label1\" content=\"Estimated reading time\" \/>\n\t<meta name=\"twitter:data1\" content=\"1 minute\" \/>\n<script type=\"application\/ld+json\" class=\"yoast-schema-graph\">{\"@context\":\"https:\/\/schema.org\",\"@graph\":[{\"@type\":\"Organization\",\"@id\":\"https:\/\/padas.al\/#organization\",\"name\":\"Padas.al\",\"url\":\"https:\/\/padas.al\/\",\"sameAs\":[],\"logo\":{\"@type\":\"ImageObject\",\"@id\":\"https:\/\/padas.al\/#logo\",\"inLanguage\":\"en-GB\",\"url\":\"https:\/\/padas.al\/wp-content\/uploads\/2021\/12\/padas-logo-01.svg\",\"contentUrl\":\"https:\/\/padas.al\/wp-content\/uploads\/2021\/12\/padas-logo-01.svg\",\"width\":196.4218,\"height\":195.7925,\"caption\":\"Padas.al\"},\"image\":{\"@id\":\"https:\/\/padas.al\/#logo\"}},{\"@type\":\"WebSite\",\"@id\":\"https:\/\/padas.al\/#website\",\"url\":\"https:\/\/padas.al\/\",\"name\":\"PADAS\",\"description\":\"Shoe Shop\",\"publisher\":{\"@id\":\"https:\/\/padas.al\/#organization\"},\"potentialAction\":[{\"@type\":\"SearchAction\",\"target\":{\"@type\":\"EntryPoint\",\"urlTemplate\":\"https:\/\/padas.al\/?s={search_term_string}\"},\"query-input\":\"required name=search_term_string\"}],\"inLanguage\":\"en-GB\"},{\"@type\":\"ImageObject\",\"@id\":\"https:\/\/padas.al\/product\/shapka-me-take-ortopedike\/#primaryimage\",\"inLanguage\":\"en-GB\",\"url\":\"https:\/\/padas.al\/wp-content\/uploads\/2022\/05\/fixedratio_20220509114735_boxer_kalokairines_gynaikeies_platformes_styl_pantofles_psiles_se_chryso_chroma_82682_10_162.jpeg\",\"contentUrl\":\"https:\/\/padas.al\/wp-content\/uploads\/2022\/05\/fixedratio_20220509114735_boxer_kalokairines_gynaikeies_platformes_styl_pantofles_psiles_se_chryso_chroma_82682_10_162.jpeg\",\"width\":540,\"height\":720},{\"@type\":\"WebPage\",\"@id\":\"https:\/\/padas.al\/product\/shapka-me-take-ortopedike\/#webpage\",\"url\":\"https:\/\/padas.al\/product\/shapka-me-take-ortopedike\/\",\"name\":\"Shapka espadrilles me tak\u00eb ortopedike, Boxer - PADAS\",\"isPartOf\":{\"@id\":\"https:\/\/padas.al\/#website\"},\"primaryImageOfPage\":{\"@id\":\"https:\/\/padas.al\/product\/shapka-me-take-ortopedike\/#primaryimage\"},\"datePublished\":\"2022-05-25T21:22:59+00:00\",\"dateModified\":\"2026-05-05T05:17:20+00:00\",\"description\":\"Espadrilles me tak\u00eb ortopedike Model veror dhe i p\u00ebrshtatsh\u00ebm me \u00e7do veshje. Karakteristik\u00eb e tyre jan\u00eb spangot, komode dhe unike n\u00eb \u00e7do hap.\",\"breadcrumb\":{\"@id\":\"https:\/\/padas.al\/product\/shapka-me-take-ortopedike\/#breadcrumb\"},\"inLanguage\":\"en-GB\",\"potentialAction\":[{\"@type\":\"ReadAction\",\"target\":[\"https:\/\/padas.al\/product\/shapka-me-take-ortopedike\/\"]}]},{\"@type\":\"BreadcrumbList\",\"@id\":\"https:\/\/padas.al\/product\/shapka-me-take-ortopedike\/#breadcrumb\",\"itemListElement\":[{\"@type\":\"ListItem\",\"position\":1,\"name\":\"Home\",\"item\":\"https:\/\/padas.al\/\"},{\"@type\":\"ListItem\",\"position\":2,\"name\":\"Shop\",\"item\":\"https:\/\/padas.al\/shop\/\"},{\"@type\":\"ListItem\",\"position\":3,\"name\":\"Shapka espadrilles me tak\u00eb ortopedike, Boxer\"}]}]}<\/script>\n<!-- \/ Yoast SEO plugin. -->","yoast_head_json":{"title":"Shapka espadrilles me tak\u00eb ortopedike, Boxer - PADAS","description":"Espadrilles me tak\u00eb ortopedike Model veror dhe i p\u00ebrshtatsh\u00ebm me \u00e7do veshje. Karakteristik\u00eb e tyre jan\u00eb spangot, komode dhe unike n\u00eb \u00e7do hap.","robots":{"index":"index","follow":"follow","max-snippet":"max-snippet:-1","max-image-preview":"max-image-preview:large","max-video-preview":"max-video-preview:-1"},"canonical":"https:\/\/padas.al\/english\/product\/shapka-me-take-ortopedike\/","og_locale":"en_GB","og_type":"article","og_title":"Shapka espadrilles me tak\u00eb ortopedike, Boxer - PADAS","og_description":"Espadrilles me tak\u00eb ortopedike Model veror dhe i p\u00ebrshtatsh\u00ebm me \u00e7do veshje. Karakteristik\u00eb e tyre jan\u00eb spangot, komode dhe unike n\u00eb \u00e7do hap.","og_url":"https:\/\/padas.al\/english\/product\/shapka-me-take-ortopedike\/","og_site_name":"PADAS","article_modified_time":"2026-05-05T05:17:20+00:00","og_image":[{"width":540,"height":720,"url":"https:\/\/padas.al\/wp-content\/uploads\/2022\/05\/fixedratio_20220509114735_boxer_kalokairines_gynaikeies_platformes_styl_pantofles_psiles_se_chryso_chroma_82682_10_162.jpeg","type":"image\/jpeg"}],"twitter_card":"summary_large_image","twitter_misc":{"Estimated reading time":"1 minute"},"schema":{"@context":"https:\/\/schema.org","@graph":[{"@type":"Organization","@id":"https:\/\/padas.al\/#organization","name":"Padas.al","url":"https:\/\/padas.al\/","sameAs":[],"logo":{"@type":"ImageObject","@id":"https:\/\/padas.al\/#logo","inLanguage":"en-GB","url":"https:\/\/padas.al\/wp-content\/uploads\/2021\/12\/padas-logo-01.svg","contentUrl":"https:\/\/padas.al\/wp-content\/uploads\/2021\/12\/padas-logo-01.svg","width":196.4218,"height":195.7925,"caption":"Padas.al"},"image":{"@id":"https:\/\/padas.al\/#logo"}},{"@type":"WebSite","@id":"https:\/\/padas.al\/#website","url":"https:\/\/padas.al\/","name":"PADAS","description":"Shoe Shop","publisher":{"@id":"https:\/\/padas.al\/#organization"},"potentialAction":[{"@type":"SearchAction","target":{"@type":"EntryPoint","urlTemplate":"https:\/\/padas.al\/?s={search_term_string}"},"query-input":"required name=search_term_string"}],"inLanguage":"en-GB"},{"@type":"ImageObject","@id":"https:\/\/padas.al\/product\/shapka-me-take-ortopedike\/#primaryimage","inLanguage":"en-GB","url":"https:\/\/padas.al\/wp-content\/uploads\/2022\/05\/fixedratio_20220509114735_boxer_kalokairines_gynaikeies_platformes_styl_pantofles_psiles_se_chryso_chroma_82682_10_162.jpeg","contentUrl":"https:\/\/padas.al\/wp-content\/uploads\/2022\/05\/fixedratio_20220509114735_boxer_kalokairines_gynaikeies_platformes_styl_pantofles_psiles_se_chryso_chroma_82682_10_162.jpeg","width":540,"height":720},{"@type":"WebPage","@id":"https:\/\/padas.al\/product\/shapka-me-take-ortopedike\/#webpage","url":"https:\/\/padas.al\/product\/shapka-me-take-ortopedike\/","name":"Shapka espadrilles me tak\u00eb ortopedike, Boxer - PADAS","isPartOf":{"@id":"https:\/\/padas.al\/#website"},"primaryImageOfPage":{"@id":"https:\/\/padas.al\/product\/shapka-me-take-ortopedike\/#primaryimage"},"datePublished":"2022-05-25T21:22:59+00:00","dateModified":"2026-05-05T05:17:20+00:00","description":"Espadrilles me tak\u00eb ortopedike Model veror dhe i p\u00ebrshtatsh\u00ebm me \u00e7do veshje. Karakteristik\u00eb e tyre jan\u00eb spangot, komode dhe unike n\u00eb \u00e7do hap.","breadcrumb":{"@id":"https:\/\/padas.al\/product\/shapka-me-take-ortopedike\/#breadcrumb"},"inLanguage":"en-GB","potentialAction":[{"@type":"ReadAction","target":["https:\/\/padas.al\/product\/shapka-me-take-ortopedike\/"]}]},{"@type":"BreadcrumbList","@id":"https:\/\/padas.al\/product\/shapka-me-take-ortopedike\/#breadcrumb","itemListElement":[{"@type":"ListItem","position":1,"name":"Home","item":"https:\/\/padas.al\/"},{"@type":"ListItem","position":2,"name":"Shop","item":"https:\/\/padas.al\/shop\/"},{"@type":"ListItem","position":3,"name":"Shapka espadrilles me tak\u00eb ortopedike, Boxer"}]}]}},"_links":{"self":[{"href":"https:\/\/padas.al\/english\/wp-json\/wp\/v2\/product\/7941"}],"collection":[{"href":"https:\/\/padas.al\/english\/wp-json\/wp\/v2\/product"}],"about":[{"href":"https:\/\/padas.al\/english\/wp-json\/wp\/v2\/types\/product"}],"replies":[{"embeddable":true,"href":"https:\/\/padas.al\/english\/wp-json\/wp\/v2\/comments?post=7941"}],"wp:featuredmedia":[{"embeddable":true,"href":"https:\/\/padas.al\/english\/wp-json\/wp\/v2\/media\/7942"}],"wp:attachment":[{"href":"https:\/\/padas.al\/english\/wp-json\/wp\/v2\/media?parent=7941"}],"wp:term":[{"taxonomy":"product_cat","embeddable":true,"href":"https:\/\/padas.al\/english\/wp-json\/wp\/v2\/product_cat?post=7941"},{"taxonomy":"product_tag","embeddable":true,"href":"https:\/\/padas.al\/english\/wp-json\/wp\/v2\/product_tag?post=7941"}],"curies":[{"name":"wp","href":"https:\/\/api.w.org\/{rel}","templated":true}]}}