{"id":8351,"date":"2022-06-23T17:01:50","date_gmt":"2022-06-23T17:01:50","guid":{"rendered":"https:\/\/padas.al\/?post_type=product&#038;p=8351"},"modified":"2022-09-20T20:32:13","modified_gmt":"2022-09-20T20:32:13","slug":"sandale-me-take-ortopedike-lekure","status":"publish","type":"product","link":"https:\/\/padas.al\/english\/product\/sandale-me-take-ortopedike-lekure\/","title":{"rendered":"Sandale Ragazza me tak\u00eb ortopedike l\u00ebkur\u00eb."},"content":{"rendered":"<p>Sandalet jan\u00eb t\u00eb punuara nga l\u00ebkur\u00eb natyrale si brenda ashtu edhe jasht\u00eb. Kan\u00eb nj\u00eb stil t\u00eb nd\u00ebrthurur sportiv me at\u00eb klasik. Sandalet disponohen n\u00eb dy ngjyra n\u00eb krem dhe t\u00eb verdha. Modeli n\u00eb foto \u00ebsht\u00eb n\u00eb ngjyr\u00ebn e verdh\u00eb. Pjesa para e sandaleve \u00ebsht\u00eb e p\u00ebrb\u00ebr\u00eb nga dy rripa l\u00ebkure nd\u00ebrsa pjesa e pasme \u00ebsht\u00eb me llastik duke b\u00ebr\u00eb t\u00eb mundur veshjen dhe heqjen e tyre leht\u00ebsisht si dhe mbajtjen dhe puthitjen e mir\u00eb t\u00eb k\u00ebmb\u00ebs.<br \/>\nSandalet jan\u00eb komode dhe t\u00eb rehatshme pasi pjesa ku vendoset shputa \u00ebsht\u00eb shum\u00eb e but\u00eb si dhe platofrma pasi ndihmon s\u00eb tep\u00ebrmi n\u00eb ecje. Platforma ka nj\u00eb kombinim t\u00eb tre ngjyrave lajthi, bezh\u00eb dhe krem, e cila \u00ebsht\u00eb e leht\u00eb dhe nuk rr\u00ebshket.<\/p>\n<p>Lart\u00ebsia e platorm\u00ebs \u00ebsht\u00eb 5 cm.<\/p>","protected":false},"excerpt":{"rendered":"<p>Sandalet jan\u00eb t\u00eb firm\u00ebs Ragazza , prodhim grek me standard dhe cil\u00ebsi t\u00eb garantuar. Mund ti mbani veshur gjat\u00eb pasi falin komoditet maximal pasi shtresa n\u00eb t\u00eb cil\u00ebn mb\u00ebshtetet shputa e k\u00ebmb\u00ebs ka shtres\u00eb t\u00eb but\u00eb dhe Dryfex kjo b\u00ebn t\u00eb mundur q\u00eb k\u00ebmba juaj t\u00eb jet\u00eb e relaksuar dhe e that\u00eb p\u00ebrgjat\u00eb gjith\u00eb koh\u00ebs q\u00eb e keni veshur at\u00eb.<\/p>","protected":false},"featured_media":8352,"comment_status":"open","ping_status":"closed","template":"","meta":[],"product_cat":[139,151,153,224],"product_tag":[],"yoast_head":"<!-- This site is optimized with the Yoast SEO plugin v18.3 - https:\/\/yoast.com\/wordpress\/plugins\/seo\/ -->\n<title>Sandale Ragazza me tak\u00eb ortopedike l\u00ebkur\u00eb. - PADAS<\/title>\n<meta name=\"description\" content=\"Sandale Ragazza, prodhim grek, jan\u00eb l\u00ebkur\u00eb natyrale si brenda ashtu edhe jasht\u00eb, tep\u00ebr komode dhe t\u00eb rehatshme. Model i p\u00ebrshtatsh\u00ebm n\u00eb p\u00ebrdishm\u00ebri , praktik dhe i kombinueshm\u00ebm si p\u00ebr nga modeli po ashtu dhe ngjyra.\" \/>\n<meta name=\"robots\" content=\"index, follow, max-snippet:-1, max-image-preview:large, max-video-preview:-1\" \/>\n<link rel=\"canonical\" href=\"https:\/\/padas.al\/english\/product\/sandale-me-take-ortopedike-lekure\/\" \/>\n<meta property=\"og:locale\" content=\"en_GB\" \/>\n<meta property=\"og:type\" content=\"article\" \/>\n<meta property=\"og:title\" content=\"Sandale Ragazza me tak\u00eb ortopedike l\u00ebkur\u00eb. - PADAS\" \/>\n<meta property=\"og:description\" content=\"Sandale Ragazza, prodhim grek, jan\u00eb l\u00ebkur\u00eb natyrale si brenda ashtu edhe jasht\u00eb, tep\u00ebr komode dhe t\u00eb rehatshme. Model i p\u00ebrshtatsh\u00ebm n\u00eb p\u00ebrdishm\u00ebri , praktik dhe i kombinueshm\u00ebm si p\u00ebr nga modeli po ashtu dhe ngjyra.\" \/>\n<meta property=\"og:url\" content=\"https:\/\/padas.al\/english\/product\/sandale-me-take-ortopedike-lekure\/\" \/>\n<meta property=\"og:site_name\" content=\"PADAS\" \/>\n<meta property=\"article:modified_time\" content=\"2022-09-20T20:32:13+00:00\" \/>\n<meta property=\"og:image\" content=\"https:\/\/padas.al\/wp-content\/uploads\/2022\/06\/394000000380-\u039a\u0399\u03a4\u03a1\u0399\u039d\u039f.jpg\" \/>\n\t<meta property=\"og:image:width\" content=\"1000\" \/>\n\t<meta property=\"og:image:height\" content=\"1000\" \/>\n\t<meta property=\"og:image:type\" content=\"image\/jpeg\" \/>\n<meta name=\"twitter:card\" content=\"summary_large_image\" \/>\n<meta name=\"twitter:label1\" content=\"Estimated reading time\" \/>\n\t<meta name=\"twitter:data1\" content=\"1 minute\" \/>\n<script type=\"application\/ld+json\" class=\"yoast-schema-graph\">{\"@context\":\"https:\/\/schema.org\",\"@graph\":[{\"@type\":\"Organization\",\"@id\":\"https:\/\/padas.al\/#organization\",\"name\":\"Padas.al\",\"url\":\"https:\/\/padas.al\/\",\"sameAs\":[],\"logo\":{\"@type\":\"ImageObject\",\"@id\":\"https:\/\/padas.al\/#logo\",\"inLanguage\":\"en-GB\",\"url\":\"https:\/\/padas.al\/wp-content\/uploads\/2021\/12\/padas-logo-01.svg\",\"contentUrl\":\"https:\/\/padas.al\/wp-content\/uploads\/2021\/12\/padas-logo-01.svg\",\"width\":196.4218,\"height\":195.7925,\"caption\":\"Padas.al\"},\"image\":{\"@id\":\"https:\/\/padas.al\/#logo\"}},{\"@type\":\"WebSite\",\"@id\":\"https:\/\/padas.al\/#website\",\"url\":\"https:\/\/padas.al\/\",\"name\":\"PADAS\",\"description\":\"Shoe Shop\",\"publisher\":{\"@id\":\"https:\/\/padas.al\/#organization\"},\"potentialAction\":[{\"@type\":\"SearchAction\",\"target\":{\"@type\":\"EntryPoint\",\"urlTemplate\":\"https:\/\/padas.al\/?s={search_term_string}\"},\"query-input\":\"required name=search_term_string\"}],\"inLanguage\":\"en-GB\"},{\"@type\":\"ImageObject\",\"@id\":\"https:\/\/padas.al\/product\/sandale-me-take-ortopedike-lekure\/#primaryimage\",\"inLanguage\":\"en-GB\",\"url\":\"https:\/\/padas.al\/wp-content\/uploads\/2022\/06\/394000000380-\u039a\u0399\u03a4\u03a1\u0399\u039d\u039f.jpg\",\"contentUrl\":\"https:\/\/padas.al\/wp-content\/uploads\/2022\/06\/394000000380-\u039a\u0399\u03a4\u03a1\u0399\u039d\u039f.jpg\",\"width\":1000,\"height\":1000},{\"@type\":\"WebPage\",\"@id\":\"https:\/\/padas.al\/product\/sandale-me-take-ortopedike-lekure\/#webpage\",\"url\":\"https:\/\/padas.al\/product\/sandale-me-take-ortopedike-lekure\/\",\"name\":\"Sandale Ragazza me tak\u00eb ortopedike l\u00ebkur\u00eb. - PADAS\",\"isPartOf\":{\"@id\":\"https:\/\/padas.al\/#website\"},\"primaryImageOfPage\":{\"@id\":\"https:\/\/padas.al\/product\/sandale-me-take-ortopedike-lekure\/#primaryimage\"},\"datePublished\":\"2022-06-23T17:01:50+00:00\",\"dateModified\":\"2022-09-20T20:32:13+00:00\",\"description\":\"Sandale Ragazza, prodhim grek, jan\u00eb l\u00ebkur\u00eb natyrale si brenda ashtu edhe jasht\u00eb, tep\u00ebr komode dhe t\u00eb rehatshme. Model i p\u00ebrshtatsh\u00ebm n\u00eb p\u00ebrdishm\u00ebri , praktik dhe i kombinueshm\u00ebm si p\u00ebr nga modeli po ashtu dhe ngjyra.\",\"breadcrumb\":{\"@id\":\"https:\/\/padas.al\/product\/sandale-me-take-ortopedike-lekure\/#breadcrumb\"},\"inLanguage\":\"en-GB\",\"potentialAction\":[{\"@type\":\"ReadAction\",\"target\":[\"https:\/\/padas.al\/product\/sandale-me-take-ortopedike-lekure\/\"]}]},{\"@type\":\"BreadcrumbList\",\"@id\":\"https:\/\/padas.al\/product\/sandale-me-take-ortopedike-lekure\/#breadcrumb\",\"itemListElement\":[{\"@type\":\"ListItem\",\"position\":1,\"name\":\"Home\",\"item\":\"https:\/\/padas.al\/\"},{\"@type\":\"ListItem\",\"position\":2,\"name\":\"Shop\",\"item\":\"https:\/\/padas.al\/shop\/\"},{\"@type\":\"ListItem\",\"position\":3,\"name\":\"Sandale Ragazza me tak\u00eb ortopedike l\u00ebkur\u00eb.\"}]}]}<\/script>\n<!-- \/ Yoast SEO plugin. -->","yoast_head_json":{"title":"Sandale Ragazza me tak\u00eb ortopedike l\u00ebkur\u00eb. - PADAS","description":"Sandale Ragazza, prodhim grek, jan\u00eb l\u00ebkur\u00eb natyrale si brenda ashtu edhe jasht\u00eb, tep\u00ebr komode dhe t\u00eb rehatshme. Model i p\u00ebrshtatsh\u00ebm n\u00eb p\u00ebrdishm\u00ebri , praktik dhe i kombinueshm\u00ebm si p\u00ebr nga modeli po ashtu dhe ngjyra.","robots":{"index":"index","follow":"follow","max-snippet":"max-snippet:-1","max-image-preview":"max-image-preview:large","max-video-preview":"max-video-preview:-1"},"canonical":"https:\/\/padas.al\/english\/product\/sandale-me-take-ortopedike-lekure\/","og_locale":"en_GB","og_type":"article","og_title":"Sandale Ragazza me tak\u00eb ortopedike l\u00ebkur\u00eb. - PADAS","og_description":"Sandale Ragazza, prodhim grek, jan\u00eb l\u00ebkur\u00eb natyrale si brenda ashtu edhe jasht\u00eb, tep\u00ebr komode dhe t\u00eb rehatshme. Model i p\u00ebrshtatsh\u00ebm n\u00eb p\u00ebrdishm\u00ebri , praktik dhe i kombinueshm\u00ebm si p\u00ebr nga modeli po ashtu dhe ngjyra.","og_url":"https:\/\/padas.al\/english\/product\/sandale-me-take-ortopedike-lekure\/","og_site_name":"PADAS","article_modified_time":"2022-09-20T20:32:13+00:00","og_image":[{"width":1000,"height":1000,"url":"https:\/\/padas.al\/wp-content\/uploads\/2022\/06\/394000000380-\u039a\u0399\u03a4\u03a1\u0399\u039d\u039f.jpg","type":"image\/jpeg"}],"twitter_card":"summary_large_image","twitter_misc":{"Estimated reading time":"1 minute"},"schema":{"@context":"https:\/\/schema.org","@graph":[{"@type":"Organization","@id":"https:\/\/padas.al\/#organization","name":"Padas.al","url":"https:\/\/padas.al\/","sameAs":[],"logo":{"@type":"ImageObject","@id":"https:\/\/padas.al\/#logo","inLanguage":"en-GB","url":"https:\/\/padas.al\/wp-content\/uploads\/2021\/12\/padas-logo-01.svg","contentUrl":"https:\/\/padas.al\/wp-content\/uploads\/2021\/12\/padas-logo-01.svg","width":196.4218,"height":195.7925,"caption":"Padas.al"},"image":{"@id":"https:\/\/padas.al\/#logo"}},{"@type":"WebSite","@id":"https:\/\/padas.al\/#website","url":"https:\/\/padas.al\/","name":"PADAS","description":"Shoe Shop","publisher":{"@id":"https:\/\/padas.al\/#organization"},"potentialAction":[{"@type":"SearchAction","target":{"@type":"EntryPoint","urlTemplate":"https:\/\/padas.al\/?s={search_term_string}"},"query-input":"required name=search_term_string"}],"inLanguage":"en-GB"},{"@type":"ImageObject","@id":"https:\/\/padas.al\/product\/sandale-me-take-ortopedike-lekure\/#primaryimage","inLanguage":"en-GB","url":"https:\/\/padas.al\/wp-content\/uploads\/2022\/06\/394000000380-\u039a\u0399\u03a4\u03a1\u0399\u039d\u039f.jpg","contentUrl":"https:\/\/padas.al\/wp-content\/uploads\/2022\/06\/394000000380-\u039a\u0399\u03a4\u03a1\u0399\u039d\u039f.jpg","width":1000,"height":1000},{"@type":"WebPage","@id":"https:\/\/padas.al\/product\/sandale-me-take-ortopedike-lekure\/#webpage","url":"https:\/\/padas.al\/product\/sandale-me-take-ortopedike-lekure\/","name":"Sandale Ragazza me tak\u00eb ortopedike l\u00ebkur\u00eb. - PADAS","isPartOf":{"@id":"https:\/\/padas.al\/#website"},"primaryImageOfPage":{"@id":"https:\/\/padas.al\/product\/sandale-me-take-ortopedike-lekure\/#primaryimage"},"datePublished":"2022-06-23T17:01:50+00:00","dateModified":"2022-09-20T20:32:13+00:00","description":"Sandale Ragazza, prodhim grek, jan\u00eb l\u00ebkur\u00eb natyrale si brenda ashtu edhe jasht\u00eb, tep\u00ebr komode dhe t\u00eb rehatshme. Model i p\u00ebrshtatsh\u00ebm n\u00eb p\u00ebrdishm\u00ebri , praktik dhe i kombinueshm\u00ebm si p\u00ebr nga modeli po ashtu dhe ngjyra.","breadcrumb":{"@id":"https:\/\/padas.al\/product\/sandale-me-take-ortopedike-lekure\/#breadcrumb"},"inLanguage":"en-GB","potentialAction":[{"@type":"ReadAction","target":["https:\/\/padas.al\/product\/sandale-me-take-ortopedike-lekure\/"]}]},{"@type":"BreadcrumbList","@id":"https:\/\/padas.al\/product\/sandale-me-take-ortopedike-lekure\/#breadcrumb","itemListElement":[{"@type":"ListItem","position":1,"name":"Home","item":"https:\/\/padas.al\/"},{"@type":"ListItem","position":2,"name":"Shop","item":"https:\/\/padas.al\/shop\/"},{"@type":"ListItem","position":3,"name":"Sandale Ragazza me tak\u00eb ortopedike l\u00ebkur\u00eb."}]}]}},"_links":{"self":[{"href":"https:\/\/padas.al\/english\/wp-json\/wp\/v2\/product\/8351"}],"collection":[{"href":"https:\/\/padas.al\/english\/wp-json\/wp\/v2\/product"}],"about":[{"href":"https:\/\/padas.al\/english\/wp-json\/wp\/v2\/types\/product"}],"replies":[{"embeddable":true,"href":"https:\/\/padas.al\/english\/wp-json\/wp\/v2\/comments?post=8351"}],"wp:featuredmedia":[{"embeddable":true,"href":"https:\/\/padas.al\/english\/wp-json\/wp\/v2\/media\/8352"}],"wp:attachment":[{"href":"https:\/\/padas.al\/english\/wp-json\/wp\/v2\/media?parent=8351"}],"wp:term":[{"taxonomy":"product_cat","embeddable":true,"href":"https:\/\/padas.al\/english\/wp-json\/wp\/v2\/product_cat?post=8351"},{"taxonomy":"product_tag","embeddable":true,"href":"https:\/\/padas.al\/english\/wp-json\/wp\/v2\/product_tag?post=8351"}],"curies":[{"name":"wp","href":"https:\/\/api.w.org\/{rel}","templated":true}]}}