{"id":8373,"date":"2022-06-23T17:25:34","date_gmt":"2022-06-23T17:25:34","guid":{"rendered":"https:\/\/padas.al\/?post_type=product&#038;p=8373"},"modified":"2025-06-13T10:38:45","modified_gmt":"2025-06-13T10:38:45","slug":"sandale-boxer-lekure-per-meshkuj","status":"publish","type":"product","link":"https:\/\/padas.al\/english\/product\/sandale-boxer-lekure-per-meshkuj\/","title":{"rendered":"Sandale Boxer l\u00ebkur\u00eb p\u00ebr meshkuj."},"content":{"rendered":"<p>Sandalet jan\u00eb t\u00eb punuara nga l\u00ebkura natyrale si brenda ashtu edhe jasht\u00eb, t\u00eb cilat disponohen n\u00eb dy ngjyra n\u00eb camel dhe t\u00eb zeza. Modeli n\u00eb foto \u00ebsht\u00eb n\u00eb ngjyr\u00ebn kafe. Pjesa para e sandaleve \u00ebsht\u00eb e p\u00ebrb\u00ebr\u00eb nga dy rripa l\u00ebkure t\u00eb cilat jan\u00eb n\u00eb t\u00eb nj\u00ebjt\u00ebn ngjyr\u00eb me sandalet. N\u00eb rripin e dyt\u00eb ndodhet nj\u00eb tokz\u00eb metalike n\u00eb ngjyr\u00eb silver e cila mund\u00ebson zgjerimin apo ngushtimin e rripit n\u00eb var\u00ebsi t\u00eb gjer\u00ebsis\u00eb s\u00eb shput\u00ebs s\u00eb k\u00ebmb\u00ebs. Pjesa e pasme ka s\u00ebrish nj\u00eb rrip i cili kapet me dy per\u00e7ina n\u00eb rripin kryesor dhe ndihmon k\u00ebmb\u00ebn t\u00eb q\u00ebndroj\u00eb e puthitur aq sa d\u00ebshironi.<\/p>","protected":false},"excerpt":{"rendered":"<p><span class=\"TextRun SCXW84290318 BCX0\" lang=\"EN-US\" xml:lang=\"EN-US\" data-contrast=\"auto\"><span class=\"NormalTextRun SpellingErrorV2Themed SCXW84290318 BCX0\">Sandalet<\/span> <span class=\"NormalTextRun SpellingErrorV2Themed SCXW84290318 BCX0\">jan\u00eb<\/span> <span class=\"NormalTextRun SpellingErrorV2Themed SCXW84290318 BCX0\">t\u00eb<\/span> <span class=\"NormalTextRun SpellingErrorV2Themed SCXW84290318 BCX0\">punuara<\/span> <span class=\"NormalTextRun SpellingErrorV2Themed SCXW84290318 BCX0\">nga<\/span> <span class=\"NormalTextRun SpellingErrorV2Themed SCXW84290318 BCX0\">l\u00ebkura<\/span> <span class=\"NormalTextRun SpellingErrorV2Themed SCXW84290318 BCX0\">natyrale<\/span> <span class=\"NormalTextRun SpellingErrorV2Themed SCXW84290318 BCX0\">si<\/span> <span class=\"NormalTextRun SpellingErrorV2Themed SCXW84290318 BCX0\">brenda<\/span> <span class=\"NormalTextRun SpellingErrorV2Themed SCXW84290318 BCX0\">ashtu<\/span> <span class=\"NormalTextRun SpellingErrorV2Themed SCXW84290318 BCX0\">edhe<\/span> <span class=\"NormalTextRun SpellingErrorV2Themed SCXW84290318 BCX0\">jasht\u00eb<\/span><span class=\"NormalTextRun SCXW84290318 BCX0\">, <\/span><span class=\"NormalTextRun SpellingErrorV2Themed SCXW84290318 BCX0\">t\u00eb<\/span> <span class=\"NormalTextRun SpellingErrorV2Themed SCXW84290318 BCX0\">cilat<\/span> <span class=\"NormalTextRun SpellingErrorV2Themed SCXW84290318 BCX0\">disponohen<\/span> <span class=\"NormalTextRun SpellingErrorV2Themed SCXW84290318 BCX0\">n\u00eb<\/span> <span class=\"NormalTextRun SpellingErrorV2Themed SCXW84290318 BCX0\">dy<\/span> <span class=\"NormalTextRun SpellingErrorV2Themed SCXW84290318 BCX0\">ngjyra<\/span> <span class=\"NormalTextRun SpellingErrorV2Themed SCXW84290318 BCX0\">n\u00eb<\/span><span class=\"NormalTextRun SCXW84290318 BCX0\"> camel <\/span><span class=\"NormalTextRun SpellingErrorV2Themed SCXW84290318 BCX0\">dhe<\/span> <span class=\"NormalTextRun SpellingErrorV2Themed SCXW84290318 BCX0\">t\u00eb<\/span> <span class=\"NormalTextRun SpellingErrorV2Themed SCXW84290318 BCX0\">zeza<\/span><span class=\"NormalTextRun SCXW84290318 BCX0\">. <\/span><span class=\"NormalTextRun SpellingErrorV2Themed SCXW84290318 BCX0\">Modeli<\/span> <span class=\"NormalTextRun SpellingErrorV2Themed SCXW84290318 BCX0\">n\u00eb<\/span> <span class=\"NormalTextRun SpellingErrorV2Themed SCXW84290318 BCX0\">foto<\/span> <span class=\"NormalTextRun SpellingErrorV2Themed SCXW84290318 BCX0\">\u00ebsht\u00eb<\/span> <span class=\"NormalTextRun SpellingErrorV2Themed SCXW84290318 BCX0\">n\u00eb<\/span> <span class=\"NormalTextRun SpellingErrorV2Themed SCXW84290318 BCX0\">ngjyr\u00ebn<\/span><span class=\"NormalTextRun SCXW84290318 BCX0\"> e <\/span><span class=\"NormalTextRun SpellingErrorV2Themed SCXW84290318 BCX0\">zez\u00eb<\/span><span class=\"NormalTextRun SCXW84290318 BCX0\">. <\/span><span class=\"NormalTextRun SpellingErrorV2Themed SCXW84290318 BCX0\">Pjesa<\/span><span class=\"NormalTextRun SCXW84290318 BCX0\"> para e <\/span><span class=\"NormalTextRun SpellingErrorV2Themed SCXW84290318 BCX0\">sandaleve<\/span> <span class=\"NormalTextRun SpellingErrorV2Themed SCXW84290318 BCX0\">\u00ebsht\u00eb<\/span><span class=\"NormalTextRun SCXW84290318 BCX0\"> e <\/span><span class=\"NormalTextRun SpellingErrorV2Themed SCXW84290318 BCX0\">p\u00ebrb\u00ebr\u00eb<\/span> <span class=\"NormalTextRun SpellingErrorV2Themed SCXW84290318 BCX0\">nga<\/span> <span class=\"NormalTextRun SpellingErrorV2Themed SCXW84290318 BCX0\">dy<\/span> <span class=\"NormalTextRun SpellingErrorV2Themed SCXW84290318 BCX0\">rripa<\/span> <span class=\"NormalTextRun SpellingErrorV2Themed SCXW84290318 BCX0\">l\u00ebkure<\/span> <span class=\"NormalTextRun SpellingErrorV2Themed SCXW84290318 BCX0\">t\u00eb<\/span> <span class=\"NormalTextRun SpellingErrorV2Themed SCXW84290318 BCX0\">cilat<\/span> <span class=\"NormalTextRun SpellingErrorV2Themed SCXW84290318 BCX0\">jan\u00eb<\/span> <span class=\"NormalTextRun SpellingErrorV2Themed SCXW84290318 BCX0\">n\u00eb<\/span> <span class=\"NormalTextRun SpellingErrorV2Themed SCXW84290318 BCX0\">t\u00eb<\/span> <span class=\"NormalTextRun SpellingErrorV2Themed SCXW84290318 BCX0\">nj\u00ebjt\u00ebn<\/span> <span class=\"NormalTextRun SpellingErrorV2Themed SCXW84290318 BCX0\">ngjyr\u00eb<\/span><span class=\"NormalTextRun SCXW84290318 BCX0\"> me <\/span><span class=\"NormalTextRun SpellingErrorV2Themed SCXW84290318 BCX0\">sandalet<\/span><span class=\"NormalTextRun SCXW84290318 BCX0\">. <\/span><span class=\"NormalTextRun SpellingErrorV2Themed SCXW84290318 BCX0\">N\u00eb<\/span> <span class=\"NormalTextRun SpellingErrorV2Themed SCXW84290318 BCX0\">rripin<\/span><span class=\"NormalTextRun SCXW84290318 BCX0\"> e <\/span><span class=\"NormalTextRun SpellingErrorV2Themed SCXW84290318 BCX0\">dyt\u00eb<\/span> <span class=\"NormalTextRun SpellingErrorV2Themed SCXW84290318 BCX0\">ndodhet<\/span> <span class=\"NormalTextRun SpellingErrorV2Themed SCXW84290318 BCX0\">nj\u00eb<\/span> <span class=\"NormalTextRun SpellingErrorV2Themed SCXW84290318 BCX0\">tokz\u00eb<\/span> <span class=\"NormalTextRun SpellingErrorV2Themed SCXW84290318 BCX0\">metalike<\/span> <span class=\"NormalTextRun SpellingErrorV2Themed SCXW84290318 BCX0\">n\u00eb<\/span> <span class=\"NormalTextRun SpellingErrorV2Themed SCXW84290318 BCX0\">ngjyr\u00eb<\/span><span class=\"NormalTextRun SCXW84290318 BCX0\"> silver e <\/span><span class=\"NormalTextRun SpellingErrorV2Themed SCXW84290318 BCX0\">cila<\/span> <span class=\"NormalTextRun SpellingErrorV2Themed SCXW84290318 BCX0\">mund\u00ebson<\/span> <span class=\"NormalTextRun SpellingErrorV2Themed SCXW84290318 BCX0\">zgjerimin<\/span><span class=\"NormalTextRun SCXW84290318 BCX0\"> apo <\/span><span class=\"NormalTextRun SpellingErrorV2Themed SCXW84290318 BCX0\">ngushtimin<\/span><span class=\"NormalTextRun SCXW84290318 BCX0\"> e <\/span><span class=\"NormalTextRun SpellingErrorV2Themed SCXW84290318 BCX0\">rripit<\/span> <span class=\"NormalTextRun SpellingErrorV2Themed SCXW84290318 BCX0\">n\u00eb<\/span> <span class=\"NormalTextRun SpellingErrorV2Themed SCXW84290318 BCX0\">var\u00ebsi<\/span> <span class=\"NormalTextRun SpellingErrorV2Themed SCXW84290318 BCX0\">t\u00eb<\/span> <span class=\"NormalTextRun SpellingErrorV2Themed SCXW84290318 BCX0\">gjer\u00ebsis\u00eb<\/span> <span class=\"NormalTextRun SpellingErrorV2Themed SCXW84290318 BCX0\">s\u00eb<\/span> <span class=\"NormalTextRun SpellingErrorV2Themed SCXW84290318 BCX0\">shput\u00ebs<\/span> <span class=\"NormalTextRun SpellingErrorV2Themed SCXW84290318 BCX0\">s\u00eb<\/span> <span class=\"NormalTextRun SpellingErrorV2Themed SCXW84290318 BCX0\">k\u00ebmb\u00ebs<\/span><span class=\"NormalTextRun SCXW84290318 BCX0\">. <\/span><span class=\"NormalTextRun SpellingErrorV2Themed SCXW84290318 BCX0\">Pjesa<\/span><span class=\"NormalTextRun SCXW84290318 BCX0\"> e <\/span><span class=\"NormalTextRun SpellingErrorV2Themed SCXW84290318 BCX0\">pasme<\/span><span class=\"NormalTextRun SCXW84290318 BCX0\"> ka <\/span><span class=\"NormalTextRun SpellingErrorV2Themed SCXW84290318 BCX0\">s\u00ebrish<\/span> <span class=\"NormalTextRun SpellingErrorV2Themed SCXW84290318 BCX0\">nj\u00eb<\/span> <span class=\"NormalTextRun SpellingErrorV2Themed SCXW84290318 BCX0\">rrip<\/span> <span class=\"NormalTextRun SpellingErrorV2Themed SCXW84290318 BCX0\">i<\/span> <span class=\"NormalTextRun SpellingErrorV2Themed SCXW84290318 BCX0\">cili<\/span> <span class=\"NormalTextRun SpellingErrorV2Themed SCXW84290318 BCX0\">kapet<\/span><span class=\"NormalTextRun SCXW84290318 BCX0\"> me <\/span><span class=\"NormalTextRun SpellingErrorV2Themed SCXW84290318 BCX0\">dy<\/span> <span class=\"NormalTextRun SpellingErrorV2Themed SCXW84290318 BCX0\">per\u00e7ina<\/span> <span class=\"NormalTextRun SpellingErrorV2Themed SCXW84290318 BCX0\">n\u00eb<\/span> <span class=\"NormalTextRun SpellingErrorV2Themed SCXW84290318 BCX0\">rripin<\/span> <span class=\"NormalTextRun SpellingErrorV2Themed SCXW84290318 BCX0\">kryesor<\/span> <span class=\"NormalTextRun SpellingErrorV2Themed SCXW84290318 BCX0\">dhe<\/span> <span class=\"NormalTextRun SpellingErrorV2Themed SCXW84290318 BCX0\">ndihmon<\/span> <span class=\"NormalTextRun SpellingErrorV2Themed SCXW84290318 BCX0\">k\u00ebmb\u00ebn<\/span> <span class=\"NormalTextRun SpellingErrorV2Themed SCXW84290318 BCX0\">t\u00eb<\/span> <span class=\"NormalTextRun SpellingErrorV2Themed SCXW84290318 BCX0\">q\u00ebndroj\u00eb<\/span><span class=\"NormalTextRun SCXW84290318 BCX0\"> e <\/span><span class=\"NormalTextRun SpellingErrorV2Themed SCXW84290318 BCX0\">puthitur<\/span><span class=\"NormalTextRun SCXW84290318 BCX0\"> aq <\/span><span class=\"NormalTextRun SpellingErrorV2Themed SCXW84290318 BCX0\">sa<\/span> <span class=\"NormalTextRun SpellingErrorV2Themed SCXW84290318 BCX0\">d\u00ebshironi<\/span><span class=\"NormalTextRun SCXW84290318 BCX0\">.<\/span><\/span><span class=\"EOP SCXW84290318 BCX0\" data-ccp-props=\"{&quot;201341983&quot;:0,&quot;335559739&quot;:160,&quot;335559740&quot;:259}\">\u00a0<\/span><\/p>","protected":false},"featured_media":8374,"comment_status":"open","ping_status":"closed","template":"","meta":[],"product_cat":[228,229,189,201,204],"product_tag":[],"yoast_head":"<!-- This site is optimized with the Yoast SEO plugin v18.3 - https:\/\/yoast.com\/wordpress\/plugins\/seo\/ -->\n<title>Sandale Boxer l\u00ebkur\u00eb p\u00ebr meshkuj. - PADAS<\/title>\n<meta name=\"description\" content=\"Sandale l\u00ebkur\u00eb p\u00ebr meshkuj me model sa minimalist po aq dhe modern p\u00ebr t\u00eb gjith\u00eb ju q\u00eb ju p\u00eblqeni uniken k\u00ebto sandale jan\u00eb zgjedhja e duhur. Tep\u00ebr komode dhe t\u00eb rehatshme p\u00ebr sh\u00ebtitjet tuaja apo dhe n\u00eb p\u00ebrditshm\u00ebri.\" \/>\n<meta name=\"robots\" content=\"index, follow, max-snippet:-1, max-image-preview:large, max-video-preview:-1\" \/>\n<link rel=\"canonical\" href=\"https:\/\/padas.al\/english\/product\/sandale-boxer-lekure-per-meshkuj\/\" \/>\n<meta property=\"og:locale\" content=\"en_GB\" \/>\n<meta property=\"og:type\" content=\"article\" \/>\n<meta property=\"og:title\" content=\"Sandale Boxer l\u00ebkur\u00eb p\u00ebr meshkuj. - PADAS\" \/>\n<meta property=\"og:description\" content=\"Sandale l\u00ebkur\u00eb p\u00ebr meshkuj me model sa minimalist po aq dhe modern p\u00ebr t\u00eb gjith\u00eb ju q\u00eb ju p\u00eblqeni uniken k\u00ebto sandale jan\u00eb zgjedhja e duhur. Tep\u00ebr komode dhe t\u00eb rehatshme p\u00ebr sh\u00ebtitjet tuaja apo dhe n\u00eb p\u00ebrditshm\u00ebri.\" \/>\n<meta property=\"og:url\" content=\"https:\/\/padas.al\/english\/product\/sandale-boxer-lekure-per-meshkuj\/\" \/>\n<meta property=\"og:site_name\" content=\"PADAS\" \/>\n<meta property=\"article:modified_time\" content=\"2025-06-13T10:38:45+00:00\" \/>\n<meta property=\"og:image\" content=\"https:\/\/padas.al\/wp-content\/uploads\/2022\/06\/boxer-shoes-19165-7.jpg\" \/>\n\t<meta property=\"og:image:width\" content=\"1000\" \/>\n\t<meta property=\"og:image:height\" content=\"1000\" \/>\n\t<meta property=\"og:image:type\" content=\"image\/jpeg\" \/>\n<meta name=\"twitter:card\" content=\"summary_large_image\" \/>\n<meta name=\"twitter:label1\" content=\"Estimated reading time\" \/>\n\t<meta name=\"twitter:data1\" content=\"1 minute\" \/>\n<script type=\"application\/ld+json\" class=\"yoast-schema-graph\">{\"@context\":\"https:\/\/schema.org\",\"@graph\":[{\"@type\":\"Organization\",\"@id\":\"https:\/\/padas.al\/#organization\",\"name\":\"Padas.al\",\"url\":\"https:\/\/padas.al\/\",\"sameAs\":[],\"logo\":{\"@type\":\"ImageObject\",\"@id\":\"https:\/\/padas.al\/#logo\",\"inLanguage\":\"en-GB\",\"url\":\"https:\/\/padas.al\/wp-content\/uploads\/2021\/12\/padas-logo-01.svg\",\"contentUrl\":\"https:\/\/padas.al\/wp-content\/uploads\/2021\/12\/padas-logo-01.svg\",\"width\":196.4218,\"height\":195.7925,\"caption\":\"Padas.al\"},\"image\":{\"@id\":\"https:\/\/padas.al\/#logo\"}},{\"@type\":\"WebSite\",\"@id\":\"https:\/\/padas.al\/#website\",\"url\":\"https:\/\/padas.al\/\",\"name\":\"PADAS\",\"description\":\"Shoe Shop\",\"publisher\":{\"@id\":\"https:\/\/padas.al\/#organization\"},\"potentialAction\":[{\"@type\":\"SearchAction\",\"target\":{\"@type\":\"EntryPoint\",\"urlTemplate\":\"https:\/\/padas.al\/?s={search_term_string}\"},\"query-input\":\"required name=search_term_string\"}],\"inLanguage\":\"en-GB\"},{\"@type\":\"ImageObject\",\"@id\":\"https:\/\/padas.al\/product\/sandale-boxer-lekure-per-meshkuj\/#primaryimage\",\"inLanguage\":\"en-GB\",\"url\":\"https:\/\/padas.al\/wp-content\/uploads\/2022\/06\/boxer-shoes-19165-7.jpg\",\"contentUrl\":\"https:\/\/padas.al\/wp-content\/uploads\/2022\/06\/boxer-shoes-19165-7.jpg\",\"width\":1000,\"height\":1000},{\"@type\":\"WebPage\",\"@id\":\"https:\/\/padas.al\/product\/sandale-boxer-lekure-per-meshkuj\/#webpage\",\"url\":\"https:\/\/padas.al\/product\/sandale-boxer-lekure-per-meshkuj\/\",\"name\":\"Sandale Boxer l\u00ebkur\u00eb p\u00ebr meshkuj. - PADAS\",\"isPartOf\":{\"@id\":\"https:\/\/padas.al\/#website\"},\"primaryImageOfPage\":{\"@id\":\"https:\/\/padas.al\/product\/sandale-boxer-lekure-per-meshkuj\/#primaryimage\"},\"datePublished\":\"2022-06-23T17:25:34+00:00\",\"dateModified\":\"2025-06-13T10:38:45+00:00\",\"description\":\"Sandale l\u00ebkur\u00eb p\u00ebr meshkuj me model sa minimalist po aq dhe modern p\u00ebr t\u00eb gjith\u00eb ju q\u00eb ju p\u00eblqeni uniken k\u00ebto sandale jan\u00eb zgjedhja e duhur. Tep\u00ebr komode dhe t\u00eb rehatshme p\u00ebr sh\u00ebtitjet tuaja apo dhe n\u00eb p\u00ebrditshm\u00ebri.\",\"breadcrumb\":{\"@id\":\"https:\/\/padas.al\/product\/sandale-boxer-lekure-per-meshkuj\/#breadcrumb\"},\"inLanguage\":\"en-GB\",\"potentialAction\":[{\"@type\":\"ReadAction\",\"target\":[\"https:\/\/padas.al\/product\/sandale-boxer-lekure-per-meshkuj\/\"]}]},{\"@type\":\"BreadcrumbList\",\"@id\":\"https:\/\/padas.al\/product\/sandale-boxer-lekure-per-meshkuj\/#breadcrumb\",\"itemListElement\":[{\"@type\":\"ListItem\",\"position\":1,\"name\":\"Home\",\"item\":\"https:\/\/padas.al\/\"},{\"@type\":\"ListItem\",\"position\":2,\"name\":\"Shop\",\"item\":\"https:\/\/padas.al\/shop\/\"},{\"@type\":\"ListItem\",\"position\":3,\"name\":\"Sandale Boxer l\u00ebkur\u00eb p\u00ebr meshkuj.\"}]}]}<\/script>\n<!-- \/ Yoast SEO plugin. -->","yoast_head_json":{"title":"Sandale Boxer l\u00ebkur\u00eb p\u00ebr meshkuj. - PADAS","description":"Sandale l\u00ebkur\u00eb p\u00ebr meshkuj me model sa minimalist po aq dhe modern p\u00ebr t\u00eb gjith\u00eb ju q\u00eb ju p\u00eblqeni uniken k\u00ebto sandale jan\u00eb zgjedhja e duhur. Tep\u00ebr komode dhe t\u00eb rehatshme p\u00ebr sh\u00ebtitjet tuaja apo dhe n\u00eb p\u00ebrditshm\u00ebri.","robots":{"index":"index","follow":"follow","max-snippet":"max-snippet:-1","max-image-preview":"max-image-preview:large","max-video-preview":"max-video-preview:-1"},"canonical":"https:\/\/padas.al\/english\/product\/sandale-boxer-lekure-per-meshkuj\/","og_locale":"en_GB","og_type":"article","og_title":"Sandale Boxer l\u00ebkur\u00eb p\u00ebr meshkuj. - PADAS","og_description":"Sandale l\u00ebkur\u00eb p\u00ebr meshkuj me model sa minimalist po aq dhe modern p\u00ebr t\u00eb gjith\u00eb ju q\u00eb ju p\u00eblqeni uniken k\u00ebto sandale jan\u00eb zgjedhja e duhur. Tep\u00ebr komode dhe t\u00eb rehatshme p\u00ebr sh\u00ebtitjet tuaja apo dhe n\u00eb p\u00ebrditshm\u00ebri.","og_url":"https:\/\/padas.al\/english\/product\/sandale-boxer-lekure-per-meshkuj\/","og_site_name":"PADAS","article_modified_time":"2025-06-13T10:38:45+00:00","og_image":[{"width":1000,"height":1000,"url":"https:\/\/padas.al\/wp-content\/uploads\/2022\/06\/boxer-shoes-19165-7.jpg","type":"image\/jpeg"}],"twitter_card":"summary_large_image","twitter_misc":{"Estimated reading time":"1 minute"},"schema":{"@context":"https:\/\/schema.org","@graph":[{"@type":"Organization","@id":"https:\/\/padas.al\/#organization","name":"Padas.al","url":"https:\/\/padas.al\/","sameAs":[],"logo":{"@type":"ImageObject","@id":"https:\/\/padas.al\/#logo","inLanguage":"en-GB","url":"https:\/\/padas.al\/wp-content\/uploads\/2021\/12\/padas-logo-01.svg","contentUrl":"https:\/\/padas.al\/wp-content\/uploads\/2021\/12\/padas-logo-01.svg","width":196.4218,"height":195.7925,"caption":"Padas.al"},"image":{"@id":"https:\/\/padas.al\/#logo"}},{"@type":"WebSite","@id":"https:\/\/padas.al\/#website","url":"https:\/\/padas.al\/","name":"PADAS","description":"Shoe Shop","publisher":{"@id":"https:\/\/padas.al\/#organization"},"potentialAction":[{"@type":"SearchAction","target":{"@type":"EntryPoint","urlTemplate":"https:\/\/padas.al\/?s={search_term_string}"},"query-input":"required name=search_term_string"}],"inLanguage":"en-GB"},{"@type":"ImageObject","@id":"https:\/\/padas.al\/product\/sandale-boxer-lekure-per-meshkuj\/#primaryimage","inLanguage":"en-GB","url":"https:\/\/padas.al\/wp-content\/uploads\/2022\/06\/boxer-shoes-19165-7.jpg","contentUrl":"https:\/\/padas.al\/wp-content\/uploads\/2022\/06\/boxer-shoes-19165-7.jpg","width":1000,"height":1000},{"@type":"WebPage","@id":"https:\/\/padas.al\/product\/sandale-boxer-lekure-per-meshkuj\/#webpage","url":"https:\/\/padas.al\/product\/sandale-boxer-lekure-per-meshkuj\/","name":"Sandale Boxer l\u00ebkur\u00eb p\u00ebr meshkuj. - PADAS","isPartOf":{"@id":"https:\/\/padas.al\/#website"},"primaryImageOfPage":{"@id":"https:\/\/padas.al\/product\/sandale-boxer-lekure-per-meshkuj\/#primaryimage"},"datePublished":"2022-06-23T17:25:34+00:00","dateModified":"2025-06-13T10:38:45+00:00","description":"Sandale l\u00ebkur\u00eb p\u00ebr meshkuj me model sa minimalist po aq dhe modern p\u00ebr t\u00eb gjith\u00eb ju q\u00eb ju p\u00eblqeni uniken k\u00ebto sandale jan\u00eb zgjedhja e duhur. Tep\u00ebr komode dhe t\u00eb rehatshme p\u00ebr sh\u00ebtitjet tuaja apo dhe n\u00eb p\u00ebrditshm\u00ebri.","breadcrumb":{"@id":"https:\/\/padas.al\/product\/sandale-boxer-lekure-per-meshkuj\/#breadcrumb"},"inLanguage":"en-GB","potentialAction":[{"@type":"ReadAction","target":["https:\/\/padas.al\/product\/sandale-boxer-lekure-per-meshkuj\/"]}]},{"@type":"BreadcrumbList","@id":"https:\/\/padas.al\/product\/sandale-boxer-lekure-per-meshkuj\/#breadcrumb","itemListElement":[{"@type":"ListItem","position":1,"name":"Home","item":"https:\/\/padas.al\/"},{"@type":"ListItem","position":2,"name":"Shop","item":"https:\/\/padas.al\/shop\/"},{"@type":"ListItem","position":3,"name":"Sandale Boxer l\u00ebkur\u00eb p\u00ebr meshkuj."}]}]}},"_links":{"self":[{"href":"https:\/\/padas.al\/english\/wp-json\/wp\/v2\/product\/8373"}],"collection":[{"href":"https:\/\/padas.al\/english\/wp-json\/wp\/v2\/product"}],"about":[{"href":"https:\/\/padas.al\/english\/wp-json\/wp\/v2\/types\/product"}],"replies":[{"embeddable":true,"href":"https:\/\/padas.al\/english\/wp-json\/wp\/v2\/comments?post=8373"}],"wp:featuredmedia":[{"embeddable":true,"href":"https:\/\/padas.al\/english\/wp-json\/wp\/v2\/media\/8374"}],"wp:attachment":[{"href":"https:\/\/padas.al\/english\/wp-json\/wp\/v2\/media?parent=8373"}],"wp:term":[{"taxonomy":"product_cat","embeddable":true,"href":"https:\/\/padas.al\/english\/wp-json\/wp\/v2\/product_cat?post=8373"},{"taxonomy":"product_tag","embeddable":true,"href":"https:\/\/padas.al\/english\/wp-json\/wp\/v2\/product_tag?post=8373"}],"curies":[{"name":"wp","href":"https:\/\/api.w.org\/{rel}","templated":true}]}}