{"id":8608,"date":"2022-07-27T13:58:42","date_gmt":"2022-07-27T13:58:42","guid":{"rendered":"https:\/\/padas.al\/?post_type=product&#038;p=8608"},"modified":"2023-09-08T20:00:43","modified_gmt":"2023-09-08T20:00:43","slug":"cante-lekure-trip-camel-per-laptop","status":"publish","type":"product","link":"https:\/\/padas.al\/english\/product\/cante-lekure-trip-camel-per-laptop\/","title":{"rendered":"\u00c7ant\u00eb l\u00ebkure Trip Camel p\u00ebr laptop."},"content":{"rendered":"<p>\u00c7anta \u00ebsht\u00eb e punuar nga l\u00ebkura natyrale n\u00eb ngjyr\u00ebn kafe mjalti ose camel, l\u00ebkura e saj \u00ebsht\u00eb nga shpatulla e vi\u00e7it. \u00c7anta krahas dorezave ka dhe rripin e gjat\u00eb p\u00ebr ta mbajtur at\u00eb n\u00eb sup. Kjo \u00e7ant\u00eb \u00ebsht\u00eb e p\u00ebrshtatshme p\u00ebr laptop por dhe p\u00ebr \u00e7do biznesmen apo p\u00ebr profesione t\u00eb tilla si noter avokat pedagog etj pasi dosjet brenda \u00e7ant\u00ebs sistemohen shum\u00eb me rregull.<\/p>","protected":false},"excerpt":{"rendered":"<p>\u00c7anta Hercules \u00ebsht\u00eb produt i firm\u00ebs Trip Camel , kompani e cila ka eksperinc\u00eb 45 vje\u00e7are n\u00eb punimin e \u00e7antave. Organizimi i \u00e7ant\u00ebs \u00ebsht\u00eb ky; n\u00eb faqen ballore ka nj\u00eb xhep i cili mbyllet me ngjit\u00ebs, nga ana e pasme ka xhep tjet\u00ebr q\u00eb mbyllet me zinxhir. Hap\u00ebsira kryesore mbyllet me zinxhir dhe brenda jan\u00eb dy ndarje t\u00eb ve\u00e7anta ku nga secila an\u00eb ndodhen xhep me zinxhir n\u00eb nj\u00ebr\u00ebn an\u00eb dhe dy xhepa t\u00eb tjer\u00eb pa zinxhir nga ana tjet\u00ebr.<\/p>","protected":false},"featured_media":8609,"comment_status":"open","ping_status":"closed","template":"","meta":[],"product_cat":[232,233,188,210,211,205,209],"product_tag":[],"yoast_head":"<!-- This site is optimized with the Yoast SEO plugin v18.3 - https:\/\/yoast.com\/wordpress\/plugins\/seo\/ -->\n<title>\u00c7ant\u00eb l\u00ebkure Trip Camel p\u00ebr laptop. - PADAS<\/title>\n<meta name=\"description\" content=\"\u00c7ant\u00eb l\u00ebkure p\u00ebr biznesmen\u00eb , apo p\u00ebr profesionet q\u00eb kan\u00eb dosje, \u00ebsht\u00eb praktike n\u00eb p\u00ebrditshm\u00ebri takimet e pun\u00ebs si dhe udh\u00ebtimet tuaja. Organizimi i saj \u00ebsht\u00eb i p\u00ebrsosur dhe cil\u00ebsi shum\u00eb e lart\u00eb e l\u00ebkur\u00ebs.\" \/>\n<meta name=\"robots\" content=\"index, follow, max-snippet:-1, max-image-preview:large, max-video-preview:-1\" \/>\n<link rel=\"canonical\" href=\"https:\/\/padas.al\/english\/product\/cante-lekure-trip-camel-per-laptop\/\" \/>\n<meta property=\"og:locale\" content=\"en_GB\" \/>\n<meta property=\"og:type\" content=\"article\" \/>\n<meta property=\"og:title\" content=\"\u00c7ant\u00eb l\u00ebkure Trip Camel p\u00ebr laptop. - PADAS\" \/>\n<meta property=\"og:description\" content=\"\u00c7ant\u00eb l\u00ebkure p\u00ebr biznesmen\u00eb , apo p\u00ebr profesionet q\u00eb kan\u00eb dosje, \u00ebsht\u00eb praktike n\u00eb p\u00ebrditshm\u00ebri takimet e pun\u00ebs si dhe udh\u00ebtimet tuaja. Organizimi i saj \u00ebsht\u00eb i p\u00ebrsosur dhe cil\u00ebsi shum\u00eb e lart\u00eb e l\u00ebkur\u00ebs.\" \/>\n<meta property=\"og:url\" content=\"https:\/\/padas.al\/english\/product\/cante-lekure-trip-camel-per-laptop\/\" \/>\n<meta property=\"og:site_name\" content=\"PADAS\" \/>\n<meta property=\"article:modified_time\" content=\"2023-09-08T20:00:43+00:00\" \/>\n<meta property=\"og:image\" content=\"https:\/\/padas.al\/wp-content\/uploads\/2022\/07\/815-camel-A.jpg\" \/>\n\t<meta property=\"og:image:width\" content=\"800\" \/>\n\t<meta property=\"og:image:height\" content=\"800\" \/>\n\t<meta property=\"og:image:type\" content=\"image\/jpeg\" \/>\n<meta name=\"twitter:card\" content=\"summary_large_image\" \/>\n<script type=\"application\/ld+json\" class=\"yoast-schema-graph\">{\"@context\":\"https:\/\/schema.org\",\"@graph\":[{\"@type\":\"Organization\",\"@id\":\"https:\/\/padas.al\/#organization\",\"name\":\"Padas.al\",\"url\":\"https:\/\/padas.al\/\",\"sameAs\":[],\"logo\":{\"@type\":\"ImageObject\",\"@id\":\"https:\/\/padas.al\/#logo\",\"inLanguage\":\"en-GB\",\"url\":\"https:\/\/padas.al\/wp-content\/uploads\/2021\/12\/padas-logo-01.svg\",\"contentUrl\":\"https:\/\/padas.al\/wp-content\/uploads\/2021\/12\/padas-logo-01.svg\",\"width\":196.4218,\"height\":195.7925,\"caption\":\"Padas.al\"},\"image\":{\"@id\":\"https:\/\/padas.al\/#logo\"}},{\"@type\":\"WebSite\",\"@id\":\"https:\/\/padas.al\/#website\",\"url\":\"https:\/\/padas.al\/\",\"name\":\"PADAS\",\"description\":\"Shoe Shop\",\"publisher\":{\"@id\":\"https:\/\/padas.al\/#organization\"},\"potentialAction\":[{\"@type\":\"SearchAction\",\"target\":{\"@type\":\"EntryPoint\",\"urlTemplate\":\"https:\/\/padas.al\/?s={search_term_string}\"},\"query-input\":\"required name=search_term_string\"}],\"inLanguage\":\"en-GB\"},{\"@type\":\"ImageObject\",\"@id\":\"https:\/\/padas.al\/product\/cante-lekure-trip-camel-per-laptop\/#primaryimage\",\"inLanguage\":\"en-GB\",\"url\":\"https:\/\/padas.al\/wp-content\/uploads\/2022\/07\/815-camel-A.jpg\",\"contentUrl\":\"https:\/\/padas.al\/wp-content\/uploads\/2022\/07\/815-camel-A.jpg\",\"width\":800,\"height\":800},{\"@type\":\"WebPage\",\"@id\":\"https:\/\/padas.al\/product\/cante-lekure-trip-camel-per-laptop\/#webpage\",\"url\":\"https:\/\/padas.al\/product\/cante-lekure-trip-camel-per-laptop\/\",\"name\":\"\u00c7ant\u00eb l\u00ebkure Trip Camel p\u00ebr laptop. - PADAS\",\"isPartOf\":{\"@id\":\"https:\/\/padas.al\/#website\"},\"primaryImageOfPage\":{\"@id\":\"https:\/\/padas.al\/product\/cante-lekure-trip-camel-per-laptop\/#primaryimage\"},\"datePublished\":\"2022-07-27T13:58:42+00:00\",\"dateModified\":\"2023-09-08T20:00:43+00:00\",\"description\":\"\u00c7ant\u00eb l\u00ebkure p\u00ebr biznesmen\u00eb , apo p\u00ebr profesionet q\u00eb kan\u00eb dosje, \u00ebsht\u00eb praktike n\u00eb p\u00ebrditshm\u00ebri takimet e pun\u00ebs si dhe udh\u00ebtimet tuaja. Organizimi i saj \u00ebsht\u00eb i p\u00ebrsosur dhe cil\u00ebsi shum\u00eb e lart\u00eb e l\u00ebkur\u00ebs.\",\"breadcrumb\":{\"@id\":\"https:\/\/padas.al\/product\/cante-lekure-trip-camel-per-laptop\/#breadcrumb\"},\"inLanguage\":\"en-GB\",\"potentialAction\":[{\"@type\":\"ReadAction\",\"target\":[\"https:\/\/padas.al\/product\/cante-lekure-trip-camel-per-laptop\/\"]}]},{\"@type\":\"BreadcrumbList\",\"@id\":\"https:\/\/padas.al\/product\/cante-lekure-trip-camel-per-laptop\/#breadcrumb\",\"itemListElement\":[{\"@type\":\"ListItem\",\"position\":1,\"name\":\"Home\",\"item\":\"https:\/\/padas.al\/\"},{\"@type\":\"ListItem\",\"position\":2,\"name\":\"Shop\",\"item\":\"https:\/\/padas.al\/shop\/\"},{\"@type\":\"ListItem\",\"position\":3,\"name\":\"\u00c7ant\u00eb l\u00ebkure Trip Camel p\u00ebr laptop.\"}]}]}<\/script>\n<!-- \/ Yoast SEO plugin. -->","yoast_head_json":{"title":"\u00c7ant\u00eb l\u00ebkure Trip Camel p\u00ebr laptop. - PADAS","description":"\u00c7ant\u00eb l\u00ebkure p\u00ebr biznesmen\u00eb , apo p\u00ebr profesionet q\u00eb kan\u00eb dosje, \u00ebsht\u00eb praktike n\u00eb p\u00ebrditshm\u00ebri takimet e pun\u00ebs si dhe udh\u00ebtimet tuaja. Organizimi i saj \u00ebsht\u00eb i p\u00ebrsosur dhe cil\u00ebsi shum\u00eb e lart\u00eb e l\u00ebkur\u00ebs.","robots":{"index":"index","follow":"follow","max-snippet":"max-snippet:-1","max-image-preview":"max-image-preview:large","max-video-preview":"max-video-preview:-1"},"canonical":"https:\/\/padas.al\/english\/product\/cante-lekure-trip-camel-per-laptop\/","og_locale":"en_GB","og_type":"article","og_title":"\u00c7ant\u00eb l\u00ebkure Trip Camel p\u00ebr laptop. - PADAS","og_description":"\u00c7ant\u00eb l\u00ebkure p\u00ebr biznesmen\u00eb , apo p\u00ebr profesionet q\u00eb kan\u00eb dosje, \u00ebsht\u00eb praktike n\u00eb p\u00ebrditshm\u00ebri takimet e pun\u00ebs si dhe udh\u00ebtimet tuaja. Organizimi i saj \u00ebsht\u00eb i p\u00ebrsosur dhe cil\u00ebsi shum\u00eb e lart\u00eb e l\u00ebkur\u00ebs.","og_url":"https:\/\/padas.al\/english\/product\/cante-lekure-trip-camel-per-laptop\/","og_site_name":"PADAS","article_modified_time":"2023-09-08T20:00:43+00:00","og_image":[{"width":800,"height":800,"url":"https:\/\/padas.al\/wp-content\/uploads\/2022\/07\/815-camel-A.jpg","type":"image\/jpeg"}],"twitter_card":"summary_large_image","schema":{"@context":"https:\/\/schema.org","@graph":[{"@type":"Organization","@id":"https:\/\/padas.al\/#organization","name":"Padas.al","url":"https:\/\/padas.al\/","sameAs":[],"logo":{"@type":"ImageObject","@id":"https:\/\/padas.al\/#logo","inLanguage":"en-GB","url":"https:\/\/padas.al\/wp-content\/uploads\/2021\/12\/padas-logo-01.svg","contentUrl":"https:\/\/padas.al\/wp-content\/uploads\/2021\/12\/padas-logo-01.svg","width":196.4218,"height":195.7925,"caption":"Padas.al"},"image":{"@id":"https:\/\/padas.al\/#logo"}},{"@type":"WebSite","@id":"https:\/\/padas.al\/#website","url":"https:\/\/padas.al\/","name":"PADAS","description":"Shoe Shop","publisher":{"@id":"https:\/\/padas.al\/#organization"},"potentialAction":[{"@type":"SearchAction","target":{"@type":"EntryPoint","urlTemplate":"https:\/\/padas.al\/?s={search_term_string}"},"query-input":"required name=search_term_string"}],"inLanguage":"en-GB"},{"@type":"ImageObject","@id":"https:\/\/padas.al\/product\/cante-lekure-trip-camel-per-laptop\/#primaryimage","inLanguage":"en-GB","url":"https:\/\/padas.al\/wp-content\/uploads\/2022\/07\/815-camel-A.jpg","contentUrl":"https:\/\/padas.al\/wp-content\/uploads\/2022\/07\/815-camel-A.jpg","width":800,"height":800},{"@type":"WebPage","@id":"https:\/\/padas.al\/product\/cante-lekure-trip-camel-per-laptop\/#webpage","url":"https:\/\/padas.al\/product\/cante-lekure-trip-camel-per-laptop\/","name":"\u00c7ant\u00eb l\u00ebkure Trip Camel p\u00ebr laptop. - PADAS","isPartOf":{"@id":"https:\/\/padas.al\/#website"},"primaryImageOfPage":{"@id":"https:\/\/padas.al\/product\/cante-lekure-trip-camel-per-laptop\/#primaryimage"},"datePublished":"2022-07-27T13:58:42+00:00","dateModified":"2023-09-08T20:00:43+00:00","description":"\u00c7ant\u00eb l\u00ebkure p\u00ebr biznesmen\u00eb , apo p\u00ebr profesionet q\u00eb kan\u00eb dosje, \u00ebsht\u00eb praktike n\u00eb p\u00ebrditshm\u00ebri takimet e pun\u00ebs si dhe udh\u00ebtimet tuaja. Organizimi i saj \u00ebsht\u00eb i p\u00ebrsosur dhe cil\u00ebsi shum\u00eb e lart\u00eb e l\u00ebkur\u00ebs.","breadcrumb":{"@id":"https:\/\/padas.al\/product\/cante-lekure-trip-camel-per-laptop\/#breadcrumb"},"inLanguage":"en-GB","potentialAction":[{"@type":"ReadAction","target":["https:\/\/padas.al\/product\/cante-lekure-trip-camel-per-laptop\/"]}]},{"@type":"BreadcrumbList","@id":"https:\/\/padas.al\/product\/cante-lekure-trip-camel-per-laptop\/#breadcrumb","itemListElement":[{"@type":"ListItem","position":1,"name":"Home","item":"https:\/\/padas.al\/"},{"@type":"ListItem","position":2,"name":"Shop","item":"https:\/\/padas.al\/shop\/"},{"@type":"ListItem","position":3,"name":"\u00c7ant\u00eb l\u00ebkure Trip Camel p\u00ebr laptop."}]}]}},"_links":{"self":[{"href":"https:\/\/padas.al\/english\/wp-json\/wp\/v2\/product\/8608"}],"collection":[{"href":"https:\/\/padas.al\/english\/wp-json\/wp\/v2\/product"}],"about":[{"href":"https:\/\/padas.al\/english\/wp-json\/wp\/v2\/types\/product"}],"replies":[{"embeddable":true,"href":"https:\/\/padas.al\/english\/wp-json\/wp\/v2\/comments?post=8608"}],"wp:featuredmedia":[{"embeddable":true,"href":"https:\/\/padas.al\/english\/wp-json\/wp\/v2\/media\/8609"}],"wp:attachment":[{"href":"https:\/\/padas.al\/english\/wp-json\/wp\/v2\/media?parent=8608"}],"wp:term":[{"taxonomy":"product_cat","embeddable":true,"href":"https:\/\/padas.al\/english\/wp-json\/wp\/v2\/product_cat?post=8608"},{"taxonomy":"product_tag","embeddable":true,"href":"https:\/\/padas.al\/english\/wp-json\/wp\/v2\/product_tag?post=8608"}],"curies":[{"name":"wp","href":"https:\/\/api.w.org\/{rel}","templated":true}]}}