{"id":8621,"date":"2022-08-05T11:36:57","date_gmt":"2022-08-05T11:36:57","guid":{"rendered":"https:\/\/padas.al\/?post_type=product&#038;p=8621"},"modified":"2024-01-10T21:03:11","modified_gmt":"2024-01-10T21:03:11","slug":"marsup-lekure-per-meshkuj-trip-camel","status":"publish","type":"product","link":"https:\/\/padas.al\/english\/product\/marsup-lekure-per-meshkuj-trip-camel\/","title":{"rendered":"Marsup l\u00ebkure p\u00ebr meshkuj Trip Camel."},"content":{"rendered":"<p>\u00c7anta \u00ebsht\u00eb e punuar nga l\u00ebkura natyrale n\u00eb ngjyr\u00ebn kafe t\u00eb err\u00ebt, por gjithashtu e disponojm\u00eb dhe n\u00eb ngjyr\u00ebn e zez\u00eb k\u00ebt\u00eb model. Akseor\u00ebt e saj si, zinxir\u00ebt hallkat e rripit mbyllja me magnet jan\u00eb materiale metalike rezistent\u00eb n\u00eb ngjyr\u00ebn e floririt me uj\u00ebra n\u00eb stilin e &#8220;vjet\u00ebruar&#8221;. L\u00ebkura q\u00eb \u00ebsht\u00eb p\u00ebrdorur \u00ebsht\u00eb l\u00ebkur\u00eb vi\u00e7i dhe \u00e7anta \u00ebsht\u00eb e punuar n\u00eb m\u00ebnyr\u00eb artizanale handcraft.<\/p>","protected":false},"excerpt":{"rendered":"<p>\u00c7anta \u00ebsht\u00eb produkt i firm\u00ebs Trip Camel, kompani e cila prodhon \u00e7anta e portofola l\u00ebkure. \u00c7anta p\u00ebrb\u00ebh\u00ebt nga rripi i gjat\u00eb i cili ka nj\u00eb nd\u00ebrthurje t\u00eb l\u00ebkur\u00ebs natyrale me material tekstil t\u00eb fort\u00eb p\u00ebr ti dh\u00ebn\u00eb asaj siguri maksimale. N\u00eb pjes\u00ebn p\u00ebrpara t\u00eb \u00e7ant\u00ebs \u00ebsht\u00eb e stampuar logo e vet firm\u00ebs si dhe ndodhen dy xhepa. \u00c7anta p\u00ebrb\u00ebhet nga nj\u00eb xhep kryesor i cili dhe q\u00ebndrori, pjesa brendshme \u00ebsht\u00eb e nj\u00ebtrajtshme nga nj\u00ebra an\u00eb ka nj\u00eb xhep me zinxhir dhe nga ana tjet\u00ebr ka nj\u00eb tjet\u00ebr xhep. Gjithashtu n\u00eb pjes\u00ebn e pasme ka xhep me zinxhir. \u00c7anta ka nj\u00eb stil t\u00eb nd\u00ebrthurur midis sportives dhe asaj casual.<\/p>","protected":false},"featured_media":8622,"comment_status":"open","ping_status":"closed","template":"","meta":[],"product_cat":[232,233,188,210,211,205,208],"product_tag":[],"yoast_head":"<!-- This site is optimized with the Yoast SEO plugin v18.3 - https:\/\/yoast.com\/wordpress\/plugins\/seo\/ -->\n<title>Marsup l\u00ebkure p\u00ebr meshkuj Trip Camel. - PADAS<\/title>\n<meta name=\"description\" content=\"\u00c7ant\u00eb marsup p\u00ebr meshkuj e mir\u00eborganizuar me shum\u00eb hap\u00ebsira dhe xhepa p\u00ebr t\u00eb sistemuar sendet tuaja personale. Ideale p\u00ebr n\u00eb p\u00ebrditshm\u00ebri dhe p\u00ebr udh\u00ebtimet tuaja.\" \/>\n<meta name=\"robots\" content=\"index, follow, max-snippet:-1, max-image-preview:large, max-video-preview:-1\" \/>\n<link rel=\"canonical\" href=\"https:\/\/padas.al\/english\/product\/marsup-lekure-per-meshkuj-trip-camel\/\" \/>\n<meta property=\"og:locale\" content=\"en_GB\" \/>\n<meta property=\"og:type\" content=\"article\" \/>\n<meta property=\"og:title\" content=\"Marsup l\u00ebkure p\u00ebr meshkuj Trip Camel. - PADAS\" \/>\n<meta property=\"og:description\" content=\"\u00c7ant\u00eb marsup p\u00ebr meshkuj e mir\u00eborganizuar me shum\u00eb hap\u00ebsira dhe xhepa p\u00ebr t\u00eb sistemuar sendet tuaja personale. Ideale p\u00ebr n\u00eb p\u00ebrditshm\u00ebri dhe p\u00ebr udh\u00ebtimet tuaja.\" \/>\n<meta property=\"og:url\" content=\"https:\/\/padas.al\/english\/product\/marsup-lekure-per-meshkuj-trip-camel\/\" \/>\n<meta property=\"og:site_name\" content=\"PADAS\" \/>\n<meta property=\"article:modified_time\" content=\"2024-01-10T21:03:11+00:00\" \/>\n<meta property=\"og:image\" content=\"https:\/\/padas.al\/wp-content\/uploads\/2022\/08\/833-brown-A-1.jpg\" \/>\n\t<meta property=\"og:image:width\" content=\"800\" \/>\n\t<meta property=\"og:image:height\" content=\"800\" \/>\n\t<meta property=\"og:image:type\" content=\"image\/jpeg\" \/>\n<meta name=\"twitter:card\" content=\"summary_large_image\" \/>\n<meta name=\"twitter:label1\" content=\"Estimated reading time\" \/>\n\t<meta name=\"twitter:data1\" content=\"1 minute\" \/>\n<script type=\"application\/ld+json\" class=\"yoast-schema-graph\">{\"@context\":\"https:\/\/schema.org\",\"@graph\":[{\"@type\":\"Organization\",\"@id\":\"https:\/\/padas.al\/#organization\",\"name\":\"Padas.al\",\"url\":\"https:\/\/padas.al\/\",\"sameAs\":[],\"logo\":{\"@type\":\"ImageObject\",\"@id\":\"https:\/\/padas.al\/#logo\",\"inLanguage\":\"en-GB\",\"url\":\"https:\/\/padas.al\/wp-content\/uploads\/2021\/12\/padas-logo-01.svg\",\"contentUrl\":\"https:\/\/padas.al\/wp-content\/uploads\/2021\/12\/padas-logo-01.svg\",\"width\":196.4218,\"height\":195.7925,\"caption\":\"Padas.al\"},\"image\":{\"@id\":\"https:\/\/padas.al\/#logo\"}},{\"@type\":\"WebSite\",\"@id\":\"https:\/\/padas.al\/#website\",\"url\":\"https:\/\/padas.al\/\",\"name\":\"PADAS\",\"description\":\"Shoe Shop\",\"publisher\":{\"@id\":\"https:\/\/padas.al\/#organization\"},\"potentialAction\":[{\"@type\":\"SearchAction\",\"target\":{\"@type\":\"EntryPoint\",\"urlTemplate\":\"https:\/\/padas.al\/?s={search_term_string}\"},\"query-input\":\"required name=search_term_string\"}],\"inLanguage\":\"en-GB\"},{\"@type\":\"ImageObject\",\"@id\":\"https:\/\/padas.al\/product\/marsup-lekure-per-meshkuj-trip-camel\/#primaryimage\",\"inLanguage\":\"en-GB\",\"url\":\"https:\/\/padas.al\/wp-content\/uploads\/2022\/08\/833-brown-A-1.jpg\",\"contentUrl\":\"https:\/\/padas.al\/wp-content\/uploads\/2022\/08\/833-brown-A-1.jpg\",\"width\":800,\"height\":800},{\"@type\":\"WebPage\",\"@id\":\"https:\/\/padas.al\/product\/marsup-lekure-per-meshkuj-trip-camel\/#webpage\",\"url\":\"https:\/\/padas.al\/product\/marsup-lekure-per-meshkuj-trip-camel\/\",\"name\":\"Marsup l\u00ebkure p\u00ebr meshkuj Trip Camel. - PADAS\",\"isPartOf\":{\"@id\":\"https:\/\/padas.al\/#website\"},\"primaryImageOfPage\":{\"@id\":\"https:\/\/padas.al\/product\/marsup-lekure-per-meshkuj-trip-camel\/#primaryimage\"},\"datePublished\":\"2022-08-05T11:36:57+00:00\",\"dateModified\":\"2024-01-10T21:03:11+00:00\",\"description\":\"\u00c7ant\u00eb marsup p\u00ebr meshkuj e mir\u00eborganizuar me shum\u00eb hap\u00ebsira dhe xhepa p\u00ebr t\u00eb sistemuar sendet tuaja personale. Ideale p\u00ebr n\u00eb p\u00ebrditshm\u00ebri dhe p\u00ebr udh\u00ebtimet tuaja.\",\"breadcrumb\":{\"@id\":\"https:\/\/padas.al\/product\/marsup-lekure-per-meshkuj-trip-camel\/#breadcrumb\"},\"inLanguage\":\"en-GB\",\"potentialAction\":[{\"@type\":\"ReadAction\",\"target\":[\"https:\/\/padas.al\/product\/marsup-lekure-per-meshkuj-trip-camel\/\"]}]},{\"@type\":\"BreadcrumbList\",\"@id\":\"https:\/\/padas.al\/product\/marsup-lekure-per-meshkuj-trip-camel\/#breadcrumb\",\"itemListElement\":[{\"@type\":\"ListItem\",\"position\":1,\"name\":\"Home\",\"item\":\"https:\/\/padas.al\/\"},{\"@type\":\"ListItem\",\"position\":2,\"name\":\"Shop\",\"item\":\"https:\/\/padas.al\/shop\/\"},{\"@type\":\"ListItem\",\"position\":3,\"name\":\"Marsup l\u00ebkure p\u00ebr meshkuj Trip Camel.\"}]}]}<\/script>\n<!-- \/ Yoast SEO plugin. -->","yoast_head_json":{"title":"Marsup l\u00ebkure p\u00ebr meshkuj Trip Camel. - PADAS","description":"\u00c7ant\u00eb marsup p\u00ebr meshkuj e mir\u00eborganizuar me shum\u00eb hap\u00ebsira dhe xhepa p\u00ebr t\u00eb sistemuar sendet tuaja personale. Ideale p\u00ebr n\u00eb p\u00ebrditshm\u00ebri dhe p\u00ebr udh\u00ebtimet tuaja.","robots":{"index":"index","follow":"follow","max-snippet":"max-snippet:-1","max-image-preview":"max-image-preview:large","max-video-preview":"max-video-preview:-1"},"canonical":"https:\/\/padas.al\/english\/product\/marsup-lekure-per-meshkuj-trip-camel\/","og_locale":"en_GB","og_type":"article","og_title":"Marsup l\u00ebkure p\u00ebr meshkuj Trip Camel. - PADAS","og_description":"\u00c7ant\u00eb marsup p\u00ebr meshkuj e mir\u00eborganizuar me shum\u00eb hap\u00ebsira dhe xhepa p\u00ebr t\u00eb sistemuar sendet tuaja personale. Ideale p\u00ebr n\u00eb p\u00ebrditshm\u00ebri dhe p\u00ebr udh\u00ebtimet tuaja.","og_url":"https:\/\/padas.al\/english\/product\/marsup-lekure-per-meshkuj-trip-camel\/","og_site_name":"PADAS","article_modified_time":"2024-01-10T21:03:11+00:00","og_image":[{"width":800,"height":800,"url":"https:\/\/padas.al\/wp-content\/uploads\/2022\/08\/833-brown-A-1.jpg","type":"image\/jpeg"}],"twitter_card":"summary_large_image","twitter_misc":{"Estimated reading time":"1 minute"},"schema":{"@context":"https:\/\/schema.org","@graph":[{"@type":"Organization","@id":"https:\/\/padas.al\/#organization","name":"Padas.al","url":"https:\/\/padas.al\/","sameAs":[],"logo":{"@type":"ImageObject","@id":"https:\/\/padas.al\/#logo","inLanguage":"en-GB","url":"https:\/\/padas.al\/wp-content\/uploads\/2021\/12\/padas-logo-01.svg","contentUrl":"https:\/\/padas.al\/wp-content\/uploads\/2021\/12\/padas-logo-01.svg","width":196.4218,"height":195.7925,"caption":"Padas.al"},"image":{"@id":"https:\/\/padas.al\/#logo"}},{"@type":"WebSite","@id":"https:\/\/padas.al\/#website","url":"https:\/\/padas.al\/","name":"PADAS","description":"Shoe Shop","publisher":{"@id":"https:\/\/padas.al\/#organization"},"potentialAction":[{"@type":"SearchAction","target":{"@type":"EntryPoint","urlTemplate":"https:\/\/padas.al\/?s={search_term_string}"},"query-input":"required name=search_term_string"}],"inLanguage":"en-GB"},{"@type":"ImageObject","@id":"https:\/\/padas.al\/product\/marsup-lekure-per-meshkuj-trip-camel\/#primaryimage","inLanguage":"en-GB","url":"https:\/\/padas.al\/wp-content\/uploads\/2022\/08\/833-brown-A-1.jpg","contentUrl":"https:\/\/padas.al\/wp-content\/uploads\/2022\/08\/833-brown-A-1.jpg","width":800,"height":800},{"@type":"WebPage","@id":"https:\/\/padas.al\/product\/marsup-lekure-per-meshkuj-trip-camel\/#webpage","url":"https:\/\/padas.al\/product\/marsup-lekure-per-meshkuj-trip-camel\/","name":"Marsup l\u00ebkure p\u00ebr meshkuj Trip Camel. - PADAS","isPartOf":{"@id":"https:\/\/padas.al\/#website"},"primaryImageOfPage":{"@id":"https:\/\/padas.al\/product\/marsup-lekure-per-meshkuj-trip-camel\/#primaryimage"},"datePublished":"2022-08-05T11:36:57+00:00","dateModified":"2024-01-10T21:03:11+00:00","description":"\u00c7ant\u00eb marsup p\u00ebr meshkuj e mir\u00eborganizuar me shum\u00eb hap\u00ebsira dhe xhepa p\u00ebr t\u00eb sistemuar sendet tuaja personale. Ideale p\u00ebr n\u00eb p\u00ebrditshm\u00ebri dhe p\u00ebr udh\u00ebtimet tuaja.","breadcrumb":{"@id":"https:\/\/padas.al\/product\/marsup-lekure-per-meshkuj-trip-camel\/#breadcrumb"},"inLanguage":"en-GB","potentialAction":[{"@type":"ReadAction","target":["https:\/\/padas.al\/product\/marsup-lekure-per-meshkuj-trip-camel\/"]}]},{"@type":"BreadcrumbList","@id":"https:\/\/padas.al\/product\/marsup-lekure-per-meshkuj-trip-camel\/#breadcrumb","itemListElement":[{"@type":"ListItem","position":1,"name":"Home","item":"https:\/\/padas.al\/"},{"@type":"ListItem","position":2,"name":"Shop","item":"https:\/\/padas.al\/shop\/"},{"@type":"ListItem","position":3,"name":"Marsup l\u00ebkure p\u00ebr meshkuj Trip Camel."}]}]}},"_links":{"self":[{"href":"https:\/\/padas.al\/english\/wp-json\/wp\/v2\/product\/8621"}],"collection":[{"href":"https:\/\/padas.al\/english\/wp-json\/wp\/v2\/product"}],"about":[{"href":"https:\/\/padas.al\/english\/wp-json\/wp\/v2\/types\/product"}],"replies":[{"embeddable":true,"href":"https:\/\/padas.al\/english\/wp-json\/wp\/v2\/comments?post=8621"}],"wp:featuredmedia":[{"embeddable":true,"href":"https:\/\/padas.al\/english\/wp-json\/wp\/v2\/media\/8622"}],"wp:attachment":[{"href":"https:\/\/padas.al\/english\/wp-json\/wp\/v2\/media?parent=8621"}],"wp:term":[{"taxonomy":"product_cat","embeddable":true,"href":"https:\/\/padas.al\/english\/wp-json\/wp\/v2\/product_cat?post=8621"},{"taxonomy":"product_tag","embeddable":true,"href":"https:\/\/padas.al\/english\/wp-json\/wp\/v2\/product_tag?post=8621"}],"curies":[{"name":"wp","href":"https:\/\/api.w.org\/{rel}","templated":true}]}}