{"id":8711,"date":"2022-09-03T18:04:53","date_gmt":"2022-09-03T18:04:53","guid":{"rendered":"https:\/\/padas.al\/?post_type=product&#038;p=8711"},"modified":"2022-11-22T13:30:04","modified_gmt":"2022-11-22T13:30:04","slug":"portofol-lekure-forest-per-meshkuj","status":"publish","type":"product","link":"https:\/\/padas.al\/english\/product\/portofol-lekure-forest-per-meshkuj\/","title":{"rendered":"Portofol l\u00ebkure Forest p\u00ebr meshkuj."},"content":{"rendered":"<p>Portofoli \u00ebsht\u00eb i punuar nga l\u00ebkura natyrale e cil\u00ebsis\u00eb s\u00eb lart\u00eb n\u00eb ngjyr\u00ebn e zez\u00eb. N\u00eb faqen ballore portofoli ka t\u00eb stampuar logon e vet firm\u00ebs, anash n\u00eb t\u00eb gjith\u00eb perimetrin e tij ai \u00ebsht\u00eb me qepje. Portofoli ka organizim shum\u00eb t\u00eb mir\u00eb t\u00eb hap\u00ebsirave q\u00eb disponon.<\/p>\n<p>P\u00ebrmasat e tij; lart\u00ebsia 10 cm, gjat\u00ebsia 13 cm, gjer\u00ebsia 2cm.<\/p>","protected":false},"excerpt":{"rendered":"<p>Portofoli \u00ebsht\u00eb produkt i firm\u00ebs Forest, kompani e cila prodhon dhe treg\u00ebton aksesor\u00eb, \u00e7anta e portofola p\u00ebr meshkuj dhe femra n\u00eb materialin l\u00ebkur\u00eb natyrale. Portofoli ka k\u00ebt\u00eb ogazim t\u00eb brendsh\u00ebm; dy hap\u00ebsira p\u00ebr vendosjen e kart\u00ebmonedhave dy xhepa an\u00ebsor\u00eb , nj\u00eb xhep p\u00ebr monedhat i cili mbyllet me per\u00e7in\u00eb n\u00eb nj\u00ebr\u00ebn an\u00eb dhe nga ana tjet\u00ebr jan\u00eb hap\u00ebsirat p\u00ebr vendosjen e kartave tuaja personale , sakt\u00ebsisht jan\u00eb 9 hap\u00ebsira boshe t\u00eb cilat mbahen t\u00eb fiksuara bashk\u00eb nga nj\u00eb per\u00e7in\u00eb.<\/p>","protected":false},"featured_media":8712,"comment_status":"open","ping_status":"closed","template":"","meta":[],"product_cat":[232,234,212,274],"product_tag":[],"yoast_head":"<!-- This site is optimized with the Yoast SEO plugin v18.3 - https:\/\/yoast.com\/wordpress\/plugins\/seo\/ -->\n<title>Portofol l\u00ebkure Forest p\u00ebr meshkuj. - PADAS<\/title>\n<meta name=\"description\" content=\"Portofol l\u00ebkure p\u00ebr meshkuj me organizim shum\u00eb t\u00eb mir\u00eb t\u00eb hap\u00ebsirave q\u00eb ai ka. \u00cbsht\u00eb me madh\u00ebsi mesatare i p\u00ebrstash\u00ebm p\u00ebr tu mbajtur n\u00eb xhep apo n\u00eb \u00e7ant\u00ebn tuaj.\" \/>\n<meta name=\"robots\" content=\"index, follow, max-snippet:-1, max-image-preview:large, max-video-preview:-1\" \/>\n<link rel=\"canonical\" href=\"https:\/\/padas.al\/english\/product\/portofol-lekure-forest-per-meshkuj\/\" \/>\n<meta property=\"og:locale\" content=\"en_GB\" \/>\n<meta property=\"og:type\" content=\"article\" \/>\n<meta property=\"og:title\" content=\"Portofol l\u00ebkure Forest p\u00ebr meshkuj. - PADAS\" \/>\n<meta property=\"og:description\" content=\"Portofol l\u00ebkure p\u00ebr meshkuj me organizim shum\u00eb t\u00eb mir\u00eb t\u00eb hap\u00ebsirave q\u00eb ai ka. \u00cbsht\u00eb me madh\u00ebsi mesatare i p\u00ebrstash\u00ebm p\u00ebr tu mbajtur n\u00eb xhep apo n\u00eb \u00e7ant\u00ebn tuaj.\" \/>\n<meta property=\"og:url\" content=\"https:\/\/padas.al\/english\/product\/portofol-lekure-forest-per-meshkuj\/\" \/>\n<meta property=\"og:site_name\" content=\"PADAS\" \/>\n<meta property=\"article:modified_time\" content=\"2022-11-22T13:30:04+00:00\" \/>\n<meta property=\"og:image\" content=\"https:\/\/padas.al\/wp-content\/uploads\/2022\/09\/fixedratio_20220803145915_andriko_portofoli_megalo_forest_13_10_2_gnisio_derma_mayro_por_104_01_263_1644.jpeg\" \/>\n\t<meta property=\"og:image:width\" content=\"540\" \/>\n\t<meta property=\"og:image:height\" content=\"720\" \/>\n\t<meta property=\"og:image:type\" content=\"image\/jpeg\" \/>\n<meta name=\"twitter:card\" content=\"summary_large_image\" \/>\n<meta name=\"twitter:label1\" content=\"Estimated reading time\" \/>\n\t<meta name=\"twitter:data1\" content=\"1 minute\" \/>\n<script type=\"application\/ld+json\" class=\"yoast-schema-graph\">{\"@context\":\"https:\/\/schema.org\",\"@graph\":[{\"@type\":\"Organization\",\"@id\":\"https:\/\/padas.al\/#organization\",\"name\":\"Padas.al\",\"url\":\"https:\/\/padas.al\/\",\"sameAs\":[],\"logo\":{\"@type\":\"ImageObject\",\"@id\":\"https:\/\/padas.al\/#logo\",\"inLanguage\":\"en-GB\",\"url\":\"https:\/\/padas.al\/wp-content\/uploads\/2021\/12\/padas-logo-01.svg\",\"contentUrl\":\"https:\/\/padas.al\/wp-content\/uploads\/2021\/12\/padas-logo-01.svg\",\"width\":196.4218,\"height\":195.7925,\"caption\":\"Padas.al\"},\"image\":{\"@id\":\"https:\/\/padas.al\/#logo\"}},{\"@type\":\"WebSite\",\"@id\":\"https:\/\/padas.al\/#website\",\"url\":\"https:\/\/padas.al\/\",\"name\":\"PADAS\",\"description\":\"Shoe Shop\",\"publisher\":{\"@id\":\"https:\/\/padas.al\/#organization\"},\"potentialAction\":[{\"@type\":\"SearchAction\",\"target\":{\"@type\":\"EntryPoint\",\"urlTemplate\":\"https:\/\/padas.al\/?s={search_term_string}\"},\"query-input\":\"required name=search_term_string\"}],\"inLanguage\":\"en-GB\"},{\"@type\":\"ImageObject\",\"@id\":\"https:\/\/padas.al\/product\/portofol-lekure-forest-per-meshkuj\/#primaryimage\",\"inLanguage\":\"en-GB\",\"url\":\"https:\/\/padas.al\/wp-content\/uploads\/2022\/09\/fixedratio_20220803145915_andriko_portofoli_megalo_forest_13_10_2_gnisio_derma_mayro_por_104_01_263_1644.jpeg\",\"contentUrl\":\"https:\/\/padas.al\/wp-content\/uploads\/2022\/09\/fixedratio_20220803145915_andriko_portofoli_megalo_forest_13_10_2_gnisio_derma_mayro_por_104_01_263_1644.jpeg\",\"width\":540,\"height\":720},{\"@type\":\"WebPage\",\"@id\":\"https:\/\/padas.al\/product\/portofol-lekure-forest-per-meshkuj\/#webpage\",\"url\":\"https:\/\/padas.al\/product\/portofol-lekure-forest-per-meshkuj\/\",\"name\":\"Portofol l\u00ebkure Forest p\u00ebr meshkuj. - PADAS\",\"isPartOf\":{\"@id\":\"https:\/\/padas.al\/#website\"},\"primaryImageOfPage\":{\"@id\":\"https:\/\/padas.al\/product\/portofol-lekure-forest-per-meshkuj\/#primaryimage\"},\"datePublished\":\"2022-09-03T18:04:53+00:00\",\"dateModified\":\"2022-11-22T13:30:04+00:00\",\"description\":\"Portofol l\u00ebkure p\u00ebr meshkuj me organizim shum\u00eb t\u00eb mir\u00eb t\u00eb hap\u00ebsirave q\u00eb ai ka. \u00cbsht\u00eb me madh\u00ebsi mesatare i p\u00ebrstash\u00ebm p\u00ebr tu mbajtur n\u00eb xhep apo n\u00eb \u00e7ant\u00ebn tuaj.\",\"breadcrumb\":{\"@id\":\"https:\/\/padas.al\/product\/portofol-lekure-forest-per-meshkuj\/#breadcrumb\"},\"inLanguage\":\"en-GB\",\"potentialAction\":[{\"@type\":\"ReadAction\",\"target\":[\"https:\/\/padas.al\/product\/portofol-lekure-forest-per-meshkuj\/\"]}]},{\"@type\":\"BreadcrumbList\",\"@id\":\"https:\/\/padas.al\/product\/portofol-lekure-forest-per-meshkuj\/#breadcrumb\",\"itemListElement\":[{\"@type\":\"ListItem\",\"position\":1,\"name\":\"Home\",\"item\":\"https:\/\/padas.al\/\"},{\"@type\":\"ListItem\",\"position\":2,\"name\":\"Shop\",\"item\":\"https:\/\/padas.al\/shop\/\"},{\"@type\":\"ListItem\",\"position\":3,\"name\":\"Portofol l\u00ebkure Forest p\u00ebr meshkuj.\"}]}]}<\/script>\n<!-- \/ Yoast SEO plugin. -->","yoast_head_json":{"title":"Portofol l\u00ebkure Forest p\u00ebr meshkuj. - PADAS","description":"Portofol l\u00ebkure p\u00ebr meshkuj me organizim shum\u00eb t\u00eb mir\u00eb t\u00eb hap\u00ebsirave q\u00eb ai ka. \u00cbsht\u00eb me madh\u00ebsi mesatare i p\u00ebrstash\u00ebm p\u00ebr tu mbajtur n\u00eb xhep apo n\u00eb \u00e7ant\u00ebn tuaj.","robots":{"index":"index","follow":"follow","max-snippet":"max-snippet:-1","max-image-preview":"max-image-preview:large","max-video-preview":"max-video-preview:-1"},"canonical":"https:\/\/padas.al\/english\/product\/portofol-lekure-forest-per-meshkuj\/","og_locale":"en_GB","og_type":"article","og_title":"Portofol l\u00ebkure Forest p\u00ebr meshkuj. - PADAS","og_description":"Portofol l\u00ebkure p\u00ebr meshkuj me organizim shum\u00eb t\u00eb mir\u00eb t\u00eb hap\u00ebsirave q\u00eb ai ka. \u00cbsht\u00eb me madh\u00ebsi mesatare i p\u00ebrstash\u00ebm p\u00ebr tu mbajtur n\u00eb xhep apo n\u00eb \u00e7ant\u00ebn tuaj.","og_url":"https:\/\/padas.al\/english\/product\/portofol-lekure-forest-per-meshkuj\/","og_site_name":"PADAS","article_modified_time":"2022-11-22T13:30:04+00:00","og_image":[{"width":540,"height":720,"url":"https:\/\/padas.al\/wp-content\/uploads\/2022\/09\/fixedratio_20220803145915_andriko_portofoli_megalo_forest_13_10_2_gnisio_derma_mayro_por_104_01_263_1644.jpeg","type":"image\/jpeg"}],"twitter_card":"summary_large_image","twitter_misc":{"Estimated reading time":"1 minute"},"schema":{"@context":"https:\/\/schema.org","@graph":[{"@type":"Organization","@id":"https:\/\/padas.al\/#organization","name":"Padas.al","url":"https:\/\/padas.al\/","sameAs":[],"logo":{"@type":"ImageObject","@id":"https:\/\/padas.al\/#logo","inLanguage":"en-GB","url":"https:\/\/padas.al\/wp-content\/uploads\/2021\/12\/padas-logo-01.svg","contentUrl":"https:\/\/padas.al\/wp-content\/uploads\/2021\/12\/padas-logo-01.svg","width":196.4218,"height":195.7925,"caption":"Padas.al"},"image":{"@id":"https:\/\/padas.al\/#logo"}},{"@type":"WebSite","@id":"https:\/\/padas.al\/#website","url":"https:\/\/padas.al\/","name":"PADAS","description":"Shoe Shop","publisher":{"@id":"https:\/\/padas.al\/#organization"},"potentialAction":[{"@type":"SearchAction","target":{"@type":"EntryPoint","urlTemplate":"https:\/\/padas.al\/?s={search_term_string}"},"query-input":"required name=search_term_string"}],"inLanguage":"en-GB"},{"@type":"ImageObject","@id":"https:\/\/padas.al\/product\/portofol-lekure-forest-per-meshkuj\/#primaryimage","inLanguage":"en-GB","url":"https:\/\/padas.al\/wp-content\/uploads\/2022\/09\/fixedratio_20220803145915_andriko_portofoli_megalo_forest_13_10_2_gnisio_derma_mayro_por_104_01_263_1644.jpeg","contentUrl":"https:\/\/padas.al\/wp-content\/uploads\/2022\/09\/fixedratio_20220803145915_andriko_portofoli_megalo_forest_13_10_2_gnisio_derma_mayro_por_104_01_263_1644.jpeg","width":540,"height":720},{"@type":"WebPage","@id":"https:\/\/padas.al\/product\/portofol-lekure-forest-per-meshkuj\/#webpage","url":"https:\/\/padas.al\/product\/portofol-lekure-forest-per-meshkuj\/","name":"Portofol l\u00ebkure Forest p\u00ebr meshkuj. - PADAS","isPartOf":{"@id":"https:\/\/padas.al\/#website"},"primaryImageOfPage":{"@id":"https:\/\/padas.al\/product\/portofol-lekure-forest-per-meshkuj\/#primaryimage"},"datePublished":"2022-09-03T18:04:53+00:00","dateModified":"2022-11-22T13:30:04+00:00","description":"Portofol l\u00ebkure p\u00ebr meshkuj me organizim shum\u00eb t\u00eb mir\u00eb t\u00eb hap\u00ebsirave q\u00eb ai ka. \u00cbsht\u00eb me madh\u00ebsi mesatare i p\u00ebrstash\u00ebm p\u00ebr tu mbajtur n\u00eb xhep apo n\u00eb \u00e7ant\u00ebn tuaj.","breadcrumb":{"@id":"https:\/\/padas.al\/product\/portofol-lekure-forest-per-meshkuj\/#breadcrumb"},"inLanguage":"en-GB","potentialAction":[{"@type":"ReadAction","target":["https:\/\/padas.al\/product\/portofol-lekure-forest-per-meshkuj\/"]}]},{"@type":"BreadcrumbList","@id":"https:\/\/padas.al\/product\/portofol-lekure-forest-per-meshkuj\/#breadcrumb","itemListElement":[{"@type":"ListItem","position":1,"name":"Home","item":"https:\/\/padas.al\/"},{"@type":"ListItem","position":2,"name":"Shop","item":"https:\/\/padas.al\/shop\/"},{"@type":"ListItem","position":3,"name":"Portofol l\u00ebkure Forest p\u00ebr meshkuj."}]}]}},"_links":{"self":[{"href":"https:\/\/padas.al\/english\/wp-json\/wp\/v2\/product\/8711"}],"collection":[{"href":"https:\/\/padas.al\/english\/wp-json\/wp\/v2\/product"}],"about":[{"href":"https:\/\/padas.al\/english\/wp-json\/wp\/v2\/types\/product"}],"replies":[{"embeddable":true,"href":"https:\/\/padas.al\/english\/wp-json\/wp\/v2\/comments?post=8711"}],"wp:featuredmedia":[{"embeddable":true,"href":"https:\/\/padas.al\/english\/wp-json\/wp\/v2\/media\/8712"}],"wp:attachment":[{"href":"https:\/\/padas.al\/english\/wp-json\/wp\/v2\/media?parent=8711"}],"wp:term":[{"taxonomy":"product_cat","embeddable":true,"href":"https:\/\/padas.al\/english\/wp-json\/wp\/v2\/product_cat?post=8711"},{"taxonomy":"product_tag","embeddable":true,"href":"https:\/\/padas.al\/english\/wp-json\/wp\/v2\/product_tag?post=8711"}],"curies":[{"name":"wp","href":"https:\/\/api.w.org\/{rel}","templated":true}]}}