{"id":8739,"date":"2022-09-04T22:37:59","date_gmt":"2022-09-04T22:37:59","guid":{"rendered":"https:\/\/padas.al\/?post_type=product&#038;p=8739"},"modified":"2024-01-10T21:00:58","modified_gmt":"2024-01-10T21:00:58","slug":"cante-verde-dizenjo-me-logo-e-me-rrip-te-gjate","status":"publish","type":"product","link":"https:\/\/padas.al\/english\/product\/cante-verde-dizenjo-me-logo-e-me-rrip-te-gjate\/","title":{"rendered":"\u00c7ant\u00eb Verde , dizenjo me logo e me rrip t\u00eb gjat\u00eb."},"content":{"rendered":"<p>\u00c7anta \u00ebsht\u00eb e punuar nga l\u00ebkura ekologjike n\u00eb ngjr\u00ebn bezh\u00eb dhe n\u00eb t\u00eb gjith\u00eb sip\u00ebrfaqen e saj ajo ka t\u00eb stampuar logon e vet fim\u00ebs. \u00c7anta ka rrip t\u00eb gjat\u00eb t\u00eb cilin mund ta shkurtoni apo zgjatni sipas d\u00ebshir\u00ebs tuaj. N\u00eb faqen ballore t\u00eb saj \u00ebsht\u00eb e shkruar firma me shkronja metalike n\u00eb ngjyr\u00ebn e floririt.<\/p>","protected":false},"excerpt":{"rendered":"<p>\u00c7anta \u00ebsht\u00eb produkt i firm\u00ebs Verde, kompani e cila prodhon dhe treg\u00ebton aksesor\u00eb e k\u00ebpuc\u00eb. \u00c7anta ka organizim t\u00eb mir\u00eb t\u00eb saj, i cili vijon si m\u00eb posht\u00eb; ka dy hap\u00ebsira kresore t\u00eb cilat jan\u00eb t\u00eb ve\u00e7anta dhe mbyllen me zinxhir, secila prej tyre ka xhepa n\u00eb nj\u00ebrin prej tyre xhepi \u00ebsht\u00eb me zinxhir.<\/p>","protected":false},"featured_media":8740,"comment_status":"open","ping_status":"closed","template":"","meta":[],"product_cat":[139,168,161,166,218,274],"product_tag":[],"yoast_head":"<!-- This site is optimized with the Yoast SEO plugin v18.3 - https:\/\/yoast.com\/wordpress\/plugins\/seo\/ -->\n<title>\u00c7ant\u00eb Verde , dizenjo me logo e me rrip t\u00eb gjat\u00eb. - PADAS<\/title>\n<meta name=\"description\" content=\"\u00c7ant\u00eb n\u00eb stil sportiv i p\u00ebrshtatsh\u00ebm p\u00ebr n\u00eb p\u00ebrditshm\u00ebri, pun\u00eb apo dhe p\u00ebr udh\u00ebtime e sh\u00ebtitje. Ka rganizim shum\u00eb t\u00eb mir\u00eb dhe \u00ebsht\u00eb e kombinueshme.\" \/>\n<meta name=\"robots\" content=\"index, follow, max-snippet:-1, max-image-preview:large, max-video-preview:-1\" \/>\n<link rel=\"canonical\" href=\"https:\/\/padas.al\/english\/product\/cante-verde-dizenjo-me-logo-e-me-rrip-te-gjate\/\" \/>\n<meta property=\"og:locale\" content=\"en_GB\" \/>\n<meta property=\"og:type\" content=\"article\" \/>\n<meta property=\"og:title\" content=\"\u00c7ant\u00eb Verde , dizenjo me logo e me rrip t\u00eb gjat\u00eb. - PADAS\" \/>\n<meta property=\"og:description\" content=\"\u00c7ant\u00eb n\u00eb stil sportiv i p\u00ebrshtatsh\u00ebm p\u00ebr n\u00eb p\u00ebrditshm\u00ebri, pun\u00eb apo dhe p\u00ebr udh\u00ebtime e sh\u00ebtitje. Ka rganizim shum\u00eb t\u00eb mir\u00eb dhe \u00ebsht\u00eb e kombinueshme.\" \/>\n<meta property=\"og:url\" content=\"https:\/\/padas.al\/english\/product\/cante-verde-dizenjo-me-logo-e-me-rrip-te-gjate\/\" \/>\n<meta property=\"og:site_name\" content=\"PADAS\" \/>\n<meta property=\"article:modified_time\" content=\"2024-01-10T21:00:58+00:00\" \/>\n<meta property=\"og:image\" content=\"https:\/\/padas.al\/wp-content\/uploads\/2022\/09\/fixedratio_20220805021242_verde_16_6487_gynaikeia_tsanta_chiasti_se_mpez_chroma.jpeg\" \/>\n\t<meta property=\"og:image:width\" content=\"540\" \/>\n\t<meta property=\"og:image:height\" content=\"720\" \/>\n\t<meta property=\"og:image:type\" content=\"image\/jpeg\" \/>\n<meta name=\"twitter:card\" content=\"summary_large_image\" \/>\n<meta name=\"twitter:label1\" content=\"Estimated reading time\" \/>\n\t<meta name=\"twitter:data1\" content=\"1 minute\" \/>\n<script type=\"application\/ld+json\" class=\"yoast-schema-graph\">{\"@context\":\"https:\/\/schema.org\",\"@graph\":[{\"@type\":\"Organization\",\"@id\":\"https:\/\/padas.al\/#organization\",\"name\":\"Padas.al\",\"url\":\"https:\/\/padas.al\/\",\"sameAs\":[],\"logo\":{\"@type\":\"ImageObject\",\"@id\":\"https:\/\/padas.al\/#logo\",\"inLanguage\":\"en-GB\",\"url\":\"https:\/\/padas.al\/wp-content\/uploads\/2021\/12\/padas-logo-01.svg\",\"contentUrl\":\"https:\/\/padas.al\/wp-content\/uploads\/2021\/12\/padas-logo-01.svg\",\"width\":196.4218,\"height\":195.7925,\"caption\":\"Padas.al\"},\"image\":{\"@id\":\"https:\/\/padas.al\/#logo\"}},{\"@type\":\"WebSite\",\"@id\":\"https:\/\/padas.al\/#website\",\"url\":\"https:\/\/padas.al\/\",\"name\":\"PADAS\",\"description\":\"Shoe Shop\",\"publisher\":{\"@id\":\"https:\/\/padas.al\/#organization\"},\"potentialAction\":[{\"@type\":\"SearchAction\",\"target\":{\"@type\":\"EntryPoint\",\"urlTemplate\":\"https:\/\/padas.al\/?s={search_term_string}\"},\"query-input\":\"required name=search_term_string\"}],\"inLanguage\":\"en-GB\"},{\"@type\":\"ImageObject\",\"@id\":\"https:\/\/padas.al\/product\/cante-verde-dizenjo-me-logo-e-me-rrip-te-gjate\/#primaryimage\",\"inLanguage\":\"en-GB\",\"url\":\"https:\/\/padas.al\/wp-content\/uploads\/2022\/09\/fixedratio_20220805021242_verde_16_6487_gynaikeia_tsanta_chiasti_se_mpez_chroma.jpeg\",\"contentUrl\":\"https:\/\/padas.al\/wp-content\/uploads\/2022\/09\/fixedratio_20220805021242_verde_16_6487_gynaikeia_tsanta_chiasti_se_mpez_chroma.jpeg\",\"width\":540,\"height\":720},{\"@type\":\"WebPage\",\"@id\":\"https:\/\/padas.al\/product\/cante-verde-dizenjo-me-logo-e-me-rrip-te-gjate\/#webpage\",\"url\":\"https:\/\/padas.al\/product\/cante-verde-dizenjo-me-logo-e-me-rrip-te-gjate\/\",\"name\":\"\u00c7ant\u00eb Verde , dizenjo me logo e me rrip t\u00eb gjat\u00eb. - PADAS\",\"isPartOf\":{\"@id\":\"https:\/\/padas.al\/#website\"},\"primaryImageOfPage\":{\"@id\":\"https:\/\/padas.al\/product\/cante-verde-dizenjo-me-logo-e-me-rrip-te-gjate\/#primaryimage\"},\"datePublished\":\"2022-09-04T22:37:59+00:00\",\"dateModified\":\"2024-01-10T21:00:58+00:00\",\"description\":\"\u00c7ant\u00eb n\u00eb stil sportiv i p\u00ebrshtatsh\u00ebm p\u00ebr n\u00eb p\u00ebrditshm\u00ebri, pun\u00eb apo dhe p\u00ebr udh\u00ebtime e sh\u00ebtitje. Ka rganizim shum\u00eb t\u00eb mir\u00eb dhe \u00ebsht\u00eb e kombinueshme.\",\"breadcrumb\":{\"@id\":\"https:\/\/padas.al\/product\/cante-verde-dizenjo-me-logo-e-me-rrip-te-gjate\/#breadcrumb\"},\"inLanguage\":\"en-GB\",\"potentialAction\":[{\"@type\":\"ReadAction\",\"target\":[\"https:\/\/padas.al\/product\/cante-verde-dizenjo-me-logo-e-me-rrip-te-gjate\/\"]}]},{\"@type\":\"BreadcrumbList\",\"@id\":\"https:\/\/padas.al\/product\/cante-verde-dizenjo-me-logo-e-me-rrip-te-gjate\/#breadcrumb\",\"itemListElement\":[{\"@type\":\"ListItem\",\"position\":1,\"name\":\"Home\",\"item\":\"https:\/\/padas.al\/\"},{\"@type\":\"ListItem\",\"position\":2,\"name\":\"Shop\",\"item\":\"https:\/\/padas.al\/shop\/\"},{\"@type\":\"ListItem\",\"position\":3,\"name\":\"\u00c7ant\u00eb Verde , dizenjo me logo e me rrip t\u00eb gjat\u00eb.\"}]}]}<\/script>\n<!-- \/ Yoast SEO plugin. -->","yoast_head_json":{"title":"\u00c7ant\u00eb Verde , dizenjo me logo e me rrip t\u00eb gjat\u00eb. - PADAS","description":"\u00c7ant\u00eb n\u00eb stil sportiv i p\u00ebrshtatsh\u00ebm p\u00ebr n\u00eb p\u00ebrditshm\u00ebri, pun\u00eb apo dhe p\u00ebr udh\u00ebtime e sh\u00ebtitje. Ka rganizim shum\u00eb t\u00eb mir\u00eb dhe \u00ebsht\u00eb e kombinueshme.","robots":{"index":"index","follow":"follow","max-snippet":"max-snippet:-1","max-image-preview":"max-image-preview:large","max-video-preview":"max-video-preview:-1"},"canonical":"https:\/\/padas.al\/english\/product\/cante-verde-dizenjo-me-logo-e-me-rrip-te-gjate\/","og_locale":"en_GB","og_type":"article","og_title":"\u00c7ant\u00eb Verde , dizenjo me logo e me rrip t\u00eb gjat\u00eb. - PADAS","og_description":"\u00c7ant\u00eb n\u00eb stil sportiv i p\u00ebrshtatsh\u00ebm p\u00ebr n\u00eb p\u00ebrditshm\u00ebri, pun\u00eb apo dhe p\u00ebr udh\u00ebtime e sh\u00ebtitje. Ka rganizim shum\u00eb t\u00eb mir\u00eb dhe \u00ebsht\u00eb e kombinueshme.","og_url":"https:\/\/padas.al\/english\/product\/cante-verde-dizenjo-me-logo-e-me-rrip-te-gjate\/","og_site_name":"PADAS","article_modified_time":"2024-01-10T21:00:58+00:00","og_image":[{"width":540,"height":720,"url":"https:\/\/padas.al\/wp-content\/uploads\/2022\/09\/fixedratio_20220805021242_verde_16_6487_gynaikeia_tsanta_chiasti_se_mpez_chroma.jpeg","type":"image\/jpeg"}],"twitter_card":"summary_large_image","twitter_misc":{"Estimated reading time":"1 minute"},"schema":{"@context":"https:\/\/schema.org","@graph":[{"@type":"Organization","@id":"https:\/\/padas.al\/#organization","name":"Padas.al","url":"https:\/\/padas.al\/","sameAs":[],"logo":{"@type":"ImageObject","@id":"https:\/\/padas.al\/#logo","inLanguage":"en-GB","url":"https:\/\/padas.al\/wp-content\/uploads\/2021\/12\/padas-logo-01.svg","contentUrl":"https:\/\/padas.al\/wp-content\/uploads\/2021\/12\/padas-logo-01.svg","width":196.4218,"height":195.7925,"caption":"Padas.al"},"image":{"@id":"https:\/\/padas.al\/#logo"}},{"@type":"WebSite","@id":"https:\/\/padas.al\/#website","url":"https:\/\/padas.al\/","name":"PADAS","description":"Shoe Shop","publisher":{"@id":"https:\/\/padas.al\/#organization"},"potentialAction":[{"@type":"SearchAction","target":{"@type":"EntryPoint","urlTemplate":"https:\/\/padas.al\/?s={search_term_string}"},"query-input":"required name=search_term_string"}],"inLanguage":"en-GB"},{"@type":"ImageObject","@id":"https:\/\/padas.al\/product\/cante-verde-dizenjo-me-logo-e-me-rrip-te-gjate\/#primaryimage","inLanguage":"en-GB","url":"https:\/\/padas.al\/wp-content\/uploads\/2022\/09\/fixedratio_20220805021242_verde_16_6487_gynaikeia_tsanta_chiasti_se_mpez_chroma.jpeg","contentUrl":"https:\/\/padas.al\/wp-content\/uploads\/2022\/09\/fixedratio_20220805021242_verde_16_6487_gynaikeia_tsanta_chiasti_se_mpez_chroma.jpeg","width":540,"height":720},{"@type":"WebPage","@id":"https:\/\/padas.al\/product\/cante-verde-dizenjo-me-logo-e-me-rrip-te-gjate\/#webpage","url":"https:\/\/padas.al\/product\/cante-verde-dizenjo-me-logo-e-me-rrip-te-gjate\/","name":"\u00c7ant\u00eb Verde , dizenjo me logo e me rrip t\u00eb gjat\u00eb. - PADAS","isPartOf":{"@id":"https:\/\/padas.al\/#website"},"primaryImageOfPage":{"@id":"https:\/\/padas.al\/product\/cante-verde-dizenjo-me-logo-e-me-rrip-te-gjate\/#primaryimage"},"datePublished":"2022-09-04T22:37:59+00:00","dateModified":"2024-01-10T21:00:58+00:00","description":"\u00c7ant\u00eb n\u00eb stil sportiv i p\u00ebrshtatsh\u00ebm p\u00ebr n\u00eb p\u00ebrditshm\u00ebri, pun\u00eb apo dhe p\u00ebr udh\u00ebtime e sh\u00ebtitje. Ka rganizim shum\u00eb t\u00eb mir\u00eb dhe \u00ebsht\u00eb e kombinueshme.","breadcrumb":{"@id":"https:\/\/padas.al\/product\/cante-verde-dizenjo-me-logo-e-me-rrip-te-gjate\/#breadcrumb"},"inLanguage":"en-GB","potentialAction":[{"@type":"ReadAction","target":["https:\/\/padas.al\/product\/cante-verde-dizenjo-me-logo-e-me-rrip-te-gjate\/"]}]},{"@type":"BreadcrumbList","@id":"https:\/\/padas.al\/product\/cante-verde-dizenjo-me-logo-e-me-rrip-te-gjate\/#breadcrumb","itemListElement":[{"@type":"ListItem","position":1,"name":"Home","item":"https:\/\/padas.al\/"},{"@type":"ListItem","position":2,"name":"Shop","item":"https:\/\/padas.al\/shop\/"},{"@type":"ListItem","position":3,"name":"\u00c7ant\u00eb Verde , dizenjo me logo e me rrip t\u00eb gjat\u00eb."}]}]}},"_links":{"self":[{"href":"https:\/\/padas.al\/english\/wp-json\/wp\/v2\/product\/8739"}],"collection":[{"href":"https:\/\/padas.al\/english\/wp-json\/wp\/v2\/product"}],"about":[{"href":"https:\/\/padas.al\/english\/wp-json\/wp\/v2\/types\/product"}],"replies":[{"embeddable":true,"href":"https:\/\/padas.al\/english\/wp-json\/wp\/v2\/comments?post=8739"}],"wp:featuredmedia":[{"embeddable":true,"href":"https:\/\/padas.al\/english\/wp-json\/wp\/v2\/media\/8740"}],"wp:attachment":[{"href":"https:\/\/padas.al\/english\/wp-json\/wp\/v2\/media?parent=8739"}],"wp:term":[{"taxonomy":"product_cat","embeddable":true,"href":"https:\/\/padas.al\/english\/wp-json\/wp\/v2\/product_cat?post=8739"},{"taxonomy":"product_tag","embeddable":true,"href":"https:\/\/padas.al\/english\/wp-json\/wp\/v2\/product_tag?post=8739"}],"curies":[{"name":"wp","href":"https:\/\/api.w.org\/{rel}","templated":true}]}}