{"id":8967,"date":"2022-10-13T09:25:03","date_gmt":"2022-10-13T09:25:03","guid":{"rendered":"https:\/\/padas.al\/?post_type=product&#038;p=8967"},"modified":"2023-04-23T21:33:48","modified_gmt":"2023-04-23T21:33:48","slug":"8967","status":"publish","type":"product","link":"https:\/\/padas.al\/english\/product\/8967\/","title":{"rendered":"\u00c7izme l\u00ebkure n\u00eb variantin me shk\u00eblqim, Ragazza."},"content":{"rendered":"<p>\u00c7izmet jan\u00eb t\u00eb punuara nga l\u00ebkura natyrale n\u00eb variantin llustrafin me shk\u00eblqim n\u00eb ngjyr\u00ebn e zez\u00eb . Goma e tyre \u00ebsht\u00eb e leht\u00eb, nuk rr\u00ebskasin dhe \u00ebsht\u00eb tep\u00ebr rezitente. \u00c7izmet n\u00eb t\u00eb dy an\u00ebt kan\u00eb llastik e cila e b\u00ebn leht\u00ebsisht t\u00eb mundur\u00a0 veshjen dhe heqjen e tyre.<\/p>\n<p>Lart\u00ebsia e tak\u00ebs; 5 cm, lart\u00ebsia e platform\u00ebs; 3 cm.<\/p>","protected":false},"excerpt":{"rendered":"<p>\u00c7izmet jan\u00eb produkt i firm\u00ebs Ragazza , kompani greke me filalin e tyre kryesor n\u00eb Athin\u00eb,e cila prodhon k\u00ebpuc\u00eb l\u00ebkure p\u00ebr femra, ato kan\u00eb cil\u00ebsi dhe standard europian. K\u00ebpuc\u00ebt jan\u00eb rezistente dhe t\u00eb ngrohta p\u00ebr dit\u00ebt e ftohta e t\u00eb lag\u00ebshta me shi. Jan\u00eb zgjedhja perfekte p\u00ebr ti veshur n\u00eb p\u00ebrditshm\u00ebri dhe p\u00ebr ti mbajtur veshur me orar t\u00eb zgjatur ato.<\/p>","protected":false},"featured_media":8968,"comment_status":"open","ping_status":"closed","template":"","meta":[],"product_cat":[139,148,150,140,147,141,222,224],"product_tag":[],"yoast_head":"<!-- This site is optimized with the Yoast SEO plugin v18.3 - https:\/\/yoast.com\/wordpress\/plugins\/seo\/ -->\n<title>\u00c7izme l\u00ebkure n\u00eb variantin me shk\u00eblqim, Ragazza. - PADAS<\/title>\n<meta name=\"description\" content=\"\u00c7izmet n\u00eb stilin &quot;chelsea&quot; me gom\u00eb me platform\u00eb jan\u00eb trend i sezonit, gom\u00eb e cila \u00ebsht\u00eb e leht\u00eb. Ato jan\u00eb ideale p\u00ebr stin\u00ebn e ftoht\u00eb dhe t\u00eb lag\u00ebsht t\u00eb dimrit.\" \/>\n<meta name=\"robots\" content=\"index, follow, max-snippet:-1, max-image-preview:large, max-video-preview:-1\" \/>\n<link rel=\"canonical\" href=\"https:\/\/padas.al\/english\/product\/8967\/\" \/>\n<meta property=\"og:locale\" content=\"en_GB\" \/>\n<meta property=\"og:type\" content=\"article\" \/>\n<meta property=\"og:title\" content=\"\u00c7izme l\u00ebkure n\u00eb variantin me shk\u00eblqim, Ragazza. - PADAS\" \/>\n<meta property=\"og:description\" content=\"\u00c7izmet n\u00eb stilin &quot;chelsea&quot; me gom\u00eb me platform\u00eb jan\u00eb trend i sezonit, gom\u00eb e cila \u00ebsht\u00eb e leht\u00eb. Ato jan\u00eb ideale p\u00ebr stin\u00ebn e ftoht\u00eb dhe t\u00eb lag\u00ebsht t\u00eb dimrit.\" \/>\n<meta property=\"og:url\" content=\"https:\/\/padas.al\/english\/product\/8967\/\" \/>\n<meta property=\"og:site_name\" content=\"PADAS\" \/>\n<meta property=\"article:modified_time\" content=\"2023-04-23T21:33:48+00:00\" \/>\n<meta property=\"og:image\" content=\"https:\/\/padas.al\/wp-content\/uploads\/2022\/10\/0233.jpg\" \/>\n\t<meta property=\"og:image:width\" content=\"2000\" \/>\n\t<meta property=\"og:image:height\" content=\"1724\" \/>\n\t<meta property=\"og:image:type\" content=\"image\/jpeg\" \/>\n<meta name=\"twitter:card\" content=\"summary_large_image\" \/>\n<meta name=\"twitter:label1\" content=\"Estimated reading time\" \/>\n\t<meta name=\"twitter:data1\" content=\"1 minute\" \/>\n<script type=\"application\/ld+json\" class=\"yoast-schema-graph\">{\"@context\":\"https:\/\/schema.org\",\"@graph\":[{\"@type\":\"Organization\",\"@id\":\"https:\/\/padas.al\/#organization\",\"name\":\"Padas.al\",\"url\":\"https:\/\/padas.al\/\",\"sameAs\":[],\"logo\":{\"@type\":\"ImageObject\",\"@id\":\"https:\/\/padas.al\/#logo\",\"inLanguage\":\"en-GB\",\"url\":\"https:\/\/padas.al\/wp-content\/uploads\/2021\/12\/padas-logo-01.svg\",\"contentUrl\":\"https:\/\/padas.al\/wp-content\/uploads\/2021\/12\/padas-logo-01.svg\",\"width\":196.4218,\"height\":195.7925,\"caption\":\"Padas.al\"},\"image\":{\"@id\":\"https:\/\/padas.al\/#logo\"}},{\"@type\":\"WebSite\",\"@id\":\"https:\/\/padas.al\/#website\",\"url\":\"https:\/\/padas.al\/\",\"name\":\"PADAS\",\"description\":\"Shoe Shop\",\"publisher\":{\"@id\":\"https:\/\/padas.al\/#organization\"},\"potentialAction\":[{\"@type\":\"SearchAction\",\"target\":{\"@type\":\"EntryPoint\",\"urlTemplate\":\"https:\/\/padas.al\/?s={search_term_string}\"},\"query-input\":\"required name=search_term_string\"}],\"inLanguage\":\"en-GB\"},{\"@type\":\"ImageObject\",\"@id\":\"https:\/\/padas.al\/product\/8967\/#primaryimage\",\"inLanguage\":\"en-GB\",\"url\":\"https:\/\/padas.al\/wp-content\/uploads\/2022\/10\/0233.jpg\",\"contentUrl\":\"https:\/\/padas.al\/wp-content\/uploads\/2022\/10\/0233.jpg\",\"width\":2000,\"height\":1724},{\"@type\":\"WebPage\",\"@id\":\"https:\/\/padas.al\/product\/8967\/#webpage\",\"url\":\"https:\/\/padas.al\/product\/8967\/\",\"name\":\"\u00c7izme l\u00ebkure n\u00eb variantin me shk\u00eblqim, Ragazza. - PADAS\",\"isPartOf\":{\"@id\":\"https:\/\/padas.al\/#website\"},\"primaryImageOfPage\":{\"@id\":\"https:\/\/padas.al\/product\/8967\/#primaryimage\"},\"datePublished\":\"2022-10-13T09:25:03+00:00\",\"dateModified\":\"2023-04-23T21:33:48+00:00\",\"description\":\"\u00c7izmet n\u00eb stilin \\\"chelsea\\\" me gom\u00eb me platform\u00eb jan\u00eb trend i sezonit, gom\u00eb e cila \u00ebsht\u00eb e leht\u00eb. Ato jan\u00eb ideale p\u00ebr stin\u00ebn e ftoht\u00eb dhe t\u00eb lag\u00ebsht t\u00eb dimrit.\",\"breadcrumb\":{\"@id\":\"https:\/\/padas.al\/product\/8967\/#breadcrumb\"},\"inLanguage\":\"en-GB\",\"potentialAction\":[{\"@type\":\"ReadAction\",\"target\":[\"https:\/\/padas.al\/product\/8967\/\"]}]},{\"@type\":\"BreadcrumbList\",\"@id\":\"https:\/\/padas.al\/product\/8967\/#breadcrumb\",\"itemListElement\":[{\"@type\":\"ListItem\",\"position\":1,\"name\":\"Home\",\"item\":\"https:\/\/padas.al\/\"},{\"@type\":\"ListItem\",\"position\":2,\"name\":\"Shop\",\"item\":\"https:\/\/padas.al\/shop\/\"},{\"@type\":\"ListItem\",\"position\":3,\"name\":\"\u00c7izme l\u00ebkure n\u00eb variantin me shk\u00eblqim, Ragazza.\"}]}]}<\/script>\n<!-- \/ Yoast SEO plugin. -->","yoast_head_json":{"title":"\u00c7izme l\u00ebkure n\u00eb variantin me shk\u00eblqim, Ragazza. - PADAS","description":"\u00c7izmet n\u00eb stilin \"chelsea\" me gom\u00eb me platform\u00eb jan\u00eb trend i sezonit, gom\u00eb e cila \u00ebsht\u00eb e leht\u00eb. Ato jan\u00eb ideale p\u00ebr stin\u00ebn e ftoht\u00eb dhe t\u00eb lag\u00ebsht t\u00eb dimrit.","robots":{"index":"index","follow":"follow","max-snippet":"max-snippet:-1","max-image-preview":"max-image-preview:large","max-video-preview":"max-video-preview:-1"},"canonical":"https:\/\/padas.al\/english\/product\/8967\/","og_locale":"en_GB","og_type":"article","og_title":"\u00c7izme l\u00ebkure n\u00eb variantin me shk\u00eblqim, Ragazza. - PADAS","og_description":"\u00c7izmet n\u00eb stilin \"chelsea\" me gom\u00eb me platform\u00eb jan\u00eb trend i sezonit, gom\u00eb e cila \u00ebsht\u00eb e leht\u00eb. Ato jan\u00eb ideale p\u00ebr stin\u00ebn e ftoht\u00eb dhe t\u00eb lag\u00ebsht t\u00eb dimrit.","og_url":"https:\/\/padas.al\/english\/product\/8967\/","og_site_name":"PADAS","article_modified_time":"2023-04-23T21:33:48+00:00","og_image":[{"width":2000,"height":1724,"url":"https:\/\/padas.al\/wp-content\/uploads\/2022\/10\/0233.jpg","type":"image\/jpeg"}],"twitter_card":"summary_large_image","twitter_misc":{"Estimated reading time":"1 minute"},"schema":{"@context":"https:\/\/schema.org","@graph":[{"@type":"Organization","@id":"https:\/\/padas.al\/#organization","name":"Padas.al","url":"https:\/\/padas.al\/","sameAs":[],"logo":{"@type":"ImageObject","@id":"https:\/\/padas.al\/#logo","inLanguage":"en-GB","url":"https:\/\/padas.al\/wp-content\/uploads\/2021\/12\/padas-logo-01.svg","contentUrl":"https:\/\/padas.al\/wp-content\/uploads\/2021\/12\/padas-logo-01.svg","width":196.4218,"height":195.7925,"caption":"Padas.al"},"image":{"@id":"https:\/\/padas.al\/#logo"}},{"@type":"WebSite","@id":"https:\/\/padas.al\/#website","url":"https:\/\/padas.al\/","name":"PADAS","description":"Shoe Shop","publisher":{"@id":"https:\/\/padas.al\/#organization"},"potentialAction":[{"@type":"SearchAction","target":{"@type":"EntryPoint","urlTemplate":"https:\/\/padas.al\/?s={search_term_string}"},"query-input":"required name=search_term_string"}],"inLanguage":"en-GB"},{"@type":"ImageObject","@id":"https:\/\/padas.al\/product\/8967\/#primaryimage","inLanguage":"en-GB","url":"https:\/\/padas.al\/wp-content\/uploads\/2022\/10\/0233.jpg","contentUrl":"https:\/\/padas.al\/wp-content\/uploads\/2022\/10\/0233.jpg","width":2000,"height":1724},{"@type":"WebPage","@id":"https:\/\/padas.al\/product\/8967\/#webpage","url":"https:\/\/padas.al\/product\/8967\/","name":"\u00c7izme l\u00ebkure n\u00eb variantin me shk\u00eblqim, Ragazza. - PADAS","isPartOf":{"@id":"https:\/\/padas.al\/#website"},"primaryImageOfPage":{"@id":"https:\/\/padas.al\/product\/8967\/#primaryimage"},"datePublished":"2022-10-13T09:25:03+00:00","dateModified":"2023-04-23T21:33:48+00:00","description":"\u00c7izmet n\u00eb stilin \"chelsea\" me gom\u00eb me platform\u00eb jan\u00eb trend i sezonit, gom\u00eb e cila \u00ebsht\u00eb e leht\u00eb. Ato jan\u00eb ideale p\u00ebr stin\u00ebn e ftoht\u00eb dhe t\u00eb lag\u00ebsht t\u00eb dimrit.","breadcrumb":{"@id":"https:\/\/padas.al\/product\/8967\/#breadcrumb"},"inLanguage":"en-GB","potentialAction":[{"@type":"ReadAction","target":["https:\/\/padas.al\/product\/8967\/"]}]},{"@type":"BreadcrumbList","@id":"https:\/\/padas.al\/product\/8967\/#breadcrumb","itemListElement":[{"@type":"ListItem","position":1,"name":"Home","item":"https:\/\/padas.al\/"},{"@type":"ListItem","position":2,"name":"Shop","item":"https:\/\/padas.al\/shop\/"},{"@type":"ListItem","position":3,"name":"\u00c7izme l\u00ebkure n\u00eb variantin me shk\u00eblqim, Ragazza."}]}]}},"_links":{"self":[{"href":"https:\/\/padas.al\/english\/wp-json\/wp\/v2\/product\/8967"}],"collection":[{"href":"https:\/\/padas.al\/english\/wp-json\/wp\/v2\/product"}],"about":[{"href":"https:\/\/padas.al\/english\/wp-json\/wp\/v2\/types\/product"}],"replies":[{"embeddable":true,"href":"https:\/\/padas.al\/english\/wp-json\/wp\/v2\/comments?post=8967"}],"wp:featuredmedia":[{"embeddable":true,"href":"https:\/\/padas.al\/english\/wp-json\/wp\/v2\/media\/8968"}],"wp:attachment":[{"href":"https:\/\/padas.al\/english\/wp-json\/wp\/v2\/media?parent=8967"}],"wp:term":[{"taxonomy":"product_cat","embeddable":true,"href":"https:\/\/padas.al\/english\/wp-json\/wp\/v2\/product_cat?post=8967"},{"taxonomy":"product_tag","embeddable":true,"href":"https:\/\/padas.al\/english\/wp-json\/wp\/v2\/product_tag?post=8967"}],"curies":[{"name":"wp","href":"https:\/\/api.w.org\/{rel}","templated":true}]}}