{"id":9102,"date":"2022-10-17T15:31:48","date_gmt":"2022-10-17T15:31:48","guid":{"rendered":"https:\/\/padas.al\/?post_type=product&#038;p=9102"},"modified":"2023-04-23T21:26:19","modified_gmt":"2023-04-23T21:26:19","slug":"kambale-lekure-fardoulis-per-femra","status":"publish","type":"product","link":"https:\/\/padas.al\/english\/product\/kambale-lekure-fardoulis-per-femra\/","title":{"rendered":"Kambale l\u00ebkure Fardoulis p\u00ebr femra."},"content":{"rendered":"<p>K\u00ebpuc\u00ebt jan\u00eb t\u00eb punuara nga l\u00ebkura natyrale n\u00eb ngjyr\u00ebn e zez\u00eb. Ato kan\u00eb detaje nga nj\u00eb per\u00e7in\u00eb metalike n\u00eb faqen ballore dhe sakt\u00ebsisht n\u00eb \u00e7do vrim\u00eb ku jan\u00eb lidh\u00ebset. K\u00ebto t\u00eb fundit jan\u00eb statike dhe jan\u00eb llastik t\u00eb veshura me l\u00ebkur\u00eb, k\u00ebshtu ofrojn\u00eb leht\u00ebsi n\u00eb heqjen dhe veshjen e tyre anash k\u00ebpuc\u00ebt kan\u00eb dhe zinxhir. Goma e tyre \u00ebsht\u00eb rezistente nuk rr\u00ebskasin dhe jan\u00eb t\u00eb lehta.<\/p>","protected":false},"excerpt":{"rendered":"<p>K\u00ebpuc\u00ebt jan\u00eb prodhim i firm\u00ebs Makis Fardoulis , kompani greke e cila prodhon dhe treg\u00ebton k\u00ebpuc\u00eb l\u00ebkure tep\u00ebr cil\u00ebsore dhe me modele sipas tendencave t\u00eb fundit. T\u00eb p\u00ebrshtatshme p\u00ebr dit\u00ebt e lag\u00ebshta e me shi t\u00eb sezonit vjesht\u00eb dim\u00ebr. Leht\u00ebsisht t\u00eb kombinueshme ato jan\u00eb praktike dhe tep\u00ebr komode.<\/p>","protected":false},"featured_media":9103,"comment_status":"open","ping_status":"closed","template":"","meta":[],"product_cat":[139,148,150,140,147,141,216,222,223],"product_tag":[],"yoast_head":"<!-- This site is optimized with the Yoast SEO plugin v18.3 - https:\/\/yoast.com\/wordpress\/plugins\/seo\/ -->\n<title>Kambale l\u00ebkure Fardoulis p\u00ebr femra. - PADAS<\/title>\n<meta name=\"description\" content=\"Kambale me lidh\u00ebse statike te veshura me l\u00ebkur\u00eb dhe me detaje metalike p\u00ebr nj\u00eb pamje m\u00eb unike. T\u00eb ngrohta dhe trendi jan\u00eb zgjedhja ideale p\u00ebr sezonin e dimrit.\" \/>\n<meta name=\"robots\" content=\"index, follow, max-snippet:-1, max-image-preview:large, max-video-preview:-1\" \/>\n<link rel=\"canonical\" href=\"https:\/\/padas.al\/english\/product\/kambale-lekure-fardoulis-per-femra\/\" \/>\n<meta property=\"og:locale\" content=\"en_GB\" \/>\n<meta property=\"og:type\" content=\"article\" \/>\n<meta property=\"og:title\" content=\"Kambale l\u00ebkure Fardoulis p\u00ebr femra. - PADAS\" \/>\n<meta property=\"og:description\" content=\"Kambale me lidh\u00ebse statike te veshura me l\u00ebkur\u00eb dhe me detaje metalike p\u00ebr nj\u00eb pamje m\u00eb unike. T\u00eb ngrohta dhe trendi jan\u00eb zgjedhja ideale p\u00ebr sezonin e dimrit.\" \/>\n<meta property=\"og:url\" content=\"https:\/\/padas.al\/english\/product\/kambale-lekure-fardoulis-per-femra\/\" \/>\n<meta property=\"og:site_name\" content=\"PADAS\" \/>\n<meta property=\"article:modified_time\" content=\"2023-04-23T21:26:19+00:00\" \/>\n<meta property=\"og:image\" content=\"https:\/\/padas.al\/wp-content\/uploads\/2022\/10\/fixedratio_20211105164501_67a821b4.jpeg\" \/>\n\t<meta property=\"og:image:width\" content=\"540\" \/>\n\t<meta property=\"og:image:height\" content=\"720\" \/>\n\t<meta property=\"og:image:type\" content=\"image\/jpeg\" \/>\n<meta name=\"twitter:card\" content=\"summary_large_image\" \/>\n<meta name=\"twitter:label1\" content=\"Estimated reading time\" \/>\n\t<meta name=\"twitter:data1\" content=\"1 minute\" \/>\n<script type=\"application\/ld+json\" class=\"yoast-schema-graph\">{\"@context\":\"https:\/\/schema.org\",\"@graph\":[{\"@type\":\"Organization\",\"@id\":\"https:\/\/padas.al\/#organization\",\"name\":\"Padas.al\",\"url\":\"https:\/\/padas.al\/\",\"sameAs\":[],\"logo\":{\"@type\":\"ImageObject\",\"@id\":\"https:\/\/padas.al\/#logo\",\"inLanguage\":\"en-GB\",\"url\":\"https:\/\/padas.al\/wp-content\/uploads\/2021\/12\/padas-logo-01.svg\",\"contentUrl\":\"https:\/\/padas.al\/wp-content\/uploads\/2021\/12\/padas-logo-01.svg\",\"width\":196.4218,\"height\":195.7925,\"caption\":\"Padas.al\"},\"image\":{\"@id\":\"https:\/\/padas.al\/#logo\"}},{\"@type\":\"WebSite\",\"@id\":\"https:\/\/padas.al\/#website\",\"url\":\"https:\/\/padas.al\/\",\"name\":\"PADAS\",\"description\":\"Shoe Shop\",\"publisher\":{\"@id\":\"https:\/\/padas.al\/#organization\"},\"potentialAction\":[{\"@type\":\"SearchAction\",\"target\":{\"@type\":\"EntryPoint\",\"urlTemplate\":\"https:\/\/padas.al\/?s={search_term_string}\"},\"query-input\":\"required name=search_term_string\"}],\"inLanguage\":\"en-GB\"},{\"@type\":\"ImageObject\",\"@id\":\"https:\/\/padas.al\/product\/kambale-lekure-fardoulis-per-femra\/#primaryimage\",\"inLanguage\":\"en-GB\",\"url\":\"https:\/\/padas.al\/wp-content\/uploads\/2022\/10\/fixedratio_20211105164501_67a821b4.jpeg\",\"contentUrl\":\"https:\/\/padas.al\/wp-content\/uploads\/2022\/10\/fixedratio_20211105164501_67a821b4.jpeg\",\"width\":540,\"height\":720},{\"@type\":\"WebPage\",\"@id\":\"https:\/\/padas.al\/product\/kambale-lekure-fardoulis-per-femra\/#webpage\",\"url\":\"https:\/\/padas.al\/product\/kambale-lekure-fardoulis-per-femra\/\",\"name\":\"Kambale l\u00ebkure Fardoulis p\u00ebr femra. - PADAS\",\"isPartOf\":{\"@id\":\"https:\/\/padas.al\/#website\"},\"primaryImageOfPage\":{\"@id\":\"https:\/\/padas.al\/product\/kambale-lekure-fardoulis-per-femra\/#primaryimage\"},\"datePublished\":\"2022-10-17T15:31:48+00:00\",\"dateModified\":\"2023-04-23T21:26:19+00:00\",\"description\":\"Kambale me lidh\u00ebse statike te veshura me l\u00ebkur\u00eb dhe me detaje metalike p\u00ebr nj\u00eb pamje m\u00eb unike. T\u00eb ngrohta dhe trendi jan\u00eb zgjedhja ideale p\u00ebr sezonin e dimrit.\",\"breadcrumb\":{\"@id\":\"https:\/\/padas.al\/product\/kambale-lekure-fardoulis-per-femra\/#breadcrumb\"},\"inLanguage\":\"en-GB\",\"potentialAction\":[{\"@type\":\"ReadAction\",\"target\":[\"https:\/\/padas.al\/product\/kambale-lekure-fardoulis-per-femra\/\"]}]},{\"@type\":\"BreadcrumbList\",\"@id\":\"https:\/\/padas.al\/product\/kambale-lekure-fardoulis-per-femra\/#breadcrumb\",\"itemListElement\":[{\"@type\":\"ListItem\",\"position\":1,\"name\":\"Home\",\"item\":\"https:\/\/padas.al\/\"},{\"@type\":\"ListItem\",\"position\":2,\"name\":\"Shop\",\"item\":\"https:\/\/padas.al\/shop\/\"},{\"@type\":\"ListItem\",\"position\":3,\"name\":\"Kambale l\u00ebkure Fardoulis p\u00ebr femra.\"}]}]}<\/script>\n<!-- \/ Yoast SEO plugin. -->","yoast_head_json":{"title":"Kambale l\u00ebkure Fardoulis p\u00ebr femra. - PADAS","description":"Kambale me lidh\u00ebse statike te veshura me l\u00ebkur\u00eb dhe me detaje metalike p\u00ebr nj\u00eb pamje m\u00eb unike. T\u00eb ngrohta dhe trendi jan\u00eb zgjedhja ideale p\u00ebr sezonin e dimrit.","robots":{"index":"index","follow":"follow","max-snippet":"max-snippet:-1","max-image-preview":"max-image-preview:large","max-video-preview":"max-video-preview:-1"},"canonical":"https:\/\/padas.al\/english\/product\/kambale-lekure-fardoulis-per-femra\/","og_locale":"en_GB","og_type":"article","og_title":"Kambale l\u00ebkure Fardoulis p\u00ebr femra. - PADAS","og_description":"Kambale me lidh\u00ebse statike te veshura me l\u00ebkur\u00eb dhe me detaje metalike p\u00ebr nj\u00eb pamje m\u00eb unike. T\u00eb ngrohta dhe trendi jan\u00eb zgjedhja ideale p\u00ebr sezonin e dimrit.","og_url":"https:\/\/padas.al\/english\/product\/kambale-lekure-fardoulis-per-femra\/","og_site_name":"PADAS","article_modified_time":"2023-04-23T21:26:19+00:00","og_image":[{"width":540,"height":720,"url":"https:\/\/padas.al\/wp-content\/uploads\/2022\/10\/fixedratio_20211105164501_67a821b4.jpeg","type":"image\/jpeg"}],"twitter_card":"summary_large_image","twitter_misc":{"Estimated reading time":"1 minute"},"schema":{"@context":"https:\/\/schema.org","@graph":[{"@type":"Organization","@id":"https:\/\/padas.al\/#organization","name":"Padas.al","url":"https:\/\/padas.al\/","sameAs":[],"logo":{"@type":"ImageObject","@id":"https:\/\/padas.al\/#logo","inLanguage":"en-GB","url":"https:\/\/padas.al\/wp-content\/uploads\/2021\/12\/padas-logo-01.svg","contentUrl":"https:\/\/padas.al\/wp-content\/uploads\/2021\/12\/padas-logo-01.svg","width":196.4218,"height":195.7925,"caption":"Padas.al"},"image":{"@id":"https:\/\/padas.al\/#logo"}},{"@type":"WebSite","@id":"https:\/\/padas.al\/#website","url":"https:\/\/padas.al\/","name":"PADAS","description":"Shoe Shop","publisher":{"@id":"https:\/\/padas.al\/#organization"},"potentialAction":[{"@type":"SearchAction","target":{"@type":"EntryPoint","urlTemplate":"https:\/\/padas.al\/?s={search_term_string}"},"query-input":"required name=search_term_string"}],"inLanguage":"en-GB"},{"@type":"ImageObject","@id":"https:\/\/padas.al\/product\/kambale-lekure-fardoulis-per-femra\/#primaryimage","inLanguage":"en-GB","url":"https:\/\/padas.al\/wp-content\/uploads\/2022\/10\/fixedratio_20211105164501_67a821b4.jpeg","contentUrl":"https:\/\/padas.al\/wp-content\/uploads\/2022\/10\/fixedratio_20211105164501_67a821b4.jpeg","width":540,"height":720},{"@type":"WebPage","@id":"https:\/\/padas.al\/product\/kambale-lekure-fardoulis-per-femra\/#webpage","url":"https:\/\/padas.al\/product\/kambale-lekure-fardoulis-per-femra\/","name":"Kambale l\u00ebkure Fardoulis p\u00ebr femra. - PADAS","isPartOf":{"@id":"https:\/\/padas.al\/#website"},"primaryImageOfPage":{"@id":"https:\/\/padas.al\/product\/kambale-lekure-fardoulis-per-femra\/#primaryimage"},"datePublished":"2022-10-17T15:31:48+00:00","dateModified":"2023-04-23T21:26:19+00:00","description":"Kambale me lidh\u00ebse statike te veshura me l\u00ebkur\u00eb dhe me detaje metalike p\u00ebr nj\u00eb pamje m\u00eb unike. T\u00eb ngrohta dhe trendi jan\u00eb zgjedhja ideale p\u00ebr sezonin e dimrit.","breadcrumb":{"@id":"https:\/\/padas.al\/product\/kambale-lekure-fardoulis-per-femra\/#breadcrumb"},"inLanguage":"en-GB","potentialAction":[{"@type":"ReadAction","target":["https:\/\/padas.al\/product\/kambale-lekure-fardoulis-per-femra\/"]}]},{"@type":"BreadcrumbList","@id":"https:\/\/padas.al\/product\/kambale-lekure-fardoulis-per-femra\/#breadcrumb","itemListElement":[{"@type":"ListItem","position":1,"name":"Home","item":"https:\/\/padas.al\/"},{"@type":"ListItem","position":2,"name":"Shop","item":"https:\/\/padas.al\/shop\/"},{"@type":"ListItem","position":3,"name":"Kambale l\u00ebkure Fardoulis p\u00ebr femra."}]}]}},"_links":{"self":[{"href":"https:\/\/padas.al\/english\/wp-json\/wp\/v2\/product\/9102"}],"collection":[{"href":"https:\/\/padas.al\/english\/wp-json\/wp\/v2\/product"}],"about":[{"href":"https:\/\/padas.al\/english\/wp-json\/wp\/v2\/types\/product"}],"replies":[{"embeddable":true,"href":"https:\/\/padas.al\/english\/wp-json\/wp\/v2\/comments?post=9102"}],"wp:featuredmedia":[{"embeddable":true,"href":"https:\/\/padas.al\/english\/wp-json\/wp\/v2\/media\/9103"}],"wp:attachment":[{"href":"https:\/\/padas.al\/english\/wp-json\/wp\/v2\/media?parent=9102"}],"wp:term":[{"taxonomy":"product_cat","embeddable":true,"href":"https:\/\/padas.al\/english\/wp-json\/wp\/v2\/product_cat?post=9102"},{"taxonomy":"product_tag","embeddable":true,"href":"https:\/\/padas.al\/english\/wp-json\/wp\/v2\/product_tag?post=9102"}],"curies":[{"name":"wp","href":"https:\/\/api.w.org\/{rel}","templated":true}]}}