{"id":9148,"date":"2022-10-19T18:10:46","date_gmt":"2022-10-19T18:10:46","guid":{"rendered":"https:\/\/padas.al\/?post_type=product&#038;p=9148"},"modified":"2024-01-10T20:56:49","modified_gmt":"2024-01-10T20:56:49","slug":"cante-marsup-lekure-per-meshkuj","status":"publish","type":"product","link":"https:\/\/padas.al\/english\/product\/cante-marsup-lekure-per-meshkuj\/","title":{"rendered":"\u00c7ant\u00eb marsup l\u00ebkure p\u00ebr meshkuj."},"content":{"rendered":"<p>\u00c7anta \u00ebsht\u00eb e punuar nga l\u00ebkura natyrale ee cil\u00ebsis\u00eb s\u00eb lart\u00eb n\u00eb ngjyr\u00ebn e zez\u00eb. Zinxhir\u00ebt e saj jan\u00eb po ashtu t\u00eb zinj, per\u00e7inat e tyre si dhe hallkat jan\u00eb metalike n\u00eb ngjyr\u00ebn gri t\u00eb err\u00ebt. \u00c7anta ka dorez\u00eb p\u00ebr ta mbajtur n\u00eb dor\u00eb si dhe rrip t\u00eb gjat\u00eb p\u00ebr ta mbajtur n\u00eb sup. Rripi \u00ebsht\u00eb l\u00ebkur\u00eb nga nj\u00eb an\u00eb dhe material tekstil rezistent nga brenda, n\u00eb pjes\u00ebn ku mb\u00ebshtetet n\u00eb sup rripi ka nj\u00eb mb\u00ebshtet\u00ebse t\u00eb p\u00ebrforcuar l\u00ebkure p\u00ebr but\u00ebsi dhe komoditet m\u00eb t\u00eb madh. N\u00eb faqen ballore \u00ebsht\u00eb e stampur logo e firm\u00ebs po ashtu dhe n\u00eb \u00e7do zinxhir.<\/p>","protected":false},"excerpt":{"rendered":"<p>\u00c7anta \u00ebsht\u00eb produkt i firm\u00ebs Trip Camel, kompani e cila prodhon aksesor\u00eb l\u00ebkure. Organizimi i saj vijon si m\u00eb posht\u00eb; \u00e7anta ka 4 hap\u00ebsira t\u00eb ve\u00e7anta t\u00eb cilat mbyllen me zinxhir secila. Hap\u00ebsira e par\u00eb ka vende p\u00ebr vendosjen e kartave, hap\u00ebsia e dyt\u00eb ka hapje q\u00eb shkon deri n\u00eb fund t\u00eb gjat\u00ebsis\u00eb t\u00eb \u00e7ant\u00ebs dhe ka xhep brenda, hap\u00ebsira e tret\u00eb ka po ashtu xhep t\u00eb brendsh\u00ebm i cili \u00ebsht\u00eb me zinxhir dhe hap\u00ebsira e kat\u00ebrt ndodhet n\u00eb faqen e pasme t\u00eb \u00e7ant\u00ebs.<\/p>","protected":false},"featured_media":9149,"comment_status":"open","ping_status":"closed","template":"","meta":[],"product_cat":[232,233,188,210,211,205,206,208,274],"product_tag":[],"yoast_head":"<!-- This site is optimized with the Yoast SEO plugin v18.3 - https:\/\/yoast.com\/wordpress\/plugins\/seo\/ -->\n<title>\u00c7ant\u00eb marsup l\u00ebkure p\u00ebr meshkuj. - PADAS<\/title>\n<meta name=\"description\" content=\"Marsup p\u00ebr meshkuj me l\u00ebkur\u00eb t\u00eb cil\u00ebsis\u00eb s\u00eb lart\u00eb, organizim shum\u00eb t\u00eb mir\u00eb, praktik n\u00eb p\u00ebrditshm\u00ebrin\u00eb tuaj me dorez\u00eb dhe rrip t\u00eb gjat\u00eb.\" \/>\n<meta name=\"robots\" content=\"index, follow, max-snippet:-1, max-image-preview:large, max-video-preview:-1\" \/>\n<link rel=\"canonical\" href=\"https:\/\/padas.al\/english\/product\/cante-marsup-lekure-per-meshkuj\/\" \/>\n<meta property=\"og:locale\" content=\"en_GB\" \/>\n<meta property=\"og:type\" content=\"article\" \/>\n<meta property=\"og:title\" content=\"\u00c7ant\u00eb marsup l\u00ebkure p\u00ebr meshkuj. - PADAS\" \/>\n<meta property=\"og:description\" content=\"Marsup p\u00ebr meshkuj me l\u00ebkur\u00eb t\u00eb cil\u00ebsis\u00eb s\u00eb lart\u00eb, organizim shum\u00eb t\u00eb mir\u00eb, praktik n\u00eb p\u00ebrditshm\u00ebrin\u00eb tuaj me dorez\u00eb dhe rrip t\u00eb gjat\u00eb.\" \/>\n<meta property=\"og:url\" content=\"https:\/\/padas.al\/english\/product\/cante-marsup-lekure-per-meshkuj\/\" \/>\n<meta property=\"og:site_name\" content=\"PADAS\" \/>\n<meta property=\"article:modified_time\" content=\"2024-01-10T20:56:49+00:00\" \/>\n<meta property=\"og:image\" content=\"https:\/\/padas.al\/wp-content\/uploads\/2022\/10\/825-black-A.jpg\" \/>\n\t<meta property=\"og:image:width\" content=\"800\" \/>\n\t<meta property=\"og:image:height\" content=\"800\" \/>\n\t<meta property=\"og:image:type\" content=\"image\/jpeg\" \/>\n<meta name=\"twitter:card\" content=\"summary_large_image\" \/>\n<meta name=\"twitter:label1\" content=\"Estimated reading time\" \/>\n\t<meta name=\"twitter:data1\" content=\"1 minute\" \/>\n<script type=\"application\/ld+json\" class=\"yoast-schema-graph\">{\"@context\":\"https:\/\/schema.org\",\"@graph\":[{\"@type\":\"Organization\",\"@id\":\"https:\/\/padas.al\/#organization\",\"name\":\"Padas.al\",\"url\":\"https:\/\/padas.al\/\",\"sameAs\":[],\"logo\":{\"@type\":\"ImageObject\",\"@id\":\"https:\/\/padas.al\/#logo\",\"inLanguage\":\"en-GB\",\"url\":\"https:\/\/padas.al\/wp-content\/uploads\/2021\/12\/padas-logo-01.svg\",\"contentUrl\":\"https:\/\/padas.al\/wp-content\/uploads\/2021\/12\/padas-logo-01.svg\",\"width\":196.4218,\"height\":195.7925,\"caption\":\"Padas.al\"},\"image\":{\"@id\":\"https:\/\/padas.al\/#logo\"}},{\"@type\":\"WebSite\",\"@id\":\"https:\/\/padas.al\/#website\",\"url\":\"https:\/\/padas.al\/\",\"name\":\"PADAS\",\"description\":\"Shoe Shop\",\"publisher\":{\"@id\":\"https:\/\/padas.al\/#organization\"},\"potentialAction\":[{\"@type\":\"SearchAction\",\"target\":{\"@type\":\"EntryPoint\",\"urlTemplate\":\"https:\/\/padas.al\/?s={search_term_string}\"},\"query-input\":\"required name=search_term_string\"}],\"inLanguage\":\"en-GB\"},{\"@type\":\"ImageObject\",\"@id\":\"https:\/\/padas.al\/product\/cante-marsup-lekure-per-meshkuj\/#primaryimage\",\"inLanguage\":\"en-GB\",\"url\":\"https:\/\/padas.al\/wp-content\/uploads\/2022\/10\/825-black-A.jpg\",\"contentUrl\":\"https:\/\/padas.al\/wp-content\/uploads\/2022\/10\/825-black-A.jpg\",\"width\":800,\"height\":800},{\"@type\":\"WebPage\",\"@id\":\"https:\/\/padas.al\/product\/cante-marsup-lekure-per-meshkuj\/#webpage\",\"url\":\"https:\/\/padas.al\/product\/cante-marsup-lekure-per-meshkuj\/\",\"name\":\"\u00c7ant\u00eb marsup l\u00ebkure p\u00ebr meshkuj. - PADAS\",\"isPartOf\":{\"@id\":\"https:\/\/padas.al\/#website\"},\"primaryImageOfPage\":{\"@id\":\"https:\/\/padas.al\/product\/cante-marsup-lekure-per-meshkuj\/#primaryimage\"},\"datePublished\":\"2022-10-19T18:10:46+00:00\",\"dateModified\":\"2024-01-10T20:56:49+00:00\",\"description\":\"Marsup p\u00ebr meshkuj me l\u00ebkur\u00eb t\u00eb cil\u00ebsis\u00eb s\u00eb lart\u00eb, organizim shum\u00eb t\u00eb mir\u00eb, praktik n\u00eb p\u00ebrditshm\u00ebrin\u00eb tuaj me dorez\u00eb dhe rrip t\u00eb gjat\u00eb.\",\"breadcrumb\":{\"@id\":\"https:\/\/padas.al\/product\/cante-marsup-lekure-per-meshkuj\/#breadcrumb\"},\"inLanguage\":\"en-GB\",\"potentialAction\":[{\"@type\":\"ReadAction\",\"target\":[\"https:\/\/padas.al\/product\/cante-marsup-lekure-per-meshkuj\/\"]}]},{\"@type\":\"BreadcrumbList\",\"@id\":\"https:\/\/padas.al\/product\/cante-marsup-lekure-per-meshkuj\/#breadcrumb\",\"itemListElement\":[{\"@type\":\"ListItem\",\"position\":1,\"name\":\"Home\",\"item\":\"https:\/\/padas.al\/\"},{\"@type\":\"ListItem\",\"position\":2,\"name\":\"Shop\",\"item\":\"https:\/\/padas.al\/shop\/\"},{\"@type\":\"ListItem\",\"position\":3,\"name\":\"\u00c7ant\u00eb marsup l\u00ebkure p\u00ebr meshkuj.\"}]}]}<\/script>\n<!-- \/ Yoast SEO plugin. -->","yoast_head_json":{"title":"\u00c7ant\u00eb marsup l\u00ebkure p\u00ebr meshkuj. - PADAS","description":"Marsup p\u00ebr meshkuj me l\u00ebkur\u00eb t\u00eb cil\u00ebsis\u00eb s\u00eb lart\u00eb, organizim shum\u00eb t\u00eb mir\u00eb, praktik n\u00eb p\u00ebrditshm\u00ebrin\u00eb tuaj me dorez\u00eb dhe rrip t\u00eb gjat\u00eb.","robots":{"index":"index","follow":"follow","max-snippet":"max-snippet:-1","max-image-preview":"max-image-preview:large","max-video-preview":"max-video-preview:-1"},"canonical":"https:\/\/padas.al\/english\/product\/cante-marsup-lekure-per-meshkuj\/","og_locale":"en_GB","og_type":"article","og_title":"\u00c7ant\u00eb marsup l\u00ebkure p\u00ebr meshkuj. - PADAS","og_description":"Marsup p\u00ebr meshkuj me l\u00ebkur\u00eb t\u00eb cil\u00ebsis\u00eb s\u00eb lart\u00eb, organizim shum\u00eb t\u00eb mir\u00eb, praktik n\u00eb p\u00ebrditshm\u00ebrin\u00eb tuaj me dorez\u00eb dhe rrip t\u00eb gjat\u00eb.","og_url":"https:\/\/padas.al\/english\/product\/cante-marsup-lekure-per-meshkuj\/","og_site_name":"PADAS","article_modified_time":"2024-01-10T20:56:49+00:00","og_image":[{"width":800,"height":800,"url":"https:\/\/padas.al\/wp-content\/uploads\/2022\/10\/825-black-A.jpg","type":"image\/jpeg"}],"twitter_card":"summary_large_image","twitter_misc":{"Estimated reading time":"1 minute"},"schema":{"@context":"https:\/\/schema.org","@graph":[{"@type":"Organization","@id":"https:\/\/padas.al\/#organization","name":"Padas.al","url":"https:\/\/padas.al\/","sameAs":[],"logo":{"@type":"ImageObject","@id":"https:\/\/padas.al\/#logo","inLanguage":"en-GB","url":"https:\/\/padas.al\/wp-content\/uploads\/2021\/12\/padas-logo-01.svg","contentUrl":"https:\/\/padas.al\/wp-content\/uploads\/2021\/12\/padas-logo-01.svg","width":196.4218,"height":195.7925,"caption":"Padas.al"},"image":{"@id":"https:\/\/padas.al\/#logo"}},{"@type":"WebSite","@id":"https:\/\/padas.al\/#website","url":"https:\/\/padas.al\/","name":"PADAS","description":"Shoe Shop","publisher":{"@id":"https:\/\/padas.al\/#organization"},"potentialAction":[{"@type":"SearchAction","target":{"@type":"EntryPoint","urlTemplate":"https:\/\/padas.al\/?s={search_term_string}"},"query-input":"required name=search_term_string"}],"inLanguage":"en-GB"},{"@type":"ImageObject","@id":"https:\/\/padas.al\/product\/cante-marsup-lekure-per-meshkuj\/#primaryimage","inLanguage":"en-GB","url":"https:\/\/padas.al\/wp-content\/uploads\/2022\/10\/825-black-A.jpg","contentUrl":"https:\/\/padas.al\/wp-content\/uploads\/2022\/10\/825-black-A.jpg","width":800,"height":800},{"@type":"WebPage","@id":"https:\/\/padas.al\/product\/cante-marsup-lekure-per-meshkuj\/#webpage","url":"https:\/\/padas.al\/product\/cante-marsup-lekure-per-meshkuj\/","name":"\u00c7ant\u00eb marsup l\u00ebkure p\u00ebr meshkuj. - PADAS","isPartOf":{"@id":"https:\/\/padas.al\/#website"},"primaryImageOfPage":{"@id":"https:\/\/padas.al\/product\/cante-marsup-lekure-per-meshkuj\/#primaryimage"},"datePublished":"2022-10-19T18:10:46+00:00","dateModified":"2024-01-10T20:56:49+00:00","description":"Marsup p\u00ebr meshkuj me l\u00ebkur\u00eb t\u00eb cil\u00ebsis\u00eb s\u00eb lart\u00eb, organizim shum\u00eb t\u00eb mir\u00eb, praktik n\u00eb p\u00ebrditshm\u00ebrin\u00eb tuaj me dorez\u00eb dhe rrip t\u00eb gjat\u00eb.","breadcrumb":{"@id":"https:\/\/padas.al\/product\/cante-marsup-lekure-per-meshkuj\/#breadcrumb"},"inLanguage":"en-GB","potentialAction":[{"@type":"ReadAction","target":["https:\/\/padas.al\/product\/cante-marsup-lekure-per-meshkuj\/"]}]},{"@type":"BreadcrumbList","@id":"https:\/\/padas.al\/product\/cante-marsup-lekure-per-meshkuj\/#breadcrumb","itemListElement":[{"@type":"ListItem","position":1,"name":"Home","item":"https:\/\/padas.al\/"},{"@type":"ListItem","position":2,"name":"Shop","item":"https:\/\/padas.al\/shop\/"},{"@type":"ListItem","position":3,"name":"\u00c7ant\u00eb marsup l\u00ebkure p\u00ebr meshkuj."}]}]}},"_links":{"self":[{"href":"https:\/\/padas.al\/english\/wp-json\/wp\/v2\/product\/9148"}],"collection":[{"href":"https:\/\/padas.al\/english\/wp-json\/wp\/v2\/product"}],"about":[{"href":"https:\/\/padas.al\/english\/wp-json\/wp\/v2\/types\/product"}],"replies":[{"embeddable":true,"href":"https:\/\/padas.al\/english\/wp-json\/wp\/v2\/comments?post=9148"}],"wp:featuredmedia":[{"embeddable":true,"href":"https:\/\/padas.al\/english\/wp-json\/wp\/v2\/media\/9149"}],"wp:attachment":[{"href":"https:\/\/padas.al\/english\/wp-json\/wp\/v2\/media?parent=9148"}],"wp:term":[{"taxonomy":"product_cat","embeddable":true,"href":"https:\/\/padas.al\/english\/wp-json\/wp\/v2\/product_cat?post=9148"},{"taxonomy":"product_tag","embeddable":true,"href":"https:\/\/padas.al\/english\/wp-json\/wp\/v2\/product_tag?post=9148"}],"curies":[{"name":"wp","href":"https:\/\/api.w.org\/{rel}","templated":true}]}}