{"id":9163,"date":"2022-10-21T18:04:53","date_gmt":"2022-10-21T18:04:53","guid":{"rendered":"https:\/\/padas.al\/?post_type=product&#038;p=9163"},"modified":"2022-11-29T17:57:20","modified_gmt":"2022-11-29T17:57:20","slug":"marsup-lekure-trip-camel-per-meshkuj","status":"publish","type":"product","link":"https:\/\/padas.al\/english\/product\/marsup-lekure-trip-camel-per-meshkuj\/","title":{"rendered":"Marsup l\u00ebkur\u00eb Trip Camel p\u00ebr meshkuj."},"content":{"rendered":"<p>\u00c7anta \u00ebsht\u00eb e punuar nga l\u00ebkura natyrale n\u00eb ngjyr\u00ebn e zez\u00eb dhe at\u00eb kafe t\u00eb err\u00ebt p\u00ebrkat\u00ebsisht, l\u00ebkura e saj \u00ebsht\u00eb e but\u00eb. \u00c7anta ka rripin e gjat\u00eb t\u00eb cilin mund ta shkurtoni apo ta zgjatni sipas d\u00ebshir\u00ebs tuaj dhe n\u00eb pjes\u00ebn ku mb\u00ebshtetet n\u00eb sup ka mbajt\u00ebse fash\u00eb l\u00ebkure p\u00ebr komoditet kur e mabni \u00e7ant\u00ebn n\u00eb sup. N\u00eb faqen ballore \u00e7anta ka t\u00eb stampuar logon e firm\u00ebs si dhe n\u00eb \u00e7do zinxhir po ashtu, k\u00ebta t\u00eb fundit jan\u00eb prej materiali metalik.<\/p>\n<p>P\u00ebrmasat e \u00e7ant\u00ebs; lart\u00ebsia 21 cm, gjat\u00ebsia 18 cm, gjer\u00ebsia 6 cm.<\/p>","protected":false},"excerpt":{"rendered":"<p>\u00c7anta \u00ebsht\u00eb produkt i firm\u00ebs Trip Camel, kompani e cila prodhon dhe treg\u00ebton aksesor\u00eb l\u00ebkure p\u00ebr femra e meshkuj. \u00c7anta ka stil casual dhe \u00ebsht\u00eb e p\u00ebrshtatshme p\u00ebr p\u00ebrditshm\u00ebrin\u00eb tuaj si dhe p\u00ebr udh\u00ebtimet, ajo \u00ebsht\u00eb e punuar n\u00eb m\u00ebnyr\u00eb artizanal handcraft. \u00cbsht\u00eb e but\u00eb , me organizim shum\u00eb t\u00eb mir\u00eb dhe tep\u00ebr praktike. Organizimi i saj vijon si m\u00eb posht\u00eb; \u00e7anta ka tre hap\u00ebsira t\u00eb ve\u00e7anta, dy hap\u00ebsira mbyllen me zinxhir dhe xhepi n\u00eb faqen e pasme t\u00eb \u00e7ant\u00ebs mbyllet me magnet. Xhepi n\u00eb faqen ballore ka hapje t\u00eb gjer\u00eb dhe brenda ka vende p\u00ebr vendosjen e kartave, xhepi i dyt\u00eb dhe q\u00ebndrori \u00ebsht\u00eb m\u00eb i madhi dhe brenda ka dy xhepa si dhe dy vende p\u00ebr stilolapsa.<\/p>","protected":false},"featured_media":9164,"comment_status":"open","ping_status":"closed","template":"","meta":[],"product_cat":[232,233,188,210,211,205,208],"product_tag":[],"yoast_head":"<!-- This site is optimized with the Yoast SEO plugin v18.3 - https:\/\/yoast.com\/wordpress\/plugins\/seo\/ -->\n<title>Marsup l\u00ebkur\u00eb Trip Camel p\u00ebr meshkuj. - PADAS<\/title>\n<meta name=\"description\" content=\"\u00c7ant\u00eb marsup l\u00ebkure e cil\u00ebsis\u00eb s\u00eb lart\u00eb, punim handcraft me rrip t\u00eb gjat\u00eb me stil casual. E p\u00ebrshtashme p\u00ebr \u00e7do or\u00eb t\u00eb dit\u00ebs n\u00eb p\u00ebrditshm\u00ebri tuaj. Me organizim t\u00eb mir\u00eb t\u00eb hap\u00ebsirave p\u00ebr t\u00eb sistemuar sendet tuaja.\" \/>\n<meta name=\"robots\" content=\"index, follow, max-snippet:-1, max-image-preview:large, max-video-preview:-1\" \/>\n<link rel=\"canonical\" href=\"https:\/\/padas.al\/english\/product\/marsup-lekure-trip-camel-per-meshkuj\/\" \/>\n<meta property=\"og:locale\" content=\"en_GB\" \/>\n<meta property=\"og:type\" content=\"article\" \/>\n<meta property=\"og:title\" content=\"Marsup l\u00ebkur\u00eb Trip Camel p\u00ebr meshkuj. - PADAS\" \/>\n<meta property=\"og:description\" content=\"\u00c7ant\u00eb marsup l\u00ebkure e cil\u00ebsis\u00eb s\u00eb lart\u00eb, punim handcraft me rrip t\u00eb gjat\u00eb me stil casual. E p\u00ebrshtashme p\u00ebr \u00e7do or\u00eb t\u00eb dit\u00ebs n\u00eb p\u00ebrditshm\u00ebri tuaj. Me organizim t\u00eb mir\u00eb t\u00eb hap\u00ebsirave p\u00ebr t\u00eb sistemuar sendet tuaja.\" \/>\n<meta property=\"og:url\" content=\"https:\/\/padas.al\/english\/product\/marsup-lekure-trip-camel-per-meshkuj\/\" \/>\n<meta property=\"og:site_name\" content=\"PADAS\" \/>\n<meta property=\"article:modified_time\" content=\"2022-11-29T17:57:20+00:00\" \/>\n<meta property=\"og:image\" content=\"https:\/\/padas.al\/wp-content\/uploads\/2022\/10\/826-brown-A.jpg\" \/>\n\t<meta property=\"og:image:width\" content=\"800\" \/>\n\t<meta property=\"og:image:height\" content=\"800\" \/>\n\t<meta property=\"og:image:type\" content=\"image\/jpeg\" \/>\n<meta name=\"twitter:card\" content=\"summary_large_image\" \/>\n<meta name=\"twitter:label1\" content=\"Estimated reading time\" \/>\n\t<meta name=\"twitter:data1\" content=\"1 minute\" \/>\n<script type=\"application\/ld+json\" class=\"yoast-schema-graph\">{\"@context\":\"https:\/\/schema.org\",\"@graph\":[{\"@type\":\"Organization\",\"@id\":\"https:\/\/padas.al\/#organization\",\"name\":\"Padas.al\",\"url\":\"https:\/\/padas.al\/\",\"sameAs\":[],\"logo\":{\"@type\":\"ImageObject\",\"@id\":\"https:\/\/padas.al\/#logo\",\"inLanguage\":\"en-GB\",\"url\":\"https:\/\/padas.al\/wp-content\/uploads\/2021\/12\/padas-logo-01.svg\",\"contentUrl\":\"https:\/\/padas.al\/wp-content\/uploads\/2021\/12\/padas-logo-01.svg\",\"width\":196.4218,\"height\":195.7925,\"caption\":\"Padas.al\"},\"image\":{\"@id\":\"https:\/\/padas.al\/#logo\"}},{\"@type\":\"WebSite\",\"@id\":\"https:\/\/padas.al\/#website\",\"url\":\"https:\/\/padas.al\/\",\"name\":\"PADAS\",\"description\":\"Shoe Shop\",\"publisher\":{\"@id\":\"https:\/\/padas.al\/#organization\"},\"potentialAction\":[{\"@type\":\"SearchAction\",\"target\":{\"@type\":\"EntryPoint\",\"urlTemplate\":\"https:\/\/padas.al\/?s={search_term_string}\"},\"query-input\":\"required name=search_term_string\"}],\"inLanguage\":\"en-GB\"},{\"@type\":\"ImageObject\",\"@id\":\"https:\/\/padas.al\/product\/marsup-lekure-trip-camel-per-meshkuj\/#primaryimage\",\"inLanguage\":\"en-GB\",\"url\":\"https:\/\/padas.al\/wp-content\/uploads\/2022\/10\/826-brown-A.jpg\",\"contentUrl\":\"https:\/\/padas.al\/wp-content\/uploads\/2022\/10\/826-brown-A.jpg\",\"width\":800,\"height\":800},{\"@type\":\"WebPage\",\"@id\":\"https:\/\/padas.al\/product\/marsup-lekure-trip-camel-per-meshkuj\/#webpage\",\"url\":\"https:\/\/padas.al\/product\/marsup-lekure-trip-camel-per-meshkuj\/\",\"name\":\"Marsup l\u00ebkur\u00eb Trip Camel p\u00ebr meshkuj. - PADAS\",\"isPartOf\":{\"@id\":\"https:\/\/padas.al\/#website\"},\"primaryImageOfPage\":{\"@id\":\"https:\/\/padas.al\/product\/marsup-lekure-trip-camel-per-meshkuj\/#primaryimage\"},\"datePublished\":\"2022-10-21T18:04:53+00:00\",\"dateModified\":\"2022-11-29T17:57:20+00:00\",\"description\":\"\u00c7ant\u00eb marsup l\u00ebkure e cil\u00ebsis\u00eb s\u00eb lart\u00eb, punim handcraft me rrip t\u00eb gjat\u00eb me stil casual. E p\u00ebrshtashme p\u00ebr \u00e7do or\u00eb t\u00eb dit\u00ebs n\u00eb p\u00ebrditshm\u00ebri tuaj. Me organizim t\u00eb mir\u00eb t\u00eb hap\u00ebsirave p\u00ebr t\u00eb sistemuar sendet tuaja.\",\"breadcrumb\":{\"@id\":\"https:\/\/padas.al\/product\/marsup-lekure-trip-camel-per-meshkuj\/#breadcrumb\"},\"inLanguage\":\"en-GB\",\"potentialAction\":[{\"@type\":\"ReadAction\",\"target\":[\"https:\/\/padas.al\/product\/marsup-lekure-trip-camel-per-meshkuj\/\"]}]},{\"@type\":\"BreadcrumbList\",\"@id\":\"https:\/\/padas.al\/product\/marsup-lekure-trip-camel-per-meshkuj\/#breadcrumb\",\"itemListElement\":[{\"@type\":\"ListItem\",\"position\":1,\"name\":\"Home\",\"item\":\"https:\/\/padas.al\/\"},{\"@type\":\"ListItem\",\"position\":2,\"name\":\"Shop\",\"item\":\"https:\/\/padas.al\/shop\/\"},{\"@type\":\"ListItem\",\"position\":3,\"name\":\"Marsup l\u00ebkur\u00eb Trip Camel p\u00ebr meshkuj.\"}]}]}<\/script>\n<!-- \/ Yoast SEO plugin. -->","yoast_head_json":{"title":"Marsup l\u00ebkur\u00eb Trip Camel p\u00ebr meshkuj. - PADAS","description":"\u00c7ant\u00eb marsup l\u00ebkure e cil\u00ebsis\u00eb s\u00eb lart\u00eb, punim handcraft me rrip t\u00eb gjat\u00eb me stil casual. E p\u00ebrshtashme p\u00ebr \u00e7do or\u00eb t\u00eb dit\u00ebs n\u00eb p\u00ebrditshm\u00ebri tuaj. Me organizim t\u00eb mir\u00eb t\u00eb hap\u00ebsirave p\u00ebr t\u00eb sistemuar sendet tuaja.","robots":{"index":"index","follow":"follow","max-snippet":"max-snippet:-1","max-image-preview":"max-image-preview:large","max-video-preview":"max-video-preview:-1"},"canonical":"https:\/\/padas.al\/english\/product\/marsup-lekure-trip-camel-per-meshkuj\/","og_locale":"en_GB","og_type":"article","og_title":"Marsup l\u00ebkur\u00eb Trip Camel p\u00ebr meshkuj. - PADAS","og_description":"\u00c7ant\u00eb marsup l\u00ebkure e cil\u00ebsis\u00eb s\u00eb lart\u00eb, punim handcraft me rrip t\u00eb gjat\u00eb me stil casual. E p\u00ebrshtashme p\u00ebr \u00e7do or\u00eb t\u00eb dit\u00ebs n\u00eb p\u00ebrditshm\u00ebri tuaj. Me organizim t\u00eb mir\u00eb t\u00eb hap\u00ebsirave p\u00ebr t\u00eb sistemuar sendet tuaja.","og_url":"https:\/\/padas.al\/english\/product\/marsup-lekure-trip-camel-per-meshkuj\/","og_site_name":"PADAS","article_modified_time":"2022-11-29T17:57:20+00:00","og_image":[{"width":800,"height":800,"url":"https:\/\/padas.al\/wp-content\/uploads\/2022\/10\/826-brown-A.jpg","type":"image\/jpeg"}],"twitter_card":"summary_large_image","twitter_misc":{"Estimated reading time":"1 minute"},"schema":{"@context":"https:\/\/schema.org","@graph":[{"@type":"Organization","@id":"https:\/\/padas.al\/#organization","name":"Padas.al","url":"https:\/\/padas.al\/","sameAs":[],"logo":{"@type":"ImageObject","@id":"https:\/\/padas.al\/#logo","inLanguage":"en-GB","url":"https:\/\/padas.al\/wp-content\/uploads\/2021\/12\/padas-logo-01.svg","contentUrl":"https:\/\/padas.al\/wp-content\/uploads\/2021\/12\/padas-logo-01.svg","width":196.4218,"height":195.7925,"caption":"Padas.al"},"image":{"@id":"https:\/\/padas.al\/#logo"}},{"@type":"WebSite","@id":"https:\/\/padas.al\/#website","url":"https:\/\/padas.al\/","name":"PADAS","description":"Shoe Shop","publisher":{"@id":"https:\/\/padas.al\/#organization"},"potentialAction":[{"@type":"SearchAction","target":{"@type":"EntryPoint","urlTemplate":"https:\/\/padas.al\/?s={search_term_string}"},"query-input":"required name=search_term_string"}],"inLanguage":"en-GB"},{"@type":"ImageObject","@id":"https:\/\/padas.al\/product\/marsup-lekure-trip-camel-per-meshkuj\/#primaryimage","inLanguage":"en-GB","url":"https:\/\/padas.al\/wp-content\/uploads\/2022\/10\/826-brown-A.jpg","contentUrl":"https:\/\/padas.al\/wp-content\/uploads\/2022\/10\/826-brown-A.jpg","width":800,"height":800},{"@type":"WebPage","@id":"https:\/\/padas.al\/product\/marsup-lekure-trip-camel-per-meshkuj\/#webpage","url":"https:\/\/padas.al\/product\/marsup-lekure-trip-camel-per-meshkuj\/","name":"Marsup l\u00ebkur\u00eb Trip Camel p\u00ebr meshkuj. - PADAS","isPartOf":{"@id":"https:\/\/padas.al\/#website"},"primaryImageOfPage":{"@id":"https:\/\/padas.al\/product\/marsup-lekure-trip-camel-per-meshkuj\/#primaryimage"},"datePublished":"2022-10-21T18:04:53+00:00","dateModified":"2022-11-29T17:57:20+00:00","description":"\u00c7ant\u00eb marsup l\u00ebkure e cil\u00ebsis\u00eb s\u00eb lart\u00eb, punim handcraft me rrip t\u00eb gjat\u00eb me stil casual. E p\u00ebrshtashme p\u00ebr \u00e7do or\u00eb t\u00eb dit\u00ebs n\u00eb p\u00ebrditshm\u00ebri tuaj. Me organizim t\u00eb mir\u00eb t\u00eb hap\u00ebsirave p\u00ebr t\u00eb sistemuar sendet tuaja.","breadcrumb":{"@id":"https:\/\/padas.al\/product\/marsup-lekure-trip-camel-per-meshkuj\/#breadcrumb"},"inLanguage":"en-GB","potentialAction":[{"@type":"ReadAction","target":["https:\/\/padas.al\/product\/marsup-lekure-trip-camel-per-meshkuj\/"]}]},{"@type":"BreadcrumbList","@id":"https:\/\/padas.al\/product\/marsup-lekure-trip-camel-per-meshkuj\/#breadcrumb","itemListElement":[{"@type":"ListItem","position":1,"name":"Home","item":"https:\/\/padas.al\/"},{"@type":"ListItem","position":2,"name":"Shop","item":"https:\/\/padas.al\/shop\/"},{"@type":"ListItem","position":3,"name":"Marsup l\u00ebkur\u00eb Trip Camel p\u00ebr meshkuj."}]}]}},"_links":{"self":[{"href":"https:\/\/padas.al\/english\/wp-json\/wp\/v2\/product\/9163"}],"collection":[{"href":"https:\/\/padas.al\/english\/wp-json\/wp\/v2\/product"}],"about":[{"href":"https:\/\/padas.al\/english\/wp-json\/wp\/v2\/types\/product"}],"replies":[{"embeddable":true,"href":"https:\/\/padas.al\/english\/wp-json\/wp\/v2\/comments?post=9163"}],"wp:featuredmedia":[{"embeddable":true,"href":"https:\/\/padas.al\/english\/wp-json\/wp\/v2\/media\/9164"}],"wp:attachment":[{"href":"https:\/\/padas.al\/english\/wp-json\/wp\/v2\/media?parent=9163"}],"wp:term":[{"taxonomy":"product_cat","embeddable":true,"href":"https:\/\/padas.al\/english\/wp-json\/wp\/v2\/product_cat?post=9163"},{"taxonomy":"product_tag","embeddable":true,"href":"https:\/\/padas.al\/english\/wp-json\/wp\/v2\/product_tag?post=9163"}],"curies":[{"name":"wp","href":"https:\/\/api.w.org\/{rel}","templated":true}]}}