{"id":9233,"date":"2022-10-24T10:59:25","date_gmt":"2022-10-24T10:59:25","guid":{"rendered":"https:\/\/padas.al\/?post_type=product&#038;p=9233"},"modified":"2026-05-03T15:12:34","modified_gmt":"2026-05-03T15:12:34","slug":"cante-verde-ne-stilin-baguette-bag","status":"publish","type":"product","link":"https:\/\/padas.al\/english\/product\/cante-verde-ne-stilin-baguette-bag\/","title":{"rendered":"\u00c7ant\u00eb Verde n\u00eb stilin &#8220;baguette bag&#8221;."},"content":{"rendered":"<p><span style=\"font-weight: 400\">\u00c7anta \u00ebsht\u00eb e punuar nga l\u00ebkura ekologjike n\u00eb ngjyr\u00ebn e zez\u00eb dhe at\u00eb jeshile p\u00ebrkat\u00ebsisht. \u00c7anta ka rrip t\u00eb nd\u00ebrthurur me hallka zinxhiri n\u00eb baz\u00ebn dhe l\u00ebkur\u00eb gjat\u00ebsia tjet\u00ebr, p\u00ebr ta mbajtur at\u00eb n\u00eb sup. N\u00eb faqen ballore gjendet dhe logo e firm\u00ebs e shkruar me shkronja metalike n\u00eb ngjyr\u00ebn e floririt.<\/span><\/p>\n<p><span style=\"font-weight: 400\">P\u00ebrmasat e \u00e7ant\u00ebs; lart\u00ebsia 16 cm, gjat\u00ebsia 21.5 cm, gjer\u00ebsia 9 cm.<\/span><\/p>","protected":false},"excerpt":{"rendered":"<p><span style=\"font-weight: 400\">\u00c7anta \u00ebsht\u00eb produkt i firm\u00ebs Verde, kompani e cila treg\u00ebton aksesor\u00eb p\u00ebr femra. Organizimi i \u00e7ant\u00ebs vijon si m\u00eb posht\u00eb; hap\u00ebsira kryesore mbyllet me zinxhir dhe brenda saj gjenden dy xhepa nj\u00ebri prej tyre \u00ebsht\u00eb me zinxhir,\u00a0 n\u00eb pjes\u00ebn e pasme \u00e7anta ka po ashtu xhep me zinxhir.<\/span><\/p>","protected":false},"featured_media":9234,"comment_status":"open","ping_status":"closed","template":"","meta":[],"product_cat":[139,168,161,163,162,216,217,218],"product_tag":[],"yoast_head":"<!-- This site is optimized with the Yoast SEO plugin v18.3 - https:\/\/yoast.com\/wordpress\/plugins\/seo\/ -->\n<title>\u00c7ant\u00eb Verde n\u00eb stilin &quot;baguette bag&quot;. - PADAS<\/title>\n<meta name=\"description\" content=\"\u00c7ant\u00eb me rrip p\u00ebr n\u00eb sup, model dhe form\u00eb t\u00eb p\u00ebrshtatshme me \u00e7do veshje, praktike p\u00ebr n\u00eb p\u00ebrditshm\u00ebri, ngjyra t\u00eb p\u00ebqyeshme p\u00ebr sezonin.\" \/>\n<meta name=\"robots\" content=\"index, follow, max-snippet:-1, max-image-preview:large, max-video-preview:-1\" \/>\n<link rel=\"canonical\" href=\"https:\/\/padas.al\/english\/product\/cante-verde-ne-stilin-baguette-bag\/\" \/>\n<meta property=\"og:locale\" content=\"en_GB\" \/>\n<meta property=\"og:type\" content=\"article\" \/>\n<meta property=\"og:title\" content=\"\u00c7ant\u00eb Verde n\u00eb stilin &quot;baguette bag&quot;. - PADAS\" \/>\n<meta property=\"og:description\" content=\"\u00c7ant\u00eb me rrip p\u00ebr n\u00eb sup, model dhe form\u00eb t\u00eb p\u00ebrshtatshme me \u00e7do veshje, praktike p\u00ebr n\u00eb p\u00ebrditshm\u00ebri, ngjyra t\u00eb p\u00ebqyeshme p\u00ebr sezonin.\" \/>\n<meta property=\"og:url\" content=\"https:\/\/padas.al\/english\/product\/cante-verde-ne-stilin-baguette-bag\/\" \/>\n<meta property=\"og:site_name\" content=\"PADAS\" \/>\n<meta property=\"article:modified_time\" content=\"2026-05-03T15:12:34+00:00\" \/>\n<meta property=\"og:image\" content=\"https:\/\/padas.al\/wp-content\/uploads\/2022\/10\/fixedratio_20220920170852_verde_16_6565_gynaikeia_tsanta_chiasti_prasini.jpeg\" \/>\n\t<meta property=\"og:image:width\" content=\"540\" \/>\n\t<meta property=\"og:image:height\" content=\"720\" \/>\n\t<meta property=\"og:image:type\" content=\"image\/jpeg\" \/>\n<meta name=\"twitter:card\" content=\"summary_large_image\" \/>\n<meta name=\"twitter:label1\" content=\"Estimated reading time\" \/>\n\t<meta name=\"twitter:data1\" content=\"1 minute\" \/>\n<script type=\"application\/ld+json\" class=\"yoast-schema-graph\">{\"@context\":\"https:\/\/schema.org\",\"@graph\":[{\"@type\":\"Organization\",\"@id\":\"https:\/\/padas.al\/#organization\",\"name\":\"Padas.al\",\"url\":\"https:\/\/padas.al\/\",\"sameAs\":[],\"logo\":{\"@type\":\"ImageObject\",\"@id\":\"https:\/\/padas.al\/#logo\",\"inLanguage\":\"en-GB\",\"url\":\"https:\/\/padas.al\/wp-content\/uploads\/2021\/12\/padas-logo-01.svg\",\"contentUrl\":\"https:\/\/padas.al\/wp-content\/uploads\/2021\/12\/padas-logo-01.svg\",\"width\":196.4218,\"height\":195.7925,\"caption\":\"Padas.al\"},\"image\":{\"@id\":\"https:\/\/padas.al\/#logo\"}},{\"@type\":\"WebSite\",\"@id\":\"https:\/\/padas.al\/#website\",\"url\":\"https:\/\/padas.al\/\",\"name\":\"PADAS\",\"description\":\"Shoe Shop\",\"publisher\":{\"@id\":\"https:\/\/padas.al\/#organization\"},\"potentialAction\":[{\"@type\":\"SearchAction\",\"target\":{\"@type\":\"EntryPoint\",\"urlTemplate\":\"https:\/\/padas.al\/?s={search_term_string}\"},\"query-input\":\"required name=search_term_string\"}],\"inLanguage\":\"en-GB\"},{\"@type\":\"ImageObject\",\"@id\":\"https:\/\/padas.al\/product\/cante-verde-ne-stilin-baguette-bag\/#primaryimage\",\"inLanguage\":\"en-GB\",\"url\":\"https:\/\/padas.al\/wp-content\/uploads\/2022\/10\/fixedratio_20220920170852_verde_16_6565_gynaikeia_tsanta_chiasti_prasini.jpeg\",\"contentUrl\":\"https:\/\/padas.al\/wp-content\/uploads\/2022\/10\/fixedratio_20220920170852_verde_16_6565_gynaikeia_tsanta_chiasti_prasini.jpeg\",\"width\":540,\"height\":720},{\"@type\":\"WebPage\",\"@id\":\"https:\/\/padas.al\/product\/cante-verde-ne-stilin-baguette-bag\/#webpage\",\"url\":\"https:\/\/padas.al\/product\/cante-verde-ne-stilin-baguette-bag\/\",\"name\":\"\u00c7ant\u00eb Verde n\u00eb stilin \\\"baguette bag\\\". - PADAS\",\"isPartOf\":{\"@id\":\"https:\/\/padas.al\/#website\"},\"primaryImageOfPage\":{\"@id\":\"https:\/\/padas.al\/product\/cante-verde-ne-stilin-baguette-bag\/#primaryimage\"},\"datePublished\":\"2022-10-24T10:59:25+00:00\",\"dateModified\":\"2026-05-03T15:12:34+00:00\",\"description\":\"\u00c7ant\u00eb me rrip p\u00ebr n\u00eb sup, model dhe form\u00eb t\u00eb p\u00ebrshtatshme me \u00e7do veshje, praktike p\u00ebr n\u00eb p\u00ebrditshm\u00ebri, ngjyra t\u00eb p\u00ebqyeshme p\u00ebr sezonin.\",\"breadcrumb\":{\"@id\":\"https:\/\/padas.al\/product\/cante-verde-ne-stilin-baguette-bag\/#breadcrumb\"},\"inLanguage\":\"en-GB\",\"potentialAction\":[{\"@type\":\"ReadAction\",\"target\":[\"https:\/\/padas.al\/product\/cante-verde-ne-stilin-baguette-bag\/\"]}]},{\"@type\":\"BreadcrumbList\",\"@id\":\"https:\/\/padas.al\/product\/cante-verde-ne-stilin-baguette-bag\/#breadcrumb\",\"itemListElement\":[{\"@type\":\"ListItem\",\"position\":1,\"name\":\"Home\",\"item\":\"https:\/\/padas.al\/\"},{\"@type\":\"ListItem\",\"position\":2,\"name\":\"Shop\",\"item\":\"https:\/\/padas.al\/shop\/\"},{\"@type\":\"ListItem\",\"position\":3,\"name\":\"\u00c7ant\u00eb Verde n\u00eb stilin &#8220;baguette bag&#8221;.\"}]}]}<\/script>\n<!-- \/ Yoast SEO plugin. -->","yoast_head_json":{"title":"\u00c7ant\u00eb Verde n\u00eb stilin \"baguette bag\". - PADAS","description":"\u00c7ant\u00eb me rrip p\u00ebr n\u00eb sup, model dhe form\u00eb t\u00eb p\u00ebrshtatshme me \u00e7do veshje, praktike p\u00ebr n\u00eb p\u00ebrditshm\u00ebri, ngjyra t\u00eb p\u00ebqyeshme p\u00ebr sezonin.","robots":{"index":"index","follow":"follow","max-snippet":"max-snippet:-1","max-image-preview":"max-image-preview:large","max-video-preview":"max-video-preview:-1"},"canonical":"https:\/\/padas.al\/english\/product\/cante-verde-ne-stilin-baguette-bag\/","og_locale":"en_GB","og_type":"article","og_title":"\u00c7ant\u00eb Verde n\u00eb stilin \"baguette bag\". - PADAS","og_description":"\u00c7ant\u00eb me rrip p\u00ebr n\u00eb sup, model dhe form\u00eb t\u00eb p\u00ebrshtatshme me \u00e7do veshje, praktike p\u00ebr n\u00eb p\u00ebrditshm\u00ebri, ngjyra t\u00eb p\u00ebqyeshme p\u00ebr sezonin.","og_url":"https:\/\/padas.al\/english\/product\/cante-verde-ne-stilin-baguette-bag\/","og_site_name":"PADAS","article_modified_time":"2026-05-03T15:12:34+00:00","og_image":[{"width":540,"height":720,"url":"https:\/\/padas.al\/wp-content\/uploads\/2022\/10\/fixedratio_20220920170852_verde_16_6565_gynaikeia_tsanta_chiasti_prasini.jpeg","type":"image\/jpeg"}],"twitter_card":"summary_large_image","twitter_misc":{"Estimated reading time":"1 minute"},"schema":{"@context":"https:\/\/schema.org","@graph":[{"@type":"Organization","@id":"https:\/\/padas.al\/#organization","name":"Padas.al","url":"https:\/\/padas.al\/","sameAs":[],"logo":{"@type":"ImageObject","@id":"https:\/\/padas.al\/#logo","inLanguage":"en-GB","url":"https:\/\/padas.al\/wp-content\/uploads\/2021\/12\/padas-logo-01.svg","contentUrl":"https:\/\/padas.al\/wp-content\/uploads\/2021\/12\/padas-logo-01.svg","width":196.4218,"height":195.7925,"caption":"Padas.al"},"image":{"@id":"https:\/\/padas.al\/#logo"}},{"@type":"WebSite","@id":"https:\/\/padas.al\/#website","url":"https:\/\/padas.al\/","name":"PADAS","description":"Shoe Shop","publisher":{"@id":"https:\/\/padas.al\/#organization"},"potentialAction":[{"@type":"SearchAction","target":{"@type":"EntryPoint","urlTemplate":"https:\/\/padas.al\/?s={search_term_string}"},"query-input":"required name=search_term_string"}],"inLanguage":"en-GB"},{"@type":"ImageObject","@id":"https:\/\/padas.al\/product\/cante-verde-ne-stilin-baguette-bag\/#primaryimage","inLanguage":"en-GB","url":"https:\/\/padas.al\/wp-content\/uploads\/2022\/10\/fixedratio_20220920170852_verde_16_6565_gynaikeia_tsanta_chiasti_prasini.jpeg","contentUrl":"https:\/\/padas.al\/wp-content\/uploads\/2022\/10\/fixedratio_20220920170852_verde_16_6565_gynaikeia_tsanta_chiasti_prasini.jpeg","width":540,"height":720},{"@type":"WebPage","@id":"https:\/\/padas.al\/product\/cante-verde-ne-stilin-baguette-bag\/#webpage","url":"https:\/\/padas.al\/product\/cante-verde-ne-stilin-baguette-bag\/","name":"\u00c7ant\u00eb Verde n\u00eb stilin \"baguette bag\". - PADAS","isPartOf":{"@id":"https:\/\/padas.al\/#website"},"primaryImageOfPage":{"@id":"https:\/\/padas.al\/product\/cante-verde-ne-stilin-baguette-bag\/#primaryimage"},"datePublished":"2022-10-24T10:59:25+00:00","dateModified":"2026-05-03T15:12:34+00:00","description":"\u00c7ant\u00eb me rrip p\u00ebr n\u00eb sup, model dhe form\u00eb t\u00eb p\u00ebrshtatshme me \u00e7do veshje, praktike p\u00ebr n\u00eb p\u00ebrditshm\u00ebri, ngjyra t\u00eb p\u00ebqyeshme p\u00ebr sezonin.","breadcrumb":{"@id":"https:\/\/padas.al\/product\/cante-verde-ne-stilin-baguette-bag\/#breadcrumb"},"inLanguage":"en-GB","potentialAction":[{"@type":"ReadAction","target":["https:\/\/padas.al\/product\/cante-verde-ne-stilin-baguette-bag\/"]}]},{"@type":"BreadcrumbList","@id":"https:\/\/padas.al\/product\/cante-verde-ne-stilin-baguette-bag\/#breadcrumb","itemListElement":[{"@type":"ListItem","position":1,"name":"Home","item":"https:\/\/padas.al\/"},{"@type":"ListItem","position":2,"name":"Shop","item":"https:\/\/padas.al\/shop\/"},{"@type":"ListItem","position":3,"name":"\u00c7ant\u00eb Verde n\u00eb stilin &#8220;baguette bag&#8221;."}]}]}},"_links":{"self":[{"href":"https:\/\/padas.al\/english\/wp-json\/wp\/v2\/product\/9233"}],"collection":[{"href":"https:\/\/padas.al\/english\/wp-json\/wp\/v2\/product"}],"about":[{"href":"https:\/\/padas.al\/english\/wp-json\/wp\/v2\/types\/product"}],"replies":[{"embeddable":true,"href":"https:\/\/padas.al\/english\/wp-json\/wp\/v2\/comments?post=9233"}],"wp:featuredmedia":[{"embeddable":true,"href":"https:\/\/padas.al\/english\/wp-json\/wp\/v2\/media\/9234"}],"wp:attachment":[{"href":"https:\/\/padas.al\/english\/wp-json\/wp\/v2\/media?parent=9233"}],"wp:term":[{"taxonomy":"product_cat","embeddable":true,"href":"https:\/\/padas.al\/english\/wp-json\/wp\/v2\/product_cat?post=9233"},{"taxonomy":"product_tag","embeddable":true,"href":"https:\/\/padas.al\/english\/wp-json\/wp\/v2\/product_tag?post=9233"}],"curies":[{"name":"wp","href":"https:\/\/api.w.org\/{rel}","templated":true}]}}