{"id":9269,"date":"2022-10-25T21:01:16","date_gmt":"2022-10-25T21:01:16","guid":{"rendered":"https:\/\/padas.al\/?post_type=product&#038;p=9269"},"modified":"2026-01-28T08:40:01","modified_gmt":"2026-01-28T08:40:01","slug":"atlete-me-qafe-lekure-boxer-per-meshkuj-2","status":"publish","type":"product","link":"https:\/\/padas.al\/english\/product\/atlete-me-qafe-lekure-boxer-per-meshkuj-2\/","title":{"rendered":"Atlete me qaf\u00eb l\u00ebkur\u00eb Boxer p\u00ebr meshkuj."},"content":{"rendered":"<p><span style=\"font-weight: 400\">Atletet jan\u00eb t\u00eb punuara nga l\u00ebkura natyrale n\u00eb ngjyr\u00ebne zez\u00eb dhe at\u00eb kafe, goma e tyre \u00ebsht\u00eb bezh\u00eb p\u00ebr modelin n\u00eb ngjyr\u00ebn kafe dhe gom\u00eb e zez\u00eb p\u00ebr atletet n\u00eb ngjyr\u00ebn e zez\u00eb. Atletet krahas lidh\u00ebseve kan\u00eb dhe zinxhir n\u00eb pjes\u00ebn an\u00ebsore , k\u00ebshtu ato jan\u00eb akoma m\u00eb komode p\u00ebr ti veshur dhe hequr .\u00a0<\/span><\/p>","protected":false},"excerpt":{"rendered":"<p><span style=\"font-weight: 400\">Atletet i p\u00ebrkasin firm\u00ebs Boxer , kompani greke e cila prodhon dhe treg\u00ebton k\u00ebpuc\u00eb l\u00ebkure me standard t\u00eb lart\u00eb dhe cil\u00ebsore. Modeli ka gom\u00eb t\u00eb leht\u00eb rezistente dhe brenda n\u00eb pjes\u00ebn ku mb\u00ebshtetet shputa e k\u00ebmb\u00ebs ka shtres\u00eb t\u00eb but\u00eb l\u00ebkur\u00eb. Jan\u00eb t\u00eb p\u00ebrshatshme p\u00ebr sezonin vjesht\u00eb\/dimr\u00ebr.<\/span><\/p>","protected":false},"featured_media":9248,"comment_status":"open","ping_status":"closed","template":"","meta":[],"product_cat":[228,229,188,240,241,189,200,191,193,192,190],"product_tag":[],"yoast_head":"<!-- This site is optimized with the Yoast SEO plugin v18.3 - https:\/\/yoast.com\/wordpress\/plugins\/seo\/ -->\n<title>Atlete me qaf\u00eb l\u00ebkur\u00eb Boxer p\u00ebr meshkuj. - PADAS<\/title>\n<meta name=\"description\" content=\"Atlete me stil t\u00eb ve\u00e7ant\u00eb casual p\u00ebr n\u00eb p\u00ebrditshm\u00ebri. Jan\u00eb t\u00eb ngrohta dhe ofrojn\u00eb komoditet, zgjedhja e duhur p\u00ebr q\u00ebndrim t\u00eb gjat\u00eb n\u00eb k\u00ebmb\u00eb.\" \/>\n<meta name=\"robots\" content=\"index, follow, max-snippet:-1, max-image-preview:large, max-video-preview:-1\" \/>\n<link rel=\"canonical\" href=\"https:\/\/padas.al\/english\/product\/atlete-me-qafe-lekure-boxer-per-meshkuj-2\/\" \/>\n<meta property=\"og:locale\" content=\"en_GB\" \/>\n<meta property=\"og:type\" content=\"article\" \/>\n<meta property=\"og:title\" content=\"Atlete me qaf\u00eb l\u00ebkur\u00eb Boxer p\u00ebr meshkuj. - PADAS\" \/>\n<meta property=\"og:description\" content=\"Atlete me stil t\u00eb ve\u00e7ant\u00eb casual p\u00ebr n\u00eb p\u00ebrditshm\u00ebri. Jan\u00eb t\u00eb ngrohta dhe ofrojn\u00eb komoditet, zgjedhja e duhur p\u00ebr q\u00ebndrim t\u00eb gjat\u00eb n\u00eb k\u00ebmb\u00eb.\" \/>\n<meta property=\"og:url\" content=\"https:\/\/padas.al\/english\/product\/atlete-me-qafe-lekure-boxer-per-meshkuj-2\/\" \/>\n<meta property=\"og:site_name\" content=\"PADAS\" \/>\n<meta property=\"article:modified_time\" content=\"2026-01-28T08:40:01+00:00\" \/>\n<meta property=\"og:image\" content=\"https:\/\/padas.al\/wp-content\/uploads\/2022\/10\/boxer-shoes-19186-5.jpg\" \/>\n\t<meta property=\"og:image:width\" content=\"1000\" \/>\n\t<meta property=\"og:image:height\" content=\"1000\" \/>\n\t<meta property=\"og:image:type\" content=\"image\/jpeg\" \/>\n<meta name=\"twitter:card\" content=\"summary_large_image\" \/>\n<script type=\"application\/ld+json\" class=\"yoast-schema-graph\">{\"@context\":\"https:\/\/schema.org\",\"@graph\":[{\"@type\":\"Organization\",\"@id\":\"https:\/\/padas.al\/#organization\",\"name\":\"Padas.al\",\"url\":\"https:\/\/padas.al\/\",\"sameAs\":[],\"logo\":{\"@type\":\"ImageObject\",\"@id\":\"https:\/\/padas.al\/#logo\",\"inLanguage\":\"en-GB\",\"url\":\"https:\/\/padas.al\/wp-content\/uploads\/2021\/12\/padas-logo-01.svg\",\"contentUrl\":\"https:\/\/padas.al\/wp-content\/uploads\/2021\/12\/padas-logo-01.svg\",\"width\":196.4218,\"height\":195.7925,\"caption\":\"Padas.al\"},\"image\":{\"@id\":\"https:\/\/padas.al\/#logo\"}},{\"@type\":\"WebSite\",\"@id\":\"https:\/\/padas.al\/#website\",\"url\":\"https:\/\/padas.al\/\",\"name\":\"PADAS\",\"description\":\"Shoe Shop\",\"publisher\":{\"@id\":\"https:\/\/padas.al\/#organization\"},\"potentialAction\":[{\"@type\":\"SearchAction\",\"target\":{\"@type\":\"EntryPoint\",\"urlTemplate\":\"https:\/\/padas.al\/?s={search_term_string}\"},\"query-input\":\"required name=search_term_string\"}],\"inLanguage\":\"en-GB\"},{\"@type\":\"ImageObject\",\"@id\":\"https:\/\/padas.al\/product\/atlete-me-qafe-lekure-boxer-per-meshkuj-2\/#primaryimage\",\"inLanguage\":\"en-GB\",\"url\":\"https:\/\/padas.al\/wp-content\/uploads\/2022\/10\/boxer-shoes-19186-5.jpg\",\"contentUrl\":\"https:\/\/padas.al\/wp-content\/uploads\/2022\/10\/boxer-shoes-19186-5.jpg\",\"width\":1000,\"height\":1000},{\"@type\":\"WebPage\",\"@id\":\"https:\/\/padas.al\/product\/atlete-me-qafe-lekure-boxer-per-meshkuj-2\/#webpage\",\"url\":\"https:\/\/padas.al\/product\/atlete-me-qafe-lekure-boxer-per-meshkuj-2\/\",\"name\":\"Atlete me qaf\u00eb l\u00ebkur\u00eb Boxer p\u00ebr meshkuj. - PADAS\",\"isPartOf\":{\"@id\":\"https:\/\/padas.al\/#website\"},\"primaryImageOfPage\":{\"@id\":\"https:\/\/padas.al\/product\/atlete-me-qafe-lekure-boxer-per-meshkuj-2\/#primaryimage\"},\"datePublished\":\"2022-10-25T21:01:16+00:00\",\"dateModified\":\"2026-01-28T08:40:01+00:00\",\"description\":\"Atlete me stil t\u00eb ve\u00e7ant\u00eb casual p\u00ebr n\u00eb p\u00ebrditshm\u00ebri. Jan\u00eb t\u00eb ngrohta dhe ofrojn\u00eb komoditet, zgjedhja e duhur p\u00ebr q\u00ebndrim t\u00eb gjat\u00eb n\u00eb k\u00ebmb\u00eb.\",\"breadcrumb\":{\"@id\":\"https:\/\/padas.al\/product\/atlete-me-qafe-lekure-boxer-per-meshkuj-2\/#breadcrumb\"},\"inLanguage\":\"en-GB\",\"potentialAction\":[{\"@type\":\"ReadAction\",\"target\":[\"https:\/\/padas.al\/product\/atlete-me-qafe-lekure-boxer-per-meshkuj-2\/\"]}]},{\"@type\":\"BreadcrumbList\",\"@id\":\"https:\/\/padas.al\/product\/atlete-me-qafe-lekure-boxer-per-meshkuj-2\/#breadcrumb\",\"itemListElement\":[{\"@type\":\"ListItem\",\"position\":1,\"name\":\"Home\",\"item\":\"https:\/\/padas.al\/\"},{\"@type\":\"ListItem\",\"position\":2,\"name\":\"Shop\",\"item\":\"https:\/\/padas.al\/shop\/\"},{\"@type\":\"ListItem\",\"position\":3,\"name\":\"Atlete me qaf\u00eb l\u00ebkur\u00eb Boxer p\u00ebr meshkuj.\"}]}]}<\/script>\n<!-- \/ Yoast SEO plugin. -->","yoast_head_json":{"title":"Atlete me qaf\u00eb l\u00ebkur\u00eb Boxer p\u00ebr meshkuj. - PADAS","description":"Atlete me stil t\u00eb ve\u00e7ant\u00eb casual p\u00ebr n\u00eb p\u00ebrditshm\u00ebri. Jan\u00eb t\u00eb ngrohta dhe ofrojn\u00eb komoditet, zgjedhja e duhur p\u00ebr q\u00ebndrim t\u00eb gjat\u00eb n\u00eb k\u00ebmb\u00eb.","robots":{"index":"index","follow":"follow","max-snippet":"max-snippet:-1","max-image-preview":"max-image-preview:large","max-video-preview":"max-video-preview:-1"},"canonical":"https:\/\/padas.al\/english\/product\/atlete-me-qafe-lekure-boxer-per-meshkuj-2\/","og_locale":"en_GB","og_type":"article","og_title":"Atlete me qaf\u00eb l\u00ebkur\u00eb Boxer p\u00ebr meshkuj. - PADAS","og_description":"Atlete me stil t\u00eb ve\u00e7ant\u00eb casual p\u00ebr n\u00eb p\u00ebrditshm\u00ebri. Jan\u00eb t\u00eb ngrohta dhe ofrojn\u00eb komoditet, zgjedhja e duhur p\u00ebr q\u00ebndrim t\u00eb gjat\u00eb n\u00eb k\u00ebmb\u00eb.","og_url":"https:\/\/padas.al\/english\/product\/atlete-me-qafe-lekure-boxer-per-meshkuj-2\/","og_site_name":"PADAS","article_modified_time":"2026-01-28T08:40:01+00:00","og_image":[{"width":1000,"height":1000,"url":"https:\/\/padas.al\/wp-content\/uploads\/2022\/10\/boxer-shoes-19186-5.jpg","type":"image\/jpeg"}],"twitter_card":"summary_large_image","schema":{"@context":"https:\/\/schema.org","@graph":[{"@type":"Organization","@id":"https:\/\/padas.al\/#organization","name":"Padas.al","url":"https:\/\/padas.al\/","sameAs":[],"logo":{"@type":"ImageObject","@id":"https:\/\/padas.al\/#logo","inLanguage":"en-GB","url":"https:\/\/padas.al\/wp-content\/uploads\/2021\/12\/padas-logo-01.svg","contentUrl":"https:\/\/padas.al\/wp-content\/uploads\/2021\/12\/padas-logo-01.svg","width":196.4218,"height":195.7925,"caption":"Padas.al"},"image":{"@id":"https:\/\/padas.al\/#logo"}},{"@type":"WebSite","@id":"https:\/\/padas.al\/#website","url":"https:\/\/padas.al\/","name":"PADAS","description":"Shoe Shop","publisher":{"@id":"https:\/\/padas.al\/#organization"},"potentialAction":[{"@type":"SearchAction","target":{"@type":"EntryPoint","urlTemplate":"https:\/\/padas.al\/?s={search_term_string}"},"query-input":"required name=search_term_string"}],"inLanguage":"en-GB"},{"@type":"ImageObject","@id":"https:\/\/padas.al\/product\/atlete-me-qafe-lekure-boxer-per-meshkuj-2\/#primaryimage","inLanguage":"en-GB","url":"https:\/\/padas.al\/wp-content\/uploads\/2022\/10\/boxer-shoes-19186-5.jpg","contentUrl":"https:\/\/padas.al\/wp-content\/uploads\/2022\/10\/boxer-shoes-19186-5.jpg","width":1000,"height":1000},{"@type":"WebPage","@id":"https:\/\/padas.al\/product\/atlete-me-qafe-lekure-boxer-per-meshkuj-2\/#webpage","url":"https:\/\/padas.al\/product\/atlete-me-qafe-lekure-boxer-per-meshkuj-2\/","name":"Atlete me qaf\u00eb l\u00ebkur\u00eb Boxer p\u00ebr meshkuj. - PADAS","isPartOf":{"@id":"https:\/\/padas.al\/#website"},"primaryImageOfPage":{"@id":"https:\/\/padas.al\/product\/atlete-me-qafe-lekure-boxer-per-meshkuj-2\/#primaryimage"},"datePublished":"2022-10-25T21:01:16+00:00","dateModified":"2026-01-28T08:40:01+00:00","description":"Atlete me stil t\u00eb ve\u00e7ant\u00eb casual p\u00ebr n\u00eb p\u00ebrditshm\u00ebri. Jan\u00eb t\u00eb ngrohta dhe ofrojn\u00eb komoditet, zgjedhja e duhur p\u00ebr q\u00ebndrim t\u00eb gjat\u00eb n\u00eb k\u00ebmb\u00eb.","breadcrumb":{"@id":"https:\/\/padas.al\/product\/atlete-me-qafe-lekure-boxer-per-meshkuj-2\/#breadcrumb"},"inLanguage":"en-GB","potentialAction":[{"@type":"ReadAction","target":["https:\/\/padas.al\/product\/atlete-me-qafe-lekure-boxer-per-meshkuj-2\/"]}]},{"@type":"BreadcrumbList","@id":"https:\/\/padas.al\/product\/atlete-me-qafe-lekure-boxer-per-meshkuj-2\/#breadcrumb","itemListElement":[{"@type":"ListItem","position":1,"name":"Home","item":"https:\/\/padas.al\/"},{"@type":"ListItem","position":2,"name":"Shop","item":"https:\/\/padas.al\/shop\/"},{"@type":"ListItem","position":3,"name":"Atlete me qaf\u00eb l\u00ebkur\u00eb Boxer p\u00ebr meshkuj."}]}]}},"_links":{"self":[{"href":"https:\/\/padas.al\/english\/wp-json\/wp\/v2\/product\/9269"}],"collection":[{"href":"https:\/\/padas.al\/english\/wp-json\/wp\/v2\/product"}],"about":[{"href":"https:\/\/padas.al\/english\/wp-json\/wp\/v2\/types\/product"}],"replies":[{"embeddable":true,"href":"https:\/\/padas.al\/english\/wp-json\/wp\/v2\/comments?post=9269"}],"wp:featuredmedia":[{"embeddable":true,"href":"https:\/\/padas.al\/english\/wp-json\/wp\/v2\/media\/9248"}],"wp:attachment":[{"href":"https:\/\/padas.al\/english\/wp-json\/wp\/v2\/media?parent=9269"}],"wp:term":[{"taxonomy":"product_cat","embeddable":true,"href":"https:\/\/padas.al\/english\/wp-json\/wp\/v2\/product_cat?post=9269"},{"taxonomy":"product_tag","embeddable":true,"href":"https:\/\/padas.al\/english\/wp-json\/wp\/v2\/product_tag?post=9269"}],"curies":[{"name":"wp","href":"https:\/\/api.w.org\/{rel}","templated":true}]}}