{"id":9296,"date":"2022-10-26T18:21:49","date_gmt":"2022-10-26T18:21:49","guid":{"rendered":"https:\/\/padas.al\/?post_type=product&#038;p=9296"},"modified":"2026-01-28T08:34:26","modified_gmt":"2026-01-28T08:34:26","slug":"cizme-te-shkurtra-per-meshkuj-lekure-boxer","status":"publish","type":"product","link":"https:\/\/padas.al\/english\/product\/cizme-te-shkurtra-per-meshkuj-lekure-boxer\/","title":{"rendered":"\u00c7izme t\u00eb shkurtra p\u00ebr meshkuj l\u00ebkur\u00eb Boxer."},"content":{"rendered":"<p><span style=\"font-weight: 400\">\u00c7izmet jan\u00eb t\u00eb punuara nga l\u00ebkura natyrale n\u00eb ngjyr\u00ebn e zez\u00eb dhe me detaje n\u00eb l\u00ebkur\u00ebn kamosh n\u00eb pjes\u00ebn an\u00ebsore. \u00c7izmet kan\u00eb zinxhir n\u00eb pjes\u00ebn an\u00ebsore , k\u00ebshtu ato jan\u00eb akoma m\u00eb komode p\u00ebr ti veshur dhe hequr. Goma e tyre \u00ebsht\u00eb e leht\u00eb dhe rezistente , kan\u00eb nj\u00eb form\u00eb t\u00eb harkuar n\u00eb pjes\u00ebn e thembr\u00ebs , kjo i b\u00ebn akoma m\u00eb sportive dhe trendi \u00e7izmet.<\/span><\/p>","protected":false},"excerpt":{"rendered":"<p><span style=\"font-weight: 400\">\u00c7izmet i p\u00ebrkasin firm\u00ebs Boxer , kompani greke e cila prodhon dhe treg\u00ebton k\u00ebpuc\u00eb l\u00ebkure me standard t\u00eb lart\u00eb dhe cil\u00ebsore. Modeli ka gom\u00eb t\u00eb leht\u00eb rezistente dhe brenda n\u00eb pjes\u00ebn ku mb\u00ebshtetet shputa e k\u00ebmb\u00ebs ka shtres\u00eb t\u00eb but\u00eb anatomike dhe l\u00ebkur\u00eb. Jan\u00eb t\u00eb p\u00ebrshatshme p\u00ebr sezonin vjesht\u00eb\/dimr\u00ebr pasi jan\u00eb t\u00eb ngrohta dhe nuk e dep\u00ebrtojn\u00eb shiun.<\/span><\/p>","protected":false},"featured_media":9297,"comment_status":"open","ping_status":"closed","template":"","meta":[],"product_cat":[228,229,240,241,189,191,192,190],"product_tag":[],"yoast_head":"<!-- This site is optimized with the Yoast SEO plugin v18.3 - https:\/\/yoast.com\/wordpress\/plugins\/seo\/ -->\n<title>\u00c7izme t\u00eb shkurtra p\u00ebr meshkuj l\u00ebkur\u00eb Boxer. - PADAS<\/title>\n<meta name=\"description\" content=\"\u00c7izme me gom\u00eb trendi e sportive p\u00ebr dit\u00ebt e ftohta e t\u00eb lag\u00ebshta t\u00eb sezonit vjesht\u00eb\/dim\u00ebr, stil unik e mbi t\u00eb gjitha praktike, komode e t\u00eb kombinueshme me \u00e7do veshje\" \/>\n<meta name=\"robots\" content=\"index, follow, max-snippet:-1, max-image-preview:large, max-video-preview:-1\" \/>\n<link rel=\"canonical\" href=\"https:\/\/padas.al\/english\/product\/cizme-te-shkurtra-per-meshkuj-lekure-boxer\/\" \/>\n<meta property=\"og:locale\" content=\"en_GB\" \/>\n<meta property=\"og:type\" content=\"article\" \/>\n<meta property=\"og:title\" content=\"\u00c7izme t\u00eb shkurtra p\u00ebr meshkuj l\u00ebkur\u00eb Boxer. - PADAS\" \/>\n<meta property=\"og:description\" content=\"\u00c7izme me gom\u00eb trendi e sportive p\u00ebr dit\u00ebt e ftohta e t\u00eb lag\u00ebshta t\u00eb sezonit vjesht\u00eb\/dim\u00ebr, stil unik e mbi t\u00eb gjitha praktike, komode e t\u00eb kombinueshme me \u00e7do veshje\" \/>\n<meta property=\"og:url\" content=\"https:\/\/padas.al\/english\/product\/cizme-te-shkurtra-per-meshkuj-lekure-boxer\/\" \/>\n<meta property=\"og:site_name\" content=\"PADAS\" \/>\n<meta property=\"article:modified_time\" content=\"2026-01-28T08:34:26+00:00\" \/>\n<meta property=\"og:image\" content=\"https:\/\/padas.al\/wp-content\/uploads\/2022\/10\/boxer-shoes-16512.jpg\" \/>\n\t<meta property=\"og:image:width\" content=\"1000\" \/>\n\t<meta property=\"og:image:height\" content=\"1000\" \/>\n\t<meta property=\"og:image:type\" content=\"image\/jpeg\" \/>\n<meta name=\"twitter:card\" content=\"summary_large_image\" \/>\n<meta name=\"twitter:label1\" content=\"Estimated reading time\" \/>\n\t<meta name=\"twitter:data1\" content=\"1 minute\" \/>\n<script type=\"application\/ld+json\" class=\"yoast-schema-graph\">{\"@context\":\"https:\/\/schema.org\",\"@graph\":[{\"@type\":\"Organization\",\"@id\":\"https:\/\/padas.al\/#organization\",\"name\":\"Padas.al\",\"url\":\"https:\/\/padas.al\/\",\"sameAs\":[],\"logo\":{\"@type\":\"ImageObject\",\"@id\":\"https:\/\/padas.al\/#logo\",\"inLanguage\":\"en-GB\",\"url\":\"https:\/\/padas.al\/wp-content\/uploads\/2021\/12\/padas-logo-01.svg\",\"contentUrl\":\"https:\/\/padas.al\/wp-content\/uploads\/2021\/12\/padas-logo-01.svg\",\"width\":196.4218,\"height\":195.7925,\"caption\":\"Padas.al\"},\"image\":{\"@id\":\"https:\/\/padas.al\/#logo\"}},{\"@type\":\"WebSite\",\"@id\":\"https:\/\/padas.al\/#website\",\"url\":\"https:\/\/padas.al\/\",\"name\":\"PADAS\",\"description\":\"Shoe Shop\",\"publisher\":{\"@id\":\"https:\/\/padas.al\/#organization\"},\"potentialAction\":[{\"@type\":\"SearchAction\",\"target\":{\"@type\":\"EntryPoint\",\"urlTemplate\":\"https:\/\/padas.al\/?s={search_term_string}\"},\"query-input\":\"required name=search_term_string\"}],\"inLanguage\":\"en-GB\"},{\"@type\":\"ImageObject\",\"@id\":\"https:\/\/padas.al\/product\/cizme-te-shkurtra-per-meshkuj-lekure-boxer\/#primaryimage\",\"inLanguage\":\"en-GB\",\"url\":\"https:\/\/padas.al\/wp-content\/uploads\/2022\/10\/boxer-shoes-16512.jpg\",\"contentUrl\":\"https:\/\/padas.al\/wp-content\/uploads\/2022\/10\/boxer-shoes-16512.jpg\",\"width\":1000,\"height\":1000},{\"@type\":\"WebPage\",\"@id\":\"https:\/\/padas.al\/product\/cizme-te-shkurtra-per-meshkuj-lekure-boxer\/#webpage\",\"url\":\"https:\/\/padas.al\/product\/cizme-te-shkurtra-per-meshkuj-lekure-boxer\/\",\"name\":\"\u00c7izme t\u00eb shkurtra p\u00ebr meshkuj l\u00ebkur\u00eb Boxer. - PADAS\",\"isPartOf\":{\"@id\":\"https:\/\/padas.al\/#website\"},\"primaryImageOfPage\":{\"@id\":\"https:\/\/padas.al\/product\/cizme-te-shkurtra-per-meshkuj-lekure-boxer\/#primaryimage\"},\"datePublished\":\"2022-10-26T18:21:49+00:00\",\"dateModified\":\"2026-01-28T08:34:26+00:00\",\"description\":\"\u00c7izme me gom\u00eb trendi e sportive p\u00ebr dit\u00ebt e ftohta e t\u00eb lag\u00ebshta t\u00eb sezonit vjesht\u00eb\/dim\u00ebr, stil unik e mbi t\u00eb gjitha praktike, komode e t\u00eb kombinueshme me \u00e7do veshje\",\"breadcrumb\":{\"@id\":\"https:\/\/padas.al\/product\/cizme-te-shkurtra-per-meshkuj-lekure-boxer\/#breadcrumb\"},\"inLanguage\":\"en-GB\",\"potentialAction\":[{\"@type\":\"ReadAction\",\"target\":[\"https:\/\/padas.al\/product\/cizme-te-shkurtra-per-meshkuj-lekure-boxer\/\"]}]},{\"@type\":\"BreadcrumbList\",\"@id\":\"https:\/\/padas.al\/product\/cizme-te-shkurtra-per-meshkuj-lekure-boxer\/#breadcrumb\",\"itemListElement\":[{\"@type\":\"ListItem\",\"position\":1,\"name\":\"Home\",\"item\":\"https:\/\/padas.al\/\"},{\"@type\":\"ListItem\",\"position\":2,\"name\":\"Shop\",\"item\":\"https:\/\/padas.al\/shop\/\"},{\"@type\":\"ListItem\",\"position\":3,\"name\":\"\u00c7izme t\u00eb shkurtra p\u00ebr meshkuj l\u00ebkur\u00eb Boxer.\"}]}]}<\/script>\n<!-- \/ Yoast SEO plugin. -->","yoast_head_json":{"title":"\u00c7izme t\u00eb shkurtra p\u00ebr meshkuj l\u00ebkur\u00eb Boxer. - PADAS","description":"\u00c7izme me gom\u00eb trendi e sportive p\u00ebr dit\u00ebt e ftohta e t\u00eb lag\u00ebshta t\u00eb sezonit vjesht\u00eb\/dim\u00ebr, stil unik e mbi t\u00eb gjitha praktike, komode e t\u00eb kombinueshme me \u00e7do veshje","robots":{"index":"index","follow":"follow","max-snippet":"max-snippet:-1","max-image-preview":"max-image-preview:large","max-video-preview":"max-video-preview:-1"},"canonical":"https:\/\/padas.al\/english\/product\/cizme-te-shkurtra-per-meshkuj-lekure-boxer\/","og_locale":"en_GB","og_type":"article","og_title":"\u00c7izme t\u00eb shkurtra p\u00ebr meshkuj l\u00ebkur\u00eb Boxer. - PADAS","og_description":"\u00c7izme me gom\u00eb trendi e sportive p\u00ebr dit\u00ebt e ftohta e t\u00eb lag\u00ebshta t\u00eb sezonit vjesht\u00eb\/dim\u00ebr, stil unik e mbi t\u00eb gjitha praktike, komode e t\u00eb kombinueshme me \u00e7do veshje","og_url":"https:\/\/padas.al\/english\/product\/cizme-te-shkurtra-per-meshkuj-lekure-boxer\/","og_site_name":"PADAS","article_modified_time":"2026-01-28T08:34:26+00:00","og_image":[{"width":1000,"height":1000,"url":"https:\/\/padas.al\/wp-content\/uploads\/2022\/10\/boxer-shoes-16512.jpg","type":"image\/jpeg"}],"twitter_card":"summary_large_image","twitter_misc":{"Estimated reading time":"1 minute"},"schema":{"@context":"https:\/\/schema.org","@graph":[{"@type":"Organization","@id":"https:\/\/padas.al\/#organization","name":"Padas.al","url":"https:\/\/padas.al\/","sameAs":[],"logo":{"@type":"ImageObject","@id":"https:\/\/padas.al\/#logo","inLanguage":"en-GB","url":"https:\/\/padas.al\/wp-content\/uploads\/2021\/12\/padas-logo-01.svg","contentUrl":"https:\/\/padas.al\/wp-content\/uploads\/2021\/12\/padas-logo-01.svg","width":196.4218,"height":195.7925,"caption":"Padas.al"},"image":{"@id":"https:\/\/padas.al\/#logo"}},{"@type":"WebSite","@id":"https:\/\/padas.al\/#website","url":"https:\/\/padas.al\/","name":"PADAS","description":"Shoe Shop","publisher":{"@id":"https:\/\/padas.al\/#organization"},"potentialAction":[{"@type":"SearchAction","target":{"@type":"EntryPoint","urlTemplate":"https:\/\/padas.al\/?s={search_term_string}"},"query-input":"required name=search_term_string"}],"inLanguage":"en-GB"},{"@type":"ImageObject","@id":"https:\/\/padas.al\/product\/cizme-te-shkurtra-per-meshkuj-lekure-boxer\/#primaryimage","inLanguage":"en-GB","url":"https:\/\/padas.al\/wp-content\/uploads\/2022\/10\/boxer-shoes-16512.jpg","contentUrl":"https:\/\/padas.al\/wp-content\/uploads\/2022\/10\/boxer-shoes-16512.jpg","width":1000,"height":1000},{"@type":"WebPage","@id":"https:\/\/padas.al\/product\/cizme-te-shkurtra-per-meshkuj-lekure-boxer\/#webpage","url":"https:\/\/padas.al\/product\/cizme-te-shkurtra-per-meshkuj-lekure-boxer\/","name":"\u00c7izme t\u00eb shkurtra p\u00ebr meshkuj l\u00ebkur\u00eb Boxer. - PADAS","isPartOf":{"@id":"https:\/\/padas.al\/#website"},"primaryImageOfPage":{"@id":"https:\/\/padas.al\/product\/cizme-te-shkurtra-per-meshkuj-lekure-boxer\/#primaryimage"},"datePublished":"2022-10-26T18:21:49+00:00","dateModified":"2026-01-28T08:34:26+00:00","description":"\u00c7izme me gom\u00eb trendi e sportive p\u00ebr dit\u00ebt e ftohta e t\u00eb lag\u00ebshta t\u00eb sezonit vjesht\u00eb\/dim\u00ebr, stil unik e mbi t\u00eb gjitha praktike, komode e t\u00eb kombinueshme me \u00e7do veshje","breadcrumb":{"@id":"https:\/\/padas.al\/product\/cizme-te-shkurtra-per-meshkuj-lekure-boxer\/#breadcrumb"},"inLanguage":"en-GB","potentialAction":[{"@type":"ReadAction","target":["https:\/\/padas.al\/product\/cizme-te-shkurtra-per-meshkuj-lekure-boxer\/"]}]},{"@type":"BreadcrumbList","@id":"https:\/\/padas.al\/product\/cizme-te-shkurtra-per-meshkuj-lekure-boxer\/#breadcrumb","itemListElement":[{"@type":"ListItem","position":1,"name":"Home","item":"https:\/\/padas.al\/"},{"@type":"ListItem","position":2,"name":"Shop","item":"https:\/\/padas.al\/shop\/"},{"@type":"ListItem","position":3,"name":"\u00c7izme t\u00eb shkurtra p\u00ebr meshkuj l\u00ebkur\u00eb Boxer."}]}]}},"_links":{"self":[{"href":"https:\/\/padas.al\/english\/wp-json\/wp\/v2\/product\/9296"}],"collection":[{"href":"https:\/\/padas.al\/english\/wp-json\/wp\/v2\/product"}],"about":[{"href":"https:\/\/padas.al\/english\/wp-json\/wp\/v2\/types\/product"}],"replies":[{"embeddable":true,"href":"https:\/\/padas.al\/english\/wp-json\/wp\/v2\/comments?post=9296"}],"wp:featuredmedia":[{"embeddable":true,"href":"https:\/\/padas.al\/english\/wp-json\/wp\/v2\/media\/9297"}],"wp:attachment":[{"href":"https:\/\/padas.al\/english\/wp-json\/wp\/v2\/media?parent=9296"}],"wp:term":[{"taxonomy":"product_cat","embeddable":true,"href":"https:\/\/padas.al\/english\/wp-json\/wp\/v2\/product_cat?post=9296"},{"taxonomy":"product_tag","embeddable":true,"href":"https:\/\/padas.al\/english\/wp-json\/wp\/v2\/product_tag?post=9296"}],"curies":[{"name":"wp","href":"https:\/\/api.w.org\/{rel}","templated":true}]}}