{"id":9674,"date":"2022-11-07T18:53:15","date_gmt":"2022-11-07T18:53:15","guid":{"rendered":"https:\/\/padas.al\/?post_type=product&#038;p=9674"},"modified":"2024-10-09T14:28:56","modified_gmt":"2024-10-09T14:28:56","slug":"cizme-me-maje-elegante-dhe-take-katrore-fardoulis","status":"publish","type":"product","link":"https:\/\/padas.al\/english\/product\/cizme-me-maje-elegante-dhe-take-katrore-fardoulis\/","title":{"rendered":"\u00c7izme me maj\u00eb elegante dhe tak\u00eb katrore, Fardoulis."},"content":{"rendered":"<p><span style=\"font-weight: 400\">\u00c7izmet jan\u00eb t\u00eb punuara nga l\u00ebkura natyrale n\u00eb ngjyr\u00ebn krem ose bezh\u00eb t\u00eb hapur. Taka e tyre \u00ebsht\u00eb n\u00eb form\u00eb katrore dhe po ashtu ajo \u00ebsht\u00eb e veshur me l\u00ebkur\u00eb, detaj ky q\u00eb plot\u00ebson m\u00eb s\u00eb miri cil\u00ebsin\u00eb e \u00e7izmeve. N\u00eb an\u00ebn e jashtme t\u00eb tyre ato kan\u00eb llastik i cili ndihmon p\u00ebrshtatjen n\u00eb ky\u00e7in e k\u00ebmb\u00ebs n\u00eb an\u00ebn e brendshme \u00e7izmet kan\u00eb zinxhir i cili b\u00ebn t\u00eb leht\u00eb heqjen dhe veshjen e tyre. Nj\u00eb detaj me logon e firm\u00ebs n\u00eb material metalik gjendet n\u00eb krye t\u00eb tyre.<\/span><\/p>\n<p><span style=\"font-weight: 400\">Lart\u00ebsia e tak\u00ebs; 7.5 cm.<\/span><\/p>","protected":false},"excerpt":{"rendered":"<p><span style=\"font-weight: 400\">\u00c7izmet jan\u00eb produkt i punuar n\u00eb m\u00ebnyr\u00eb artizanale i firm\u00ebs Makis Fardoulis, kompani greke e cila prodhon vet\u00ebm k\u00ebpuc\u00eb l\u00ebkure p\u00ebr femra. K\u00ebto \u00e7izme dhurojn\u00eb fines\u00eb n\u00eb \u00e7do hap q\u00eb hidhni dhe jan\u00eb komode fal\u00eb m\u00ebnyr\u00ebs sesi jan\u00eb nd\u00ebrtuar, taka e tyre ka mb\u00ebshtetje t\u00eb mir\u00eb dhe kjo i b\u00ebn t\u00eb jen\u00eb praktike n\u00eb ecje.\u00a0<\/span><\/p>\n<p>&nbsp;<\/p>","protected":false},"featured_media":9630,"comment_status":"open","ping_status":"closed","template":"","meta":[],"product_cat":[139,148,150,140,147,146,222,223],"product_tag":[],"yoast_head":"<!-- This site is optimized with the Yoast SEO plugin v18.3 - https:\/\/yoast.com\/wordpress\/plugins\/seo\/ -->\n<title>\u00c7izme me maj\u00eb elegante dhe tak\u00eb katrore, Fardoulis. - PADAS<\/title>\n<meta name=\"description\" content=\"\u00c7izme m\u00eb maj\u00eb e me tak\u00eb katrore, model q\u00eb ju dhuron tep\u00ebr fines\u00eb k\u00ebmb\u00ebve tuaja si dhe komod n\u00eb ecje fal\u00eb tak\u00ebs q\u00eb ato kan\u00eb.\" \/>\n<meta name=\"robots\" content=\"index, follow, max-snippet:-1, max-image-preview:large, max-video-preview:-1\" \/>\n<link rel=\"canonical\" href=\"https:\/\/padas.al\/english\/product\/cizme-me-maje-elegante-dhe-take-katrore-fardoulis\/\" \/>\n<meta property=\"og:locale\" content=\"en_GB\" \/>\n<meta property=\"og:type\" content=\"article\" \/>\n<meta property=\"og:title\" content=\"\u00c7izme me maj\u00eb elegante dhe tak\u00eb katrore, Fardoulis. - PADAS\" \/>\n<meta property=\"og:description\" content=\"\u00c7izme m\u00eb maj\u00eb e me tak\u00eb katrore, model q\u00eb ju dhuron tep\u00ebr fines\u00eb k\u00ebmb\u00ebve tuaja si dhe komod n\u00eb ecje fal\u00eb tak\u00ebs q\u00eb ato kan\u00eb.\" \/>\n<meta property=\"og:url\" content=\"https:\/\/padas.al\/english\/product\/cizme-me-maje-elegante-dhe-take-katrore-fardoulis\/\" \/>\n<meta property=\"og:site_name\" content=\"PADAS\" \/>\n<meta property=\"article:modified_time\" content=\"2024-10-09T14:28:56+00:00\" \/>\n<meta property=\"og:image\" content=\"https:\/\/padas.al\/wp-content\/uploads\/2022\/11\/fixedratio_20221031165553_makis_fardoulis_751_22ch_dermatina_gynaikeia_mpotakia_astragalou_me_mesaio_takouni_mayra.jpeg\" \/>\n\t<meta property=\"og:image:width\" content=\"540\" \/>\n\t<meta property=\"og:image:height\" content=\"720\" \/>\n\t<meta property=\"og:image:type\" content=\"image\/jpeg\" \/>\n<meta name=\"twitter:card\" content=\"summary_large_image\" \/>\n<meta name=\"twitter:label1\" content=\"Estimated reading time\" \/>\n\t<meta name=\"twitter:data1\" content=\"1 minute\" \/>\n<script type=\"application\/ld+json\" class=\"yoast-schema-graph\">{\"@context\":\"https:\/\/schema.org\",\"@graph\":[{\"@type\":\"Organization\",\"@id\":\"https:\/\/padas.al\/#organization\",\"name\":\"Padas.al\",\"url\":\"https:\/\/padas.al\/\",\"sameAs\":[],\"logo\":{\"@type\":\"ImageObject\",\"@id\":\"https:\/\/padas.al\/#logo\",\"inLanguage\":\"en-GB\",\"url\":\"https:\/\/padas.al\/wp-content\/uploads\/2021\/12\/padas-logo-01.svg\",\"contentUrl\":\"https:\/\/padas.al\/wp-content\/uploads\/2021\/12\/padas-logo-01.svg\",\"width\":196.4218,\"height\":195.7925,\"caption\":\"Padas.al\"},\"image\":{\"@id\":\"https:\/\/padas.al\/#logo\"}},{\"@type\":\"WebSite\",\"@id\":\"https:\/\/padas.al\/#website\",\"url\":\"https:\/\/padas.al\/\",\"name\":\"PADAS\",\"description\":\"Shoe Shop\",\"publisher\":{\"@id\":\"https:\/\/padas.al\/#organization\"},\"potentialAction\":[{\"@type\":\"SearchAction\",\"target\":{\"@type\":\"EntryPoint\",\"urlTemplate\":\"https:\/\/padas.al\/?s={search_term_string}\"},\"query-input\":\"required name=search_term_string\"}],\"inLanguage\":\"en-GB\"},{\"@type\":\"ImageObject\",\"@id\":\"https:\/\/padas.al\/product\/cizme-me-maje-elegante-dhe-take-katrore-fardoulis\/#primaryimage\",\"inLanguage\":\"en-GB\",\"url\":\"https:\/\/padas.al\/wp-content\/uploads\/2022\/11\/fixedratio_20221031165553_makis_fardoulis_751_22ch_dermatina_gynaikeia_mpotakia_astragalou_me_mesaio_takouni_mayra.jpeg\",\"contentUrl\":\"https:\/\/padas.al\/wp-content\/uploads\/2022\/11\/fixedratio_20221031165553_makis_fardoulis_751_22ch_dermatina_gynaikeia_mpotakia_astragalou_me_mesaio_takouni_mayra.jpeg\",\"width\":540,\"height\":720},{\"@type\":\"WebPage\",\"@id\":\"https:\/\/padas.al\/product\/cizme-me-maje-elegante-dhe-take-katrore-fardoulis\/#webpage\",\"url\":\"https:\/\/padas.al\/product\/cizme-me-maje-elegante-dhe-take-katrore-fardoulis\/\",\"name\":\"\u00c7izme me maj\u00eb elegante dhe tak\u00eb katrore, Fardoulis. - PADAS\",\"isPartOf\":{\"@id\":\"https:\/\/padas.al\/#website\"},\"primaryImageOfPage\":{\"@id\":\"https:\/\/padas.al\/product\/cizme-me-maje-elegante-dhe-take-katrore-fardoulis\/#primaryimage\"},\"datePublished\":\"2022-11-07T18:53:15+00:00\",\"dateModified\":\"2024-10-09T14:28:56+00:00\",\"description\":\"\u00c7izme m\u00eb maj\u00eb e me tak\u00eb katrore, model q\u00eb ju dhuron tep\u00ebr fines\u00eb k\u00ebmb\u00ebve tuaja si dhe komod n\u00eb ecje fal\u00eb tak\u00ebs q\u00eb ato kan\u00eb.\",\"breadcrumb\":{\"@id\":\"https:\/\/padas.al\/product\/cizme-me-maje-elegante-dhe-take-katrore-fardoulis\/#breadcrumb\"},\"inLanguage\":\"en-GB\",\"potentialAction\":[{\"@type\":\"ReadAction\",\"target\":[\"https:\/\/padas.al\/product\/cizme-me-maje-elegante-dhe-take-katrore-fardoulis\/\"]}]},{\"@type\":\"BreadcrumbList\",\"@id\":\"https:\/\/padas.al\/product\/cizme-me-maje-elegante-dhe-take-katrore-fardoulis\/#breadcrumb\",\"itemListElement\":[{\"@type\":\"ListItem\",\"position\":1,\"name\":\"Home\",\"item\":\"https:\/\/padas.al\/\"},{\"@type\":\"ListItem\",\"position\":2,\"name\":\"Shop\",\"item\":\"https:\/\/padas.al\/shop\/\"},{\"@type\":\"ListItem\",\"position\":3,\"name\":\"\u00c7izme me maj\u00eb elegante dhe tak\u00eb katrore, Fardoulis.\"}]}]}<\/script>\n<!-- \/ Yoast SEO plugin. -->","yoast_head_json":{"title":"\u00c7izme me maj\u00eb elegante dhe tak\u00eb katrore, Fardoulis. - PADAS","description":"\u00c7izme m\u00eb maj\u00eb e me tak\u00eb katrore, model q\u00eb ju dhuron tep\u00ebr fines\u00eb k\u00ebmb\u00ebve tuaja si dhe komod n\u00eb ecje fal\u00eb tak\u00ebs q\u00eb ato kan\u00eb.","robots":{"index":"index","follow":"follow","max-snippet":"max-snippet:-1","max-image-preview":"max-image-preview:large","max-video-preview":"max-video-preview:-1"},"canonical":"https:\/\/padas.al\/english\/product\/cizme-me-maje-elegante-dhe-take-katrore-fardoulis\/","og_locale":"en_GB","og_type":"article","og_title":"\u00c7izme me maj\u00eb elegante dhe tak\u00eb katrore, Fardoulis. - PADAS","og_description":"\u00c7izme m\u00eb maj\u00eb e me tak\u00eb katrore, model q\u00eb ju dhuron tep\u00ebr fines\u00eb k\u00ebmb\u00ebve tuaja si dhe komod n\u00eb ecje fal\u00eb tak\u00ebs q\u00eb ato kan\u00eb.","og_url":"https:\/\/padas.al\/english\/product\/cizme-me-maje-elegante-dhe-take-katrore-fardoulis\/","og_site_name":"PADAS","article_modified_time":"2024-10-09T14:28:56+00:00","og_image":[{"width":540,"height":720,"url":"https:\/\/padas.al\/wp-content\/uploads\/2022\/11\/fixedratio_20221031165553_makis_fardoulis_751_22ch_dermatina_gynaikeia_mpotakia_astragalou_me_mesaio_takouni_mayra.jpeg","type":"image\/jpeg"}],"twitter_card":"summary_large_image","twitter_misc":{"Estimated reading time":"1 minute"},"schema":{"@context":"https:\/\/schema.org","@graph":[{"@type":"Organization","@id":"https:\/\/padas.al\/#organization","name":"Padas.al","url":"https:\/\/padas.al\/","sameAs":[],"logo":{"@type":"ImageObject","@id":"https:\/\/padas.al\/#logo","inLanguage":"en-GB","url":"https:\/\/padas.al\/wp-content\/uploads\/2021\/12\/padas-logo-01.svg","contentUrl":"https:\/\/padas.al\/wp-content\/uploads\/2021\/12\/padas-logo-01.svg","width":196.4218,"height":195.7925,"caption":"Padas.al"},"image":{"@id":"https:\/\/padas.al\/#logo"}},{"@type":"WebSite","@id":"https:\/\/padas.al\/#website","url":"https:\/\/padas.al\/","name":"PADAS","description":"Shoe Shop","publisher":{"@id":"https:\/\/padas.al\/#organization"},"potentialAction":[{"@type":"SearchAction","target":{"@type":"EntryPoint","urlTemplate":"https:\/\/padas.al\/?s={search_term_string}"},"query-input":"required name=search_term_string"}],"inLanguage":"en-GB"},{"@type":"ImageObject","@id":"https:\/\/padas.al\/product\/cizme-me-maje-elegante-dhe-take-katrore-fardoulis\/#primaryimage","inLanguage":"en-GB","url":"https:\/\/padas.al\/wp-content\/uploads\/2022\/11\/fixedratio_20221031165553_makis_fardoulis_751_22ch_dermatina_gynaikeia_mpotakia_astragalou_me_mesaio_takouni_mayra.jpeg","contentUrl":"https:\/\/padas.al\/wp-content\/uploads\/2022\/11\/fixedratio_20221031165553_makis_fardoulis_751_22ch_dermatina_gynaikeia_mpotakia_astragalou_me_mesaio_takouni_mayra.jpeg","width":540,"height":720},{"@type":"WebPage","@id":"https:\/\/padas.al\/product\/cizme-me-maje-elegante-dhe-take-katrore-fardoulis\/#webpage","url":"https:\/\/padas.al\/product\/cizme-me-maje-elegante-dhe-take-katrore-fardoulis\/","name":"\u00c7izme me maj\u00eb elegante dhe tak\u00eb katrore, Fardoulis. - PADAS","isPartOf":{"@id":"https:\/\/padas.al\/#website"},"primaryImageOfPage":{"@id":"https:\/\/padas.al\/product\/cizme-me-maje-elegante-dhe-take-katrore-fardoulis\/#primaryimage"},"datePublished":"2022-11-07T18:53:15+00:00","dateModified":"2024-10-09T14:28:56+00:00","description":"\u00c7izme m\u00eb maj\u00eb e me tak\u00eb katrore, model q\u00eb ju dhuron tep\u00ebr fines\u00eb k\u00ebmb\u00ebve tuaja si dhe komod n\u00eb ecje fal\u00eb tak\u00ebs q\u00eb ato kan\u00eb.","breadcrumb":{"@id":"https:\/\/padas.al\/product\/cizme-me-maje-elegante-dhe-take-katrore-fardoulis\/#breadcrumb"},"inLanguage":"en-GB","potentialAction":[{"@type":"ReadAction","target":["https:\/\/padas.al\/product\/cizme-me-maje-elegante-dhe-take-katrore-fardoulis\/"]}]},{"@type":"BreadcrumbList","@id":"https:\/\/padas.al\/product\/cizme-me-maje-elegante-dhe-take-katrore-fardoulis\/#breadcrumb","itemListElement":[{"@type":"ListItem","position":1,"name":"Home","item":"https:\/\/padas.al\/"},{"@type":"ListItem","position":2,"name":"Shop","item":"https:\/\/padas.al\/shop\/"},{"@type":"ListItem","position":3,"name":"\u00c7izme me maj\u00eb elegante dhe tak\u00eb katrore, Fardoulis."}]}]}},"_links":{"self":[{"href":"https:\/\/padas.al\/english\/wp-json\/wp\/v2\/product\/9674"}],"collection":[{"href":"https:\/\/padas.al\/english\/wp-json\/wp\/v2\/product"}],"about":[{"href":"https:\/\/padas.al\/english\/wp-json\/wp\/v2\/types\/product"}],"replies":[{"embeddable":true,"href":"https:\/\/padas.al\/english\/wp-json\/wp\/v2\/comments?post=9674"}],"wp:featuredmedia":[{"embeddable":true,"href":"https:\/\/padas.al\/english\/wp-json\/wp\/v2\/media\/9630"}],"wp:attachment":[{"href":"https:\/\/padas.al\/english\/wp-json\/wp\/v2\/media?parent=9674"}],"wp:term":[{"taxonomy":"product_cat","embeddable":true,"href":"https:\/\/padas.al\/english\/wp-json\/wp\/v2\/product_cat?post=9674"},{"taxonomy":"product_tag","embeddable":true,"href":"https:\/\/padas.al\/english\/wp-json\/wp\/v2\/product_tag?post=9674"}],"curies":[{"name":"wp","href":"https:\/\/api.w.org\/{rel}","templated":true}]}}