{"id":9767,"date":"2022-11-11T12:22:07","date_gmt":"2022-11-11T12:22:07","guid":{"rendered":"https:\/\/padas.al\/?post_type=product&#038;p=9767"},"modified":"2022-11-11T12:25:12","modified_gmt":"2022-11-11T12:25:12","slug":"portofol-lekure-me-zinxhir-forest","status":"publish","type":"product","link":"https:\/\/padas.al\/english\/product\/portofol-lekure-me-zinxhir-forest\/","title":{"rendered":"Portofol l\u00ebkure me zinxhir, Forest."},"content":{"rendered":"<p><span style=\"font-weight: 400\">Portofoli \u00ebsht\u00eb i punuar nga l\u00ebkura natyrale n\u00eb ngjyr\u00ebn e zez\u00eb dhe me dataje n\u00eb vija n\u00eb pjes\u00ebn lart . N\u00eb pjes\u00ebn e p\u00ebrparme t\u00eb tij gjendet e stampuar logo e vet firm\u00ebs , qepjet an\u00ebsore t\u00eb tij jan\u00eb po ashtu n\u00eb ngjyr\u00ebn zez\u00eb. Ka madh\u00ebsi t\u00eb till\u00eb q\u00eb p\u00ebrshatatet p\u00ebr ta mbajtur n\u00eb \u00e7ant\u00eb apo dhe n\u00eb xhep.\u00a0<\/span><\/p>\n<p><span style=\"font-weight: 400\">P\u00ebrmasat e portofolit; lart\u00ebsia 12.5 cm, gjat\u00ebsia 9.5 cm, gjer\u00ebsia 2 cm.<\/span><\/p>","protected":false},"excerpt":{"rendered":"<p><span style=\"font-weight: 400\">Portofoli i p\u00ebrket firm\u00ebs Forest e cila \u00ebsht\u00eb kompani greke q\u00eb prodhon aksesor\u00eb l\u00ebkure p\u00ebr femra dhe meshkuj. Portofoli \u00ebsht\u00eb me madh\u00ebsi mesatare mbyllet me zinxhir dhe k\u00ebshtu ai \u00ebsht\u00eb akoma dhe m\u00eb i sugurt. Portofoli ka nj\u00eb super organizim, i cili vijon si m\u00eb posht\u00eb, ka 9 vende bosh p\u00ebr vendosjen e kartave tuaja personale, ka dy ndarje p\u00ebr vendosjen e kart\u00ebmonedhave, ka nj\u00eb xhep me zinxhir n\u00eb mesin e tij si dhe xhep t\u00eb vog\u00ebl me per\u00e7in\u00eb p\u00ebr monedhat. Portofoli paloset n\u00eb m\u00ebdysh dhe n\u00eb pjes\u00ebn e jashtme ka nj\u00eb xhep t\u00eb vog\u00ebl.<\/span><\/p>","protected":false},"featured_media":9768,"comment_status":"open","ping_status":"closed","template":"","meta":[],"product_cat":[232,234,188,210,212,274],"product_tag":[],"yoast_head":"<!-- This site is optimized with the Yoast SEO plugin v18.3 - https:\/\/yoast.com\/wordpress\/plugins\/seo\/ -->\n<title>Portofol l\u00ebkure me zinxhir, Forest. - PADAS<\/title>\n<meta name=\"description\" content=\"Portofol l\u00ebkure me hap\u00ebsira t\u00eb mir\u00eborganizuara p\u00ebr parat\u00eb dhe kartat tuaja , me mbyllje me zinxhir duke qen\u00eb m\u00eb i sigurt. Praktik p\u00ebr ta mbajtur n\u00eb \u00e7ant\u00eb apo n\u00eb xhep.\" \/>\n<meta name=\"robots\" content=\"index, follow, max-snippet:-1, max-image-preview:large, max-video-preview:-1\" \/>\n<link rel=\"canonical\" href=\"https:\/\/padas.al\/english\/product\/portofol-lekure-me-zinxhir-forest\/\" \/>\n<meta property=\"og:locale\" content=\"en_GB\" \/>\n<meta property=\"og:type\" content=\"article\" \/>\n<meta property=\"og:title\" content=\"Portofol l\u00ebkure me zinxhir, Forest. - PADAS\" \/>\n<meta property=\"og:description\" content=\"Portofol l\u00ebkure me hap\u00ebsira t\u00eb mir\u00eborganizuara p\u00ebr parat\u00eb dhe kartat tuaja , me mbyllje me zinxhir duke qen\u00eb m\u00eb i sigurt. Praktik p\u00ebr ta mbajtur n\u00eb \u00e7ant\u00eb apo n\u00eb xhep.\" \/>\n<meta property=\"og:url\" content=\"https:\/\/padas.al\/english\/product\/portofol-lekure-me-zinxhir-forest\/\" \/>\n<meta property=\"og:site_name\" content=\"PADAS\" \/>\n<meta property=\"article:modified_time\" content=\"2022-11-11T12:25:12+00:00\" \/>\n<meta property=\"og:image\" content=\"https:\/\/padas.al\/wp-content\/uploads\/2022\/11\/FR12-1.jpg\" \/>\n\t<meta property=\"og:image:width\" content=\"800\" \/>\n\t<meta property=\"og:image:height\" content=\"800\" \/>\n\t<meta property=\"og:image:type\" content=\"image\/jpeg\" \/>\n<meta name=\"twitter:card\" content=\"summary_large_image\" \/>\n<script type=\"application\/ld+json\" class=\"yoast-schema-graph\">{\"@context\":\"https:\/\/schema.org\",\"@graph\":[{\"@type\":\"Organization\",\"@id\":\"https:\/\/padas.al\/#organization\",\"name\":\"Padas.al\",\"url\":\"https:\/\/padas.al\/\",\"sameAs\":[],\"logo\":{\"@type\":\"ImageObject\",\"@id\":\"https:\/\/padas.al\/#logo\",\"inLanguage\":\"en-GB\",\"url\":\"https:\/\/padas.al\/wp-content\/uploads\/2021\/12\/padas-logo-01.svg\",\"contentUrl\":\"https:\/\/padas.al\/wp-content\/uploads\/2021\/12\/padas-logo-01.svg\",\"width\":196.4218,\"height\":195.7925,\"caption\":\"Padas.al\"},\"image\":{\"@id\":\"https:\/\/padas.al\/#logo\"}},{\"@type\":\"WebSite\",\"@id\":\"https:\/\/padas.al\/#website\",\"url\":\"https:\/\/padas.al\/\",\"name\":\"PADAS\",\"description\":\"Shoe Shop\",\"publisher\":{\"@id\":\"https:\/\/padas.al\/#organization\"},\"potentialAction\":[{\"@type\":\"SearchAction\",\"target\":{\"@type\":\"EntryPoint\",\"urlTemplate\":\"https:\/\/padas.al\/?s={search_term_string}\"},\"query-input\":\"required name=search_term_string\"}],\"inLanguage\":\"en-GB\"},{\"@type\":\"ImageObject\",\"@id\":\"https:\/\/padas.al\/product\/portofol-lekure-me-zinxhir-forest\/#primaryimage\",\"inLanguage\":\"en-GB\",\"url\":\"https:\/\/padas.al\/wp-content\/uploads\/2022\/11\/FR12-1.jpg\",\"contentUrl\":\"https:\/\/padas.al\/wp-content\/uploads\/2022\/11\/FR12-1.jpg\",\"width\":800,\"height\":800},{\"@type\":\"WebPage\",\"@id\":\"https:\/\/padas.al\/product\/portofol-lekure-me-zinxhir-forest\/#webpage\",\"url\":\"https:\/\/padas.al\/product\/portofol-lekure-me-zinxhir-forest\/\",\"name\":\"Portofol l\u00ebkure me zinxhir, Forest. - PADAS\",\"isPartOf\":{\"@id\":\"https:\/\/padas.al\/#website\"},\"primaryImageOfPage\":{\"@id\":\"https:\/\/padas.al\/product\/portofol-lekure-me-zinxhir-forest\/#primaryimage\"},\"datePublished\":\"2022-11-11T12:22:07+00:00\",\"dateModified\":\"2022-11-11T12:25:12+00:00\",\"description\":\"Portofol l\u00ebkure me hap\u00ebsira t\u00eb mir\u00eborganizuara p\u00ebr parat\u00eb dhe kartat tuaja , me mbyllje me zinxhir duke qen\u00eb m\u00eb i sigurt. Praktik p\u00ebr ta mbajtur n\u00eb \u00e7ant\u00eb apo n\u00eb xhep.\",\"breadcrumb\":{\"@id\":\"https:\/\/padas.al\/product\/portofol-lekure-me-zinxhir-forest\/#breadcrumb\"},\"inLanguage\":\"en-GB\",\"potentialAction\":[{\"@type\":\"ReadAction\",\"target\":[\"https:\/\/padas.al\/product\/portofol-lekure-me-zinxhir-forest\/\"]}]},{\"@type\":\"BreadcrumbList\",\"@id\":\"https:\/\/padas.al\/product\/portofol-lekure-me-zinxhir-forest\/#breadcrumb\",\"itemListElement\":[{\"@type\":\"ListItem\",\"position\":1,\"name\":\"Home\",\"item\":\"https:\/\/padas.al\/\"},{\"@type\":\"ListItem\",\"position\":2,\"name\":\"Shop\",\"item\":\"https:\/\/padas.al\/shop\/\"},{\"@type\":\"ListItem\",\"position\":3,\"name\":\"Portofol l\u00ebkure me zinxhir, Forest.\"}]}]}<\/script>\n<!-- \/ Yoast SEO plugin. -->","yoast_head_json":{"title":"Portofol l\u00ebkure me zinxhir, Forest. - PADAS","description":"Portofol l\u00ebkure me hap\u00ebsira t\u00eb mir\u00eborganizuara p\u00ebr parat\u00eb dhe kartat tuaja , me mbyllje me zinxhir duke qen\u00eb m\u00eb i sigurt. Praktik p\u00ebr ta mbajtur n\u00eb \u00e7ant\u00eb apo n\u00eb xhep.","robots":{"index":"index","follow":"follow","max-snippet":"max-snippet:-1","max-image-preview":"max-image-preview:large","max-video-preview":"max-video-preview:-1"},"canonical":"https:\/\/padas.al\/english\/product\/portofol-lekure-me-zinxhir-forest\/","og_locale":"en_GB","og_type":"article","og_title":"Portofol l\u00ebkure me zinxhir, Forest. - PADAS","og_description":"Portofol l\u00ebkure me hap\u00ebsira t\u00eb mir\u00eborganizuara p\u00ebr parat\u00eb dhe kartat tuaja , me mbyllje me zinxhir duke qen\u00eb m\u00eb i sigurt. Praktik p\u00ebr ta mbajtur n\u00eb \u00e7ant\u00eb apo n\u00eb xhep.","og_url":"https:\/\/padas.al\/english\/product\/portofol-lekure-me-zinxhir-forest\/","og_site_name":"PADAS","article_modified_time":"2022-11-11T12:25:12+00:00","og_image":[{"width":800,"height":800,"url":"https:\/\/padas.al\/wp-content\/uploads\/2022\/11\/FR12-1.jpg","type":"image\/jpeg"}],"twitter_card":"summary_large_image","schema":{"@context":"https:\/\/schema.org","@graph":[{"@type":"Organization","@id":"https:\/\/padas.al\/#organization","name":"Padas.al","url":"https:\/\/padas.al\/","sameAs":[],"logo":{"@type":"ImageObject","@id":"https:\/\/padas.al\/#logo","inLanguage":"en-GB","url":"https:\/\/padas.al\/wp-content\/uploads\/2021\/12\/padas-logo-01.svg","contentUrl":"https:\/\/padas.al\/wp-content\/uploads\/2021\/12\/padas-logo-01.svg","width":196.4218,"height":195.7925,"caption":"Padas.al"},"image":{"@id":"https:\/\/padas.al\/#logo"}},{"@type":"WebSite","@id":"https:\/\/padas.al\/#website","url":"https:\/\/padas.al\/","name":"PADAS","description":"Shoe Shop","publisher":{"@id":"https:\/\/padas.al\/#organization"},"potentialAction":[{"@type":"SearchAction","target":{"@type":"EntryPoint","urlTemplate":"https:\/\/padas.al\/?s={search_term_string}"},"query-input":"required name=search_term_string"}],"inLanguage":"en-GB"},{"@type":"ImageObject","@id":"https:\/\/padas.al\/product\/portofol-lekure-me-zinxhir-forest\/#primaryimage","inLanguage":"en-GB","url":"https:\/\/padas.al\/wp-content\/uploads\/2022\/11\/FR12-1.jpg","contentUrl":"https:\/\/padas.al\/wp-content\/uploads\/2022\/11\/FR12-1.jpg","width":800,"height":800},{"@type":"WebPage","@id":"https:\/\/padas.al\/product\/portofol-lekure-me-zinxhir-forest\/#webpage","url":"https:\/\/padas.al\/product\/portofol-lekure-me-zinxhir-forest\/","name":"Portofol l\u00ebkure me zinxhir, Forest. - PADAS","isPartOf":{"@id":"https:\/\/padas.al\/#website"},"primaryImageOfPage":{"@id":"https:\/\/padas.al\/product\/portofol-lekure-me-zinxhir-forest\/#primaryimage"},"datePublished":"2022-11-11T12:22:07+00:00","dateModified":"2022-11-11T12:25:12+00:00","description":"Portofol l\u00ebkure me hap\u00ebsira t\u00eb mir\u00eborganizuara p\u00ebr parat\u00eb dhe kartat tuaja , me mbyllje me zinxhir duke qen\u00eb m\u00eb i sigurt. Praktik p\u00ebr ta mbajtur n\u00eb \u00e7ant\u00eb apo n\u00eb xhep.","breadcrumb":{"@id":"https:\/\/padas.al\/product\/portofol-lekure-me-zinxhir-forest\/#breadcrumb"},"inLanguage":"en-GB","potentialAction":[{"@type":"ReadAction","target":["https:\/\/padas.al\/product\/portofol-lekure-me-zinxhir-forest\/"]}]},{"@type":"BreadcrumbList","@id":"https:\/\/padas.al\/product\/portofol-lekure-me-zinxhir-forest\/#breadcrumb","itemListElement":[{"@type":"ListItem","position":1,"name":"Home","item":"https:\/\/padas.al\/"},{"@type":"ListItem","position":2,"name":"Shop","item":"https:\/\/padas.al\/shop\/"},{"@type":"ListItem","position":3,"name":"Portofol l\u00ebkure me zinxhir, Forest."}]}]}},"_links":{"self":[{"href":"https:\/\/padas.al\/english\/wp-json\/wp\/v2\/product\/9767"}],"collection":[{"href":"https:\/\/padas.al\/english\/wp-json\/wp\/v2\/product"}],"about":[{"href":"https:\/\/padas.al\/english\/wp-json\/wp\/v2\/types\/product"}],"replies":[{"embeddable":true,"href":"https:\/\/padas.al\/english\/wp-json\/wp\/v2\/comments?post=9767"}],"wp:featuredmedia":[{"embeddable":true,"href":"https:\/\/padas.al\/english\/wp-json\/wp\/v2\/media\/9768"}],"wp:attachment":[{"href":"https:\/\/padas.al\/english\/wp-json\/wp\/v2\/media?parent=9767"}],"wp:term":[{"taxonomy":"product_cat","embeddable":true,"href":"https:\/\/padas.al\/english\/wp-json\/wp\/v2\/product_cat?post=9767"},{"taxonomy":"product_tag","embeddable":true,"href":"https:\/\/padas.al\/english\/wp-json\/wp\/v2\/product_tag?post=9767"}],"curies":[{"name":"wp","href":"https:\/\/api.w.org\/{rel}","templated":true}]}}