{"id":9772,"date":"2022-11-11T12:56:46","date_gmt":"2022-11-11T12:56:46","guid":{"rendered":"https:\/\/padas.al\/?post_type=product&#038;p=9772"},"modified":"2022-11-11T12:56:46","modified_gmt":"2022-11-11T12:56:46","slug":"portofol-lekure-forest-me-hapje-nga-lart","status":"publish","type":"product","link":"https:\/\/padas.al\/english\/product\/portofol-lekure-forest-me-hapje-nga-lart\/","title":{"rendered":"Portofol l\u00ebkure Forest me hapje nga lart."},"content":{"rendered":"<p><span style=\"font-weight: 400\">Portofoli \u00ebsht\u00eb i punuar nga l\u00ebkura natyrale n\u00eb ngjyr\u00ebn kafe t\u00eb err\u00ebt, ka nj\u00eb bordur\u00eb n\u00eb pjes\u00ebn e fundit i cili \u00ebsht\u00eb dhe detaji i tij. N\u00eb pjes\u00ebn e p\u00ebrparme t\u00eb tij gjendet e stampuar logo e vet firm\u00ebs , qepjet an\u00ebsore t\u00eb tij jan\u00eb po ashtu n\u00eb ngjyr\u00ebn kafe.\u00a0L\u00ebkura e tij krijon disa harta duke e b\u00ebr\u00eb akoma dhe m\u00eb interesant modelin. Ka madh\u00ebsi t\u00eb till\u00eb q\u00eb p\u00ebrshatatet p\u00ebr ta mbajtur n\u00eb \u00e7ant\u00eb apo dhe n\u00eb xhep.\u00a0<\/span><\/p>\n<p><span style=\"font-weight: 400\">P\u00ebrmasat e portofolit; lart\u00ebsia 13.5 cm, gjat\u00ebsia 10 cm, gjer\u00ebsia 2 cm.<\/span><\/p>","protected":false},"excerpt":{"rendered":"<p>Portofoli i p\u00ebrket firm\u00ebs Forest, kompani greke e cila prodhon aksesor\u00eb l\u00ebkure p\u00ebr femra dhe meshkuj. Portofoli ka hapje p\u00ebrs\u00ebgjati dhe nj\u00eb super organizim. Ka 10 vende bosh p\u00ebr vendosjen e kartave tuaja personale, ka nj\u00eb hap\u00ebsir\u00eb t\u00eb ndar\u00eb n\u00eb dy pjes\u00eb p\u00ebr vendosjen e kartomonedhave. Gjithashtu n\u00eb pjes\u00ebn an\u00ebsore ka dhe xhepin p\u00ebr vendosjen e monedhave. N\u00eb pjes\u00ebn qendrore portofoli ka nj\u00eb xhep me zinxhir ku ka shtrirje nga t\u00eb dyja an\u00ebt. Portofoli paloset n\u00eb dy flet\u00eb n\u00eb xhepat e kartave dhe po vet ai paloset m\u00ebdysh.<\/p>","protected":false},"featured_media":9773,"comment_status":"open","ping_status":"closed","template":"","meta":[],"product_cat":[232,234,188,210,212,274],"product_tag":[],"yoast_head":"<!-- This site is optimized with the Yoast SEO plugin v18.3 - https:\/\/yoast.com\/wordpress\/plugins\/seo\/ -->\n<title>Portofol l\u00ebkure Forest me hapje nga lart. - PADAS<\/title>\n<meta name=\"description\" content=\"Kulet\u00eb l\u00ebkur\u00eb me hap\u00ebsira dhe xhepa t\u00eb organizuara shum\u00eb mir\u00eb, p\u00ebr t\u00eb sistemuar n\u00eb m\u00ebnyr\u00eb t\u00eb rregullt parat\u00eb dhe kartat tuaja personale.Praktik dhe unik\" \/>\n<meta name=\"robots\" content=\"index, follow, max-snippet:-1, max-image-preview:large, max-video-preview:-1\" \/>\n<link rel=\"canonical\" href=\"https:\/\/padas.al\/english\/product\/portofol-lekure-forest-me-hapje-nga-lart\/\" \/>\n<meta property=\"og:locale\" content=\"en_GB\" \/>\n<meta property=\"og:type\" content=\"article\" \/>\n<meta property=\"og:title\" content=\"Portofol l\u00ebkure Forest me hapje nga lart. - PADAS\" \/>\n<meta property=\"og:description\" content=\"Kulet\u00eb l\u00ebkur\u00eb me hap\u00ebsira dhe xhepa t\u00eb organizuara shum\u00eb mir\u00eb, p\u00ebr t\u00eb sistemuar n\u00eb m\u00ebnyr\u00eb t\u00eb rregullt parat\u00eb dhe kartat tuaja personale.Praktik dhe unik\" \/>\n<meta property=\"og:url\" content=\"https:\/\/padas.al\/english\/product\/portofol-lekure-forest-me-hapje-nga-lart\/\" \/>\n<meta property=\"og:site_name\" content=\"PADAS\" \/>\n<meta property=\"og:image\" content=\"https:\/\/padas.al\/wp-content\/uploads\/2022\/11\/1920-1.jpg\" \/>\n\t<meta property=\"og:image:width\" content=\"700\" \/>\n\t<meta property=\"og:image:height\" content=\"700\" \/>\n\t<meta property=\"og:image:type\" content=\"image\/jpeg\" \/>\n<meta name=\"twitter:card\" content=\"summary_large_image\" \/>\n<meta name=\"twitter:label1\" content=\"Estimated reading time\" \/>\n\t<meta name=\"twitter:data1\" content=\"1 minute\" \/>\n<script type=\"application\/ld+json\" class=\"yoast-schema-graph\">{\"@context\":\"https:\/\/schema.org\",\"@graph\":[{\"@type\":\"Organization\",\"@id\":\"https:\/\/padas.al\/#organization\",\"name\":\"Padas.al\",\"url\":\"https:\/\/padas.al\/\",\"sameAs\":[],\"logo\":{\"@type\":\"ImageObject\",\"@id\":\"https:\/\/padas.al\/#logo\",\"inLanguage\":\"en-GB\",\"url\":\"https:\/\/padas.al\/wp-content\/uploads\/2021\/12\/padas-logo-01.svg\",\"contentUrl\":\"https:\/\/padas.al\/wp-content\/uploads\/2021\/12\/padas-logo-01.svg\",\"width\":196.4218,\"height\":195.7925,\"caption\":\"Padas.al\"},\"image\":{\"@id\":\"https:\/\/padas.al\/#logo\"}},{\"@type\":\"WebSite\",\"@id\":\"https:\/\/padas.al\/#website\",\"url\":\"https:\/\/padas.al\/\",\"name\":\"PADAS\",\"description\":\"Shoe Shop\",\"publisher\":{\"@id\":\"https:\/\/padas.al\/#organization\"},\"potentialAction\":[{\"@type\":\"SearchAction\",\"target\":{\"@type\":\"EntryPoint\",\"urlTemplate\":\"https:\/\/padas.al\/?s={search_term_string}\"},\"query-input\":\"required name=search_term_string\"}],\"inLanguage\":\"en-GB\"},{\"@type\":\"ImageObject\",\"@id\":\"https:\/\/padas.al\/product\/portofol-lekure-forest-me-hapje-nga-lart\/#primaryimage\",\"inLanguage\":\"en-GB\",\"url\":\"https:\/\/padas.al\/wp-content\/uploads\/2022\/11\/1920-1.jpg\",\"contentUrl\":\"https:\/\/padas.al\/wp-content\/uploads\/2022\/11\/1920-1.jpg\",\"width\":700,\"height\":700},{\"@type\":\"WebPage\",\"@id\":\"https:\/\/padas.al\/product\/portofol-lekure-forest-me-hapje-nga-lart\/#webpage\",\"url\":\"https:\/\/padas.al\/product\/portofol-lekure-forest-me-hapje-nga-lart\/\",\"name\":\"Portofol l\u00ebkure Forest me hapje nga lart. - PADAS\",\"isPartOf\":{\"@id\":\"https:\/\/padas.al\/#website\"},\"primaryImageOfPage\":{\"@id\":\"https:\/\/padas.al\/product\/portofol-lekure-forest-me-hapje-nga-lart\/#primaryimage\"},\"datePublished\":\"2022-11-11T12:56:46+00:00\",\"dateModified\":\"2022-11-11T12:56:46+00:00\",\"description\":\"Kulet\u00eb l\u00ebkur\u00eb me hap\u00ebsira dhe xhepa t\u00eb organizuara shum\u00eb mir\u00eb, p\u00ebr t\u00eb sistemuar n\u00eb m\u00ebnyr\u00eb t\u00eb rregullt parat\u00eb dhe kartat tuaja personale.Praktik dhe unik\",\"breadcrumb\":{\"@id\":\"https:\/\/padas.al\/product\/portofol-lekure-forest-me-hapje-nga-lart\/#breadcrumb\"},\"inLanguage\":\"en-GB\",\"potentialAction\":[{\"@type\":\"ReadAction\",\"target\":[\"https:\/\/padas.al\/product\/portofol-lekure-forest-me-hapje-nga-lart\/\"]}]},{\"@type\":\"BreadcrumbList\",\"@id\":\"https:\/\/padas.al\/product\/portofol-lekure-forest-me-hapje-nga-lart\/#breadcrumb\",\"itemListElement\":[{\"@type\":\"ListItem\",\"position\":1,\"name\":\"Home\",\"item\":\"https:\/\/padas.al\/\"},{\"@type\":\"ListItem\",\"position\":2,\"name\":\"Shop\",\"item\":\"https:\/\/padas.al\/shop\/\"},{\"@type\":\"ListItem\",\"position\":3,\"name\":\"Portofol l\u00ebkure Forest me hapje nga lart.\"}]}]}<\/script>\n<!-- \/ Yoast SEO plugin. -->","yoast_head_json":{"title":"Portofol l\u00ebkure Forest me hapje nga lart. - PADAS","description":"Kulet\u00eb l\u00ebkur\u00eb me hap\u00ebsira dhe xhepa t\u00eb organizuara shum\u00eb mir\u00eb, p\u00ebr t\u00eb sistemuar n\u00eb m\u00ebnyr\u00eb t\u00eb rregullt parat\u00eb dhe kartat tuaja personale.Praktik dhe unik","robots":{"index":"index","follow":"follow","max-snippet":"max-snippet:-1","max-image-preview":"max-image-preview:large","max-video-preview":"max-video-preview:-1"},"canonical":"https:\/\/padas.al\/english\/product\/portofol-lekure-forest-me-hapje-nga-lart\/","og_locale":"en_GB","og_type":"article","og_title":"Portofol l\u00ebkure Forest me hapje nga lart. - PADAS","og_description":"Kulet\u00eb l\u00ebkur\u00eb me hap\u00ebsira dhe xhepa t\u00eb organizuara shum\u00eb mir\u00eb, p\u00ebr t\u00eb sistemuar n\u00eb m\u00ebnyr\u00eb t\u00eb rregullt parat\u00eb dhe kartat tuaja personale.Praktik dhe unik","og_url":"https:\/\/padas.al\/english\/product\/portofol-lekure-forest-me-hapje-nga-lart\/","og_site_name":"PADAS","og_image":[{"width":700,"height":700,"url":"https:\/\/padas.al\/wp-content\/uploads\/2022\/11\/1920-1.jpg","type":"image\/jpeg"}],"twitter_card":"summary_large_image","twitter_misc":{"Estimated reading time":"1 minute"},"schema":{"@context":"https:\/\/schema.org","@graph":[{"@type":"Organization","@id":"https:\/\/padas.al\/#organization","name":"Padas.al","url":"https:\/\/padas.al\/","sameAs":[],"logo":{"@type":"ImageObject","@id":"https:\/\/padas.al\/#logo","inLanguage":"en-GB","url":"https:\/\/padas.al\/wp-content\/uploads\/2021\/12\/padas-logo-01.svg","contentUrl":"https:\/\/padas.al\/wp-content\/uploads\/2021\/12\/padas-logo-01.svg","width":196.4218,"height":195.7925,"caption":"Padas.al"},"image":{"@id":"https:\/\/padas.al\/#logo"}},{"@type":"WebSite","@id":"https:\/\/padas.al\/#website","url":"https:\/\/padas.al\/","name":"PADAS","description":"Shoe Shop","publisher":{"@id":"https:\/\/padas.al\/#organization"},"potentialAction":[{"@type":"SearchAction","target":{"@type":"EntryPoint","urlTemplate":"https:\/\/padas.al\/?s={search_term_string}"},"query-input":"required name=search_term_string"}],"inLanguage":"en-GB"},{"@type":"ImageObject","@id":"https:\/\/padas.al\/product\/portofol-lekure-forest-me-hapje-nga-lart\/#primaryimage","inLanguage":"en-GB","url":"https:\/\/padas.al\/wp-content\/uploads\/2022\/11\/1920-1.jpg","contentUrl":"https:\/\/padas.al\/wp-content\/uploads\/2022\/11\/1920-1.jpg","width":700,"height":700},{"@type":"WebPage","@id":"https:\/\/padas.al\/product\/portofol-lekure-forest-me-hapje-nga-lart\/#webpage","url":"https:\/\/padas.al\/product\/portofol-lekure-forest-me-hapje-nga-lart\/","name":"Portofol l\u00ebkure Forest me hapje nga lart. - PADAS","isPartOf":{"@id":"https:\/\/padas.al\/#website"},"primaryImageOfPage":{"@id":"https:\/\/padas.al\/product\/portofol-lekure-forest-me-hapje-nga-lart\/#primaryimage"},"datePublished":"2022-11-11T12:56:46+00:00","dateModified":"2022-11-11T12:56:46+00:00","description":"Kulet\u00eb l\u00ebkur\u00eb me hap\u00ebsira dhe xhepa t\u00eb organizuara shum\u00eb mir\u00eb, p\u00ebr t\u00eb sistemuar n\u00eb m\u00ebnyr\u00eb t\u00eb rregullt parat\u00eb dhe kartat tuaja personale.Praktik dhe unik","breadcrumb":{"@id":"https:\/\/padas.al\/product\/portofol-lekure-forest-me-hapje-nga-lart\/#breadcrumb"},"inLanguage":"en-GB","potentialAction":[{"@type":"ReadAction","target":["https:\/\/padas.al\/product\/portofol-lekure-forest-me-hapje-nga-lart\/"]}]},{"@type":"BreadcrumbList","@id":"https:\/\/padas.al\/product\/portofol-lekure-forest-me-hapje-nga-lart\/#breadcrumb","itemListElement":[{"@type":"ListItem","position":1,"name":"Home","item":"https:\/\/padas.al\/"},{"@type":"ListItem","position":2,"name":"Shop","item":"https:\/\/padas.al\/shop\/"},{"@type":"ListItem","position":3,"name":"Portofol l\u00ebkure Forest me hapje nga lart."}]}]}},"_links":{"self":[{"href":"https:\/\/padas.al\/english\/wp-json\/wp\/v2\/product\/9772"}],"collection":[{"href":"https:\/\/padas.al\/english\/wp-json\/wp\/v2\/product"}],"about":[{"href":"https:\/\/padas.al\/english\/wp-json\/wp\/v2\/types\/product"}],"replies":[{"embeddable":true,"href":"https:\/\/padas.al\/english\/wp-json\/wp\/v2\/comments?post=9772"}],"wp:featuredmedia":[{"embeddable":true,"href":"https:\/\/padas.al\/english\/wp-json\/wp\/v2\/media\/9773"}],"wp:attachment":[{"href":"https:\/\/padas.al\/english\/wp-json\/wp\/v2\/media?parent=9772"}],"wp:term":[{"taxonomy":"product_cat","embeddable":true,"href":"https:\/\/padas.al\/english\/wp-json\/wp\/v2\/product_cat?post=9772"},{"taxonomy":"product_tag","embeddable":true,"href":"https:\/\/padas.al\/english\/wp-json\/wp\/v2\/product_tag?post=9772"}],"curies":[{"name":"wp","href":"https:\/\/api.w.org\/{rel}","templated":true}]}}