{"id":9777,"date":"2022-11-11T13:08:42","date_gmt":"2022-11-11T13:08:42","guid":{"rendered":"https:\/\/padas.al\/?post_type=product&#038;p=9777"},"modified":"2024-10-09T11:20:32","modified_gmt":"2024-10-09T11:20:32","slug":"portofol-forest-me-lekure-te-vecante","status":"publish","type":"product","link":"https:\/\/padas.al\/english\/product\/portofol-forest-me-lekure-te-vecante\/","title":{"rendered":"Portofol Forest me l\u00ebkur\u00eb t\u00eb ve\u00e7ant\u00eb."},"content":{"rendered":"<p><span style=\"font-weight: 400\">Portofoli \u00ebsht\u00eb i punuar nga l\u00ebkura natyrale n\u00eb ngjyr\u00ebn jeshile t\u00eb err\u00ebt.\u00a0 , qepjet an\u00ebsore t\u00eb tij jan\u00eb po ashtu n\u00eb ngjyr\u00ebn e portofolit. Ai ka palosje n\u00eb dy flet\u00eb dhe ka madh\u00ebsi t\u00eb till\u00eb q\u00eb p\u00ebrshatatet p\u00ebr ta mbajtur n\u00eb \u00e7ant\u00eb apo dhe n\u00eb xhep.\u00a0<\/span><\/p>\n<p><span style=\"font-weight: 400\">P\u00ebrmasat e portofolit; lart\u00ebsia 10.5 cm, gjat\u00ebsia 8 cm, gjer\u00ebsia 1.5 cm.<\/span><\/p>","protected":false},"excerpt":{"rendered":"<p><span style=\"font-weight: 400\">Portofoli i p\u00ebrket firm\u00ebs Forest e cila \u00ebsht\u00eb kompani greke q\u00eb prodhon aksesor\u00eb l\u00ebkure p\u00ebr femra dhe meshkuj. Portofoli \u00ebsht\u00eb i vog\u00ebl por ka nj\u00eb super organizim, i cili vijon si m\u00eb posht\u00eb, ka 9 vende bosh p\u00ebr vendosjen e kartave tuaja personale, ka nj\u00eb hapsir\u00eb p\u00ebr vendosjen e kartomonedhave. <\/span><\/p>","protected":false},"featured_media":9778,"comment_status":"open","ping_status":"closed","template":"","meta":[],"product_cat":[232,234,188,210,212,274],"product_tag":[],"yoast_head":"<!-- This site is optimized with the Yoast SEO plugin v18.3 - https:\/\/yoast.com\/wordpress\/plugins\/seo\/ -->\n<title>Portofol Forest me l\u00ebkur\u00eb t\u00eb ve\u00e7ant\u00eb. - PADAS<\/title>\n<meta name=\"description\" content=\"Kulet\u00eb l\u00ebkur\u00eb me hap\u00ebsira dhe xhepa t\u00eb organizuara shum\u00eb mir\u00eb, p\u00ebr t\u00eb sistemuar n\u00eb m\u00ebnyr\u00eb t\u00eb rregullt parat\u00eb dhe kartat tuaja personale.\" \/>\n<meta name=\"robots\" content=\"index, follow, max-snippet:-1, max-image-preview:large, max-video-preview:-1\" \/>\n<link rel=\"canonical\" href=\"https:\/\/padas.al\/english\/product\/portofol-forest-me-lekure-te-vecante\/\" \/>\n<meta property=\"og:locale\" content=\"en_GB\" \/>\n<meta property=\"og:type\" content=\"article\" \/>\n<meta property=\"og:title\" content=\"Portofol Forest me l\u00ebkur\u00eb t\u00eb ve\u00e7ant\u00eb. - PADAS\" \/>\n<meta property=\"og:description\" content=\"Kulet\u00eb l\u00ebkur\u00eb me hap\u00ebsira dhe xhepa t\u00eb organizuara shum\u00eb mir\u00eb, p\u00ebr t\u00eb sistemuar n\u00eb m\u00ebnyr\u00eb t\u00eb rregullt parat\u00eb dhe kartat tuaja personale.\" \/>\n<meta property=\"og:url\" content=\"https:\/\/padas.al\/english\/product\/portofol-forest-me-lekure-te-vecante\/\" \/>\n<meta property=\"og:site_name\" content=\"PADAS\" \/>\n<meta property=\"article:modified_time\" content=\"2024-10-09T11:20:32+00:00\" \/>\n<meta property=\"og:image\" content=\"https:\/\/padas.al\/wp-content\/uploads\/2022\/11\/980H-4.jpg\" \/>\n\t<meta property=\"og:image:width\" content=\"800\" \/>\n\t<meta property=\"og:image:height\" content=\"800\" \/>\n\t<meta property=\"og:image:type\" content=\"image\/jpeg\" \/>\n<meta name=\"twitter:card\" content=\"summary_large_image\" \/>\n<script type=\"application\/ld+json\" class=\"yoast-schema-graph\">{\"@context\":\"https:\/\/schema.org\",\"@graph\":[{\"@type\":\"Organization\",\"@id\":\"https:\/\/padas.al\/#organization\",\"name\":\"Padas.al\",\"url\":\"https:\/\/padas.al\/\",\"sameAs\":[],\"logo\":{\"@type\":\"ImageObject\",\"@id\":\"https:\/\/padas.al\/#logo\",\"inLanguage\":\"en-GB\",\"url\":\"https:\/\/padas.al\/wp-content\/uploads\/2021\/12\/padas-logo-01.svg\",\"contentUrl\":\"https:\/\/padas.al\/wp-content\/uploads\/2021\/12\/padas-logo-01.svg\",\"width\":196.4218,\"height\":195.7925,\"caption\":\"Padas.al\"},\"image\":{\"@id\":\"https:\/\/padas.al\/#logo\"}},{\"@type\":\"WebSite\",\"@id\":\"https:\/\/padas.al\/#website\",\"url\":\"https:\/\/padas.al\/\",\"name\":\"PADAS\",\"description\":\"Shoe Shop\",\"publisher\":{\"@id\":\"https:\/\/padas.al\/#organization\"},\"potentialAction\":[{\"@type\":\"SearchAction\",\"target\":{\"@type\":\"EntryPoint\",\"urlTemplate\":\"https:\/\/padas.al\/?s={search_term_string}\"},\"query-input\":\"required name=search_term_string\"}],\"inLanguage\":\"en-GB\"},{\"@type\":\"ImageObject\",\"@id\":\"https:\/\/padas.al\/product\/portofol-forest-me-lekure-te-vecante\/#primaryimage\",\"inLanguage\":\"en-GB\",\"url\":\"https:\/\/padas.al\/wp-content\/uploads\/2022\/11\/980H-4.jpg\",\"contentUrl\":\"https:\/\/padas.al\/wp-content\/uploads\/2022\/11\/980H-4.jpg\",\"width\":800,\"height\":800},{\"@type\":\"WebPage\",\"@id\":\"https:\/\/padas.al\/product\/portofol-forest-me-lekure-te-vecante\/#webpage\",\"url\":\"https:\/\/padas.al\/product\/portofol-forest-me-lekure-te-vecante\/\",\"name\":\"Portofol Forest me l\u00ebkur\u00eb t\u00eb ve\u00e7ant\u00eb. - PADAS\",\"isPartOf\":{\"@id\":\"https:\/\/padas.al\/#website\"},\"primaryImageOfPage\":{\"@id\":\"https:\/\/padas.al\/product\/portofol-forest-me-lekure-te-vecante\/#primaryimage\"},\"datePublished\":\"2022-11-11T13:08:42+00:00\",\"dateModified\":\"2024-10-09T11:20:32+00:00\",\"description\":\"Kulet\u00eb l\u00ebkur\u00eb me hap\u00ebsira dhe xhepa t\u00eb organizuara shum\u00eb mir\u00eb, p\u00ebr t\u00eb sistemuar n\u00eb m\u00ebnyr\u00eb t\u00eb rregullt parat\u00eb dhe kartat tuaja personale.\",\"breadcrumb\":{\"@id\":\"https:\/\/padas.al\/product\/portofol-forest-me-lekure-te-vecante\/#breadcrumb\"},\"inLanguage\":\"en-GB\",\"potentialAction\":[{\"@type\":\"ReadAction\",\"target\":[\"https:\/\/padas.al\/product\/portofol-forest-me-lekure-te-vecante\/\"]}]},{\"@type\":\"BreadcrumbList\",\"@id\":\"https:\/\/padas.al\/product\/portofol-forest-me-lekure-te-vecante\/#breadcrumb\",\"itemListElement\":[{\"@type\":\"ListItem\",\"position\":1,\"name\":\"Home\",\"item\":\"https:\/\/padas.al\/\"},{\"@type\":\"ListItem\",\"position\":2,\"name\":\"Shop\",\"item\":\"https:\/\/padas.al\/shop\/\"},{\"@type\":\"ListItem\",\"position\":3,\"name\":\"Portofol Forest me l\u00ebkur\u00eb t\u00eb ve\u00e7ant\u00eb.\"}]}]}<\/script>\n<!-- \/ Yoast SEO plugin. -->","yoast_head_json":{"title":"Portofol Forest me l\u00ebkur\u00eb t\u00eb ve\u00e7ant\u00eb. - PADAS","description":"Kulet\u00eb l\u00ebkur\u00eb me hap\u00ebsira dhe xhepa t\u00eb organizuara shum\u00eb mir\u00eb, p\u00ebr t\u00eb sistemuar n\u00eb m\u00ebnyr\u00eb t\u00eb rregullt parat\u00eb dhe kartat tuaja personale.","robots":{"index":"index","follow":"follow","max-snippet":"max-snippet:-1","max-image-preview":"max-image-preview:large","max-video-preview":"max-video-preview:-1"},"canonical":"https:\/\/padas.al\/english\/product\/portofol-forest-me-lekure-te-vecante\/","og_locale":"en_GB","og_type":"article","og_title":"Portofol Forest me l\u00ebkur\u00eb t\u00eb ve\u00e7ant\u00eb. - PADAS","og_description":"Kulet\u00eb l\u00ebkur\u00eb me hap\u00ebsira dhe xhepa t\u00eb organizuara shum\u00eb mir\u00eb, p\u00ebr t\u00eb sistemuar n\u00eb m\u00ebnyr\u00eb t\u00eb rregullt parat\u00eb dhe kartat tuaja personale.","og_url":"https:\/\/padas.al\/english\/product\/portofol-forest-me-lekure-te-vecante\/","og_site_name":"PADAS","article_modified_time":"2024-10-09T11:20:32+00:00","og_image":[{"width":800,"height":800,"url":"https:\/\/padas.al\/wp-content\/uploads\/2022\/11\/980H-4.jpg","type":"image\/jpeg"}],"twitter_card":"summary_large_image","schema":{"@context":"https:\/\/schema.org","@graph":[{"@type":"Organization","@id":"https:\/\/padas.al\/#organization","name":"Padas.al","url":"https:\/\/padas.al\/","sameAs":[],"logo":{"@type":"ImageObject","@id":"https:\/\/padas.al\/#logo","inLanguage":"en-GB","url":"https:\/\/padas.al\/wp-content\/uploads\/2021\/12\/padas-logo-01.svg","contentUrl":"https:\/\/padas.al\/wp-content\/uploads\/2021\/12\/padas-logo-01.svg","width":196.4218,"height":195.7925,"caption":"Padas.al"},"image":{"@id":"https:\/\/padas.al\/#logo"}},{"@type":"WebSite","@id":"https:\/\/padas.al\/#website","url":"https:\/\/padas.al\/","name":"PADAS","description":"Shoe Shop","publisher":{"@id":"https:\/\/padas.al\/#organization"},"potentialAction":[{"@type":"SearchAction","target":{"@type":"EntryPoint","urlTemplate":"https:\/\/padas.al\/?s={search_term_string}"},"query-input":"required name=search_term_string"}],"inLanguage":"en-GB"},{"@type":"ImageObject","@id":"https:\/\/padas.al\/product\/portofol-forest-me-lekure-te-vecante\/#primaryimage","inLanguage":"en-GB","url":"https:\/\/padas.al\/wp-content\/uploads\/2022\/11\/980H-4.jpg","contentUrl":"https:\/\/padas.al\/wp-content\/uploads\/2022\/11\/980H-4.jpg","width":800,"height":800},{"@type":"WebPage","@id":"https:\/\/padas.al\/product\/portofol-forest-me-lekure-te-vecante\/#webpage","url":"https:\/\/padas.al\/product\/portofol-forest-me-lekure-te-vecante\/","name":"Portofol Forest me l\u00ebkur\u00eb t\u00eb ve\u00e7ant\u00eb. - PADAS","isPartOf":{"@id":"https:\/\/padas.al\/#website"},"primaryImageOfPage":{"@id":"https:\/\/padas.al\/product\/portofol-forest-me-lekure-te-vecante\/#primaryimage"},"datePublished":"2022-11-11T13:08:42+00:00","dateModified":"2024-10-09T11:20:32+00:00","description":"Kulet\u00eb l\u00ebkur\u00eb me hap\u00ebsira dhe xhepa t\u00eb organizuara shum\u00eb mir\u00eb, p\u00ebr t\u00eb sistemuar n\u00eb m\u00ebnyr\u00eb t\u00eb rregullt parat\u00eb dhe kartat tuaja personale.","breadcrumb":{"@id":"https:\/\/padas.al\/product\/portofol-forest-me-lekure-te-vecante\/#breadcrumb"},"inLanguage":"en-GB","potentialAction":[{"@type":"ReadAction","target":["https:\/\/padas.al\/product\/portofol-forest-me-lekure-te-vecante\/"]}]},{"@type":"BreadcrumbList","@id":"https:\/\/padas.al\/product\/portofol-forest-me-lekure-te-vecante\/#breadcrumb","itemListElement":[{"@type":"ListItem","position":1,"name":"Home","item":"https:\/\/padas.al\/"},{"@type":"ListItem","position":2,"name":"Shop","item":"https:\/\/padas.al\/shop\/"},{"@type":"ListItem","position":3,"name":"Portofol Forest me l\u00ebkur\u00eb t\u00eb ve\u00e7ant\u00eb."}]}]}},"_links":{"self":[{"href":"https:\/\/padas.al\/english\/wp-json\/wp\/v2\/product\/9777"}],"collection":[{"href":"https:\/\/padas.al\/english\/wp-json\/wp\/v2\/product"}],"about":[{"href":"https:\/\/padas.al\/english\/wp-json\/wp\/v2\/types\/product"}],"replies":[{"embeddable":true,"href":"https:\/\/padas.al\/english\/wp-json\/wp\/v2\/comments?post=9777"}],"wp:featuredmedia":[{"embeddable":true,"href":"https:\/\/padas.al\/english\/wp-json\/wp\/v2\/media\/9778"}],"wp:attachment":[{"href":"https:\/\/padas.al\/english\/wp-json\/wp\/v2\/media?parent=9777"}],"wp:term":[{"taxonomy":"product_cat","embeddable":true,"href":"https:\/\/padas.al\/english\/wp-json\/wp\/v2\/product_cat?post=9777"},{"taxonomy":"product_tag","embeddable":true,"href":"https:\/\/padas.al\/english\/wp-json\/wp\/v2\/product_tag?post=9777"}],"curies":[{"name":"wp","href":"https:\/\/api.w.org\/{rel}","templated":true}]}}